{"id":73,"date":"2014-09-18T14:01:51","date_gmt":"2014-09-18T13:01:51","guid":{"rendered":"http:\/\/agora.xtec.cat\/ceip-espriu-bdn\/?page_id=73"},"modified":"2024-09-06T12:25:41","modified_gmt":"2024-09-06T10:25:41","slug":"menjador-escolar","status":"publish","type":"page","link":"https:\/\/agora.xtec.cat\/ceip-espriu-bdn\/serveis\/menjador-escolar\/","title":{"rendered":"Menjador escolar"},"content":{"rendered":"<p>L\u2019escola disposa de menjador escolar, amb cuina al propi centre. La Montse n&#8217;\u00e9s la cuinera en cap.<\/p>\n<p>Per quedar-se a dinar a l&#8217;escola cal omplir el formulari d\u2019inscripci\u00f3 al menjador, tan si sou clients fixes com espor\u00e0dics. Aquest formulari s\u2019omple a trav\u00e9s del web:<\/p>\n<p><a href=\"https:\/\/comacasamenjadors.cat\/families\">https:\/\/comacasamenjadors.cat\/families<\/a> (a l\u2019apartat dedicat a la nostra escola)<\/p>\n<p>USUARI: SALVADOR<br \/>\nCONTRASENYA: ESPRIU<\/p>\n<p>Aqu\u00ed podreu veure el men\u00fa escolar que es penjar\u00e0 mensualment.<\/p>\n<p>Per al correcte desenvolupament del servei hi ha una coordinadora d\u2019atenci\u00f3 a les fam\u00edlies a partir de les 9,00 h del mati.<\/p>\n<p>Tel\u00e8fon de contacte: 722503796<br \/>\nCorreu electr\u00f2nic de contacte: menjadorsalvadorespriu@gmail.com<\/p>\n","protected":false},"excerpt":{"rendered":"<p>L\u2019escola disposa de menjador escolar, amb cuina al propi centre. La Montse n&#8217;\u00e9s la cuinera en cap. Per quedar-se a dinar a l&#8217;escola cal omplir el formulari d\u2019inscripci\u00f3 al menjador, tan si sou clients fixes com espor\u00e0dics. Aquest formulari s\u2019omple a trav\u00e9s del web: https:\/\/comacasamenjadors.cat\/families (a l\u2019apartat dedicat a la nostra escola) USUARI: SALVADOR CONTRASENYA: [&hellip;]<\/p>\n","protected":false},"author":1,"featured_media":0,"parent":66,"menu_order":30,"comment_status":"closed","ping_status":"closed","template":"page-templates\/side-menu.php","meta":{"_bbp_topic_count":0,"_bbp_reply_count":0,"_bbp_total_topic_count":0,"_bbp_total_reply_count":0,"_bbp_voice_count":0,"_bbp_anonymous_reply_count":0,"_bbp_topic_count_hidden":0,"_bbp_reply_count_hidden":0,"_bbp_forum_subforum_count":0,"site-sidebar-layout":"default","site-content-layout":"","ast-site-content-layout":"","site-content-style":"default","site-sidebar-style":"default","ast-global-header-display":"","ast-banner-title-visibility":"","ast-main-header-display":"","ast-hfb-above-header-display":"","ast-hfb-below-header-display":"","ast-hfb-mobile-header-display":"","site-post-title":"","ast-breadcrumbs-content":"","ast-featured-img":"","footer-sml-layout":"","theme-transparent-header-meta":"","adv-header-id-meta":"","stick-header-meta":"","header-above-stick-meta":"","header-main-stick-meta":"","header-below-stick-meta":"","astra-migrate-meta-layouts":"default","ast-page-background-enabled":"default","ast-page-background-meta":{"desktop":{"background-color":"var(--ast-global-color-4)","background-image":"","background-repeat":"repeat","background-position":"center center","background-size":"auto","background-attachment":"scroll","background-type":"","background-media":"","overlay-type":"","overlay-color":"","overlay-opacity":"","overlay-gradient":""},"tablet":{"background-color":"","background-image":"","background-repeat":"repeat","background-position":"center center","background-size":"auto","background-attachment":"scroll","background-type":"","background-media":"","overlay-type":"","overlay-color":"","overlay-opacity":"","overlay-gradient":""},"mobile":{"background-color":"","background-image":"","background-repeat":"repeat","background-position":"center center","background-size":"auto","background-attachment":"scroll","background-type":"","background-media":"","overlay-type":"","overlay-color":"","overlay-opacity":"","overlay-gradient":""}},"ast-content-background-meta":{"desktop":{"background-color":"var(--ast-global-color-5)","background-image":"","background-repeat":"repeat","background-position":"center center","background-size":"auto","background-attachment":"scroll","background-type":"","background-media":"","overlay-type":"","overlay-color":"","overlay-opacity":"","overlay-gradient":""},"tablet":{"background-color":"var(--ast-global-color-5)","background-image":"","background-repeat":"repeat","background-position":"center center","background-size":"auto","background-attachment":"scroll","background-type":"","background-media":"","overlay-type":"","overlay-color":"","overlay-opacity":"","overlay-gradient":""},"mobile":{"background-color":"var(--ast-global-color-5)","background-image":"","background-repeat":"repeat","background-position":"center center","background-size":"auto","background-attachment":"scroll","background-type":"","background-media":"","overlay-type":"","overlay-color":"","overlay-opacity":"","overlay-gradient":""}},"footnotes":""},"class_list":["post-73","page","type-page","status-publish","hentry"],"post_mailing_queue_ids":[],"_links":{"self":[{"href":"https:\/\/agora.xtec.cat\/ceip-espriu-bdn\/wp-json\/wp\/v2\/pages\/73","targetHints":{"allow":["GET"]}}],"collection":[{"href":"https:\/\/agora.xtec.cat\/ceip-espriu-bdn\/wp-json\/wp\/v2\/pages"}],"about":[{"href":"https:\/\/agora.xtec.cat\/ceip-espriu-bdn\/wp-json\/wp\/v2\/types\/page"}],"author":[{"embeddable":true,"href":"https:\/\/agora.xtec.cat\/ceip-espriu-bdn\/wp-json\/wp\/v2\/users\/1"}],"replies":[{"embeddable":true,"href":"https:\/\/agora.xtec.cat\/ceip-espriu-bdn\/wp-json\/wp\/v2\/comments?post=73"}],"version-history":[{"count":5,"href":"https:\/\/agora.xtec.cat\/ceip-espriu-bdn\/wp-json\/wp\/v2\/pages\/73\/revisions"}],"predecessor-version":[{"id":6638,"href":"https:\/\/agora.xtec.cat\/ceip-espriu-bdn\/wp-json\/wp\/v2\/pages\/73\/revisions\/6638"}],"up":[{"embeddable":true,"href":"https:\/\/agora.xtec.cat\/ceip-espriu-bdn\/wp-json\/wp\/v2\/pages\/66"}],"wp:attachment":[{"href":"https:\/\/agora.xtec.cat\/ceip-espriu-bdn\/wp-json\/wp\/v2\/media?parent=73"}],"curies":[{"name":"wp","href":"https:\/\/api.w.org\/{rel}","templated":true}]}}