{"id":3682,"date":"2020-07-10T11:23:06","date_gmt":"2020-07-10T09:23:06","guid":{"rendered":"http:\/\/agora.xtec.cat\/ceip-espriu-bdn\/?page_id=3682"},"modified":"2024-09-06T12:09:35","modified_gmt":"2024-09-06T10:09:35","slug":"medicaments","status":"publish","type":"page","link":"https:\/\/agora.xtec.cat\/ceip-espriu-bdn\/medicaments\/","title":{"rendered":"Medicaments"},"content":{"rendered":"<p><b>MEDICAMENTS<\/b><span style=\"font-weight: 400;\">: <\/span><\/p>\n<p><span style=\"font-weight: 400;\">L&#8217;escola no pot administrar medicaci\u00f3 als infants.<\/span><\/p>\n<p><span style=\"font-weight: 400;\">Tot i aix\u00f2 si cal que el nen o nena prengui un medicament dins l&#8217;horari escolar, caldr\u00e0 enviar escanejats, al correu d\u2019escola <\/span><a href=\"mailto:a8044296@xtec.cat\"><span style=\"font-weight: 400;\">a8044296@xtec.cat<\/span><\/a><span style=\"font-weight: 400;\">, el paper del metge i el full d\u2019administraci\u00f3 que obtindreu clicant aqu\u00ed: <a href=\"https:\/\/agora.xtec.cat\/ceip-espriu-bdn\/wp-content\/uploads\/usu837\/2020\/07\/Autoritzaci\u00f3-dadministraci\u00f3-de-medicaci\u00f3.doc\">Autoritzaci\u00f3 d&#8217;administraci\u00f3 de medicaci\u00f3<\/a> <\/span><\/p>\n<p><span style=\"font-weight: 400;\">Amb aquesta autoritzaci\u00f3 l\u2019escola\u00a0 subministrar\u00e0 el tractament sempre qu\u00e8 sigui necessari i quan no es pugui combinar per donar a casa.\u00a0<\/span><\/p>\n<p><b>Recordeu que no podeu portar a l&#8217;escola els INFANTS QUAN TINGUI FEBRE <\/b><span style=\"font-weight: 400;\">(tampoc despr\u00e9s d&#8217;administrar antit\u00e8rmics com Apiretal o Dalsy) <\/span><\/p>\n<p><b>A l\u2019escola no podem administrar ni antit\u00e8rmics.<\/b><span style=\"font-weight: 400;\">\u00a0<\/span><\/p>\n","protected":false},"excerpt":{"rendered":"<p>MEDICAMENTS: L&#8217;escola no pot administrar medicaci\u00f3 als infants. Tot i aix\u00f2 si cal que el nen o nena prengui un medicament dins l&#8217;horari escolar, caldr\u00e0 enviar escanejats, al correu d\u2019escola a8044296@xtec.cat, el paper del metge i el full d\u2019administraci\u00f3 que obtindreu clicant aqu\u00ed: Autoritzaci\u00f3 d&#8217;administraci\u00f3 de medicaci\u00f3 Amb aquesta autoritzaci\u00f3 l\u2019escola\u00a0 subministrar\u00e0 el tractament sempre [&hellip;]<\/p>\n","protected":false},"author":3,"featured_media":0,"parent":0,"menu_order":0,"comment_status":"closed","ping_status":"closed","template":"","meta":{"_bbp_topic_count":0,"_bbp_reply_count":0,"_bbp_total_topic_count":0,"_bbp_total_reply_count":0,"_bbp_voice_count":0,"_bbp_anonymous_reply_count":0,"_bbp_topic_count_hidden":0,"_bbp_reply_count_hidden":0,"_bbp_forum_subforum_count":0,"site-sidebar-layout":"default","site-content-layout":"","ast-site-content-layout":"","site-content-style":"default","site-sidebar-style":"default","ast-global-header-display":"","ast-banner-title-visibility":"","ast-main-header-display":"","ast-hfb-above-header-display":"","ast-hfb-below-header-display":"","ast-hfb-mobile-header-display":"","site-post-title":"","ast-breadcrumbs-content":"","ast-featured-img":"","footer-sml-layout":"","theme-transparent-header-meta":"","adv-header-id-meta":"","stick-header-meta":"","header-above-stick-meta":"","header-main-stick-meta":"","header-below-stick-meta":"","astra-migrate-meta-layouts":"default","ast-page-background-enabled":"default","ast-page-background-meta":{"desktop":{"background-color":"var(--ast-global-color-4)","background-image":"","background-repeat":"repeat","background-position":"center center","background-size":"auto","background-attachment":"scroll","background-type":"","background-media":"","overlay-type":"","overlay-color":"","overlay-opacity":"","overlay-gradient":""},"tablet":{"background-color":"","background-image":"","background-repeat":"repeat","background-position":"center center","background-size":"auto","background-attachment":"scroll","background-type":"","background-media":"","overlay-type":"","overlay-color":"","overlay-opacity":"","overlay-gradient":""},"mobile":{"background-color":"","background-image":"","background-repeat":"repeat","background-position":"center center","background-size":"auto","background-attachment":"scroll","background-type":"","background-media":"","overlay-type":"","overlay-color":"","overlay-opacity":"","overlay-gradient":""}},"ast-content-background-meta":{"desktop":{"background-color":"var(--ast-global-color-5)","background-image":"","background-repeat":"repeat","background-position":"center center","background-size":"auto","background-attachment":"scroll","background-type":"","background-media":"","overlay-type":"","overlay-color":"","overlay-opacity":"","overlay-gradient":""},"tablet":{"background-color":"var(--ast-global-color-5)","background-image":"","background-repeat":"repeat","background-position":"center center","background-size":"auto","background-attachment":"scroll","background-type":"","background-media":"","overlay-type":"","overlay-color":"","overlay-opacity":"","overlay-gradient":""},"mobile":{"background-color":"var(--ast-global-color-5)","background-image":"","background-repeat":"repeat","background-position":"center center","background-size":"auto","background-attachment":"scroll","background-type":"","background-media":"","overlay-type":"","overlay-color":"","overlay-opacity":"","overlay-gradient":""}},"footnotes":""},"class_list":["post-3682","page","type-page","status-publish","hentry"],"post_mailing_queue_ids":[],"_links":{"self":[{"href":"https:\/\/agora.xtec.cat\/ceip-espriu-bdn\/wp-json\/wp\/v2\/pages\/3682","targetHints":{"allow":["GET"]}}],"collection":[{"href":"https:\/\/agora.xtec.cat\/ceip-espriu-bdn\/wp-json\/wp\/v2\/pages"}],"about":[{"href":"https:\/\/agora.xtec.cat\/ceip-espriu-bdn\/wp-json\/wp\/v2\/types\/page"}],"author":[{"embeddable":true,"href":"https:\/\/agora.xtec.cat\/ceip-espriu-bdn\/wp-json\/wp\/v2\/users\/3"}],"replies":[{"embeddable":true,"href":"https:\/\/agora.xtec.cat\/ceip-espriu-bdn\/wp-json\/wp\/v2\/comments?post=3682"}],"version-history":[{"count":2,"href":"https:\/\/agora.xtec.cat\/ceip-espriu-bdn\/wp-json\/wp\/v2\/pages\/3682\/revisions"}],"predecessor-version":[{"id":6626,"href":"https:\/\/agora.xtec.cat\/ceip-espriu-bdn\/wp-json\/wp\/v2\/pages\/3682\/revisions\/6626"}],"wp:attachment":[{"href":"https:\/\/agora.xtec.cat\/ceip-espriu-bdn\/wp-json\/wp\/v2\/media?parent=3682"}],"curies":[{"name":"wp","href":"https:\/\/api.w.org\/{rel}","templated":true}]}}