{"id":36,"date":"2014-09-18T12:33:11","date_gmt":"2014-09-18T11:33:11","guid":{"rendered":"http:\/\/agora.xtec.cat\/ceip-espriu-bdn\/?page_id=36"},"modified":"2024-09-06T12:08:34","modified_gmt":"2024-09-06T10:08:34","slug":"material-escolar","status":"publish","type":"page","link":"https:\/\/agora.xtec.cat\/ceip-espriu-bdn\/lescola\/material-escolar\/","title":{"rendered":"Material escolar"},"content":{"rendered":"<p>Al nostre centre l\u2019alumnat t\u00e9 el material en com\u00fa amb un plantejament de solidaritat compartida entre totes les fam\u00edlies. Per aix\u00f2 la Comissi\u00f3 Econ\u00f2mica del Consell Escolar (formada per pares, mares i mestres) elabora el pressupost anual on estan incloses totes les despeses que l\u2019ensenyament\/aprenentatge dels nens i nenes genera. A partir d\u2019aqu\u00ed determina la quota a cobrar.<\/p>\n<p>La quota de material general inclou TOT EL MATERIAL QUE S\u2019UTILITZA A ESCOLA:<\/p>\n<ul>\n<li>els estris d\u2019escriptura (llapis, gomes, maquineta, colors, retoladors prims i gruixuts i estoig)<\/li>\n<li>regles, comp\u00e0s, semicercle, calculadora, tisores<\/li>\n<li>carpetes, agenda i arxivador personalitzats<\/li>\n<li>fulls blancs i quadriculats<\/li>\n<li>pen-drive personalitzat<\/li>\n<li>material de pl\u00e0stica general (fulls de dibuix, ceres, aquarel\u00b7les, pintures, guix, paper de seda, xarol, cresp\u00f3, cartolines, c\u00fater, pegues, retoladors permanents, fixador de ceres&#8230;)<\/li>\n<li>material fotocopiat<\/li>\n<li>material higi\u00e8nic<\/li>\n<li>renovaci\u00f3 dels llibres de les biblioteques de la classe i de l\u2019escola en general, la compra o manteniment de les pissarres digitals i els projectors, del material de laboratori, els premis de Sant Jordi, material did\u00e0ctic, &#8230;<\/li>\n<li>i qualsevol altre material que es decideix que fa falta<\/li>\n<\/ul>\n","protected":false},"excerpt":{"rendered":"<p>Al nostre centre l\u2019alumnat t\u00e9 el material en com\u00fa amb un plantejament de solidaritat compartida entre totes les fam\u00edlies. Per aix\u00f2 la Comissi\u00f3 Econ\u00f2mica del Consell Escolar (formada per pares, mares i mestres) elabora el pressupost anual on estan incloses totes les despeses que l\u2019ensenyament\/aprenentatge dels nens i nenes genera. A partir d\u2019aqu\u00ed determina la [&hellip;]<\/p>\n","protected":false},"author":1,"featured_media":0,"parent":22,"menu_order":70,"comment_status":"closed","ping_status":"closed","template":"page-templates\/side-menu.php","meta":{"_bbp_topic_count":0,"_bbp_reply_count":0,"_bbp_total_topic_count":0,"_bbp_total_reply_count":0,"_bbp_voice_count":0,"_bbp_anonymous_reply_count":0,"_bbp_topic_count_hidden":0,"_bbp_reply_count_hidden":0,"_bbp_forum_subforum_count":0,"site-sidebar-layout":"default","site-content-layout":"","ast-site-content-layout":"","site-content-style":"default","site-sidebar-style":"default","ast-global-header-display":"","ast-banner-title-visibility":"","ast-main-header-display":"","ast-hfb-above-header-display":"","ast-hfb-below-header-display":"","ast-hfb-mobile-header-display":"","site-post-title":"","ast-breadcrumbs-content":"","ast-featured-img":"","footer-sml-layout":"","theme-transparent-header-meta":"","adv-header-id-meta":"","stick-header-meta":"","header-above-stick-meta":"","header-main-stick-meta":"","header-below-stick-meta":"","astra-migrate-meta-layouts":"default","ast-page-background-enabled":"default","ast-page-background-meta":{"desktop":{"background-color":"var(--ast-global-color-4)","background-image":"","background-repeat":"repeat","background-position":"center center","background-size":"auto","background-attachment":"scroll","background-type":"","background-media":"","overlay-type":"","overlay-color":"","overlay-opacity":"","overlay-gradient":""},"tablet":{"background-color":"","background-image":"","background-repeat":"repeat","background-position":"center center","background-size":"auto","background-attachment":"scroll","background-type":"","background-media":"","overlay-type":"","overlay-color":"","overlay-opacity":"","overlay-gradient":""},"mobile":{"background-color":"","background-image":"","background-repeat":"repeat","background-position":"center center","background-size":"auto","background-attachment":"scroll","background-type":"","background-media":"","overlay-type":"","overlay-color":"","overlay-opacity":"","overlay-gradient":""}},"ast-content-background-meta":{"desktop":{"background-color":"var(--ast-global-color-5)","background-image":"","background-repeat":"repeat","background-position":"center center","background-size":"auto","background-attachment":"scroll","background-type":"","background-media":"","overlay-type":"","overlay-color":"","overlay-opacity":"","overlay-gradient":""},"tablet":{"background-color":"var(--ast-global-color-5)","background-image":"","background-repeat":"repeat","background-position":"center center","background-size":"auto","background-attachment":"scroll","background-type":"","background-media":"","overlay-type":"","overlay-color":"","overlay-opacity":"","overlay-gradient":""},"mobile":{"background-color":"var(--ast-global-color-5)","background-image":"","background-repeat":"repeat","background-position":"center center","background-size":"auto","background-attachment":"scroll","background-type":"","background-media":"","overlay-type":"","overlay-color":"","overlay-opacity":"","overlay-gradient":""}},"footnotes":""},"class_list":["post-36","page","type-page","status-publish","hentry"],"post_mailing_queue_ids":[],"_links":{"self":[{"href":"https:\/\/agora.xtec.cat\/ceip-espriu-bdn\/wp-json\/wp\/v2\/pages\/36","targetHints":{"allow":["GET"]}}],"collection":[{"href":"https:\/\/agora.xtec.cat\/ceip-espriu-bdn\/wp-json\/wp\/v2\/pages"}],"about":[{"href":"https:\/\/agora.xtec.cat\/ceip-espriu-bdn\/wp-json\/wp\/v2\/types\/page"}],"author":[{"embeddable":true,"href":"https:\/\/agora.xtec.cat\/ceip-espriu-bdn\/wp-json\/wp\/v2\/users\/1"}],"replies":[{"embeddable":true,"href":"https:\/\/agora.xtec.cat\/ceip-espriu-bdn\/wp-json\/wp\/v2\/comments?post=36"}],"version-history":[{"count":4,"href":"https:\/\/agora.xtec.cat\/ceip-espriu-bdn\/wp-json\/wp\/v2\/pages\/36\/revisions"}],"predecessor-version":[{"id":6625,"href":"https:\/\/agora.xtec.cat\/ceip-espriu-bdn\/wp-json\/wp\/v2\/pages\/36\/revisions\/6625"}],"up":[{"embeddable":true,"href":"https:\/\/agora.xtec.cat\/ceip-espriu-bdn\/wp-json\/wp\/v2\/pages\/22"}],"wp:attachment":[{"href":"https:\/\/agora.xtec.cat\/ceip-espriu-bdn\/wp-json\/wp\/v2\/media?parent=36"}],"curies":[{"name":"wp","href":"https:\/\/api.w.org\/{rel}","templated":true}]}}