{"id":34,"date":"2014-09-18T12:32:18","date_gmt":"2014-09-18T11:32:18","guid":{"rendered":"http:\/\/agora.xtec.cat\/ceip-espriu-bdn\/?page_id=34"},"modified":"2026-01-30T11:48:06","modified_gmt":"2026-01-30T10:48:06","slug":"oferta-educativa","status":"publish","type":"page","link":"https:\/\/agora.xtec.cat\/ceip-espriu-bdn\/lescola\/oferta-educativa\/","title":{"rendered":"Oferta educativa"},"content":{"rendered":"<p>La nostra escola ofereix educaci\u00f3 a nens i nenes des dels 3 fins als 11 anys, \u00e9s a dir, de I3 a 6\u00e8 de prim\u00e0ria.<\/p>\n<p>En acabar l&#8217;escolaritat al nostre centre, l&#8217;alumnat t\u00e9 pla\u00e7a assegurada als instituts &#8220;Isaac Alb\u00e9niz&#8221; i &#8220;Pompeu Fabra&#8221; per continuar els seus estudis fins a 2n de batxillerat. Fem reunions peri\u00f2diques amb ells per tal de fer el seguiment dels nois i noies.<\/p>\n<p>Seguim un programa d&#8217;immersi\u00f3 que estimula l&#8217;adquisici\u00f3 del catal\u00e0, que \u00e9s la llengua vehicular de l&#8217;escola, tot respectant l&#8217;idioma matern propi.<\/p>\n<p>Tenim mestres especialistes en m\u00fasica, educaci\u00f3 f\u00edsica, angl\u00e8s.<\/p>\n<p>Disposem de dos mestres d&#8217;Educaci\u00f3 Especial, especialistes en Pedagogia Terap\u00e8utica, gaudim del servei d\u2019atenci\u00f3 psicopedag\u00f2gic de l\u2019E.A.P, quinzenalment, i logopeda del CREDA per atendre de forma personalitzada a aquell alumnat que ho necessiti.<\/p>\n<p>Tamb\u00e9 disposem d&#8217;assist\u00e8ncia t\u00e8cnica en salut per part de l\u2019\u00c0rea B\u00e0sica de salut Morera-Pomar<\/p>\n<p>Oferim <a href=\"http:\/\/agora.xtec.cat\/ceip-espriu-bdn\/serveis\/menjador-escolar\/\">servei de menjador<\/a> amb personal de cuina i monitoratge de menjador qualificat.<\/p>\n<p>Tenim un <a href=\"http:\/\/agora.xtec.cat\/ceip-espriu-bdn\/serveis\/acollida\/\">servei d\u2019acollida matinal<\/a>.<\/p>\n<p>Gaudim d&#8217;un auxiliar administratiu i d&#8217;assist\u00e8ncia t\u00e8cnica inform\u00e0tica<\/p>\n<p>A Infantil <a href=\"http:\/\/agora.xtec.cat\/ceip-espriu-bdn\/projecte-educatiu\/treball-per-ambients-racons-tallers-i-projectes\/\">treballem per ambients<\/a>, a primer i segon per racons, a cicle mitj\u00e0 i a cicle superior el treball per projectes.<\/p>\n<p>L&#8217;idioma estranger que es treballa \u00e9s l&#8217;angl\u00e8s. S&#8217;introdueix a partir de 4 anys.<\/p>\n<p>L&#8217;escola participa en projectes i experi\u00e8ncies en xarxa amb escoles de la resta d&#8217;Europa, com ara el <a href=\"http:\/\/agora.xtec.cat\/ceip-espriu-bdn\/projecte-educatiu\/afers-exteriors\/\">projecte Etwinning<\/a>.<\/p>\n<p>L&#8217;escola desenvolupa la compet\u00e8ncia digital dins les programacions. Disposem d&#8217;una aula de rob\u00f2tica i una d&#8217;inform\u00e0tica. A cicle superior disposem d&#8217;un port\u00e0til per a cada alumna\/e.<\/p>\n<p>Totes les aules disposen de panells digitals interactius, tauletes i connexi\u00f3 a Internet per fibra \u00f2ptica.<\/p>\n<p>Per desenvolupar la dimensi\u00f3 humana, social i ciutadana de l\u2019alumnat, s&#8217;organitzen activitats que demostrin solidaritat, companyonia o servei a la comunitat, com ara l&#8217;apadrinament lector que els alumnes de 6\u00e8 fan amb els seus companys de 1r, o la participaci\u00f3 en la \u00a0Marat\u00f3 de TV3.<\/p>\n<p>Esteu convidats a participar en la vida escolar, a trav\u00e9s de l&#8217;AFA, el Consell Escolar o individualment. Aquesta participaci\u00f3 \u00e9s molt important per a nosaltres.<\/p>\n","protected":false},"excerpt":{"rendered":"<p>La nostra escola ofereix educaci\u00f3 a nens i nenes des dels 3 fins als 11 anys, \u00e9s a dir, de I3 a 6\u00e8 de prim\u00e0ria. En acabar l&#8217;escolaritat al nostre centre, l&#8217;alumnat t\u00e9 pla\u00e7a assegurada als instituts &#8220;Isaac Alb\u00e9niz&#8221; i &#8220;Pompeu Fabra&#8221; per continuar els seus estudis fins a 2n de batxillerat. Fem reunions peri\u00f2diques [&hellip;]<\/p>\n","protected":false},"author":1,"featured_media":0,"parent":22,"menu_order":60,"comment_status":"closed","ping_status":"closed","template":"page-templates\/side-menu.php","meta":{"_bbp_topic_count":0,"_bbp_reply_count":0,"_bbp_total_topic_count":0,"_bbp_total_reply_count":0,"_bbp_voice_count":0,"_bbp_anonymous_reply_count":0,"_bbp_topic_count_hidden":0,"_bbp_reply_count_hidden":0,"_bbp_forum_subforum_count":0,"site-sidebar-layout":"default","site-content-layout":"","ast-site-content-layout":"","site-content-style":"default","site-sidebar-style":"default","ast-global-header-display":"","ast-banner-title-visibility":"","ast-main-header-display":"","ast-hfb-above-header-display":"","ast-hfb-below-header-display":"","ast-hfb-mobile-header-display":"","site-post-title":"","ast-breadcrumbs-content":"","ast-featured-img":"","footer-sml-layout":"","theme-transparent-header-meta":"","adv-header-id-meta":"","stick-header-meta":"","header-above-stick-meta":"","header-main-stick-meta":"","header-below-stick-meta":"","astra-migrate-meta-layouts":"default","ast-page-background-enabled":"default","ast-page-background-meta":{"desktop":{"background-color":"var(--ast-global-color-4)","background-image":"","background-repeat":"repeat","background-position":"center center","background-size":"auto","background-attachment":"scroll","background-type":"","background-media":"","overlay-type":"","overlay-color":"","overlay-opacity":"","overlay-gradient":""},"tablet":{"background-color":"","background-image":"","background-repeat":"repeat","background-position":"center center","background-size":"auto","background-attachment":"scroll","background-type":"","background-media":"","overlay-type":"","overlay-color":"","overlay-opacity":"","overlay-gradient":""},"mobile":{"background-color":"","background-image":"","background-repeat":"repeat","background-position":"center center","background-size":"auto","background-attachment":"scroll","background-type":"","background-media":"","overlay-type":"","overlay-color":"","overlay-opacity":"","overlay-gradient":""}},"ast-content-background-meta":{"desktop":{"background-color":"var(--ast-global-color-5)","background-image":"","background-repeat":"repeat","background-position":"center center","background-size":"auto","background-attachment":"scroll","background-type":"","background-media":"","overlay-type":"","overlay-color":"","overlay-opacity":"","overlay-gradient":""},"tablet":{"background-color":"var(--ast-global-color-5)","background-image":"","background-repeat":"repeat","background-position":"center center","background-size":"auto","background-attachment":"scroll","background-type":"","background-media":"","overlay-type":"","overlay-color":"","overlay-opacity":"","overlay-gradient":""},"mobile":{"background-color":"var(--ast-global-color-5)","background-image":"","background-repeat":"repeat","background-position":"center center","background-size":"auto","background-attachment":"scroll","background-type":"","background-media":"","overlay-type":"","overlay-color":"","overlay-opacity":"","overlay-gradient":""}},"footnotes":""},"class_list":["post-34","page","type-page","status-publish","hentry"],"post_mailing_queue_ids":[],"_links":{"self":[{"href":"https:\/\/agora.xtec.cat\/ceip-espriu-bdn\/wp-json\/wp\/v2\/pages\/34","targetHints":{"allow":["GET"]}}],"collection":[{"href":"https:\/\/agora.xtec.cat\/ceip-espriu-bdn\/wp-json\/wp\/v2\/pages"}],"about":[{"href":"https:\/\/agora.xtec.cat\/ceip-espriu-bdn\/wp-json\/wp\/v2\/types\/page"}],"author":[{"embeddable":true,"href":"https:\/\/agora.xtec.cat\/ceip-espriu-bdn\/wp-json\/wp\/v2\/users\/1"}],"replies":[{"embeddable":true,"href":"https:\/\/agora.xtec.cat\/ceip-espriu-bdn\/wp-json\/wp\/v2\/comments?post=34"}],"version-history":[{"count":6,"href":"https:\/\/agora.xtec.cat\/ceip-espriu-bdn\/wp-json\/wp\/v2\/pages\/34\/revisions"}],"predecessor-version":[{"id":7297,"href":"https:\/\/agora.xtec.cat\/ceip-espriu-bdn\/wp-json\/wp\/v2\/pages\/34\/revisions\/7297"}],"up":[{"embeddable":true,"href":"https:\/\/agora.xtec.cat\/ceip-espriu-bdn\/wp-json\/wp\/v2\/pages\/22"}],"wp:attachment":[{"href":"https:\/\/agora.xtec.cat\/ceip-espriu-bdn\/wp-json\/wp\/v2\/media?parent=34"}],"curies":[{"name":"wp","href":"https:\/\/api.w.org\/{rel}","templated":true}]}}