{"id":77,"date":"2014-09-18T14:05:08","date_gmt":"2014-09-18T13:05:08","guid":{"rendered":"http:\/\/agora.xtec.cat\/ceip-espai3-sjdespi\/?page_id=77"},"modified":"2022-02-09T11:24:12","modified_gmt":"2022-02-09T10:24:12","slug":"acollida","status":"publish","type":"page","link":"https:\/\/agora.xtec.cat\/ceip-espai3-sjdespi\/serveis\/acollida\/","title":{"rendered":"Acollida"},"content":{"rendered":"<p>Benvolgudes fam\u00edlies:<\/p>\n<p>En nom de tot l\u2019equip de Campos Estela, volem donar-vos la benvinguda al servei d\u2019acollides de l\u2019escola.<br \/>\nDes de 1968 oferim serveis d\u2019\u00e0pats i lleure per a escoles mitjan\u00e7ant la continu\u00eftat del projecte educatiu del centre.<br \/>\nEns sentim molt agra\u00efts i il\u00b7lusionats de poder participar en l\u2019educaci\u00f3 dels vostres fills al llarg del proper curs.<br \/>\nGr\u00e0cies per la vostra confian\u00e7a!<\/p>\n<p>Contacte:<\/p>\n<p>Informaci\u00f3 de contacte:<\/p>\n<p>Menjador\u00a0 \u00a0 \u00a0 \u00a0 \u00a0 \u00a0 \u00a0 \u00a0 \u00a0 \u00a0 \u00a0 \u00a0 \u00a0 \u00a0 \u00a0 \u00a0 \u00a0 \u00a0 \u00a0 \u00a0 \u00a0 \u00a0 \u00a0 \u00a0 \u00a0 \u00a0 \u00a0 \u00a0 \u00a0 \u00a0 \u00a0 \u00a0 \u00a0 \u00a0 \u00a0 \u00a0 \u00a0 \u00a0 \u00a0 \u00a0 \u00a0 \u00a0Oficina<br \/>\n645152378\u00a0 \u00a0 \u00a0 \u00a0 \u00a0 \u00a0 \u00a0 \u00a0 \u00a0 \u00a0 \u00a0 \u00a0 \u00a0 \u00a0 \u00a0 \u00a0 \u00a0 \u00a0 \u00a0 \u00a0 \u00a0 \u00a0 \u00a0 \u00a0 \u00a0 \u00a0 \u00a0 \u00a0 \u00a0 \u00a0 \u00a0 \u00a0 \u00a0 \u00a0 \u00a0 \u00a0 \u00a0 \u00a0 \u00a0 \u00a0 93-674.50.16 (Emma)<br \/>\n<a href=\"mailto:menjador.espai3@camposestela.com\" target=\"_blank\" rel=\"noopener\">menjador.espai3@camposestela.c<wbr \/>om<\/a>\u00a0 \u00a0 \u00a0 \u00a0\u00a0 \u00a0\u00a0 \u00a0\u00a0 \u00a0\u00a0 \u00a0\u00a0 \u00a0\u00a0 \u00a0\u00a0 \u00a0\u00a0 \u00a0\u00a0 \u00a0\u00a0 \u00a0\u00a0<a href=\"mailto:rebuts@camposestela.com\" target=\"_blank\" rel=\"noopener\">rebuts@camposestela.com<\/a><\/p>\n<div class=\"yj6qo\"><\/div>\n","protected":false},"excerpt":{"rendered":"<p>Benvolgudes fam\u00edlies:<br \/>\nEn nom de tot l\u2019equip de Campos Estela, volem donar-vos la benvinguda al servei d\u2019acollides de l\u2019escola.<br \/>\nDes de 1968 oferim serveis d\u2019\u00e0pats i lleure per a escoles mitjan\u00e7ant la continu\u00eftat del projecte educatiu del centre.<br \/>\nEns sentim molt agra\u00efts i il\u00b7lusionats de poder participar en&hellip;  <a href=\"https:\/\/agora.xtec.cat\/ceip-espai3-sjdespi\/serveis\/acollida\/\" title=\"Read Acollida\">Llegeix m\u00e9s\u00bb<\/a><\/p>\n","protected":false},"author":1,"featured_media":0,"parent":66,"menu_order":20,"comment_status":"closed","ping_status":"closed","template":"page-templates\/side-menu.php","meta":{"_bbp_topic_count":0,"_bbp_reply_count":0,"_bbp_total_topic_count":0,"_bbp_total_reply_count":0,"_bbp_voice_count":0,"_bbp_anonymous_reply_count":0,"_bbp_topic_count_hidden":0,"_bbp_reply_count_hidden":0,"_bbp_forum_subforum_count":0,"footnotes":""},"class_list":["post-77","page","type-page","status-publish","hentry"],"post_mailing_queue_ids":[],"_links":{"self":[{"href":"https:\/\/agora.xtec.cat\/ceip-espai3-sjdespi\/wp-json\/wp\/v2\/pages\/77","targetHints":{"allow":["GET"]}}],"collection":[{"href":"https:\/\/agora.xtec.cat\/ceip-espai3-sjdespi\/wp-json\/wp\/v2\/pages"}],"about":[{"href":"https:\/\/agora.xtec.cat\/ceip-espai3-sjdespi\/wp-json\/wp\/v2\/types\/page"}],"author":[{"embeddable":true,"href":"https:\/\/agora.xtec.cat\/ceip-espai3-sjdespi\/wp-json\/wp\/v2\/users\/1"}],"replies":[{"embeddable":true,"href":"https:\/\/agora.xtec.cat\/ceip-espai3-sjdespi\/wp-json\/wp\/v2\/comments?post=77"}],"version-history":[{"count":3,"href":"https:\/\/agora.xtec.cat\/ceip-espai3-sjdespi\/wp-json\/wp\/v2\/pages\/77\/revisions"}],"predecessor-version":[{"id":12393,"href":"https:\/\/agora.xtec.cat\/ceip-espai3-sjdespi\/wp-json\/wp\/v2\/pages\/77\/revisions\/12393"}],"up":[{"embeddable":true,"href":"https:\/\/agora.xtec.cat\/ceip-espai3-sjdespi\/wp-json\/wp\/v2\/pages\/66"}],"wp:attachment":[{"href":"https:\/\/agora.xtec.cat\/ceip-espai3-sjdespi\/wp-json\/wp\/v2\/media?parent=77"}],"curies":[{"name":"wp","href":"https:\/\/api.w.org\/{rel}","templated":true}]}}