{"id":71,"date":"2014-09-18T12:44:56","date_gmt":"2014-09-18T11:44:56","guid":{"rendered":"http:\/\/agora.xtec.cat\/ceip-espai3-sjdespi\/?page_id=71"},"modified":"2022-03-24T19:46:38","modified_gmt":"2022-03-24T18:46:38","slug":"serveis-digitals","status":"publish","type":"page","link":"https:\/\/agora.xtec.cat\/ceip-espai3-sjdespi\/serveis\/serveis-digitals\/","title":{"rendered":"Serveis digitals"},"content":{"rendered":"<div class=\"et_pb_row et_pb_row_0\">\n<div class=\"et_pb_column et_pb_column_4_4 et_pb_column_0 et_pb_css_mix_blend_mode_passthrough et-last-child\">\n<div class=\"et_pb_module et_pb_text et_pb_text_0 et_pb_text_align_left et_pb_bg_layout_light\">\n<div class=\"et_pb_text_inner\">\n<pre><img loading=\"lazy\" decoding=\"async\" class=\"alignleft wp-image-12455\" src=\"https:\/\/agora.xtec.cat\/ceip-espai3-sjdespi\/wp-content\/uploads\/usu243\/2022\/02\/edita2.png\" alt=\"\" width=\"396\" height=\"23\" srcset=\"https:\/\/agora.xtec.cat\/ceip-espai3-sjdespi\/wp-content\/uploads\/usu243\/2022\/02\/edita2.png 551w, https:\/\/agora.xtec.cat\/ceip-espai3-sjdespi\/wp-content\/uploads\/usu243\/2022\/02\/edita2-300x17.png 300w\" sizes=\"auto, (max-width: 396px) 100vw, 396px\" \/>\r\n\r\n<\/pre>\n<p>&nbsp;<\/p>\n<p>L\u2019oferta de <strong>serveis\u00a0digitals<\/strong> constitueix un element molt important de l\u2019engranatge del nostre centre educatiu i es concreta en els seg\u00fcents aspectes:<\/p>\n<p><strong>\u2013 \u00das d\u2019ipads, tauletes, neetbooks i chromebooks a les aules<\/strong><\/p>\n<p><strong>L\u2019escola disposa d&#8217;Ipads i tauletes Lenovo per iniciar l\u2019alumnat a partir de P3<\/strong> en el m\u00f3n digital amb el que, inevitablement, s\u2019haur\u00e0 de preparar per afrontar els reptes del futur. Des d&#8217;aquest curs, fins a tercer l&#8217;alumnat compta amb un ipad\/ tauleta i neetbook propietat del centre per al seu <strong>\u00fas individual<\/strong> depenent de l&#8217;activitat i sempre que la situaci\u00f3 d&#8217;aprenentatge ho requereixi.<\/p>\n<p><strong>A partir de quart EP cada alumne\/a t\u00e9 un ipad i un neetbook propietat del centre<\/strong>\u00a0 per a portar a terme les seves tasques acad\u00e8miques. A partir del curs 2021-22 , <strong>els alumnes de sis\u00e8 tamb\u00e9 disposen d&#8217;un chromebook<\/strong> derivat del projecte <a href=\"https:\/\/educacio.gencat.cat\/web\/.content\/home\/departament\/publicacions\/colleccions\/pla-educacio-digital\/projecte-acceleracio-transformacio-digital\/acceleracio-digital.pdf\">Pla d&#8217;educaci\u00f3 digital de Catalunya<\/a><\/p>\n<p>D&#8217;altra banda, i degut a l&#8217;\u00e8xit obtingut de la trajectoria del centre amb el treball amb dispositius m\u00f2bils Ipads, l\u2019escola ha arribat a un acord amb la consultora d&#8217;Apple <a href=\"https:\/\/setek.es\/?gclid=Cj0KCQiAjJOQBhCkARIsAEKMtO1du9VRfm4gMRjoObMgn4NH6Xoo6m_W_QmY11on5gUYVMmuUeNQnVsaAjLVEALw_wcB\">SETEK<\/a> per qu\u00e8 ofereixi a <strong>les fam\u00edlies que ho desitgin l\u2019adquisici\u00f3 d\u2019un aparell homologat a un preu for\u00e7a econ\u00f2mic<\/strong>. Els detalls d\u2019aquesta adquisici\u00f3 els fem arribar a les fam\u00edlies\u00a0 matriculades a finals de juny o principis de juliol.<\/p>\n<\/div>\n<\/div>\n<\/div>\n<\/div>\n<div class=\"et_pb_row et_pb_row_1\">\n<div class=\"et_pb_column et_pb_column_2_5 et_pb_column_1 et_pb_css_mix_blend_mode_passthrough\">\n<div class=\"et_pb_module et_pb_image et_pb_image_0\"><\/div>\n<\/div>\n<div class=\"et_pb_column et_pb_column_3_5 et_pb_column_2 et_pb_css_mix_blend_mode_passthrough et-last-child\">\n<div class=\"et_pb_module et_pb_text et_pb_text_1 et_pb_text_align_left et_pb_bg_layout_light\">\n<div class=\"et_pb_text_inner\">\n<p>En cas d\u2019avaria l\u2019escola disposa d\u2019un fons d\u2019aparells de reserva per tal que l\u2019alumnat afectat pugui treballar amb ell mentre es realitza la reparaci\u00f3.<\/p>\n<p>L\u2019aparell \u00e9s propietat de la fam\u00edlia, per\u00f2 en el seu \u00fas docent caldr\u00e0 seguir una normativa b\u00e0sica que farem arribar a l\u2019alumnat a l\u2019inici del curs.<\/p>\n<p><strong>\u2013 \u00das de plataformes digitals<\/strong><\/p>\n<p>Fa anys que el centre va\u00a0 substituir els tradicionals llibres de paper per materials elaborats pel professorat del centre o plataformes on-line interactives als quals s\u2019accedeix mitjan\u00e7ant un usuari i una contrasenya. Aquesta aposta tecnol\u00f2gica en cap cas elimina l&#8217;\u00fas de altres materials manipulatius pedag\u00f2gics imprescindibles com el llapis i el paper, per\u00f2 permet enlla\u00e7ar amb activitats d\u2019aprenentatge, v\u00eddeos, p\u00e0gines WEB i molt altres recursos garantint l&#8217;educaci\u00f3 competencial en tots els \u00e0mbits.<\/p>\n<p>Per tal d&#8217;afegir encara m\u00e9s valor als processos matem\u00e0tics: resoldre problemes, raonar, connectar, comunicar-se i representar, sense oblidar els continguts, el centre aposta per la plataforma digital <a href=\"https:\/\/innovamat.com\/ca\/bases-didactiques\/#fundamentos\">Innovamat<\/a>. La fam\u00edlia ha d\u2019abonar el cost d\u2019una llic\u00e8ncia anual i un <span style=\"font-family: inherit; font-size: 1em;\">cop l\u2019alumne t\u00e9 l\u2019usuari i la contrasenya es pot connectar als llibres des de qualsevol aparell i ubicaci\u00f3.<\/span><\/p>\n<\/div>\n<\/div>\n<\/div>\n<\/div>\n<div class=\"et_pb_row et_pb_row_2\">\n<div class=\"et_pb_column et_pb_column_3_5 et_pb_column_3 et_pb_css_mix_blend_mode_passthrough\">\n<div class=\"et_pb_module et_pb_text et_pb_text_2 et_pb_text_align_left et_pb_bg_layout_light\">\n<div class=\"et_pb_text_inner\">\n<p>&nbsp;<\/p>\n<p><strong>\u2013 \u00das d\u2019aplicacions educatives digitals<\/strong><\/p>\n<p><strong>Cada fam\u00edlia del centre\u00a0 des de p3 fins a sis\u00e8 i cada alumne a partir de quart de prim\u00e0ria disposa d\u2019un compte de correu corporatiu gestionat per l\u2019escola<\/strong>, la qual cosa permet:<\/p>\n<ul>\n<li>Una interacci\u00f3 m\u00e9s directa i r\u00e0pida professor-alumne- fam\u00edlia i alumne-professor-fam\u00edlia.<\/li>\n<li>L\u2019\u00fas de diferents\u00a0 eines educatives <b>gratu\u00eftes<\/b> de l\u2019entorn\u00a0 Apple : Tasques, keynote, Pages, numbers, Imovie, garage band, swift play ground&#8230; i de Google. <em>Google drive<\/em>: Que permet treballar de forma virtual amb l\u2019ordinador als alumnes, tant de forma individual com grupal. L\u2019utilitzaci\u00f3 de l\u2019aplicaci\u00f3\u00a0<em>Google classroom\u00a0<\/em>en moltes mat\u00e8ries per recollir materials, enviar tasques, etc<\/li>\n<li>L\u2019\u00fas d\u2019aquestes eines digitals facilita i permet un funcionament molt m\u00e9s complert dels projectes interdisciplinars que treballa l\u2019alumnat.<\/li>\n<\/ul>\n<\/div>\n<p><strong>\u2013 Participaci\u00f3 a les xarxes socials<\/strong><\/p>\n<p>La societat de la comunicaci\u00f3, els recursos tecnol\u00f2gics i la mobilitat laboral i social han obert noves perspectives a la comunicaci\u00f3, intercanvis personals i socials, i ha donat pas a una nova estructura comunicativa entre les persones i les institucions que \u00e9s la xarxa.<br \/>\nAl nostre centre, les xarxes tenen com a gran potencial la possibilitat de fer intercanvis de tot<br \/>\ntipus i permeten estructurar debats, accions amb m\u00e9s o menys proximitat i, a la vegada, la construcci\u00f3 d\u2019informacions i de coneixement.<\/p>\n<p>Actualment participem a :<a href=\"https:\/\/instagram.com\/escola_espai_3?utm_medium=copy_link\">Instagram<\/a>,\u00a0<a href=\"https:\/\/mobile.twitter.com\/espai_tres\">Twitter<\/a> i\u00a0<a href=\"https:\/\/m.facebook.com\/profile.php?id=198344790265892\">Facebook<\/a><\/p>\n<\/div>\n<\/div>\n<div class=\"et_pb_column et_pb_column_2_5 et_pb_column_4 et_pb_css_mix_blend_mode_passthrough et-last-child\">\n<div class=\"et_pb_module et_pb_image et_pb_image_1\"><\/div>\n<\/div>\n<\/div>\n<div class=\"et_pb_row et_pb_row_3\">\n<div class=\"et_pb_column et_pb_column_4_4 et_pb_column_5 et_pb_css_mix_blend_mode_passthrough et-last-child\">\n<div class=\"et_pb_module et_pb_text et_pb_text_3 et_pb_text_align_left et_pb_bg_layout_light\">\n<div class=\"et_pb_text_inner\">\n<p><strong>\u2013 A m\u00e9s\u2026<\/strong><\/p>\n<ul>\n<li>Totes les aules i pr\u00e0cticament tots els espais de l\u2019escola estan equipats amb projectors PDI o panells interactius (Pissarres Digitals Interactives) i connexi\u00f3 WIFI.<\/li>\n<li>Tot i que la normativa especifica diu que els equips han de venir carregats de casa, les aules tenen diversos d\u2019endolls per recarregar els dispositius en cas de necessitat.<\/li>\n<\/ul>\n<p>&nbsp;<\/p>\n<p><strong>Aquests recursos ens permeten potenciar les seg\u00fcents l\u00ednies d\u2019acci\u00f3<\/strong>:<\/p>\n<ul>\n<li><strong>M\u00e9s atenci\u00f3 a la diversitat<\/strong><\/li>\n<li><strong>M\u00e9s motivaci\u00f3 i aprofundiment en l\u2019estudi<\/strong><\/li>\n<li><strong>Millor ensenyament-aprenentatge<\/strong><\/li>\n<li><strong>M\u00e9s interacci\u00f3 entre alumnes i professors<\/strong><\/li>\n<li><strong>M\u00e9s vinculaci\u00f3 amb el m\u00f3n real<\/strong><\/li>\n<li><strong>M\u00e9s preparaci\u00f3 per afrontar els reptes formatius del futur<\/strong><\/li>\n<\/ul>\n<p>&nbsp;<\/p>\n<\/div>\n<\/div>\n<\/div>\n<\/div>\n","protected":false},"excerpt":{"rendered":"<p>&nbsp;<br \/>\nL\u2019oferta de serveis\u00a0digitals constitueix un element molt important de l\u2019engranatge del nostre centre educatiu i es concreta en els seg\u00fcents aspectes:<br \/>\n\u2013 \u00das d\u2019ipads, tauletes, neetbooks i chromebooks a les aules<br \/>\nL\u2019escola disposa d&#8217;Ipads i tauletes Lenovo per iniciar l\u2019alumnat a partir de P3 en el m\u00f3n&hellip;  <a href=\"https:\/\/agora.xtec.cat\/ceip-espai3-sjdespi\/serveis\/serveis-digitals\/\" title=\"Read Serveis digitals\">Llegeix m\u00e9s\u00bb<\/a><\/p>\n","protected":false},"author":1,"featured_media":0,"parent":66,"menu_order":10,"comment_status":"closed","ping_status":"closed","template":"page-templates\/side-menu.php","meta":{"_bbp_topic_count":0,"_bbp_reply_count":0,"_bbp_total_topic_count":0,"_bbp_total_reply_count":0,"_bbp_voice_count":0,"_bbp_anonymous_reply_count":0,"_bbp_topic_count_hidden":0,"_bbp_reply_count_hidden":0,"_bbp_forum_subforum_count":0,"footnotes":""},"class_list":["post-71","page","type-page","status-publish","hentry"],"post_mailing_queue_ids":[],"_links":{"self":[{"href":"https:\/\/agora.xtec.cat\/ceip-espai3-sjdespi\/wp-json\/wp\/v2\/pages\/71","targetHints":{"allow":["GET"]}}],"collection":[{"href":"https:\/\/agora.xtec.cat\/ceip-espai3-sjdespi\/wp-json\/wp\/v2\/pages"}],"about":[{"href":"https:\/\/agora.xtec.cat\/ceip-espai3-sjdespi\/wp-json\/wp\/v2\/types\/page"}],"author":[{"embeddable":true,"href":"https:\/\/agora.xtec.cat\/ceip-espai3-sjdespi\/wp-json\/wp\/v2\/users\/1"}],"replies":[{"embeddable":true,"href":"https:\/\/agora.xtec.cat\/ceip-espai3-sjdespi\/wp-json\/wp\/v2\/comments?post=71"}],"version-history":[{"count":3,"href":"https:\/\/agora.xtec.cat\/ceip-espai3-sjdespi\/wp-json\/wp\/v2\/pages\/71\/revisions"}],"predecessor-version":[{"id":12673,"href":"https:\/\/agora.xtec.cat\/ceip-espai3-sjdespi\/wp-json\/wp\/v2\/pages\/71\/revisions\/12673"}],"up":[{"embeddable":true,"href":"https:\/\/agora.xtec.cat\/ceip-espai3-sjdespi\/wp-json\/wp\/v2\/pages\/66"}],"wp:attachment":[{"href":"https:\/\/agora.xtec.cat\/ceip-espai3-sjdespi\/wp-json\/wp\/v2\/media?parent=71"}],"curies":[{"name":"wp","href":"https:\/\/api.w.org\/{rel}","templated":true}]}}