{"id":38,"date":"2014-09-18T12:34:08","date_gmt":"2014-09-18T11:34:08","guid":{"rendered":"http:\/\/agora.xtec.cat\/ceip-espai3-sjdespi\/?page_id=38"},"modified":"2016-08-21T16:50:08","modified_gmt":"2016-08-21T15:50:08","slug":"salut","status":"publish","type":"page","link":"https:\/\/agora.xtec.cat\/ceip-espai3-sjdespi\/lescola\/salut\/","title":{"rendered":"Salut"},"content":{"rendered":"<p>El car\u00e0cter d&#8217;aquesta p\u00e0gina \u00e9s b\u00e0sicament informatiu. En aquesta secci\u00f3 \u00a0farem una refer\u00e8ncia directa a q\u00fcestions de salut que afectin directament als alumnes del centre.<\/p>\n<p>&nbsp;<\/p>\n<p>Com Escola i en refer\u00e8ncia a la Salut\u00a0ens proposem els seg\u00fcents objectius:<\/p>\n<p>Donar import\u00e0ncia al menjar saludable i seguir una dieta sana i equilibrada.<br \/>\nCon\u00e8ixer en tota amplitud el concepte de salut: f\u00edsica , ps\u00edquica i emocional.<br \/>\nEducar en la prevenci\u00f3 per aconseguir una millor qualitat de vida.<br \/>\nPrioritzar la salut de l\u2019aparell locomotor a l\u2019hora de treballar a l\u2019aula. Correcci\u00f3 en la postura corporal, salut visual\u2026<br \/>\nValorar la salut bucodental :mastegar b\u00e9, raspallar-se b\u00e9 les dents, rentar-se les mans, prevenir el consum de llaminadures, fer els \u00e0pats a les hores reglades\u2026( revisions incloses per dentistes de l&#8217;ambulatori )<br \/>\nVetllar pels bons h\u00e0bits en el menjador escolar.<br \/>\nPotenciar el consum de fruita i verdures.<br \/>\nParticipar en el programa de consum de fruita.<br \/>\nPromoure l\u2019\u00fas de la carmanyola enfront els embolcalls de paper, pl\u00e0stic \u2026<br \/>\nEstablir col\u00b7laboracions amb institucions que promoguin h\u00e0bits i actituds saludables: \u00a0Campanya \u201cTria bo tria sa\u201d de Supermercats Caprabo, Internet Segura: prevenci\u00f3 de riscos visuals dirigida pels Mossos d\u2019Esquadra.<br \/>\nRealitzar tallers d\u2019Educaci\u00f3 art\u00edstica i pl\u00e0stica vinculats al treball i coneixement d\u2019aspectes relacionats amb la salut i la dieta mediterr\u00e0nia.<br \/>\nPromoure la conviv\u00e8ncia entre tota la comunitat educativa.<br \/>\nConscienciar sobre la import\u00e0ncia de l\u2019aigua potable per a tenir una bona salut.<\/p>\n<p>&nbsp;<\/p>\n<h6 style=\"text-align: left;\">ACC\u00c9S A CATSALUT<\/h6>\n<h6 style=\"text-align: left;\">SERVEI CATAL\u00c0 DE LA SALUT \u00a0 \u00a0 \u00a0 \u00a0 \u00a0 \u00a0 \u00a0 \u00a0 \u00a0 \u00a0 ACC\u00c9S AL DEPARTAMENT DE SALUT<\/h6>\n<p><a href=\"http:\/\/salutweb.gencat.cat\/ca\/ambits_tematics\/linies_dactuacio\/salut_i_qualitat\/salut_publica\/paas\/\"><img loading=\"lazy\" decoding=\"async\" class=\"alignnone wp-image-1835 size-full\" src=\"http:\/\/agora.xtec.cat\/ceip-espai3-sjdespi\/wp-content\/uploads\/usu243\/2014\/09\/salut1.jpg\" alt=\"salut1\" width=\"300\" height=\"248\" \/><\/a><a href=\"http:\/\/catsalut.gencat.cat\/ca\/catsalut-territori\/barcelona\/\"><img loading=\"lazy\" decoding=\"async\" class=\"alignleft wp-image-1836 size-full\" src=\"http:\/\/agora.xtec.cat\/ceip-espai3-sjdespi\/wp-content\/uploads\/usu243\/2014\/09\/CATSALUT-300x30.jpg\" alt=\"CATSALUT-300x30\" width=\"300\" height=\"30\" \/><\/a><\/p>\n<p>&nbsp;<\/p>\n<p>&nbsp;<\/p>\n<p>&nbsp;<\/p>\n<p>&nbsp;<\/p>\n<p>&nbsp;<\/p>\n","protected":false},"excerpt":{"rendered":"<p>El car\u00e0cter d&#8217;aquesta p\u00e0gina \u00e9s b\u00e0sicament informatiu. En aquesta secci\u00f3 \u00a0farem una refer\u00e8ncia directa a q\u00fcestions de salut que afectin directament als alumnes del centre.<br \/>\n&nbsp;<br \/>\nCom Escola i en refer\u00e8ncia a la Salut\u00a0ens proposem els seg\u00fcents objectius:<br \/>\nDonar import\u00e0ncia al menjar saludable i seguir una dieta sana&hellip;  <a href=\"https:\/\/agora.xtec.cat\/ceip-espai3-sjdespi\/lescola\/salut\/\" title=\"Read Salut\">Llegeix m\u00e9s\u00bb<\/a><\/p>\n","protected":false},"author":1,"featured_media":0,"parent":22,"menu_order":80,"comment_status":"closed","ping_status":"closed","template":"page-templates\/side-menu.php","meta":{"_bbp_topic_count":0,"_bbp_reply_count":0,"_bbp_total_topic_count":0,"_bbp_total_reply_count":0,"_bbp_voice_count":0,"_bbp_anonymous_reply_count":0,"_bbp_topic_count_hidden":0,"_bbp_reply_count_hidden":0,"_bbp_forum_subforum_count":0,"footnotes":""},"class_list":["post-38","page","type-page","status-publish","hentry"],"post_mailing_queue_ids":[],"_links":{"self":[{"href":"https:\/\/agora.xtec.cat\/ceip-espai3-sjdespi\/wp-json\/wp\/v2\/pages\/38","targetHints":{"allow":["GET"]}}],"collection":[{"href":"https:\/\/agora.xtec.cat\/ceip-espai3-sjdespi\/wp-json\/wp\/v2\/pages"}],"about":[{"href":"https:\/\/agora.xtec.cat\/ceip-espai3-sjdespi\/wp-json\/wp\/v2\/types\/page"}],"author":[{"embeddable":true,"href":"https:\/\/agora.xtec.cat\/ceip-espai3-sjdespi\/wp-json\/wp\/v2\/users\/1"}],"replies":[{"embeddable":true,"href":"https:\/\/agora.xtec.cat\/ceip-espai3-sjdespi\/wp-json\/wp\/v2\/comments?post=38"}],"version-history":[{"count":4,"href":"https:\/\/agora.xtec.cat\/ceip-espai3-sjdespi\/wp-json\/wp\/v2\/pages\/38\/revisions"}],"predecessor-version":[{"id":1839,"href":"https:\/\/agora.xtec.cat\/ceip-espai3-sjdespi\/wp-json\/wp\/v2\/pages\/38\/revisions\/1839"}],"up":[{"embeddable":true,"href":"https:\/\/agora.xtec.cat\/ceip-espai3-sjdespi\/wp-json\/wp\/v2\/pages\/22"}],"wp:attachment":[{"href":"https:\/\/agora.xtec.cat\/ceip-espai3-sjdespi\/wp-json\/wp\/v2\/media?parent=38"}],"curies":[{"name":"wp","href":"https:\/\/api.w.org\/{rel}","templated":true}]}}