{"id":34,"date":"2014-09-18T12:32:18","date_gmt":"2014-09-18T11:32:18","guid":{"rendered":"http:\/\/agora.xtec.cat\/ceip-espai3-sjdespi\/?page_id=34"},"modified":"2016-08-21T16:31:01","modified_gmt":"2016-08-21T15:31:01","slug":"oferta-educativa","status":"publish","type":"page","link":"https:\/\/agora.xtec.cat\/ceip-espai3-sjdespi\/lescola\/oferta-educativa\/","title":{"rendered":"Oferta educativa"},"content":{"rendered":"<p>L\u2019Escola Espai-3 \u00e9s una Escola P\u00fablica del Departament d\u2019Ensenyament de la Generalitat de Catalunya.<\/p>\n<blockquote><p><em>&#8220;L\u2019educaci\u00f3 \u00e9s un projecte que compartim amb il\u00b7lusi\u00f3 i esfor\u00e7 amb les families. L\u2019equip docent est\u00e0 a disposici\u00f3 dels pares i mares per a qualsevol tema i consulta relacionada amb el seu fill o filla.&#8221; \u00a0 \u00a0 \u00a0 \u00a0 \u00a0 \u00a0 \u00a0 \u00a0 \u00a0 \u00a0 \u00a0 \u00a0 \u00a0 \u00a0 \u00a0 \u00a0 \u00a0 \u00a0 \u00a0 \u00a0 \u00a0 \u00a0 <\/em><\/p>\n<p style=\"text-align: center;\"><em>( Equip directiu i claustre de mestres )<\/em><\/p>\n<\/blockquote>\n<p>&nbsp;<\/p>\n<h3>EDUCACI\u00d3 INFANTIL ( 3-6 anys)<\/h3>\n<p>L&#8217;escola compta amb dues l\u00ednies ( grups classe ) de cada nivell.<\/p>\n<p>Des de petits, els infants mostren unes capacitats pr\u00f2pies com a persona \u00fanica. Des de l\u2019escola ens fixem en aquestes capacitats i les aprofitem per encaminar els nens i a les nenes. Posem a l\u2019abast dels alumnes totes les eines per tal que arribin al m\u00e0xim les seves possibilitats. El ventall de capacitats \u00e9s molt ampli i la nostra tasca \u00e9s considerar-les totes atenent la diversitat. Tots tenim coses importants per aportar als altres.<\/p>\n<p>La nostra acci\u00f3 educativa per a l&#8217;educaci\u00f3 infantil vol potenciar les capacitats dels infants:<\/p>\n<ol>\n<li>Aprendre a ser i actuar de manera cada vegada m\u00e9s aut\u00f2noma.<\/li>\n<li>Aprendre a pensar i comunicar.<\/li>\n<li>Aprendre a descobrir i tenir iniciativa.<\/li>\n<li>Aprendre a conviure i habitar el m\u00f3n.<\/li>\n<\/ol>\n<p>La nostra oferta Educativa per a L&#8217;educaci\u00f3 infantil compta amb:<\/p>\n<p style=\"text-align: left;\">Servei d&#8217;acollida, un espai educatiu matinal i tamb\u00e9 a la tarda.<br \/>\nServei de menjador amb cuina pr\u00f2pia .<br \/>\nInstal\u00b7lacions pr\u00f2pies i diferenciades per a Educaci\u00f3 Infantil.<br \/>\nAules especialitzades (aules d\u2019expressi\u00f3 musical, llengua anglesa, laboratori,psicomotricitat, aules multim\u00e8dia). \u00a0 Orientaci\u00f3 Psicopedag\u00f2gica en cas necessari.<br \/>\nAmpli programa d\u2019activitats extra-escolars esportives i culturals.<br \/>\nActivitats d\u2019estiu: casals i campus esportius.<br \/>\nL&#8217;Hort escolar<br \/>\nzones d\u2019esbarjo assolellades diferenciades.<\/p>\n<h3>EDUCACI\u00d3 PRIM\u00c0RIA ( 6-12 anys )<\/h3>\n<p>L&#8217;escola compta amb dues l\u00ednies ( grups classe ) de cada nivell.<\/p>\n<p>A \u00a0l&#8217;Educaci\u00f3 \u00a0Prim\u00e0ria, fonamentem el nostre treball en el desenvolupament harm\u00f2nic dels infants. Aquest desenvolupament afavoreix l\u2019educaci\u00f3 integral, basada en el foment de les capacitats o aptituds pr\u00f2pies de cadasc\u00fa, des dels sis \u00e0mbits de la personalitat: el psicomotor, l\u2019intel\u00b7lectual, el d\u2019autonomia personal, el de les relacions interpersonals, el de la inserci\u00f3 social i el transcendent.<\/p>\n<p>La nostra acci\u00f3 Educativa es fonamenta en:<\/p>\n<p><strong>Adquisici\u00f3 d\u2019h\u00e0bits<\/strong><br \/>\nEl treball dels h\u00e0bits com a pautes de comportament\u00a0ajuda els nens i nenes a estructurar-se, a orientar-se i<br \/>\na formar-se. L\u2019adquisici\u00f3 d\u2019aquests h\u00e0bits permet avan\u00e7ar\u00a0cap a l\u2019autonomia personal i fa possible la conviv\u00e8ncia<br \/>\ni el desenvolupament de les capacitats i el proc\u00e9s\u00a0d\u2019aprenentatge dels infants.<\/p>\n<p><strong>Desenvolupament dels coneixements\u00a0del nen i la nena<\/strong><br \/>\nLa nostra acci\u00f3 educativa ofereix a l\u2019alumne ocasions\u00a0per cr\u00e9ixer i madurar en tots els aspectes de la seva<br \/>\npersonalitat (l\u2019afectiu, el f\u00edsic, l\u2019intel\u00b7lectual, l\u2019art\u00edstic i el\u00a0social ).<\/p>\n<p>Ampliem les \u00e0rees curriculars b\u00e0siques\u00a0que:<br \/>\n\u25a0 Afavoreixin l\u2019autonomia dels alumnes<br \/>\n\u25a0 Potenci\u00efn la seva capacitat d\u2019expressi\u00f3 i d\u2019estimulaci\u00f3\u00a0del raonament i la seva compet\u00e8ncia digital.<br \/>\n\u25a0 Fem una aposta decidida vers l\u2019aprenentatge de\u00a0les lleng\u00fces estrangeres (angl\u00e8s, franc\u00e9s), tot aplicant un<br \/>\nmodel metodol\u00f2gic propi a trav\u00e9s de diverses\u00a0mat\u00e8ries.<br \/>\nEn totes les \u00e0rees, els nostres alumnes disposen de diferents plataformes i suports educatius\u00a0que els permet l\u2019acc\u00e9s a\u00a0recursos i continguts digitals.<\/p>\n<p>La nostra oferta Educativa per a L&#8217;educaci\u00f3 prim\u00e0ria compta amb:<\/p>\n<p style=\"text-align: left;\">Servei d&#8217;acollida, un espai educatiu matinal i tamb\u00e9 a la tarda.<br \/>\nServei de menjador amb cuina pr\u00f2pia .<br \/>\nInstal\u00b7lacions pr\u00f2pies i diferenciades de l&#8217;Educaci\u00f3 Infantil.<br \/>\nAules especialitzades (aules d\u2019expressi\u00f3 musical, llengua anglesa, laboratori,psicomotricitat, aules\u00a0multim\u00e8dia).<br \/>\nOrientaci\u00f3 Psicopedag\u00f2gica en cas necessari.<br \/>\nAmpli programa d\u2019activitats extra-escolars esportives i culturals.<br \/>\nActivitats d\u2019estiu: casals i campus esportius.<br \/>\nL&#8217;Hort escolar<br \/>\nzones d\u2019esbarjo assolellades diferenciades.<\/p>\n","protected":false},"excerpt":{"rendered":"<p>L\u2019Escola Espai-3 \u00e9s una Escola P\u00fablica del Departament d\u2019Ensenyament de la Generalitat de Catalunya.<br \/>\n&#8220;L\u2019educaci\u00f3 \u00e9s un projecte que compartim amb il\u00b7lusi\u00f3 i esfor\u00e7 amb les families. L\u2019equip docent est\u00e0 a disposici\u00f3 dels pares i mares per a qualsevol tema i consulta relacionada amb el seu&hellip;  <a href=\"https:\/\/agora.xtec.cat\/ceip-espai3-sjdespi\/lescola\/oferta-educativa\/\" title=\"Read Oferta educativa\">Llegeix m\u00e9s\u00bb<\/a><\/p>\n","protected":false},"author":1,"featured_media":0,"parent":22,"menu_order":60,"comment_status":"closed","ping_status":"closed","template":"page-templates\/side-menu.php","meta":{"_bbp_topic_count":0,"_bbp_reply_count":0,"_bbp_total_topic_count":0,"_bbp_total_reply_count":0,"_bbp_voice_count":0,"_bbp_anonymous_reply_count":0,"_bbp_topic_count_hidden":0,"_bbp_reply_count_hidden":0,"_bbp_forum_subforum_count":0,"footnotes":""},"class_list":["post-34","page","type-page","status-publish","hentry"],"post_mailing_queue_ids":[],"_links":{"self":[{"href":"https:\/\/agora.xtec.cat\/ceip-espai3-sjdespi\/wp-json\/wp\/v2\/pages\/34","targetHints":{"allow":["GET"]}}],"collection":[{"href":"https:\/\/agora.xtec.cat\/ceip-espai3-sjdespi\/wp-json\/wp\/v2\/pages"}],"about":[{"href":"https:\/\/agora.xtec.cat\/ceip-espai3-sjdespi\/wp-json\/wp\/v2\/types\/page"}],"author":[{"embeddable":true,"href":"https:\/\/agora.xtec.cat\/ceip-espai3-sjdespi\/wp-json\/wp\/v2\/users\/1"}],"replies":[{"embeddable":true,"href":"https:\/\/agora.xtec.cat\/ceip-espai3-sjdespi\/wp-json\/wp\/v2\/comments?post=34"}],"version-history":[{"count":4,"href":"https:\/\/agora.xtec.cat\/ceip-espai3-sjdespi\/wp-json\/wp\/v2\/pages\/34\/revisions"}],"predecessor-version":[{"id":1833,"href":"https:\/\/agora.xtec.cat\/ceip-espai3-sjdespi\/wp-json\/wp\/v2\/pages\/34\/revisions\/1833"}],"up":[{"embeddable":true,"href":"https:\/\/agora.xtec.cat\/ceip-espai3-sjdespi\/wp-json\/wp\/v2\/pages\/22"}],"wp:attachment":[{"href":"https:\/\/agora.xtec.cat\/ceip-espai3-sjdespi\/wp-json\/wp\/v2\/media?parent=34"}],"curies":[{"name":"wp","href":"https:\/\/api.w.org\/{rel}","templated":true}]}}