{"id":28,"date":"2014-09-18T12:29:35","date_gmt":"2014-09-18T11:29:35","guid":{"rendered":"http:\/\/agora.xtec.cat\/ceip-espai3-sjdespi\/?page_id=28"},"modified":"2025-12-04T14:00:55","modified_gmt":"2025-12-04T13:00:55","slug":"consell-escolar","status":"publish","type":"page","link":"https:\/\/agora.xtec.cat\/ceip-espai3-sjdespi\/lescola\/consell-escolar\/","title":{"rendered":"Consell escolar"},"content":{"rendered":"<h5><strong>Qu\u00e8 \u00e9s el Consell escolar?<\/strong><\/h5>\n<p>El <strong>Consell Escolar<\/strong> \u00e9s l\u2019\u00f2rgan m\u00e0xim de participaci\u00f3 i govern del centre, on hi s\u00f3n representats tots els sectors de la comunitat educativa: equip docent, personal d\u2019administraci\u00f3 i serveis, fam\u00edlies\u00a0 i Ajuntament.<br \/>\nEls seus membres s\u00f3n escollits democr\u00e0ticament per votaci\u00f3.<\/p>\n<p>El Consell Escolar garanteix la participaci\u00f3 de tota la comunitat en la presa de decisions que afecten el nostre centre educatiu.<\/p>\n<p>El passat dia 2 de desembre\u00a0 del 2025 va quedar constituit el nou consell escolar i es van escollirels representants de les diferents comissions i la referent de coeducaci\u00f3 del centre.<\/p>\n<h4 style=\"text-align: center;\">CONSELL ESCOLAR ESCOLA ESPAI-3 CURS 2025-26<\/h4>\n<p><iframe loading=\"lazy\" src=\"https:\/\/drive.google.com\/file\/d\/1bAz1ZFDa43KUD-Q7HxnjR61PAfxVsntP\/preview\" width=\"1240\" height=\"1080\"><span data-mce-type=\"bookmark\" style=\"display: inline-block; width: 0px; overflow: hidden; line-height: 0;\" class=\"mce_SELRES_start\">\ufeff<\/span><span data-mce-type=\"bookmark\" style=\"display: inline-block; width: 0px; overflow: hidden; line-height: 0;\" class=\"mce_SELRES_start\">\ufeff<\/span><\/iframe><\/p>\n<p><a href=\"https:\/\/drive.google.com\/drive\/folders\/1pI1xz7t-z2biesYPoD4enpaHJK_JF5mU?usp=sharing\">ACORDS CURS 25-26<\/a><\/p>\n<p><a href=\"https:\/\/drive.google.com\/drive\/folders\/12VgnwLeuR9Udu0NIOIJSmxI7S7mpPWlW\">ACORDS CURS 24-25<\/a><\/p>\n<p><a href=\"https:\/\/drive.google.com\/drive\/folders\/1rbIg9mpDDvOe0MjNt1llrVSWYGx99b2-\">ACORDS CURS 23-24<\/a><\/p>\n<p><a href=\"https:\/\/drive.google.com\/drive\/folders\/1kBBSiJezkYxsks7XlYBkBF8WWAiHCXhL\">ACORDS CURS 22-23<\/a><\/p>\n<p><a href=\"https:\/\/drive.google.com\/drive\/folders\/1t-fdKK7vZdMIMfB2ZB9EM-ftngNTQkSA\">ACORDS CURS 21-22<\/a><\/p>\n","protected":false},"excerpt":{"rendered":"<p>Qu\u00e8 \u00e9s el Consell escolar?<br \/>\nEl Consell Escolar \u00e9s l\u2019\u00f2rgan m\u00e0xim de participaci\u00f3 i govern del centre, on hi s\u00f3n representats tots els sectors de la comunitat educativa: equip docent, personal d\u2019administraci\u00f3 i serveis, fam\u00edlies\u00a0 i Ajuntament.<br \/>\nEls seus membres s\u00f3n escollits democr\u00e0ticament per votaci\u00f3.<br \/>\nEl Consell Escolar&hellip;  <a href=\"https:\/\/agora.xtec.cat\/ceip-espai3-sjdespi\/lescola\/consell-escolar\/\" title=\"Read Consell escolar\">Llegeix m\u00e9s\u00bb<\/a><\/p>\n","protected":false},"author":1,"featured_media":0,"parent":22,"menu_order":30,"comment_status":"closed","ping_status":"closed","template":"page-templates\/side-menu.php","meta":{"_bbp_topic_count":0,"_bbp_reply_count":0,"_bbp_total_topic_count":0,"_bbp_total_reply_count":0,"_bbp_voice_count":0,"_bbp_anonymous_reply_count":0,"_bbp_topic_count_hidden":0,"_bbp_reply_count_hidden":0,"_bbp_forum_subforum_count":0,"footnotes":""},"class_list":["post-28","page","type-page","status-publish","hentry"],"post_mailing_queue_ids":[],"_links":{"self":[{"href":"https:\/\/agora.xtec.cat\/ceip-espai3-sjdespi\/wp-json\/wp\/v2\/pages\/28","targetHints":{"allow":["GET"]}}],"collection":[{"href":"https:\/\/agora.xtec.cat\/ceip-espai3-sjdespi\/wp-json\/wp\/v2\/pages"}],"about":[{"href":"https:\/\/agora.xtec.cat\/ceip-espai3-sjdespi\/wp-json\/wp\/v2\/types\/page"}],"author":[{"embeddable":true,"href":"https:\/\/agora.xtec.cat\/ceip-espai3-sjdespi\/wp-json\/wp\/v2\/users\/1"}],"replies":[{"embeddable":true,"href":"https:\/\/agora.xtec.cat\/ceip-espai3-sjdespi\/wp-json\/wp\/v2\/comments?post=28"}],"version-history":[{"count":7,"href":"https:\/\/agora.xtec.cat\/ceip-espai3-sjdespi\/wp-json\/wp\/v2\/pages\/28\/revisions"}],"predecessor-version":[{"id":13836,"href":"https:\/\/agora.xtec.cat\/ceip-espai3-sjdespi\/wp-json\/wp\/v2\/pages\/28\/revisions\/13836"}],"up":[{"embeddable":true,"href":"https:\/\/agora.xtec.cat\/ceip-espai3-sjdespi\/wp-json\/wp\/v2\/pages\/22"}],"wp:attachment":[{"href":"https:\/\/agora.xtec.cat\/ceip-espai3-sjdespi\/wp-json\/wp\/v2\/media?parent=28"}],"curies":[{"name":"wp","href":"https:\/\/api.w.org\/{rel}","templated":true}]}}