{"id":22,"date":"2014-09-18T12:19:57","date_gmt":"2014-09-18T11:19:57","guid":{"rendered":"http:\/\/agora.xtec.cat\/ceip-espai3-sjdespi\/?page_id=22"},"modified":"2023-06-20T14:39:34","modified_gmt":"2023-06-20T12:39:34","slug":"lescola","status":"publish","type":"page","link":"https:\/\/agora.xtec.cat\/ceip-espai3-sjdespi\/lescola\/","title":{"rendered":"L&#8217;ESCOLA"},"content":{"rendered":"<p><a href=\"http:\/\/agora.xtec.cat\/ceip-espai3-sjdespi\/wp-content\/uploads\/usu243\/2014\/09\/escola-logo-llarg.jpg\"><img loading=\"lazy\" decoding=\"async\" class=\"alignnone size-full wp-image-1861\" src=\"http:\/\/agora.xtec.cat\/ceip-espai3-sjdespi\/wp-content\/uploads\/usu243\/2014\/09\/escola-logo-llarg.jpg\" alt=\"escola logo llarg\" width=\"865\" height=\"231\" srcset=\"https:\/\/agora.xtec.cat\/ceip-espai3-sjdespi\/wp-content\/uploads\/usu243\/2014\/09\/escola-logo-llarg.jpg 865w, https:\/\/agora.xtec.cat\/ceip-espai3-sjdespi\/wp-content\/uploads\/usu243\/2014\/09\/escola-logo-llarg-300x80.jpg 300w, https:\/\/agora.xtec.cat\/ceip-espai3-sjdespi\/wp-content\/uploads\/usu243\/2014\/09\/escola-logo-llarg-768x205.jpg 768w\" sizes=\"auto, (max-width: 865px) 100vw, 865px\" \/><\/a><\/p>\n<p>L&#8217;escola Espai-3 dep\u00e8n del departament d&#8217;Educaci\u00f3 de la Generalitat de Catalunya. Est\u00e0 inclosa dins una \u00e0rea educativa i de lleure, juntament amb els dos instituts del poble i el polisportiu F.Calvet.Molt ben comunicada amb tots els barris del municipi.<\/p>\n<p><a href=\"http:\/\/agora.xtec.cat\/ceip-espai3-sjdespi\/wp-content\/uploads\/usu243\/2014\/09\/intro-triptic.jpg\"><img loading=\"lazy\" decoding=\"async\" class=\"alignnone size-large wp-image-1863\" src=\"http:\/\/agora.xtec.cat\/ceip-espai3-sjdespi\/wp-content\/uploads\/usu243\/2014\/09\/intro-triptic-1024x935.jpg\" alt=\"intro triptic\" width=\"1024\" height=\"935\" srcset=\"https:\/\/agora.xtec.cat\/ceip-espai3-sjdespi\/wp-content\/uploads\/usu243\/2014\/09\/intro-triptic-1024x935.jpg 1024w, https:\/\/agora.xtec.cat\/ceip-espai3-sjdespi\/wp-content\/uploads\/usu243\/2014\/09\/intro-triptic-300x274.jpg 300w, https:\/\/agora.xtec.cat\/ceip-espai3-sjdespi\/wp-content\/uploads\/usu243\/2014\/09\/intro-triptic-768x701.jpg 768w, https:\/\/agora.xtec.cat\/ceip-espai3-sjdespi\/wp-content\/uploads\/usu243\/2014\/09\/intro-triptic.jpg 1416w\" sizes=\"auto, (max-width: 1024px) 100vw, 1024px\" \/><\/a><\/p>\n","protected":false},"excerpt":{"rendered":"<p><a href=\"http:\/\/agora.xtec.cat\/ceip-espai3-sjdespi\/wp-content\/uploads\/usu243\/2014\/09\/escola-logo-llarg.jpg\"><\/a><br \/>\nL&#8217;escola Espai-3 dep\u00e8n del departament d&#8217;Educaci\u00f3 de la Generalitat de Catalunya. Est\u00e0 inclosa dins una \u00e0rea educativa i de lleure, juntament amb els dos instituts del poble i el polisportiu F.Calvet.Molt ben comunicada amb tots els barris del municipi.<br \/>\n<a href=\"http:\/\/agora.xtec.cat\/ceip-espai3-sjdespi\/wp-content\/uploads\/usu243\/2014\/09\/intro-triptic.jpg\"><\/a><\/p>\n","protected":false},"author":1,"featured_media":0,"parent":0,"menu_order":0,"comment_status":"closed","ping_status":"closed","template":"page-templates\/side-menu.php","meta":{"_bbp_topic_count":0,"_bbp_reply_count":0,"_bbp_total_topic_count":0,"_bbp_total_reply_count":0,"_bbp_voice_count":0,"_bbp_anonymous_reply_count":0,"_bbp_topic_count_hidden":0,"_bbp_reply_count_hidden":0,"_bbp_forum_subforum_count":0,"footnotes":""},"class_list":["post-22","page","type-page","status-publish","hentry"],"post_mailing_queue_ids":[],"_links":{"self":[{"href":"https:\/\/agora.xtec.cat\/ceip-espai3-sjdespi\/wp-json\/wp\/v2\/pages\/22","targetHints":{"allow":["GET"]}}],"collection":[{"href":"https:\/\/agora.xtec.cat\/ceip-espai3-sjdespi\/wp-json\/wp\/v2\/pages"}],"about":[{"href":"https:\/\/agora.xtec.cat\/ceip-espai3-sjdespi\/wp-json\/wp\/v2\/types\/page"}],"author":[{"embeddable":true,"href":"https:\/\/agora.xtec.cat\/ceip-espai3-sjdespi\/wp-json\/wp\/v2\/users\/1"}],"replies":[{"embeddable":true,"href":"https:\/\/agora.xtec.cat\/ceip-espai3-sjdespi\/wp-json\/wp\/v2\/comments?post=22"}],"version-history":[{"count":4,"href":"https:\/\/agora.xtec.cat\/ceip-espai3-sjdespi\/wp-json\/wp\/v2\/pages\/22\/revisions"}],"predecessor-version":[{"id":13337,"href":"https:\/\/agora.xtec.cat\/ceip-espai3-sjdespi\/wp-json\/wp\/v2\/pages\/22\/revisions\/13337"}],"wp:attachment":[{"href":"https:\/\/agora.xtec.cat\/ceip-espai3-sjdespi\/wp-json\/wp\/v2\/media?parent=22"}],"curies":[{"name":"wp","href":"https:\/\/api.w.org\/{rel}","templated":true}]}}