{"id":1857,"date":"2016-08-21T20:31:08","date_gmt":"2016-08-21T19:31:08","guid":{"rendered":"http:\/\/agora.xtec.cat\/ceip-espai3-sjdespi\/?page_id=1857"},"modified":"2025-09-03T08:45:24","modified_gmt":"2025-09-03T06:45:24","slug":"equip-de-mestres-2","status":"publish","type":"page","link":"https:\/\/agora.xtec.cat\/ceip-espai3-sjdespi\/equip-de-mestres-2\/","title":{"rendered":"Equip de mestres"},"content":{"rendered":"<h4>COMPOSICI\u00d3 DE L\u2019EQUIP DOCENT<\/h4>\n<p><strong>COMUNITAT DE PETITS<\/strong><\/p>\n<p>I3-A&#8230;&#8230;&#8230;&#8230;&#8230;..Laura Sotos<br \/>\nI3-B&#8230;&#8230;&#8230;&#8230;&#8230;..Laura Farr\u00e0s<br \/>\nI4-A&#8230;&#8230;&#8230;&#8230;&#8230;..Ana Cabello<br \/>\nI4-B&#8230;&#8230;&#8230;&#8230;&#8230;..Susana Ros<br \/>\nI5 A&#8230;&#8230;&#8230;&#8230;&#8230;&#8230;Ester Nevado<br \/>\nI5 B&#8230;&#8230;&#8230;&#8230;&#8230;&#8230;Isa Pasalamar<br \/>\nTEI&#8230;&#8230;&#8230;&#8230;&#8230;&#8230;.Silvia Rold\u00e1n<\/p>\n<p>Refor\u00e7 E. Infantil: Mari L\u00f2pez, Diana Ruiz, Carla Claramunt, Ester Polo i Raquel Luqui\u00f1o<\/p>\n<p><strong>COORDINADORA \u00a0PEDAG\u00d2GICA<\/strong><\/p>\n<p>Anne Masas<\/p>\n<p><strong>COMUNITAT DE MITJANS<\/strong><br \/>\n1r-A&#8230;&#8230;&#8230;&#8230;&#8230;&#8230; Arantxa Hern\u00e1ndez<br \/>\n1r-B&#8230;&#8230;&#8230;&#8230;&#8230;&#8230;Jessica Egea<br \/>\n2n-A&#8230;&#8230;&#8230;&#8230;&#8230;&#8230;X\u00e8nia Bou\/ Montse Aris<br \/>\n2n-B&#8230;&#8230;&#8230;&#8230;&#8230;&#8230;Raquel Moncho<br \/>\n3r-A&#8230;&#8230;&#8230;&#8230;&#8230;&#8230;.Rita M G\u00f3mez<br \/>\n3rB &#8230;&#8230;&#8230;&#8230;&#8230;&#8230;.Teresa Parera<\/p>\n<p><strong>COORDINADORA PEDAG\u00d2GICA<\/strong><\/p>\n<p>Andrea Dutr\u00e9n<\/p>\n<p><strong>COMUNITAT DE GRANS<\/strong><br \/>\n4rt-A&#8230;&#8230;&#8230;&#8230;&#8230;..L\u00eddia G\u00e1lvez\/Emma Iglesias<br \/>\n4rt-B&#8230;&#8230;&#8230;&#8230;&#8230;..Aurora G\u00f3mez<br \/>\n5\u00e8-A&#8230;&#8230;&#8230;&#8230;&#8230;..Elisa N\u00fa\u00f1ez<br \/>\n5\u00e8- B&#8230;&#8230;&#8230;&#8230;&#8230; M\u00f2nica Benavente<br \/>\n6\u00e8-A&#8230;&#8230;&#8230;&#8230;&#8230;..Sara Reyes<br \/>\n6\u00e8 B&#8230;&#8230;&#8230;&#8230;&#8230;..M\u00f2nica Freixas<\/p>\n<h6>COORDINADORA PEDAG\u00d2GICA<\/h6>\n<p>Elisa N\u00fa\u00f1ez<\/p>\n<h6>MESTRES ESPECIALISTES<\/h6>\n<h6>Especialistes de llengua anglesa:<\/h6>\n<p>Flor Gonz\u00e1lez, Andrea Dutr\u00e9n, Anna Gonz\u00e1lez, Anne Masas, Edu Mu\u00f1oz<\/p>\n<h6>COORDINADORA LING\u00dc\u00cdSTICA<\/h6>\n<p>Flor Gonz\u00e1lez<\/p>\n<h6>Especialistes de llengua francesa:<\/h6>\n<p>M\u00f2nica Freixas, Edu Mu\u00f1oz<\/p>\n<p><strong>COORDINADORA LLENGUA FRANCESA<\/strong><\/p>\n<p>M\u00f2nica Freixas<\/p>\n<p><strong>MESIS<\/strong><\/p>\n<p>Marta Fern\u00e1ndez,<\/p>\n<p><strong>COORDINADORA MESI<\/strong><\/p>\n<p>Raquel Luqui\u00f1o<\/p>\n<p>Auxiliar d&#8217;educaci\u00f3 Especial<\/p>\n<p>Esther Polo<\/p>\n<h6>COORDINACI\u00d3 COCOBE:<\/h6>\n<p>Marta Fern\u00e1ndez<\/p>\n<h6>Especialista de M\u00fasica:<\/h6>\n<p>Vanesa Casas<\/p>\n<h6>Especialista de Ed. F\u00edsica:<\/h6>\n<p>Ma \u00c0ngels D\u00edaz, Miquel Sansaloni<\/p>\n<h6>Especialista de religi\u00f3:<\/h6>\n<p>Teresa Bernal<\/p>\n<h6>EQUIP DIRECTIU DE L\u2019ESCOLA<\/h6>\n<h6>Directora:<\/h6>\n<p>Francesca Ortega<\/p>\n<p><strong>Cap d\u2019estudis:<\/strong><br \/>\nRaquel Luqui\u00f1o<\/p>\n<p><strong>Secret\u00e0ria<\/strong>:<br \/>\nM\u00f2nica Freixas<\/p>\n<p><strong>CORDINACI\u00d3 DIGITAL<\/strong><\/p>\n<p>Vanesa Casas<\/p>\n<p><strong>ADMINISTRATIVA<\/strong><\/p>\n<p>Elena Arias<\/p>\n<p><strong>CONSERGE<\/strong><\/p>\n<p>David Padr\u00f3s<\/p>\n","protected":false},"excerpt":{"rendered":"<p>COMPOSICI\u00d3 DE L\u2019EQUIP DOCENT<br \/>\nCOMUNITAT DE PETITS<br \/>\nI3-A&#8230;&#8230;&#8230;&#8230;&#8230;..Laura Sotos<br \/>\nI3-B&#8230;&#8230;&#8230;&#8230;&#8230;..Laura Farr\u00e0s<br \/>\nI4-A&#8230;&#8230;&#8230;&#8230;&#8230;..Ana Cabello<br \/>\nI4-B&#8230;&#8230;&#8230;&#8230;&#8230;..Susana Ros<br \/>\nI5 A&#8230;&#8230;&#8230;&#8230;&#8230;&#8230;Ester Nevado<br \/>\nI5 B&#8230;&#8230;&#8230;&#8230;&#8230;&#8230;Isa Pasalamar<br \/>\nTEI&#8230;&#8230;&#8230;&#8230;&#8230;&#8230;.Silvia Rold\u00e1n<br \/>\nRefor\u00e7 E. Infantil: Mari L\u00f2pez, Diana Ruiz, Carla Claramunt, Ester Polo i Raquel Luqui\u00f1o<br \/>\nCOORDINADORA \u00a0PEDAG\u00d2GICA<br \/>\nAnne Masas<br \/>\nCOMUNITAT DE MITJANS<br \/>\n1r-A&#8230;&#8230;&#8230;&#8230;&#8230;&#8230; Arantxa Hern\u00e1ndez<br \/>\n1r-B&#8230;&#8230;&#8230;&#8230;&#8230;&#8230;Jessica Egea<br \/>\n2n-A&#8230;&#8230;&#8230;&#8230;&#8230;&#8230;X\u00e8nia Bou\/ Montse Aris<br \/>\n2n-B&#8230;&#8230;&#8230;&#8230;&#8230;&#8230;Raquel Moncho<br \/>\n3r-A&#8230;&#8230;&#8230;&#8230;&#8230;&#8230;.Rita M G\u00f3mez<br \/>\n3rB &#8230;&#8230;&#8230;&#8230;&#8230;&#8230;.Teresa Parera<br \/>\nCOORDINADORA PEDAG\u00d2GICA<br \/>\nAndrea Dutr\u00e9n<br \/>\nCOMUNITAT&hellip;  <a href=\"https:\/\/agora.xtec.cat\/ceip-espai3-sjdespi\/equip-de-mestres-2\/\" title=\"Read Equip de mestres\">Llegeix m\u00e9s\u00bb<\/a><\/p>\n","protected":false},"author":1,"featured_media":0,"parent":0,"menu_order":0,"comment_status":"closed","ping_status":"closed","template":"","meta":{"_bbp_topic_count":0,"_bbp_reply_count":0,"_bbp_total_topic_count":0,"_bbp_total_reply_count":0,"_bbp_voice_count":0,"_bbp_anonymous_reply_count":0,"_bbp_topic_count_hidden":0,"_bbp_reply_count_hidden":0,"_bbp_forum_subforum_count":0,"footnotes":""},"class_list":["post-1857","page","type-page","status-publish","hentry"],"post_mailing_queue_ids":[],"_links":{"self":[{"href":"https:\/\/agora.xtec.cat\/ceip-espai3-sjdespi\/wp-json\/wp\/v2\/pages\/1857","targetHints":{"allow":["GET"]}}],"collection":[{"href":"https:\/\/agora.xtec.cat\/ceip-espai3-sjdespi\/wp-json\/wp\/v2\/pages"}],"about":[{"href":"https:\/\/agora.xtec.cat\/ceip-espai3-sjdespi\/wp-json\/wp\/v2\/types\/page"}],"author":[{"embeddable":true,"href":"https:\/\/agora.xtec.cat\/ceip-espai3-sjdespi\/wp-json\/wp\/v2\/users\/1"}],"replies":[{"embeddable":true,"href":"https:\/\/agora.xtec.cat\/ceip-espai3-sjdespi\/wp-json\/wp\/v2\/comments?post=1857"}],"version-history":[{"count":8,"href":"https:\/\/agora.xtec.cat\/ceip-espai3-sjdespi\/wp-json\/wp\/v2\/pages\/1857\/revisions"}],"predecessor-version":[{"id":13792,"href":"https:\/\/agora.xtec.cat\/ceip-espai3-sjdespi\/wp-json\/wp\/v2\/pages\/1857\/revisions\/13792"}],"wp:attachment":[{"href":"https:\/\/agora.xtec.cat\/ceip-espai3-sjdespi\/wp-json\/wp\/v2\/media?parent=1857"}],"curies":[{"name":"wp","href":"https:\/\/api.w.org\/{rel}","templated":true}]}}