{"id":1851,"date":"2016-08-21T20:12:31","date_gmt":"2016-08-21T19:12:31","guid":{"rendered":"http:\/\/agora.xtec.cat\/ceip-espai3-sjdespi\/?page_id=1851"},"modified":"2025-06-25T12:48:33","modified_gmt":"2025-06-25T10:48:33","slug":"pec","status":"publish","type":"page","link":"https:\/\/agora.xtec.cat\/ceip-espai3-sjdespi\/projecte-educatiu\/pec\/","title":{"rendered":"PEC"},"content":{"rendered":"<p><a href=\"http:\/\/agora.xtec.cat\/ceip-espai3-sjdespi\/wp-content\/uploads\/usu243\/2016\/08\/projecte-educatiu-ok.jpg\"><img loading=\"lazy\" decoding=\"async\" class=\"alignnone size-full wp-image-1850\" src=\"http:\/\/agora.xtec.cat\/ceip-espai3-sjdespi\/wp-content\/uploads\/usu243\/2016\/08\/projecte-educatiu-ok.jpg\" alt=\"projecte educatiu ok\" width=\"978\" height=\"254\" srcset=\"https:\/\/agora.xtec.cat\/ceip-espai3-sjdespi\/wp-content\/uploads\/usu243\/2016\/08\/projecte-educatiu-ok.jpg 978w, https:\/\/agora.xtec.cat\/ceip-espai3-sjdespi\/wp-content\/uploads\/usu243\/2016\/08\/projecte-educatiu-ok-300x78.jpg 300w, https:\/\/agora.xtec.cat\/ceip-espai3-sjdespi\/wp-content\/uploads\/usu243\/2016\/08\/projecte-educatiu-ok-768x199.jpg 768w\" sizes=\"auto, (max-width: 978px) 100vw, 978px\" \/><\/a><\/p>\n<p><iframe loading=\"lazy\" src=\"https:\/\/drive.google.com\/file\/d\/1WQ47cTln-dX7gTgMan3yMbUpoPSwU8zw\/preview\" width=\"640\" height=\"480\"><span data-mce-type=\"bookmark\" style=\"display: inline-block; width: 0px; overflow: hidden; line-height: 0;\" class=\"mce_SELRES_start\">\ufeff<\/span><\/iframe><\/p>\n<p>&nbsp;<\/p>\n<h3><b>Identitat i car\u00e0cter propi<\/b><\/h3>\n<ul>\n<li><b><b><i>Principis rectors (LEC)<\/i><\/b><\/b><\/li>\n<\/ul>\n<h4><b>Valors del nostre centre:<\/b><\/h4>\n<p><span style=\"font-weight: 400;\">Que promogui l\u2019educaci\u00f3 integral de la persona.<\/span><\/p>\n<p><span style=\"font-weight: 400;\">Que es potenci\u00ef l\u2019adquisici\u00f3 de l\u2019h\u00e0bit de treball i d\u2019estudi \u00a0ajudant a donar resposta a la curiositat dels infants i promovent la seva creativitat.<\/span><\/p>\n<p><span style=\"font-weight: 400;\">Que estigui arrelat a l\u2019entorn natural i en faciliti el seu coneixement i respecte.<\/span><\/p>\n<p><span style=\"font-weight: 400;\">Que potenci\u00ef la creativitat i esperit cr\u00edtic.<\/span><\/p>\n<p><span style=\"font-weight: 400;\">Que aculli als nens i nenes de manera que visquin i sentin l\u2019escola com a seva i fomenti la participaci\u00f3 de tota la comunitat educativa.<\/span><\/p>\n<p><span style=\"font-weight: 400;\">Que l\u2019alumne est\u00e0 al centre del \u00a0seu aprenentatge<\/span><\/p>\n<h4><b>Missi\u00f3:<\/b><\/h4>\n<p><span style=\"font-weight: 400;\">Desenvolupar persones amb sentit cr\u00edtic i autocr\u00edtic ben inserides a la seva societat amb bon bagatge cultural i de valors.<\/span><\/p>\n<h4><b>Visi\u00f3:<\/b><\/h4>\n<p><span style=\"font-weight: 400;\">La finalitat de la nostra escola \u00e9s aconseguir alumnes amb excel\u00b7lents resultats acad\u00e8mics, madurs emocionalment amb capacitat de resili\u00e8ncia i empatia, en un m\u00f3n canviant i alhora persones que siguin capaces de desenvolupar les seves habilitats tot respectant els diversos ritmes d&#8217;aprenentatges\u00a0 i la diversitat.<\/span><\/p>\n<ul>\n<li>Persones que transformaran el m\u00f3n a partir del desenvolupament dels O.D.S ( Objectius de desenvolupament Sostenible).<\/li>\n<\/ul>\n<p>&nbsp;<\/p>\n<h3><b>Finalitats educatives:<\/b><\/h3>\n<p>&nbsp;<\/p>\n<h5><b>Perfil de sortida dels nostres alumnes:<\/b><\/h5>\n<p><span style=\"font-weight: 400;\">Despr\u00e9s de fer un treball de reflexi\u00f3 amb el claustre de l\u2019escola hem acordat que la nostra finalitat educativa, la principal ra\u00f3 de ser del nostre centre \u00e9s aconseguir alumnes amb el seg\u00fcent <\/span><b>perfil de sortida:<\/b><\/p>\n<p>&nbsp;<\/p>\n<p><b>Que siguin persones aut\u00f2nomes i resolutives<\/b><\/p>\n<p><b>Responsables d\u2019ells \u00a0i dels seus actes vers la societat i el medi en qu\u00e8 viuen<\/b><\/p>\n<p><b>Cr\u00edtics i autocr\u00edtics<\/b><\/p>\n<p><b>Bon comunicadors<\/b><\/p>\n<p><b>Tolerants i solidaris<\/b><\/p>\n<p><b>Emp\u00e0tics<\/b><\/p>\n<p><b>Col\u00b7laboratius<\/b><\/p>\n<p><b>Reflexius i pacients<\/b><\/p>\n<p><b>Curiosos per aprendre<\/b><\/p>\n<p><b>Resilients i assertius.<\/b><\/p>\n<p><strong>Creatius<\/strong><\/p>\n<p><a href=\"https:\/\/drive.google.com\/file\/d\/1cGGbhFbwhmgciYuvwjoJpD9jWdtMIe7r\/view\"><img loading=\"lazy\" decoding=\"async\" class=\"alignleft wp-image-13309\" src=\"https:\/\/agora.xtec.cat\/ceip-espai3-sjdespi\/wp-content\/uploads\/usu243\/2023\/06\/LOGO_DOCS_ESCOLA.png\" alt=\"\" width=\"112\" height=\"130\" srcset=\"https:\/\/agora.xtec.cat\/ceip-espai3-sjdespi\/wp-content\/uploads\/usu243\/2023\/06\/LOGO_DOCS_ESCOLA.png 511w, https:\/\/agora.xtec.cat\/ceip-espai3-sjdespi\/wp-content\/uploads\/usu243\/2023\/06\/LOGO_DOCS_ESCOLA-259x300.png 259w\" sizes=\"auto, (max-width: 112px) 100vw, 112px\" \/><\/a><\/p>\n<h4><a href=\"https:\/\/drive.google.com\/file\/d\/1gdTUTTD_P978y1Q1VD76hEGSe6pwCw61\/view?usp=sharing\">PROJECTE EDUCATIU DE CENTRE<\/a><\/h4>\n<p>&nbsp;<\/p>\n","protected":false},"excerpt":{"rendered":"<p><a href=\"http:\/\/agora.xtec.cat\/ceip-espai3-sjdespi\/wp-content\/uploads\/usu243\/2016\/08\/projecte-educatiu-ok.jpg\"><\/a><br \/>\n\ufeff<br \/>\n&nbsp;<br \/>\nIdentitat i car\u00e0cter propi<\/p>\n<ul>\n<li>Principis rectors (LEC)<\/li>\n<\/ul>\n<p>Valors del nostre centre:<br \/>\nQue promogui l\u2019educaci\u00f3 integral de la persona.<br \/>\nQue es potenci\u00ef l\u2019adquisici\u00f3 de l\u2019h\u00e0bit de treball i d\u2019estudi \u00a0ajudant a donar resposta a la curiositat dels infants i promovent la seva creativitat.<br \/>\nQue estigui arrelat a l\u2019entorn natural i&hellip;  <a href=\"https:\/\/agora.xtec.cat\/ceip-espai3-sjdespi\/projecte-educatiu\/pec\/\" title=\"Read PEC\">Llegeix m\u00e9s\u00bb<\/a><\/p>\n","protected":false},"author":1,"featured_media":0,"parent":64,"menu_order":0,"comment_status":"closed","ping_status":"closed","template":"","meta":{"_bbp_topic_count":0,"_bbp_reply_count":0,"_bbp_total_topic_count":0,"_bbp_total_reply_count":0,"_bbp_voice_count":0,"_bbp_anonymous_reply_count":0,"_bbp_topic_count_hidden":0,"_bbp_reply_count_hidden":0,"_bbp_forum_subforum_count":0,"footnotes":""},"class_list":["post-1851","page","type-page","status-publish","hentry"],"post_mailing_queue_ids":[],"_links":{"self":[{"href":"https:\/\/agora.xtec.cat\/ceip-espai3-sjdespi\/wp-json\/wp\/v2\/pages\/1851","targetHints":{"allow":["GET"]}}],"collection":[{"href":"https:\/\/agora.xtec.cat\/ceip-espai3-sjdespi\/wp-json\/wp\/v2\/pages"}],"about":[{"href":"https:\/\/agora.xtec.cat\/ceip-espai3-sjdespi\/wp-json\/wp\/v2\/types\/page"}],"author":[{"embeddable":true,"href":"https:\/\/agora.xtec.cat\/ceip-espai3-sjdespi\/wp-json\/wp\/v2\/users\/1"}],"replies":[{"embeddable":true,"href":"https:\/\/agora.xtec.cat\/ceip-espai3-sjdespi\/wp-json\/wp\/v2\/comments?post=1851"}],"version-history":[{"count":5,"href":"https:\/\/agora.xtec.cat\/ceip-espai3-sjdespi\/wp-json\/wp\/v2\/pages\/1851\/revisions"}],"predecessor-version":[{"id":13769,"href":"https:\/\/agora.xtec.cat\/ceip-espai3-sjdespi\/wp-json\/wp\/v2\/pages\/1851\/revisions\/13769"}],"up":[{"embeddable":true,"href":"https:\/\/agora.xtec.cat\/ceip-espai3-sjdespi\/wp-json\/wp\/v2\/pages\/64"}],"wp:attachment":[{"href":"https:\/\/agora.xtec.cat\/ceip-espai3-sjdespi\/wp-json\/wp\/v2\/media?parent=1851"}],"curies":[{"name":"wp","href":"https:\/\/api.w.org\/{rel}","templated":true}]}}