{"id":13163,"date":"2023-02-15T09:37:58","date_gmt":"2023-02-15T08:37:58","guid":{"rendered":"https:\/\/agora.xtec.cat\/ceip-espai3-sjdespi\/?page_id=13163"},"modified":"2023-02-15T09:37:58","modified_gmt":"2023-02-15T08:37:58","slug":"formacio-professorat","status":"publish","type":"page","link":"https:\/\/agora.xtec.cat\/ceip-espai3-sjdespi\/formacio-professorat\/","title":{"rendered":"FORMACI\u00d3 PROFESSORAT"},"content":{"rendered":"<p>L&#8217;escola Espai-3 seguint les directrius del \u00a0Departament d\u2019Educaci\u00f3, amb la finalitat d\u2019actualitzar el model de formaci\u00f3 del professorat, que inclou entre d\u2019altres actuacions la incorporaci\u00f3 de noves modalitats, i per tal de garantir la innovaci\u00f3, la transfer\u00e8ncia i l\u2019impacte de la formaci\u00f3 permanent del professorat en el conjunt dels centres estableix els seg\u00fcents objectius plurianuals.<\/p>\n<p>&nbsp;<\/p>\n<ol>\n<li>Consolidar un model d\u2019ensenyament i aprenentatge amb un enfocament competencial.<\/li>\n<li>Avaluar els aprenentatges competencials des d\u2019una perspectiva formadora, amb la implicaci\u00f3 i la participaci\u00f3 dels alumnes.<\/li>\n<li>Millorar l\u2019educaci\u00f3 intercultural i la compet\u00e8ncia comunicativa i ling\u00fc\u00edstica dels alumnes en el marc del desenvolupament del pluriling\u00fcisme efectiu.<\/li>\n<li>Universalitzar l\u2019atenci\u00f3 personalitzada i el suport a les necessitats individuals d\u2019aprenentatge de tots els alumnes en el marc d\u2019un sistema educatiu inclusiu.<\/li>\n<li>Fomentar l\u2019acci\u00f3 tutorial i l\u2019orientaci\u00f3 de l\u2019alumne per acompanyar-lo en el seu aprenentatge i ajudar-lo en la presa de decisions sobre el seu itinerari formatiu.<\/li>\n<li>Potenciar el lideratge pedag\u00f2gic en la funci\u00f3 directiva per al desenvolupament de models innovadors per a la millora continua.<\/li>\n<li>Consolidar la qualitat en la gesti\u00f3 i l\u2019organitzaci\u00f3 dels centres i dels seus projectes educatius en el marc de la seva autonomia.<\/li>\n<li>Promoure la millora de la conviv\u00e8ncia escolar i consolidar el desenvolupament dels plans educatius d\u2019entorn i altres projectes comunitaris.<\/li>\n<li>Promoure la relaci\u00f3 dels centres amb altres centres, fam\u00edlies, institucions i\/o empreses per millorar l\u2019atenci\u00f3 educativa i enfortir els \u00e0mbits competencials i\/o professionals de l\u2019alumnat.<\/li>\n<li>Desenvolupar les compet\u00e8ncies professionals dels docents per adequar-les a les necessitats del context educatiu, social, digital, tecnol\u00f2gic i laboral.<\/li>\n<\/ol>\n<p>En aquests moments els objectius de formaci\u00f3 s\u2019aglutinen al voltant d\u2019uns factors clau d\u2019acord amb els reptes que la nostra societat planteja i encarrega al sistema educatiu. Dins aquests factors clau es troba l\u2019assoliment d\u2019una educaci\u00f3 per a tothom en el marc de\u00a0<strong>l\u2019escola inclusiva<\/strong>. Igualment, s\u2019escau l\u2019actualitzaci\u00f3 de les metodologies i la gesti\u00f3 d\u2019aula que possibilitin la incorporaci\u00f3 del\u00a0<strong>model competencial d\u2019ensenyament- aprenentatge<\/strong>\u00a0arreu, amb una forta pres\u00e8ncia de les compet\u00e8ncies de l\u2019alumnat associades a la\u00a0<strong>dimensi\u00f3 pluriling\u00fce i digital<\/strong>. Els centres docents en la seva diversitat s\u00f3n espais d\u2019aprenentatge que han d\u2019afavorir l\u2019assoliment de les compet\u00e8ncies transversals que inclouen\u00a0<strong>la conviv\u00e8ncia.<\/strong><\/p>\n<p>En refer\u00e8ncia a la compet\u00e8ncia digital del professorat el centre esdev\u00e9 impulsor de les noves tecnologies a l&#8217;Aula, la necessitat\u00a0 de fer de l\u2019Escola Espai-3 \u00a0un espai obert, connectat amb l\u2019entorn i amb la realitat, no \u00e9s nova.\u00a0 <strong>L\u2019escola participa des de de fa sis anys en diferents projectes d\u2019innovaci\u00f3 pedag\u00f2gica<\/strong>, entre ells\u00a0 el <strong>Competec<\/strong>\u00a0 corresponent a la convocat\u00f2ria MSchools i\/o centre Digital que va concloure a l\u2019octubre del curs 2019-20. i<strong> M\u00f2bils.edu<\/strong> que va concloure el juny del curs 2021-22.<\/p>\n<p>Actualment el centre ha finalitzat la FIC amb els seg\u00fcents objectius principals:<\/p>\n<header class=\"entry-header\"><\/header>\n<div class=\"entry-content\">\n<p>&nbsp;<\/p>\n<ul>\n<li style=\"list-style-type: none;\">\n<ul>\n<li style=\"list-style-type: none;\">\n<ul>\n<li aria-level=\"1\">Fomentar el di\u00e0leg i l\u2019intercanvi entre els docents d\u2019un centre amb la finalitat de construir l\u2019Estrat\u00e8gia Digital de Centre (EDC).<\/li>\n<li aria-level=\"1\">Generar la transfer\u00e8ncia a l\u2019aula dels continguts, recursos i acords amb la finalitat que l\u2019alumnat assoleixi la compet\u00e8ncia digital.<\/li>\n<li aria-level=\"1\">Millorar la compet\u00e8ncia digital dels docents del centre.<\/li>\n<\/ul>\n<\/li>\n<\/ul>\n<\/li>\n<\/ul>\n<p>La proposta formativa consta de quatre m\u00f2duls per als docents de totes les etapes educatives i un cinqu\u00e8 m\u00f2dul per als docents de les etapes d\u2019educaci\u00f3 b\u00e0sica i batxillerat.\u00a0Els primers quatre m\u00f2duls tenen una durada de 30 hores, en les quals\u00a0es tracten i se cerquen acords sobre l\u2019\u00fas dels Entorns Virtuals d\u2019Aprenentatge, la seguretat i la protecci\u00f3 de dades, i la planificaci\u00f3 de l\u2019assoliment de la compet\u00e8ncia digital de l\u2019alumnat. El m\u00f2dul 5, amb una durada de 10 hores, est\u00e0 enfocat al coneixement del nou marc curricular a trav\u00e9s de les situacions d\u2019aprenentatge amb l\u2019\u00fas de les tecnologies digitals.<\/p>\n<p>L\u2019objectiu de cada m\u00f2dul \u00e9s el seg\u00fcent:<\/p>\n<ul>\n<li style=\"list-style-type: none;\">\n<ul>\n<li style=\"list-style-type: none;\">\n<ul style=\"list-style-type: square;\">\n<li>M\u00f2dul 1: utilitzar estrat\u00e8gies dels EVA per a l\u2019aprenentatge competencial de l\u2019alumnat.<\/li>\n<li>M\u00f2dul 2: con\u00e8ixer i aplicar mesures de ciberseguretat i de protecci\u00f3 de dades.<\/li>\n<li>M\u00f2dul 3: planificar l\u2019organitzaci\u00f3, implementaci\u00f3 i avaluaci\u00f3 de la compet\u00e8ncia digital de l\u2019alumnat.<\/li>\n<li>M\u00f2dul 4: planificar la formaci\u00f3 per a la millora de la compet\u00e8ncia digital dels docents del centre.<\/li>\n<li>M\u00f2dul 5: con\u00e8ixer el nou marc curricular a trav\u00e9s de les situacions d\u2019aprenentatge\u00a0amb la incorporaci\u00f3 de tecnologia digital.<\/li>\n<\/ul>\n<\/li>\n<\/ul>\n<\/li>\n<\/ul>\n<ul>\n<li style=\"list-style-type: none;\">\n<ul>\n<li style=\"list-style-type: none;\"><\/li>\n<\/ul>\n<\/li>\n<\/ul>\n<p>Els m\u00f2duls 1 i 3 disposen de diverses versions per adaptar-se a les caracter\u00edstiques i nivell de maduresa dels centres. Actualment, estan en elaboraci\u00f3 diferents versions del m\u00f2dul 5 amb la finalitat de donar resposta a les diverses tipologies d\u2019estudis.<\/p>\n<\/div>\n<p>Igualment el centre ha participat i participa d&#8217;altres formacions relacionades amb la competencia digital del professorat que podeu consultar <a href=\"https:\/\/drive.google.com\/drive\/folders\/141v9BGXQOez0WkogvXdB6WP-FEZH9iP6?usp=share_link\">aqu\u00ed<\/a><\/p>\n","protected":false},"excerpt":{"rendered":"<p>L&#8217;escola Espai-3 seguint les directrius del \u00a0Departament d\u2019Educaci\u00f3, amb la finalitat d\u2019actualitzar el model de formaci\u00f3 del professorat, que inclou entre d\u2019altres actuacions la incorporaci\u00f3 de noves modalitats, i per tal de garantir la innovaci\u00f3, la transfer\u00e8ncia i l\u2019impacte de la formaci\u00f3 permanent del professorat&hellip;  <a href=\"https:\/\/agora.xtec.cat\/ceip-espai3-sjdespi\/formacio-professorat\/\" title=\"Read FORMACI\u00d3 PROFESSORAT\">Llegeix m\u00e9s\u00bb<\/a><\/p>\n","protected":false},"author":6,"featured_media":0,"parent":0,"menu_order":0,"comment_status":"closed","ping_status":"closed","template":"","meta":{"_bbp_topic_count":0,"_bbp_reply_count":0,"_bbp_total_topic_count":0,"_bbp_total_reply_count":0,"_bbp_voice_count":0,"_bbp_anonymous_reply_count":0,"_bbp_topic_count_hidden":0,"_bbp_reply_count_hidden":0,"_bbp_forum_subforum_count":0,"footnotes":""},"class_list":["post-13163","page","type-page","status-publish","hentry"],"post_mailing_queue_ids":[],"_links":{"self":[{"href":"https:\/\/agora.xtec.cat\/ceip-espai3-sjdespi\/wp-json\/wp\/v2\/pages\/13163","targetHints":{"allow":["GET"]}}],"collection":[{"href":"https:\/\/agora.xtec.cat\/ceip-espai3-sjdespi\/wp-json\/wp\/v2\/pages"}],"about":[{"href":"https:\/\/agora.xtec.cat\/ceip-espai3-sjdespi\/wp-json\/wp\/v2\/types\/page"}],"author":[{"embeddable":true,"href":"https:\/\/agora.xtec.cat\/ceip-espai3-sjdespi\/wp-json\/wp\/v2\/users\/6"}],"replies":[{"embeddable":true,"href":"https:\/\/agora.xtec.cat\/ceip-espai3-sjdespi\/wp-json\/wp\/v2\/comments?post=13163"}],"version-history":[{"count":1,"href":"https:\/\/agora.xtec.cat\/ceip-espai3-sjdespi\/wp-json\/wp\/v2\/pages\/13163\/revisions"}],"predecessor-version":[{"id":13165,"href":"https:\/\/agora.xtec.cat\/ceip-espai3-sjdespi\/wp-json\/wp\/v2\/pages\/13163\/revisions\/13165"}],"wp:attachment":[{"href":"https:\/\/agora.xtec.cat\/ceip-espai3-sjdespi\/wp-json\/wp\/v2\/media?parent=13163"}],"curies":[{"name":"wp","href":"https:\/\/api.w.org\/{rel}","templated":true}]}}