{"id":12805,"date":"2022-06-02T15:16:21","date_gmt":"2022-06-02T13:16:21","guid":{"rendered":"https:\/\/agora.xtec.cat\/ceip-espai3-sjdespi\/?page_id=12805"},"modified":"2022-06-02T15:19:20","modified_gmt":"2022-06-02T13:19:20","slug":"objectius-a-partir-del-pec","status":"publish","type":"page","link":"https:\/\/agora.xtec.cat\/ceip-espai3-sjdespi\/objectius-a-partir-del-pec\/","title":{"rendered":"Objectius vinculats al PEC"},"content":{"rendered":"<h4>Valors del centre<\/h4>\n<p><img loading=\"lazy\" decoding=\"async\" class=\"alignleft size-full wp-image-12219\" src=\"https:\/\/agora.xtec.cat\/ceip-espai3-sjdespi\/wp-content\/uploads\/usu243\/2022\/01\/finet.png\" alt=\"\" width=\"4010\" height=\"83\" srcset=\"https:\/\/agora.xtec.cat\/ceip-espai3-sjdespi\/wp-content\/uploads\/usu243\/2022\/01\/finet.png 4010w, https:\/\/agora.xtec.cat\/ceip-espai3-sjdespi\/wp-content\/uploads\/usu243\/2022\/01\/finet-300x6.png 300w, https:\/\/agora.xtec.cat\/ceip-espai3-sjdespi\/wp-content\/uploads\/usu243\/2022\/01\/finet-1024x21.png 1024w, https:\/\/agora.xtec.cat\/ceip-espai3-sjdespi\/wp-content\/uploads\/usu243\/2022\/01\/finet-768x16.png 768w, https:\/\/agora.xtec.cat\/ceip-espai3-sjdespi\/wp-content\/uploads\/usu243\/2022\/01\/finet-1536x32.png 1536w, https:\/\/agora.xtec.cat\/ceip-espai3-sjdespi\/wp-content\/uploads\/usu243\/2022\/01\/finet-2048x42.png 2048w\" sizes=\"auto, (max-width: 4010px) 100vw, 4010px\" \/><\/p>\n<h6>En relaci\u00f3 amb l&#8217;estrat\u00e8gia digital Els valors del nostre centre es regeixen pels principis espec\u00edfics seg\u00fcents:<\/h6>\n<p>&nbsp;<\/p>\n<p>&#8211; Incentivar la capacitaci\u00f3 cultural, cient\u00edfica i t\u00e8cnica que permeti als alumnes la plena integraci\u00f3 social i laboral.<br \/>\n&#8211; Promoure la compet\u00e8ncia digital de forma aut\u00f2noma i creativa .<br \/>\n&#8211; Potenciar La compet\u00e8ncia anal\u00edtica i cr\u00edtica de la informaci\u00f3 des de diversos medis.<\/p>\n<p>&nbsp;<\/p>\n<h4>Visi\u00f3:<\/h4>\n<p><img loading=\"lazy\" decoding=\"async\" class=\"alignleft size-full wp-image-12219\" src=\"https:\/\/agora.xtec.cat\/ceip-espai3-sjdespi\/wp-content\/uploads\/usu243\/2022\/01\/finet.png\" alt=\"\" width=\"4010\" height=\"83\" srcset=\"https:\/\/agora.xtec.cat\/ceip-espai3-sjdespi\/wp-content\/uploads\/usu243\/2022\/01\/finet.png 4010w, https:\/\/agora.xtec.cat\/ceip-espai3-sjdespi\/wp-content\/uploads\/usu243\/2022\/01\/finet-300x6.png 300w, https:\/\/agora.xtec.cat\/ceip-espai3-sjdespi\/wp-content\/uploads\/usu243\/2022\/01\/finet-1024x21.png 1024w, https:\/\/agora.xtec.cat\/ceip-espai3-sjdespi\/wp-content\/uploads\/usu243\/2022\/01\/finet-768x16.png 768w, https:\/\/agora.xtec.cat\/ceip-espai3-sjdespi\/wp-content\/uploads\/usu243\/2022\/01\/finet-1536x32.png 1536w, https:\/\/agora.xtec.cat\/ceip-espai3-sjdespi\/wp-content\/uploads\/usu243\/2022\/01\/finet-2048x42.png 2048w\" sizes=\"auto, (max-width: 4010px) 100vw, 4010px\" \/><\/p>\n<h6>Mitjan\u00e7ant la diagnosi, l\u2019an\u00e0lisi continu, la reflexi\u00f3, el treball en equip i la formaci\u00f3 continua volem aconseguir:<\/h6>\n<p>&nbsp;<\/p>\n<p>1. Consolidar els diferents projectes d\u2019innovaci\u00f3 educativa dels quals en formem part i promoure\u2019n de nous que permetin satisfer millor les necessitats i expectatives de tots els grups per a continuar amb el proc\u00e9s d\u2019innovaci\u00f3 i millora continua, que ens permeti caminar cap l\u2019excel\u00b7l\u00e8ncia educativa, millorant les compet\u00e8ncies b\u00e0siques de l\u2019alumnat:<br \/>\n\u2022 La compet\u00e8ncia ling\u00fc\u00edstica i comunicativa, en llengua catalana i castellana.<br \/>\n\u2022 La compet\u00e8ncia comunicativa en llengua estrangera.<br \/>\n\u2022 La compet\u00e8ncia matem\u00e0tica.<br \/>\n\u2022 L\u2019\u00fas de les TIC-TAC, per assegurar l\u2019assoliment i millora cont\u00ednua de la compet\u00e8ncia digital del nostre alumnat i per tant l\u2019assoliment i millora de les compet\u00e8ncies b\u00e0siques.<\/p>\n<p>&nbsp;<\/p>\n<h4>Treball Competencial:<\/h4>\n<p><img loading=\"lazy\" decoding=\"async\" class=\"alignleft size-full wp-image-12219\" src=\"https:\/\/agora.xtec.cat\/ceip-espai3-sjdespi\/wp-content\/uploads\/usu243\/2022\/01\/finet.png\" alt=\"\" width=\"4010\" height=\"83\" srcset=\"https:\/\/agora.xtec.cat\/ceip-espai3-sjdespi\/wp-content\/uploads\/usu243\/2022\/01\/finet.png 4010w, https:\/\/agora.xtec.cat\/ceip-espai3-sjdespi\/wp-content\/uploads\/usu243\/2022\/01\/finet-300x6.png 300w, https:\/\/agora.xtec.cat\/ceip-espai3-sjdespi\/wp-content\/uploads\/usu243\/2022\/01\/finet-1024x21.png 1024w, https:\/\/agora.xtec.cat\/ceip-espai3-sjdespi\/wp-content\/uploads\/usu243\/2022\/01\/finet-768x16.png 768w, https:\/\/agora.xtec.cat\/ceip-espai3-sjdespi\/wp-content\/uploads\/usu243\/2022\/01\/finet-1536x32.png 1536w, https:\/\/agora.xtec.cat\/ceip-espai3-sjdespi\/wp-content\/uploads\/usu243\/2022\/01\/finet-2048x42.png 2048w\" sizes=\"auto, (max-width: 4010px) 100vw, 4010px\" \/><\/p>\n<h6>L\u2019escola, com a context de vida i d\u2019aprenentatge, comen\u00e7a a l\u2019educaci\u00f3 infantil la immersi\u00f3 dels infants en el m\u00f3n tecnol\u00f2gic en quant a:<\/h6>\n<p>&nbsp;<\/p>\n<p>\u2022 Activitats que implementen progressivament eines tecnol\u00f2giques en els diferents contextos d\u2019aprenentatge: escriure (teclat f\u00edsic i virtual), dibuixar i captar imatges (amb tauletes, PDI&#8230;), fer diferents activitats de relaci\u00f3, composici\u00f3, classificaci\u00f3, quantificaci\u00f3, associaci\u00f3\u2026<br \/>\n\u2022 Activitats que introdueixin un vocabulari cada cop m\u00e9s prec\u00eds relacionat amb el coneixement i l\u2019\u00fas de la tecnologia, i el pensament computacional.<br \/>\n\u2022 Activitats adre\u00e7ades a madurar el seu potencial de relaci\u00f3 i comunicaci\u00f3, i ha d\u2019aprendre a fer-se preguntes sobre el m\u00f3n que l\u2019envolta i anar trobant respostes cada vegada m\u00e9s ajustades a la realitat. \u00c9s des d\u2019aquest punt de vista que Desenvolupa un pensament abstracte i adquireix habilitats a partir de les eines tecnol\u00f2giques, digitals i audiovisuals que utilitza.<\/p>\n<p>&nbsp;<\/p>\n<p>&nbsp;<\/p>\n<p>&nbsp;<\/p>\n","protected":false},"excerpt":{"rendered":"<p>Valors del centre<\/p>\n<p>En relaci\u00f3 amb l&#8217;estrat\u00e8gia digital Els valors del nostre centre es regeixen pels principis espec\u00edfics seg\u00fcents:<br \/>\n&nbsp;<br \/>\n&#8211; Incentivar la capacitaci\u00f3 cultural, cient\u00edfica i t\u00e8cnica que permeti als alumnes la plena integraci\u00f3 social i laboral.<br \/>\n&#8211; Promoure la compet\u00e8ncia digital de forma aut\u00f2noma i creativa .<br \/>\n&#8211;&hellip;  <a href=\"https:\/\/agora.xtec.cat\/ceip-espai3-sjdespi\/objectius-a-partir-del-pec\/\" title=\"Read Objectius vinculats al PEC\">Llegeix m\u00e9s\u00bb<\/a><\/p>\n","protected":false},"author":6,"featured_media":0,"parent":0,"menu_order":0,"comment_status":"closed","ping_status":"closed","template":"","meta":{"_bbp_topic_count":0,"_bbp_reply_count":0,"_bbp_total_topic_count":0,"_bbp_total_reply_count":0,"_bbp_voice_count":0,"_bbp_anonymous_reply_count":0,"_bbp_topic_count_hidden":0,"_bbp_reply_count_hidden":0,"_bbp_forum_subforum_count":0,"footnotes":""},"class_list":["post-12805","page","type-page","status-publish","hentry"],"post_mailing_queue_ids":[],"_links":{"self":[{"href":"https:\/\/agora.xtec.cat\/ceip-espai3-sjdespi\/wp-json\/wp\/v2\/pages\/12805","targetHints":{"allow":["GET"]}}],"collection":[{"href":"https:\/\/agora.xtec.cat\/ceip-espai3-sjdespi\/wp-json\/wp\/v2\/pages"}],"about":[{"href":"https:\/\/agora.xtec.cat\/ceip-espai3-sjdespi\/wp-json\/wp\/v2\/types\/page"}],"author":[{"embeddable":true,"href":"https:\/\/agora.xtec.cat\/ceip-espai3-sjdespi\/wp-json\/wp\/v2\/users\/6"}],"replies":[{"embeddable":true,"href":"https:\/\/agora.xtec.cat\/ceip-espai3-sjdespi\/wp-json\/wp\/v2\/comments?post=12805"}],"version-history":[{"count":3,"href":"https:\/\/agora.xtec.cat\/ceip-espai3-sjdespi\/wp-json\/wp\/v2\/pages\/12805\/revisions"}],"predecessor-version":[{"id":12812,"href":"https:\/\/agora.xtec.cat\/ceip-espai3-sjdespi\/wp-json\/wp\/v2\/pages\/12805\/revisions\/12812"}],"wp:attachment":[{"href":"https:\/\/agora.xtec.cat\/ceip-espai3-sjdespi\/wp-json\/wp\/v2\/media?parent=12805"}],"curies":[{"name":"wp","href":"https:\/\/api.w.org\/{rel}","templated":true}]}}