{"id":12107,"date":"2022-01-20T08:29:57","date_gmt":"2022-01-20T07:29:57","guid":{"rendered":"https:\/\/agora.xtec.cat\/ceip-espai3-sjdespi\/?page_id=12107"},"modified":"2023-02-13T10:29:00","modified_gmt":"2023-02-13T09:29:00","slug":"comunicacio","status":"publish","type":"page","link":"https:\/\/agora.xtec.cat\/ceip-espai3-sjdespi\/edc-escola-espai-3\/edc-cultura-digital\/comunicacio\/","title":{"rendered":"Acolliment digital dels alumnes, docents i fam\u00edlies de nova incorporaci\u00f3"},"content":{"rendered":"<p><span style=\"font-family: inherit; font-size: 1em;\">En aquest apartat trobareu el Pla d\u2019acompanyament a alumnes, professorat i fam\u00edlies en l\u2019\u00e0mbit digital de l&#8217;Escola espai-3, on s\u2019especifiquen les caracter\u00edstiques digitals del centre, el seu \u00fas i els seus protocols.<\/span><\/p>\n<p>&nbsp;<\/p>\n<p><a href=\"https:\/\/agora.xtec.cat\/ceip-espai3-sjdespi\/pla-dacollioda-digital-professorat\/\"><img loading=\"lazy\" decoding=\"async\" class=\"alignleft wp-image-12869 size-medium\" src=\"https:\/\/agora.xtec.cat\/ceip-espai3-sjdespi\/wp-content\/uploads\/usu243\/2022\/06\/gui-general-imatge-prof-300x199.png\" alt=\"\" width=\"300\" height=\"199\" srcset=\"https:\/\/agora.xtec.cat\/ceip-espai3-sjdespi\/wp-content\/uploads\/usu243\/2022\/06\/gui-general-imatge-prof-300x199.png 300w, https:\/\/agora.xtec.cat\/ceip-espai3-sjdespi\/wp-content\/uploads\/usu243\/2022\/06\/gui-general-imatge-prof-768x511.png 768w, https:\/\/agora.xtec.cat\/ceip-espai3-sjdespi\/wp-content\/uploads\/usu243\/2022\/06\/gui-general-imatge-prof.png 776w\" sizes=\"auto, (max-width: 300px) 100vw, 300px\" \/><\/a> <a href=\"https:\/\/drive.google.com\/file\/d\/19wKl9_ZmSXdLqsS04jYW_N65zlU0xqdP\/view?usp=sharing\"><img loading=\"lazy\" decoding=\"async\" class=\"alignleft wp-image-12872 size-medium\" src=\"https:\/\/agora.xtec.cat\/ceip-espai3-sjdespi\/wp-content\/uploads\/usu243\/2022\/06\/familiesok-300x200.png\" alt=\"\" width=\"300\" height=\"200\" srcset=\"https:\/\/agora.xtec.cat\/ceip-espai3-sjdespi\/wp-content\/uploads\/usu243\/2022\/06\/familiesok-300x200.png 300w, https:\/\/agora.xtec.cat\/ceip-espai3-sjdespi\/wp-content\/uploads\/usu243\/2022\/06\/familiesok.png 687w\" sizes=\"auto, (max-width: 300px) 100vw, 300px\" \/><\/a> <a href=\"https:\/\/drive.google.com\/file\/d\/1zu8MkGaj5tbFkxYsz_cssA2ZXHVwo8B2\/view?usp=sharing\"><img loading=\"lazy\" decoding=\"async\" class=\"alignleft wp-image-12873 size-medium\" src=\"https:\/\/agora.xtec.cat\/ceip-espai3-sjdespi\/wp-content\/uploads\/usu243\/2022\/06\/alumnesok-300x200.png\" alt=\"\" width=\"300\" height=\"200\" srcset=\"https:\/\/agora.xtec.cat\/ceip-espai3-sjdespi\/wp-content\/uploads\/usu243\/2022\/06\/alumnesok-300x200.png 300w, https:\/\/agora.xtec.cat\/ceip-espai3-sjdespi\/wp-content\/uploads\/usu243\/2022\/06\/alumnesok.png 687w\" sizes=\"auto, (max-width: 300px) 100vw, 300px\" \/><\/a><\/p>\n<p>&nbsp;<\/p>\n<p>&nbsp;<\/p>\n<p>&nbsp;<\/p>\n<p>&nbsp;<\/p>\n<p>&nbsp;<\/p>\n<p>&nbsp;<\/p>\n<p>El departament d&#8217;educaci\u00f3 ofereix eines amb la voluntat de facilitar la participaci\u00f3 de les fam\u00edlies en la vida escolar dels fills i filles i guiar-les en l&#8217;acompanyament de la seva educaci\u00f3, i promoure&#8217;n, com a conseq\u00fc\u00e8ncia, l&#8217;\u00e8xit educatiu.<\/p>\n<p>Al seg\u00fcent <a href=\"https:\/\/educacio.gencat.cat\/ca\/arees-actuacio\/families\/\">link<\/a> i a continuaci\u00f3, Hi trobareu una diversitat de tem\u00e0tiques d&#8217;inter\u00e8s educatiu, vinculades a orientacions, recomanacions, enquestes de coneixement i formacions, a fi que fam\u00edlies i escola sumin en la tasca compartida de l&#8217;educaci\u00f3 dels infants i joves.<\/p>\n<p>De la mateixa manera<\/p>\n<p>Des del Pla d\u2019educaci\u00f3 digital de Catalunya 2020-23 i el Pla de millora d\u2019oportunitats educatives, impulsats des del Departament d\u2019Educaci\u00f3, neix la iniciativa Fam\u00edlies digitals per facilitar l\u2019adquisici\u00f3 de la compet\u00e8ncia digital per part de les fam\u00edlies i donar resposta des de l\u2019acompanyament a les seves necessitats.<\/p>\n<p><iframe loading=\"lazy\" title=\"YouTube video player\" src=\"https:\/\/www.youtube.com\/embed\/Cz3pG5RNQ_c\" width=\"660\" height=\"415\" frameborder=\"0\" allowfullscreen=\"allowfullscreen\"><span data-mce-type=\"bookmark\" style=\"display: inline-block; width: 0px; overflow: hidden; line-height: 0;\" class=\"mce_SELRES_start\">\ufeff<\/span><span data-mce-type=\"bookmark\" style=\"display: inline-block; width: 0px; overflow: hidden; line-height: 0;\" class=\"mce_SELRES_start\">\ufeff<\/span><\/iframe><\/p>\n<p><iframe loading=\"lazy\" title=\"YouTube video player\" src=\"https:\/\/www.youtube.com\/embed\/XLb1tL38AVM\" width=\"660\" height=\"415\" frameborder=\"0\" allowfullscreen=\"allowfullscreen\"><\/iframe><\/p>\n<p><iframe loading=\"lazy\" title=\"YouTube video player\" src=\"https:\/\/www.youtube.com\/embed\/bYiWW8yu3kQ\" width=\"660\" height=\"415\" frameborder=\"0\" allowfullscreen=\"allowfullscreen\"><span data-mce-type=\"bookmark\" style=\"display: inline-block; width: 0px; overflow: hidden; line-height: 0;\" class=\"mce_SELRES_start\">\ufeff<\/span><\/iframe><\/p>\n","protected":false},"excerpt":{"rendered":"<p>En aquest apartat trobareu el Pla d\u2019acompanyament a alumnes, professorat i fam\u00edlies en l\u2019\u00e0mbit digital de l&#8217;Escola espai-3, on s\u2019especifiquen les caracter\u00edstiques digitals del centre, el seu \u00fas i els seus protocols.<br \/>\n&nbsp;<br \/>\n<a href=\"https:\/\/agora.xtec.cat\/ceip-espai3-sjdespi\/pla-dacollioda-digital-professorat\/\"><\/a> <a href=\"https:\/\/drive.google.com\/file\/d\/19wKl9_ZmSXdLqsS04jYW_N65zlU0xqdP\/view?usp=sharing\"><\/a> <a href=\"https:\/\/drive.google.com\/file\/d\/1zu8MkGaj5tbFkxYsz_cssA2ZXHVwo8B2\/view?usp=sharing\"><\/a><br \/>\n&nbsp;<br \/>\n&nbsp;<br \/>\n&nbsp;<br \/>\n&nbsp;<br \/>\n&nbsp;<br \/>\n&nbsp;<br \/>\nEl departament d&#8217;educaci\u00f3 ofereix eines amb la voluntat de&hellip;  <a href=\"https:\/\/agora.xtec.cat\/ceip-espai3-sjdespi\/edc-escola-espai-3\/edc-cultura-digital\/comunicacio\/\" title=\"Read Acolliment digital dels alumnes, docents i fam\u00edlies de nova incorporaci\u00f3\">Llegeix m\u00e9s\u00bb<\/a><\/p>\n","protected":false},"author":6,"featured_media":0,"parent":12093,"menu_order":3,"comment_status":"closed","ping_status":"closed","template":"page-templates\/side-menu.php","meta":{"_bbp_topic_count":0,"_bbp_reply_count":0,"_bbp_total_topic_count":0,"_bbp_total_reply_count":0,"_bbp_voice_count":0,"_bbp_anonymous_reply_count":0,"_bbp_topic_count_hidden":0,"_bbp_reply_count_hidden":0,"_bbp_forum_subforum_count":0,"footnotes":""},"class_list":["post-12107","page","type-page","status-publish","hentry"],"post_mailing_queue_ids":[],"_links":{"self":[{"href":"https:\/\/agora.xtec.cat\/ceip-espai3-sjdespi\/wp-json\/wp\/v2\/pages\/12107","targetHints":{"allow":["GET"]}}],"collection":[{"href":"https:\/\/agora.xtec.cat\/ceip-espai3-sjdespi\/wp-json\/wp\/v2\/pages"}],"about":[{"href":"https:\/\/agora.xtec.cat\/ceip-espai3-sjdespi\/wp-json\/wp\/v2\/types\/page"}],"author":[{"embeddable":true,"href":"https:\/\/agora.xtec.cat\/ceip-espai3-sjdespi\/wp-json\/wp\/v2\/users\/6"}],"replies":[{"embeddable":true,"href":"https:\/\/agora.xtec.cat\/ceip-espai3-sjdespi\/wp-json\/wp\/v2\/comments?post=12107"}],"version-history":[{"count":3,"href":"https:\/\/agora.xtec.cat\/ceip-espai3-sjdespi\/wp-json\/wp\/v2\/pages\/12107\/revisions"}],"predecessor-version":[{"id":12910,"href":"https:\/\/agora.xtec.cat\/ceip-espai3-sjdespi\/wp-json\/wp\/v2\/pages\/12107\/revisions\/12910"}],"up":[{"embeddable":true,"href":"https:\/\/agora.xtec.cat\/ceip-espai3-sjdespi\/wp-json\/wp\/v2\/pages\/12093"}],"wp:attachment":[{"href":"https:\/\/agora.xtec.cat\/ceip-espai3-sjdespi\/wp-json\/wp\/v2\/media?parent=12107"}],"curies":[{"name":"wp","href":"https:\/\/api.w.org\/{rel}","templated":true}]}}