{"id":12043,"date":"2021-12-22T09:20:09","date_gmt":"2021-12-22T08:20:09","guid":{"rendered":"https:\/\/agora.xtec.cat\/ceip-espai3-sjdespi\/?page_id=12043"},"modified":"2021-12-22T09:20:09","modified_gmt":"2021-12-22T08:20:09","slug":"constitucio-del-consell-escolar","status":"publish","type":"page","link":"https:\/\/agora.xtec.cat\/ceip-espai3-sjdespi\/constitucio-del-consell-escolar\/","title":{"rendered":"CONSTITUCI\u00d3 DEL CONSELL ESCOLAR"},"content":{"rendered":"<p>El passat 14 de desembre de 2021 es va portar a terme la sessi\u00f3 de constituci\u00f3 del consell escolar del centre.<\/p>\n<p><strong>ACORDS<\/strong>: Queden constituides les comissions econ\u00f2mica,\u00a0 i de conviv\u00e8ncia. S&#8217;escull els representants al consell municipal.<\/p>\n<p>M\u00f2nica Freixas<\/p>\n<p>Secret\u00e0ria del consell Escolar<\/p>\n","protected":false},"excerpt":{"rendered":"<p>El passat 14 de desembre de 2021 es va portar a terme la sessi\u00f3 de constituci\u00f3 del consell escolar del centre.<br \/>\nACORDS: Queden constituides les comissions econ\u00f2mica,\u00a0 i de conviv\u00e8ncia. S&#8217;escull els representants al consell municipal.<br \/>\nM\u00f2nica Freixas<br \/>\nSecret\u00e0ria del consell Escolar<\/p>\n","protected":false},"author":1,"featured_media":0,"parent":0,"menu_order":0,"comment_status":"closed","ping_status":"closed","template":"","meta":{"_bbp_topic_count":0,"_bbp_reply_count":0,"_bbp_total_topic_count":0,"_bbp_total_reply_count":0,"_bbp_voice_count":0,"_bbp_anonymous_reply_count":0,"_bbp_topic_count_hidden":0,"_bbp_reply_count_hidden":0,"_bbp_forum_subforum_count":0,"footnotes":""},"class_list":["post-12043","page","type-page","status-publish","hentry"],"post_mailing_queue_ids":[],"_links":{"self":[{"href":"https:\/\/agora.xtec.cat\/ceip-espai3-sjdespi\/wp-json\/wp\/v2\/pages\/12043","targetHints":{"allow":["GET"]}}],"collection":[{"href":"https:\/\/agora.xtec.cat\/ceip-espai3-sjdespi\/wp-json\/wp\/v2\/pages"}],"about":[{"href":"https:\/\/agora.xtec.cat\/ceip-espai3-sjdespi\/wp-json\/wp\/v2\/types\/page"}],"author":[{"embeddable":true,"href":"https:\/\/agora.xtec.cat\/ceip-espai3-sjdespi\/wp-json\/wp\/v2\/users\/1"}],"replies":[{"embeddable":true,"href":"https:\/\/agora.xtec.cat\/ceip-espai3-sjdespi\/wp-json\/wp\/v2\/comments?post=12043"}],"version-history":[{"count":2,"href":"https:\/\/agora.xtec.cat\/ceip-espai3-sjdespi\/wp-json\/wp\/v2\/pages\/12043\/revisions"}],"predecessor-version":[{"id":12046,"href":"https:\/\/agora.xtec.cat\/ceip-espai3-sjdespi\/wp-json\/wp\/v2\/pages\/12043\/revisions\/12046"}],"wp:attachment":[{"href":"https:\/\/agora.xtec.cat\/ceip-espai3-sjdespi\/wp-json\/wp\/v2\/media?parent=12043"}],"curies":[{"name":"wp","href":"https:\/\/api.w.org\/{rel}","templated":true}]}}