{"id":11299,"date":"2021-02-01T09:52:10","date_gmt":"2021-02-01T08:52:10","guid":{"rendered":"http:\/\/agora.xtec.cat\/ceip-espai3-sjdespi\/?page_id=11299"},"modified":"2021-02-19T12:12:56","modified_gmt":"2021-02-19T11:12:56","slug":"portes-obertes-curs-20-21","status":"publish","type":"page","link":"https:\/\/agora.xtec.cat\/ceip-espai3-sjdespi\/portes-obertes-curs-20-21\/","title":{"rendered":"PORTES OBERTES CURS 20-21"},"content":{"rendered":"<p>&nbsp;<\/p>\n<p><strong>Benvolgudes fam\u00edlies,<\/strong><\/p>\n<p>Aquest any i degut a la situaci\u00f3 excepcional,\u00a0 les portes obertes a l\u2019escola seran virtuals.<\/p>\n<p>En aquesta p\u00e1gina trobareu tota la informaci\u00f3 rellevant com l&#8217;acc\u00e9s al <a href=\"https:\/\/agora.xtec.cat\/ceip-espai3-sjdespi\/projecte-educatiu\/pec\/\">nostre Projecte Educatiu <\/a>i diferents videos informatius o tours virtuals per el nostre centre.<\/p>\n<p>En aquest primer video compartim amb vosaltres la nostra hist\u00f2ria i idiosincr\u00e0sia:<\/p>\n<p><iframe loading=\"lazy\" src=\"https:\/\/drive.google.com\/file\/d\/1rLAGDemDZ6wshhxfZpatVyRswRWOw9Ie\/preview\" width=\"640\" height=\"480\"><\/iframe><\/p>\n<p>&nbsp;<\/p>\n<p>Es rellevant posar en el vostre coneixement que <strong>Iniciem llengua anglesa des de P3<\/strong> a nivell total i treballen AICLE de ci\u00e8ncies naturals i socials en llengua anglesa des de P5 fins a sis\u00e8 i que <strong>introdu\u00efm<\/strong> <strong>tamb\u00e9 la llengua francesa a partir 4t<\/strong> de prim\u00e0ria i treballem EMILE en aquesta sobre temes de ci\u00e8ncies socials i naturals a partir de cinqu\u00e8 de prim\u00e0ria.<\/p>\n<p>L&#8217;escola es va \u00a0iniciar com a centre pilot i referent el projecte <a href=\"https:\/\/agora.xtec.cat\/ceip-espai3-sjdespi\/projecte-plurilingue\/\">GEP<\/a> (grup escolar pluriling\u00fce) ja al 2012.\u00a0 Des d&#8217;aquest moment participa activament de diferents <strong>projectes internacionals Erasmus plus\u00a0 i e-twinning<\/strong>,\u00a0 i porta a terme un <strong>projecte d&#8217;innovaci\u00f3 propi de centre anomenat &#8220;Internacionalitzem-nos&#8221;<\/strong> entenent que la internacionalitzaci\u00f3 del centre \u00e9s sens dubte una oportunitat per la millora.<\/p>\n<p>Us convidem a consultar\u00a0 <a href=\"https:\/\/innovacio.xtec.gencat.cat\/centre\/08041684\">El mapa de la innovaci\u00f3 pedag\u00f2gica de Catalunya<\/a> : un instrument que situa en el territori i visibilitza totes les iniciatives de <strong>l&#8217;Escola espai-3<\/strong> vinculades a la innovaci\u00f3 i a la recerca educativa que han estat reconegudes pel Departament d\u2019Educaci\u00f3 des del 2015, d\u2019acord amb el <a href=\"http:\/\/xtec.gencat.cat\/ca\/innovacio\/\" target=\"_blank\" rel=\"noopener noreferrer\">Marc de la Innovaci\u00f3 Pedag\u00f2gica de Catalunya<\/a>.<\/p>\n<p>&nbsp;<\/p>\n<p>&nbsp;<\/p>\n<p>Cada any arriben noves fam\u00edlies a l&#8217;Espai-3 amb els seus dubtes, il\u00b7lusions i inc\u00f2gnites respecte d&#8217;aquest espai nou que ser\u00e0 l&#8217;escola.<\/p>\n<p>Amb el seg\u00fcent video\u00a0 de t\u00edtol &#8221; Qu\u00e8 fem a p-3 &#8221; volem mostra-vos el que pot ser un dia dels vostres fills i filles amb nosaltres i els sues companys i companyes.<\/p>\n<p><iframe loading=\"lazy\" src=\"https:\/\/drive.google.com\/file\/d\/1h2P9tXsu52erFPknSHVPgajK02WBnECk\/preview\" width=\"640\" height=\"480\"><\/iframe><\/p>\n<p>Tamb\u00e9 us convidem a descobrir les nostres instal\u00b7lacions de manera virtual. Feu clic sobre la imatge i comenceu la visita per educaci\u00f3 Infantil:<\/p>\n<p>&nbsp;<\/p>\n<p><a href=\"https:\/\/roundme.com\/tour\/672713\/view\/2131052\"><img loading=\"lazy\" decoding=\"async\" class=\"aligncenter size-full wp-image-11354\" src=\"https:\/\/agora.xtec.cat\/ceip-espai3-sjdespi\/wp-content\/uploads\/usu243\/2021\/02\/Imagen2.png\" alt=\"\" width=\"782\" height=\"430\" srcset=\"https:\/\/agora.xtec.cat\/ceip-espai3-sjdespi\/wp-content\/uploads\/usu243\/2021\/02\/Imagen2.png 782w, https:\/\/agora.xtec.cat\/ceip-espai3-sjdespi\/wp-content\/uploads\/usu243\/2021\/02\/Imagen2-300x165.png 300w, https:\/\/agora.xtec.cat\/ceip-espai3-sjdespi\/wp-content\/uploads\/usu243\/2021\/02\/Imagen2-768x422.png 768w\" sizes=\"auto, (max-width: 782px) 100vw, 782px\" \/><\/a><\/p>\n<p>&nbsp;<\/p>\n<p>&nbsp;<\/p>\n<p>Si es del vostre inter\u00e8s con\u00e8ixer alguns espais d&#8217;Educaci\u00f3 prim\u00e0ria podeu iniciar el vostre recorregut per les aules fent clic a la imatge:<\/p>\n<p>&nbsp;<\/p>\n<p><a href=\"https:\/\/roundme.com\/tour\/673150\/view\/2132603\/\"><img loading=\"lazy\" decoding=\"async\" class=\"aligncenter size-full wp-image-11358\" src=\"https:\/\/agora.xtec.cat\/ceip-espai3-sjdespi\/wp-content\/uploads\/usu243\/2021\/02\/aaa.png\" alt=\"\" width=\"748\" height=\"482\" srcset=\"https:\/\/agora.xtec.cat\/ceip-espai3-sjdespi\/wp-content\/uploads\/usu243\/2021\/02\/aaa.png 748w, https:\/\/agora.xtec.cat\/ceip-espai3-sjdespi\/wp-content\/uploads\/usu243\/2021\/02\/aaa-300x193.png 300w\" sizes=\"auto, (max-width: 748px) 100vw, 748px\" \/><\/a><\/p>\n<p>&nbsp;<\/p>\n<p class=\"has-normal-font-size\">A trav\u00e9s de l&#8217;apartat &#8221; deixa un comentari &#8221; o adre\u00e7ant un correu a <strong>a8041684@xtec.cat<\/strong> podeu <strong>fer-nos arribar les vostres preguntes<\/strong> per tal que us puguem donar resposta el m\u00e9s aviat possible.<\/p>\n<p>Accediu al nou web\u00a0<strong><a href=\"https:\/\/preinscripcio.gencat.cat\/ca\/inici\/\" target=\"_blank\" rel=\"noopener noreferrer\" data-saferedirecturl=\"https:\/\/www.google.com\/url?q=https:\/\/preinscripcio.gencat.cat\/ca\/inici\/&amp;source=gmail&amp;ust=1613819126858000&amp;usg=AFQjCNHVYldjkeUuH7Ct2U_exP0LLigq7g\">preinscripcio.gencat.cat<\/a><\/strong>, que neix de la voluntat d\u2019acompanyar millor les fam\u00edlies durant el proc\u00e9s de preinscripci\u00f3 2021-2022 als ensenyaments obligatoris. Aquest nou portal tem\u00e0tic veu la llum en el context de pand\u00e8mia per la covid-19 i permetr\u00e0 donar suport en la tramitaci\u00f3 telem\u00e0tica de la preinscripci\u00f3.<\/p>\n<p class=\"has-normal-font-size\"><strong>Properament anirem actualitzant i ampliant la informaci\u00f3<\/strong><\/p>\n<p class=\"has-normal-font-size\">Moltes gr\u00e0cies pel vostre inter\u00e8s.<\/p>\n<p>&nbsp;<\/p>\n<p>&nbsp;<\/p>\n<p>&nbsp;<\/p>\n<p>&nbsp;<\/p>\n<p>&nbsp;<\/p>\n","protected":false},"excerpt":{"rendered":"<p>&nbsp;<br \/>\nBenvolgudes fam\u00edlies,<br \/>\nAquest any i degut a la situaci\u00f3 excepcional,\u00a0 les portes obertes a l\u2019escola seran virtuals.<br \/>\nEn aquesta p\u00e1gina trobareu tota la informaci\u00f3 rellevant com l&#8217;acc\u00e9s al <a href=\"https:\/\/agora.xtec.cat\/ceip-espai3-sjdespi\/projecte-educatiu\/pec\/\">nostre Projecte Educatiu <\/a>i diferents videos informatius o tours virtuals per el nostre centre.<br \/>\nEn aquest primer video compartim&hellip;  <a href=\"https:\/\/agora.xtec.cat\/ceip-espai3-sjdespi\/portes-obertes-curs-20-21\/\" title=\"Read PORTES OBERTES CURS 20-21\">Llegeix m\u00e9s\u00bb<\/a><\/p>\n","protected":false},"author":6,"featured_media":0,"parent":0,"menu_order":0,"comment_status":"closed","ping_status":"closed","template":"","meta":{"_bbp_topic_count":0,"_bbp_reply_count":0,"_bbp_total_topic_count":0,"_bbp_total_reply_count":0,"_bbp_voice_count":0,"_bbp_anonymous_reply_count":0,"_bbp_topic_count_hidden":0,"_bbp_reply_count_hidden":0,"_bbp_forum_subforum_count":0,"footnotes":""},"class_list":["post-11299","page","type-page","status-publish","hentry"],"post_mailing_queue_ids":[],"_links":{"self":[{"href":"https:\/\/agora.xtec.cat\/ceip-espai3-sjdespi\/wp-json\/wp\/v2\/pages\/11299","targetHints":{"allow":["GET"]}}],"collection":[{"href":"https:\/\/agora.xtec.cat\/ceip-espai3-sjdespi\/wp-json\/wp\/v2\/pages"}],"about":[{"href":"https:\/\/agora.xtec.cat\/ceip-espai3-sjdespi\/wp-json\/wp\/v2\/types\/page"}],"author":[{"embeddable":true,"href":"https:\/\/agora.xtec.cat\/ceip-espai3-sjdespi\/wp-json\/wp\/v2\/users\/6"}],"replies":[{"embeddable":true,"href":"https:\/\/agora.xtec.cat\/ceip-espai3-sjdespi\/wp-json\/wp\/v2\/comments?post=11299"}],"version-history":[{"count":3,"href":"https:\/\/agora.xtec.cat\/ceip-espai3-sjdespi\/wp-json\/wp\/v2\/pages\/11299\/revisions"}],"predecessor-version":[{"id":11420,"href":"https:\/\/agora.xtec.cat\/ceip-espai3-sjdespi\/wp-json\/wp\/v2\/pages\/11299\/revisions\/11420"}],"wp:attachment":[{"href":"https:\/\/agora.xtec.cat\/ceip-espai3-sjdespi\/wp-json\/wp\/v2\/media?parent=11299"}],"curies":[{"name":"wp","href":"https:\/\/api.w.org\/{rel}","templated":true}]}}