{"id":959,"date":"2016-02-03T08:56:10","date_gmt":"2016-02-03T07:56:10","guid":{"rendered":"http:\/\/esjep.cat\/wp\/?page_id=959"},"modified":"2022-11-08T21:59:55","modified_gmt":"2022-11-08T20:59:55","slug":"ampa","status":"publish","type":"page","link":"https:\/\/agora.xtec.cat\/ceip-esjep\/afa\/ampa\/","title":{"rendered":"Contacte AFA"},"content":{"rendered":"<h3><img loading=\"lazy\" decoding=\"async\" class=\"alignnone  wp-image-4190\" src=\"https:\/\/agora.xtec.cat\/ceip-esjep\/wp-content\/uploads\/usu1456\/2022\/11\/asamblea10-usada-1024x389.jpg\" alt=\"\" width=\"639\" height=\"243\" srcset=\"https:\/\/agora.xtec.cat\/ceip-esjep\/wp-content\/uploads\/usu1456\/2022\/11\/asamblea10-usada-1024x389.jpg 1024w, https:\/\/agora.xtec.cat\/ceip-esjep\/wp-content\/uploads\/usu1456\/2022\/11\/asamblea10-usada-300x114.jpg 300w, https:\/\/agora.xtec.cat\/ceip-esjep\/wp-content\/uploads\/usu1456\/2022\/11\/asamblea10-usada-768x292.jpg 768w, https:\/\/agora.xtec.cat\/ceip-esjep\/wp-content\/uploads\/usu1456\/2022\/11\/asamblea10-usada-1536x583.jpg 1536w, https:\/\/agora.xtec.cat\/ceip-esjep\/wp-content\/uploads\/usu1456\/2022\/11\/asamblea10-usada-2048x778.jpg 2048w\" sizes=\"auto, (max-width: 639px) 100vw, 639px\" \/><\/h3>\n<p style=\"text-align: left; padding-left: 40px;\">Per contactar amb l\u2019AFA pots enviar un correu electr\u00f2nic a: <a href=\"mailto:ampa@esjep.cat\">afa@esjep.cat<\/a><\/p>\n<p style=\"text-align: left; padding-left: 40px;\">Et recordem quines s\u00f3n les comissions existents en els seg\u00fcents enlla\u00e7os:<\/p>\n<p style=\"text-align: left; padding-left: 40px;\"><a href=\"https:\/\/agora.xtec.cat\/ceip-esjep\/wp-content\/uploads\/usu1456\/2022\/11\/attachment-5420622-COMISSIONS_PERMANENTS.pdf\">-COMISSIONS_PERMANENTS<\/a><\/p>\n<p style=\"text-align: left; padding-left: 40px;\"><a href=\"https:\/\/agora.xtec.cat\/ceip-esjep\/wp-content\/uploads\/usu1456\/2022\/11\/attachment-5420623-COMISSIONS_TEMPORALS.pdf\"> -COMISSIONS_TEMPORALS<\/a><\/p>\n<p>&nbsp;<\/p>\n<p>&nbsp;<\/p>\n<p>&nbsp;<\/p>\n","protected":false},"excerpt":{"rendered":"<p>Per contactar amb l\u2019AFA pots enviar un correu electr\u00f2nic a: <a href=\"mailto:ampa@esjep.cat\">afa@esjep.cat<\/a><br \/>\nEt recordem quines s\u00f3n les comissions existents en els seg\u00fcents enlla\u00e7os:<br \/>\n<a href=\"https:\/\/agora.xtec.cat\/ceip-esjep\/wp-content\/uploads\/usu1456\/2022\/11\/attachment-5420622-COMISSIONS_PERMANENTS.pdf\">-COMISSIONS_PERMANENTS<\/a><br \/>\n<a href=\"https:\/\/agora.xtec.cat\/ceip-esjep\/wp-content\/uploads\/usu1456\/2022\/11\/attachment-5420623-COMISSIONS_TEMPORALS.pdf\"> -COMISSIONS_TEMPORALS<\/a><br \/>\n&nbsp;<br \/>\n&nbsp;<br \/>\n&nbsp;<\/p>\n","protected":false},"author":3,"featured_media":0,"parent":1539,"menu_order":3,"comment_status":"closed","ping_status":"closed","template":"page-templates\/side-menu.php","meta":{"_bbp_topic_count":0,"_bbp_reply_count":0,"_bbp_total_topic_count":0,"_bbp_total_reply_count":0,"_bbp_voice_count":0,"_bbp_anonymous_reply_count":0,"_bbp_topic_count_hidden":0,"_bbp_reply_count_hidden":0,"_bbp_forum_subforum_count":0,"footnotes":""},"class_list":["post-959","page","type-page","status-publish","hentry"],"post_mailing_queue_ids":[],"_links":{"self":[{"href":"https:\/\/agora.xtec.cat\/ceip-esjep\/wp-json\/wp\/v2\/pages\/959","targetHints":{"allow":["GET"]}}],"collection":[{"href":"https:\/\/agora.xtec.cat\/ceip-esjep\/wp-json\/wp\/v2\/pages"}],"about":[{"href":"https:\/\/agora.xtec.cat\/ceip-esjep\/wp-json\/wp\/v2\/types\/page"}],"author":[{"embeddable":true,"href":"https:\/\/agora.xtec.cat\/ceip-esjep\/wp-json\/wp\/v2\/users\/3"}],"replies":[{"embeddable":true,"href":"https:\/\/agora.xtec.cat\/ceip-esjep\/wp-json\/wp\/v2\/comments?post=959"}],"version-history":[{"count":4,"href":"https:\/\/agora.xtec.cat\/ceip-esjep\/wp-json\/wp\/v2\/pages\/959\/revisions"}],"predecessor-version":[{"id":4191,"href":"https:\/\/agora.xtec.cat\/ceip-esjep\/wp-json\/wp\/v2\/pages\/959\/revisions\/4191"}],"up":[{"embeddable":true,"href":"https:\/\/agora.xtec.cat\/ceip-esjep\/wp-json\/wp\/v2\/pages\/1539"}],"wp:attachment":[{"href":"https:\/\/agora.xtec.cat\/ceip-esjep\/wp-json\/wp\/v2\/media?parent=959"}],"curies":[{"name":"wp","href":"https:\/\/api.w.org\/{rel}","templated":true}]}}