{"id":84,"date":"2018-09-18T08:11:31","date_gmt":"2018-09-18T06:11:31","guid":{"rendered":"http:\/\/agora.xtec.cat\/ceip-esjep\/?page_id=84"},"modified":"2026-02-05T15:17:45","modified_gmt":"2026-02-05T14:17:45","slug":"activitats-extraescolars","status":"publish","type":"page","link":"https:\/\/agora.xtec.cat\/ceip-esjep\/afa\/comissions-afa\/activitats-extraescolars\/","title":{"rendered":"Activitats extraescolars"},"content":{"rendered":"<p>&nbsp;<\/p>\n<p><a href=\"https:\/\/agora.xtec.cat\/ceip-esjep\/wp-content\/uploads\/usu1456\/2026\/02\/IMG-20260205-WA0028.jpg\"><img loading=\"lazy\" decoding=\"async\" class=\"aligncenter size-large wp-image-4738\" src=\"https:\/\/agora.xtec.cat\/ceip-esjep\/wp-content\/uploads\/usu1456\/2026\/02\/IMG-20260205-WA0028-1024x724.jpg\" alt=\"\" width=\"1024\" height=\"724\" srcset=\"https:\/\/agora.xtec.cat\/ceip-esjep\/wp-content\/uploads\/usu1456\/2026\/02\/IMG-20260205-WA0028-1024x724.jpg 1024w, https:\/\/agora.xtec.cat\/ceip-esjep\/wp-content\/uploads\/usu1456\/2026\/02\/IMG-20260205-WA0028-300x212.jpg 300w, https:\/\/agora.xtec.cat\/ceip-esjep\/wp-content\/uploads\/usu1456\/2026\/02\/IMG-20260205-WA0028-768x543.jpg 768w, https:\/\/agora.xtec.cat\/ceip-esjep\/wp-content\/uploads\/usu1456\/2026\/02\/IMG-20260205-WA0028-1536x1086.jpg 1536w, https:\/\/agora.xtec.cat\/ceip-esjep\/wp-content\/uploads\/usu1456\/2026\/02\/IMG-20260205-WA0028.jpg 1600w\" sizes=\"auto, (max-width: 1024px) 100vw, 1024px\" \/><\/a><\/p>\n<p>Hola families!!!! ja tenim les extraescolars al col.legi, us informem del seu funcionament .<\/p>\n<p>Els monitors de cada activitat recolliran els i les alumnes dins l\u2019escola a les 16:45h\u00a0 que comencen\u00a0les activitats. Si alg\u00fa vol portar berenar ha de ser molt petit i lleuger, ja que el temps de menjar-lo dependr\u00e0\u00a0de l\u2019hora de la sortida de classe, per\u00f2 un m\u00e0xim de 15 minuts .Han de venir amb roba c\u00f3moda. Si alguna activitat\u00a0necessita algo en concret us ho farem saber.<\/p>\n<p>A les 17:45h, finalitzada l\u2019activitat, sortiran amb el monitor\/a per la porta principal.<\/p>\n<p>Si ha de venir alg\u00fan familiar a buscar\u00a0el vostre fill\/a, aviseu-nos a trav\u00e9s del e-mail (<a href=\"mailto:extraescolars@esjep.cat\" target=\"_blank\" rel=\"noopener\">extraescolars@esjep.cat<\/a>) i amb temps suficient.<\/p>\n<p><strong>ALTES, MODIFICACIONS i BAIXES .<\/strong><\/p>\n<p>Si voleu modificar l\u2019activitat, afegir o treure dies, donar-vos de baixa\u2026 Heu d\u2019avisar abans del dia 25 del mes en curs a\u00a0extraescolars@esjep.cat .La comissi\u00f3 d\u2019extraescolars som les encarregades d\u2019avisar als mestres els canvis en els llistats\u00a0d\u2019extraescolars.<\/p>\n<p>&nbsp;<\/p>\n<p>&nbsp;<\/p>\n<p>&nbsp;<\/p>\n","protected":false},"excerpt":{"rendered":"<p>&nbsp;<br \/>\n<a href=\"https:\/\/agora.xtec.cat\/ceip-esjep\/wp-content\/uploads\/usu1456\/2026\/02\/IMG-20260205-WA0028.jpg\"><\/a><br \/>\nHola families!!!! ja tenim les extraescolars al col.legi, us informem del seu funcionament .<br \/>\nEls monitors de cada activitat recolliran els i les alumnes dins l\u2019escola a les 16:45h\u00a0 que comencen\u00a0les activitats. Si alg\u00fa vol portar berenar ha de ser molt petit i lleuger, ja&hellip;  <a href=\"https:\/\/agora.xtec.cat\/ceip-esjep\/afa\/comissions-afa\/activitats-extraescolars\/\" title=\"Read Activitats extraescolars\">Llegeix m\u00e9s\u00bb<\/a><\/p>\n","protected":false},"author":1,"featured_media":0,"parent":2493,"menu_order":3,"comment_status":"closed","ping_status":"closed","template":"page-templates\/side-menu.php","meta":{"_bbp_topic_count":0,"_bbp_reply_count":0,"_bbp_total_topic_count":0,"_bbp_total_reply_count":0,"_bbp_voice_count":0,"_bbp_anonymous_reply_count":0,"_bbp_topic_count_hidden":0,"_bbp_reply_count_hidden":0,"_bbp_forum_subforum_count":0,"footnotes":""},"class_list":["post-84","page","type-page","status-publish","hentry"],"post_mailing_queue_ids":[],"_links":{"self":[{"href":"https:\/\/agora.xtec.cat\/ceip-esjep\/wp-json\/wp\/v2\/pages\/84","targetHints":{"allow":["GET"]}}],"collection":[{"href":"https:\/\/agora.xtec.cat\/ceip-esjep\/wp-json\/wp\/v2\/pages"}],"about":[{"href":"https:\/\/agora.xtec.cat\/ceip-esjep\/wp-json\/wp\/v2\/types\/page"}],"author":[{"embeddable":true,"href":"https:\/\/agora.xtec.cat\/ceip-esjep\/wp-json\/wp\/v2\/users\/1"}],"replies":[{"embeddable":true,"href":"https:\/\/agora.xtec.cat\/ceip-esjep\/wp-json\/wp\/v2\/comments?post=84"}],"version-history":[{"count":5,"href":"https:\/\/agora.xtec.cat\/ceip-esjep\/wp-json\/wp\/v2\/pages\/84\/revisions"}],"predecessor-version":[{"id":4739,"href":"https:\/\/agora.xtec.cat\/ceip-esjep\/wp-json\/wp\/v2\/pages\/84\/revisions\/4739"}],"up":[{"embeddable":true,"href":"https:\/\/agora.xtec.cat\/ceip-esjep\/wp-json\/wp\/v2\/pages\/2493"}],"wp:attachment":[{"href":"https:\/\/agora.xtec.cat\/ceip-esjep\/wp-json\/wp\/v2\/media?parent=84"}],"curies":[{"name":"wp","href":"https:\/\/api.w.org\/{rel}","templated":true}]}}