{"id":82,"date":"2014-09-18T14:10:51","date_gmt":"2014-09-18T13:10:51","guid":{"rendered":"http:\/\/agora.xtec.cat\/ceip-esjep\/?page_id=82"},"modified":"2023-09-28T13:17:17","modified_gmt":"2023-09-28T11:17:17","slug":"casal-destiu","status":"publish","type":"page","link":"https:\/\/agora.xtec.cat\/ceip-esjep\/afa\/comissions-afa\/casal-destiu\/","title":{"rendered":"Casal d&#8217;estiu"},"content":{"rendered":"<pre class=\"tw-data-text tw-text-large tw-ta\" dir=\"ltr\" data-placeholder=\"Traducci\u00f3n\"><span class=\"Y2IQFc\" lang=\"ca\"><strong><em>\r\n<img loading=\"lazy\" decoding=\"async\" class=\"alignnone wp-image-4348\" src=\"https:\/\/agora.xtec.cat\/ceip-esjep\/wp-content\/uploads\/usu1456\/2023\/04\/attachment-6357959-CASAL_DESTIU-1.pdf-1024x576.png\" alt=\"\" width=\"610\" height=\"343\" srcset=\"https:\/\/agora.xtec.cat\/ceip-esjep\/wp-content\/uploads\/usu1456\/2023\/04\/attachment-6357959-CASAL_DESTIU-1.pdf-1024x576.png 1024w, https:\/\/agora.xtec.cat\/ceip-esjep\/wp-content\/uploads\/usu1456\/2023\/04\/attachment-6357959-CASAL_DESTIU-1.pdf-300x169.png 300w, https:\/\/agora.xtec.cat\/ceip-esjep\/wp-content\/uploads\/usu1456\/2023\/04\/attachment-6357959-CASAL_DESTIU-1.pdf-768x432.png 768w, https:\/\/agora.xtec.cat\/ceip-esjep\/wp-content\/uploads\/usu1456\/2023\/04\/attachment-6357959-CASAL_DESTIU-1.pdf.png 1280w\" sizes=\"auto, (max-width: 610px) 100vw, 610px\" \/>\r\nJa s\u00b4aproxima l\u00b4estiu!!!!\ud83c\udf1e<\/em><\/strong>\r\n<strong><em>I l'escola Sant Josep el Pi ja t\u00e9 preparat el casal d'estiu.<\/em><\/strong>\r\n<strong><em>Als seg\u00fcents<\/em><\/strong><\/span><strong><em><span class=\"Y2IQFc\" lang=\"ca\"> enlla\u00e7os trobar\u00e0s tota la informaci\u00f3 sobre el casal.\r\n\r\n<a href=\"https:\/\/agora.xtec.cat\/ceip-esjep\/wp-content\/uploads\/usu1456\/2023\/04\/attachment-6357959-CASAL_DESTIU-2.pdf\">CASAL_DESTIU -<\/a><\/span><\/em><em><span class=\"Y2IQFc\" lang=\"ca\">INFORMACI\u00d3 GENERAL, HORARIS, EXCURSIONS , NOVETATS. ETC..<\/span><\/em><\/strong><\/pre>\n<pre class=\"tw-data-text tw-text-large tw-ta\" dir=\"ltr\" data-placeholder=\"Traducci\u00f3n\"><\/pre>\n<pre id=\"tw-target-text\" class=\"tw-data-text tw-text-large tw-ta\" dir=\"ltr\" data-placeholder=\"Traducci\u00f3n\"><span class=\"Y2IQFc\" lang=\"ca\"><strong><em>\r\n<a href=\"https:\/\/agora.xtec.cat\/ceip-esjep\/wp-content\/uploads\/usu1456\/2023\/04\/attachment-6357960-Funcionament_del_Casal_dEstiu_2023-1.pdf\">Funcionament del Casal d\u00b4Estiu 2023 <\/a><\/em><\/strong>\r\n\r\n\r\n<\/span><\/pre>\n","protected":false},"excerpt":{"rendered":"<p>Ja s\u00b4aproxima l\u00b4estiu!!!!\ud83c\udf1e<br \/>\nI l&#8217;escola Sant Josep el Pi ja t\u00e9 preparat el casal d&#8217;estiu.<br \/>\nAls seg\u00fcents enlla\u00e7os trobar\u00e0s tota la informaci\u00f3 sobre el casal.<\/p>\n<p><a href=\"https:\/\/agora.xtec.cat\/ceip-esjep\/wp-content\/uploads\/usu1456\/2023\/04\/attachment-6357959-CASAL_DESTIU-2.pdf\">CASAL_DESTIU &#8211;<\/a>INFORMACI\u00d3 GENERAL, HORARIS, EXCURSIONS , NOVETATS. ETC..<\/p>\n<p><a href=\"https:\/\/agora.xtec.cat\/ceip-esjep\/wp-content\/uploads\/usu1456\/2023\/04\/attachment-6357960-Funcionament_del_Casal_dEstiu_2023-1.pdf\">Funcionament del Casal d\u00b4Estiu 2023 <\/a><\/p>\n","protected":false},"author":1,"featured_media":0,"parent":2493,"menu_order":50,"comment_status":"closed","ping_status":"closed","template":"page-templates\/side-menu.php","meta":{"_bbp_topic_count":0,"_bbp_reply_count":0,"_bbp_total_topic_count":0,"_bbp_total_reply_count":0,"_bbp_voice_count":0,"_bbp_anonymous_reply_count":0,"_bbp_topic_count_hidden":0,"_bbp_reply_count_hidden":0,"_bbp_forum_subforum_count":0,"footnotes":""},"class_list":["post-82","page","type-page","status-publish","hentry"],"post_mailing_queue_ids":[],"_links":{"self":[{"href":"https:\/\/agora.xtec.cat\/ceip-esjep\/wp-json\/wp\/v2\/pages\/82","targetHints":{"allow":["GET"]}}],"collection":[{"href":"https:\/\/agora.xtec.cat\/ceip-esjep\/wp-json\/wp\/v2\/pages"}],"about":[{"href":"https:\/\/agora.xtec.cat\/ceip-esjep\/wp-json\/wp\/v2\/types\/page"}],"author":[{"embeddable":true,"href":"https:\/\/agora.xtec.cat\/ceip-esjep\/wp-json\/wp\/v2\/users\/1"}],"replies":[{"embeddable":true,"href":"https:\/\/agora.xtec.cat\/ceip-esjep\/wp-json\/wp\/v2\/comments?post=82"}],"version-history":[{"count":3,"href":"https:\/\/agora.xtec.cat\/ceip-esjep\/wp-json\/wp\/v2\/pages\/82\/revisions"}],"predecessor-version":[{"id":4351,"href":"https:\/\/agora.xtec.cat\/ceip-esjep\/wp-json\/wp\/v2\/pages\/82\/revisions\/4351"}],"up":[{"embeddable":true,"href":"https:\/\/agora.xtec.cat\/ceip-esjep\/wp-json\/wp\/v2\/pages\/2493"}],"wp:attachment":[{"href":"https:\/\/agora.xtec.cat\/ceip-esjep\/wp-json\/wp\/v2\/media?parent=82"}],"curies":[{"name":"wp","href":"https:\/\/api.w.org\/{rel}","templated":true}]}}