{"id":73,"date":"2014-09-18T14:01:51","date_gmt":"2014-09-18T13:01:51","guid":{"rendered":"http:\/\/agora.xtec.cat\/ceip-esjep\/?page_id=73"},"modified":"2026-01-22T16:04:32","modified_gmt":"2026-01-22T15:04:32","slug":"menjador-escolar","status":"publish","type":"page","link":"https:\/\/agora.xtec.cat\/ceip-esjep\/serveis\/menjador-escolar\/","title":{"rendered":"Menjador escolar"},"content":{"rendered":"<p>L\u2019empresa responsable del servei de menjador pel curs 2025-26 es diu Campos Estela<span style=\"color: #1fa799;\">.<\/span> Aquesta empresa \u00e9s contractada per l&#8217;AFA i actua sota la supervisi\u00f3 de la comissi\u00f3 de menjador del centre escolar.<\/p>\n<p>Aquest servei de temps de migdia est\u00e0 at\u00e8s per una coordinadora i un equip de monitors\/es que tenen cura d\u2019aquest espai\/temps, dels h\u00e0bits, de la higiene i de les activitats l\u00fadiques que es realitzen despr\u00e9s dels \u00e0pats.<\/p>\n<h4>Contacte Menjador<\/h4>\n<p>Persona de contacte: Fransina<\/p>\n<p>Tel\u00e8fon: 657933556<\/p>\n<p>Nota:\u00a0Si un nen o nena ha de faltar al menjador, per malaltia o altra circumst\u00e0ncia, s\u2019ha de comunicar per tel\u00e8fon o whatsapp a la Coordinadora entre les 9 i les 10h del mat\u00ed.<\/p>\n<hr \/>\n<h4>Horaris<\/h4>\n<ul>\n<li>L\u2019horari ordinari del temps de migdia est\u00e0 compr\u00e9s entre les 12:30 i les 15.00h.<\/li>\n<\/ul>\n<ul>\n<li>L\u2019horari de jornada intensiva ser\u00e0 de 13:00 a 15:30h.<\/li>\n<\/ul>\n<p>Durant aquest temps, el treball tant de l\u2019equip de monitors com de cuina treballen entorn a 3 eixos:<\/p>\n<ul>\n<li style=\"list-style-type: none;\">\n<ul>\n<li>Selecci\u00f3 i elaboraci\u00f3 d\u2019una alimentaci\u00f3 de qualitat, sana i equilibrada<\/li>\n<li>Educaci\u00f3 en h\u00e0bits alimentaris i comportament a taula<\/li>\n<li>Realitzaci\u00f3 d\u2019activitats educatives en horari de menjador<\/li>\n<\/ul>\n<\/li>\n<\/ul>\n<p>Per apuntar-se al menjador cal fer registre l&#8217;<a href=\"https:\/\/play.google.com\/store\/apps\/details?id=load.iaracamposestela&amp;hl=es_419\" target=\"_blank\" rel=\"noopener\">App Iara Campos Estela<\/a> i fer l\u2019inscripci\u00f3 online.<\/p>\n<hr \/>\n<h4>Men\u00fa<\/h4>\n<ul>\n<li>El men\u00fa consta de dos plats i postres (generalment fruita fresca).<\/li>\n<\/ul>\n<ul>\n<li>Si hi ha programada una sortida d\u2019un dia es passar\u00e0 un full per si cal servei de picnic.<\/li>\n<\/ul>\n<ul>\n<li>Cada mes es lliurar\u00e0 el men\u00fa.<\/li>\n<\/ul>\n<ul>\n<li>Els preus dels \u00e0pats pel curs 2025-26 s\u00f3n: 7,40 \u20ac (alumnes fixes) \/ 7.98\u20ac (espor\u00e0dics). Es \u00a0consideren alumnes fixes aquells que segueixen un mateix patr\u00f3 d\u2019assist\u00e8ncia durant tot el curs, amb un m\u00ednim de 3 dies setmanals.<\/li>\n<\/ul>\n<ul>\n<li>Fins que la documentaci\u00f3 no es lliuri completa i correctament a la coordinadora del servei l&#8217;alumne es considerar\u00e0 com a espor\u00e0dic i es realitzar\u00e0 el cobrament de la quota en aquesta modalitat (espor\u00e0dic).<\/li>\n<\/ul>\n<ul>\n<li>La forma de pagament es realitzar\u00e0, a mes ven\u00e7ut, via domiciliaci\u00f3 banc\u00e0ria o transfer\u00e8ncia banc\u00e0ria. Es realitzar\u00e0 entre els dies 1 i el 5 de cada mes, a excepci\u00f3 del mes de juny que es cobrar\u00e0 aquell mateix mes per avan\u00e7at.<\/li>\n<\/ul>\n<ul>\n<li>Les altes, baixes i modificacions en el servei s\u2019han de comunicar abans del dia 30 del mes anterior.<\/li>\n<\/ul>\n<ul>\n<li>Es retornar\u00e0 una part de l\u2019import del servei als usuaris fixes, que en cas de no poder assistir al servei de migdia, avisin a la coordinadora abans de les 10:00h. En cas de no avisar o fer-ho fora d\u2019hores es cobrar\u00e0 l\u2019import \u00edntegre.<\/li>\n<\/ul>\n<ul>\n<li>Per fer \u00fas del menjador s\u2019ha d\u2019estar al corrent de pagament. En cas de les fam\u00edlies que no paguin, primer es far\u00e0 un av\u00eds per escrit i el nen\/nena podr\u00e0 dinar. Al segon s\u2019avisar\u00e0 per escrit i amb data l\u00edmit de pagament del servei i el nen\/nena podr\u00e0 dinar i al tercer av\u00eds el nen\/nena no es podr\u00e0 quedar al menjador, fins no es regularitzi la situaci\u00f3 de pagament. A partir del segon av\u00eds es notificar\u00e0 a la Direcci\u00f3 del centre.<\/li>\n<\/ul>\n<p><span style=\"font-family: inherit; font-size: 1em;\">En cas de necessitat podeu utilitzar el servei de menjador. Nom\u00e9s cal avisar pel mat\u00ed, al tel\u00e8fon indicat anteriorment o a trav\u00e9s de l&#8217;app.\u00a0<\/span><br \/>\n<i class=\"genericond genericon genericon-warning genericon-1x genericon-rotate-normal\" title=\"warning\"><\/i><\/p>\n<hr \/>\n<h4>Dietes Espec\u00edfiques<\/h4>\n<p>Quan per malaltia un nen\/a necessiti dieta caldr\u00e0 comunicar-ho a primera hora a la coordinadora, mitjan\u00e7ant trucada o whatsapp. Si cal dieta m\u00e9s de 3 dies, s&#8217;haur\u00e0 de portar informe m\u00e8dic.<\/p>\n<p>Quan es tracta de men\u00fas espec\u00edfics (cel\u00edacs, al\u00b7l\u00e8rgies, etc.) \u00e9s imprescindible aportar l\u2019informe m\u00e8dic on consti la patologia, el protocol d&#8217;actuaci\u00f3 i el n\u00ba de col\u00b7legiat, aix\u00ed com omplir la sol\u00b7licitud que s&#8217;haur\u00e0 de demanar a la coordinadora de menjador.<\/p>\n<p>En el cas del espor\u00e0dics amb dietes espec\u00edfiques, caldr\u00e0 que omplin el document a primera hora del dia en concret.<\/p>\n<p><strong>Cal aportar els informes pel primer dia.<\/strong><\/p>\n<hr \/>\n<h4><\/h4>\n<h6>Alumnes d\u2019Educaci\u00f3 Infantil<\/h6>\n<ul>\n<li>Els nens de I3 cada dilluns han de portar una bosseta amb dos pitets . Tot marcat amb el nom (bossa i pitet).<\/li>\n<li>Els nens i nenes de I3 disposen d\u2019un espai per fer la migdiada i han de portar una manteta quan arriba el fred.<\/li>\n<\/ul>\n<h6>Resta d&#8217;alumnes del centre escolar.<\/h6>\n<ul>\n<li>No cal que portin res.<\/li>\n<\/ul>\n<p>Nota: recordeu que tota la roba ha d\u2019anar marcada amb nom i cognom.<\/p>\n<hr \/>\n<h4>Lliurament dels alumnes \/ Sortides<\/h4>\n<p>Els alumnes no poden sortir sols del menjador. En cas de necessitat, els hauran de recollir els familiars, o persones autoritzades, mitjan\u00e7ant la signatura d\u2019un document que facilitar\u00e0 la coordinadora.<\/p>\n<hr \/>\n<h4>Informes<\/h4>\n<p>Durant el curs s\u2019envien a les fam\u00edlies informes on es faciliten les dades sobre l\u2019adaptaci\u00f3, comportament i evoluci\u00f3 dels alumnes en el menjador. Depenent de l&#8217;edat dels infants, s&#8217;envien diferents models d&#8217;informes i amb una determinada periodicitat.<\/p>\n<h6>Informes diaris<\/h6>\n<p>Els infants de I-3 reben di\u00e0riament i durant tot el curs informes recollits en una llibreta individual de cada nen\/a: \u201cla llibreta viatgera del menjador\u201d. En ella es valoren aspectes relacionats amb l&#8217;estona del dinar, de la miggdiada i de la resta d&#8217;activitats del migdia, aix\u00ed com de qualsevol incid\u00e8ncia di\u00e0ria.<\/p>\n<h6>Informes trimestrals<\/h6>\n<p>El seguiment dels alumnes d\u2019infantil ( I4 i I5) i els de prim\u00e0ria (de 1r a 6\u00e8), es fa amb informes trimestrals. Durant el dia a dia tamb\u00e9 s\u2019informa de les incid\u00e8ncies que es puguin produir, mitjan\u00e7ant nota escrita a les fam\u00edlies (fulls d\u2019incid\u00e8ncies) i trucades telef\u00f2niques, depenent de la gravetat de l\u2019assumpte a tractar. Igualment, es poden realitzar reunions amb les fam\u00edlies quan el tema aix\u00ed ho requereixi.<br \/>\nD\u2019altra banda, disposem d\u2019un model de document diferent per les faltes registrades al reglament de normes de menjador, segons si han estat lleus, greus o molt greus. Adjuntem a l\u2019annex I el reglament intern de conviv\u00e8ncia de menjador.<\/p>\n<h6>Comunicacions<\/h6>\n<p>\u2022 Els dies que es produeixin incid\u00e8ncies remarcables (problemes de conducta o d\u2019alimentaci\u00f3), la fam\u00edlia rebr\u00e0 una nota explicativa de les monitores que s\u2019haur\u00e0 de retornar signada. Si la incid\u00e8ncia \u00e9s reiterada, s\u2019aplicar\u00e0 el protocol d\u2019actuaci\u00f3 per No compliment de la normativa especificat al Protocol de Funcionament del Temps del Migidia que est\u00e0 a la vostra disposici\u00f3 a la web de l\u2019escola (http:\/\/agora.xtec.cat\/ceip-esjep\/)<br \/>\n\u2022 Les comunicacions que es vulguin fer arribar al servei de menjador conv\u00e9 lliurar-les per escrit a l\u2019atenci\u00f3 de la coordinadora o trucant al tel\u00e8fon del servei de menjador. Al tel\u00e8fon indicat l\u00ednies a dalt podeu demanar hora d\u2019entrevista.<\/p>\n","protected":false},"excerpt":{"rendered":"<p>L\u2019empresa responsable del servei de menjador pel curs 2025-26 es diu Campos Estela. Aquesta empresa \u00e9s contractada per l&#8217;AFA i actua sota la supervisi\u00f3 de la comissi\u00f3 de menjador del centre escolar.<br \/>\nAquest servei de temps de migdia est\u00e0 at\u00e8s per una coordinadora i un equip&hellip;  <a href=\"https:\/\/agora.xtec.cat\/ceip-esjep\/serveis\/menjador-escolar\/\" title=\"Read Menjador escolar\">Llegeix m\u00e9s\u00bb<\/a><\/p>\n","protected":false},"author":1,"featured_media":0,"parent":66,"menu_order":1,"comment_status":"closed","ping_status":"closed","template":"page-templates\/side-menu.php","meta":{"_bbp_topic_count":0,"_bbp_reply_count":0,"_bbp_total_topic_count":0,"_bbp_total_reply_count":0,"_bbp_voice_count":0,"_bbp_anonymous_reply_count":0,"_bbp_topic_count_hidden":0,"_bbp_reply_count_hidden":0,"_bbp_forum_subforum_count":0,"footnotes":""},"class_list":["post-73","page","type-page","status-publish","hentry"],"post_mailing_queue_ids":[],"_links":{"self":[{"href":"https:\/\/agora.xtec.cat\/ceip-esjep\/wp-json\/wp\/v2\/pages\/73","targetHints":{"allow":["GET"]}}],"collection":[{"href":"https:\/\/agora.xtec.cat\/ceip-esjep\/wp-json\/wp\/v2\/pages"}],"about":[{"href":"https:\/\/agora.xtec.cat\/ceip-esjep\/wp-json\/wp\/v2\/types\/page"}],"author":[{"embeddable":true,"href":"https:\/\/agora.xtec.cat\/ceip-esjep\/wp-json\/wp\/v2\/users\/1"}],"replies":[{"embeddable":true,"href":"https:\/\/agora.xtec.cat\/ceip-esjep\/wp-json\/wp\/v2\/comments?post=73"}],"version-history":[{"count":7,"href":"https:\/\/agora.xtec.cat\/ceip-esjep\/wp-json\/wp\/v2\/pages\/73\/revisions"}],"predecessor-version":[{"id":4717,"href":"https:\/\/agora.xtec.cat\/ceip-esjep\/wp-json\/wp\/v2\/pages\/73\/revisions\/4717"}],"up":[{"embeddable":true,"href":"https:\/\/agora.xtec.cat\/ceip-esjep\/wp-json\/wp\/v2\/pages\/66"}],"wp:attachment":[{"href":"https:\/\/agora.xtec.cat\/ceip-esjep\/wp-json\/wp\/v2\/media?parent=73"}],"curies":[{"name":"wp","href":"https:\/\/api.w.org\/{rel}","templated":true}]}}