{"id":66,"date":"2014-09-18T12:40:47","date_gmt":"2014-09-18T11:40:47","guid":{"rendered":"http:\/\/agora.xtec.cat\/ceip-esjep\/?page_id=66"},"modified":"2017-10-23T11:14:41","modified_gmt":"2017-10-23T09:14:41","slug":"serveis","status":"publish","type":"page","link":"https:\/\/agora.xtec.cat\/ceip-esjep\/serveis\/","title":{"rendered":"Serveis \u00b7 Esjep 360\u00ba"},"content":{"rendered":"<h3><span class=\"s2\" style=\"font-family: arial,helvetica,sans-serif; font-size: small; color: #000000;\"><img loading=\"lazy\" decoding=\"async\" class=\" alignright size-full wp-image-86\" style=\"margin: 0px 15px; float: right;\" title=\"360\u00ba\" src=\"http:\/\/agora.xtec.cat\/ceip-esjep\/wp-content\/uploads\/usu1456\/2012\/11\/images_img_articulos_360.jpg\" alt=\"360\u00ba\" width=\"228\" height=\"196\" border=\"0\" \/><\/span><\/h3>\n<p>Dins d\u2019aquesta secci\u00f3 es detalla el conjunt d\u2019activitats que van m\u00e9s enll\u00e0 de la tasca pr\u00f2piament educativa o docent del centre i on participa tota la comunitat.<\/p>\n<p>S\u00f3n activitats que contribueixen a facilitar determinats serveis als infants i les seves families, entre d\u2019altres, i a enriquir i crear sentiment de pertinen\u00e7a entre el col\u00b7lectiu.<\/p>\n<p>Entre d&#8217;altres hi trobareu: el servei de menjador, el d&#8217;acollida, les activitats extra-escolars, casal d&#8217;estiu, activitats entorn a la biblioteca,\u00a0 altres projectes duts a terme pel centre i \/o l&#8217;AFA&#8230;<\/p>\n","protected":false},"excerpt":{"rendered":"<p>Dins d\u2019aquesta secci\u00f3 es detalla el conjunt d\u2019activitats que van m\u00e9s enll\u00e0 de la tasca pr\u00f2piament educativa o docent del centre i on participa tota la comunitat.<br \/>\nS\u00f3n activitats que contribueixen a facilitar determinats serveis als infants i les seves families, entre d\u2019altres, i a enriquir&hellip;  <a href=\"https:\/\/agora.xtec.cat\/ceip-esjep\/serveis\/\" title=\"Read Serveis \u00b7 Esjep 360\u00ba\">Llegeix m\u00e9s\u00bb<\/a><\/p>\n","protected":false},"author":1,"featured_media":0,"parent":0,"menu_order":0,"comment_status":"closed","ping_status":"closed","template":"page-templates\/side-menu.php","meta":{"_bbp_topic_count":0,"_bbp_reply_count":0,"_bbp_total_topic_count":0,"_bbp_total_reply_count":0,"_bbp_voice_count":0,"_bbp_anonymous_reply_count":0,"_bbp_topic_count_hidden":0,"_bbp_reply_count_hidden":0,"_bbp_forum_subforum_count":0,"footnotes":""},"class_list":["post-66","page","type-page","status-publish","hentry"],"post_mailing_queue_ids":[],"_links":{"self":[{"href":"https:\/\/agora.xtec.cat\/ceip-esjep\/wp-json\/wp\/v2\/pages\/66","targetHints":{"allow":["GET"]}}],"collection":[{"href":"https:\/\/agora.xtec.cat\/ceip-esjep\/wp-json\/wp\/v2\/pages"}],"about":[{"href":"https:\/\/agora.xtec.cat\/ceip-esjep\/wp-json\/wp\/v2\/types\/page"}],"author":[{"embeddable":true,"href":"https:\/\/agora.xtec.cat\/ceip-esjep\/wp-json\/wp\/v2\/users\/1"}],"replies":[{"embeddable":true,"href":"https:\/\/agora.xtec.cat\/ceip-esjep\/wp-json\/wp\/v2\/comments?post=66"}],"version-history":[{"count":2,"href":"https:\/\/agora.xtec.cat\/ceip-esjep\/wp-json\/wp\/v2\/pages\/66\/revisions"}],"predecessor-version":[{"id":2434,"href":"https:\/\/agora.xtec.cat\/ceip-esjep\/wp-json\/wp\/v2\/pages\/66\/revisions\/2434"}],"wp:attachment":[{"href":"https:\/\/agora.xtec.cat\/ceip-esjep\/wp-json\/wp\/v2\/media?parent=66"}],"curies":[{"name":"wp","href":"https:\/\/api.w.org\/{rel}","templated":true}]}}