{"id":26,"date":"2014-09-18T12:24:32","date_gmt":"2014-09-18T11:24:32","guid":{"rendered":"http:\/\/agora.xtec.cat\/ceip-esjep\/?page_id=26"},"modified":"2019-09-17T10:00:38","modified_gmt":"2019-09-17T08:00:38","slug":"historia","status":"publish","type":"page","link":"https:\/\/agora.xtec.cat\/ceip-esjep\/lescola\/historia\/","title":{"rendered":"Hist\u00f2ria"},"content":{"rendered":"<p style=\"text-align: left;\"><a href=\"http:\/\/agora.xtec.cat\/ceip-esjep\/wp-content\/uploads\/usu1456\/2014\/09\/esjep_historia.jpg.jpg\"><img loading=\"lazy\" decoding=\"async\" class=\"wp-image-1961 alignright\" src=\"http:\/\/agora.xtec.cat\/ceip-esjep\/wp-content\/uploads\/usu1456\/2014\/09\/esjep_historia.jpg-1024x793.jpg\" alt=\"esjep_historia-jpg\" width=\"353\" height=\"273\" srcset=\"https:\/\/agora.xtec.cat\/ceip-esjep\/wp-content\/uploads\/usu1456\/2014\/09\/esjep_historia.jpg-1024x793.jpg 1024w, https:\/\/agora.xtec.cat\/ceip-esjep\/wp-content\/uploads\/usu1456\/2014\/09\/esjep_historia.jpg-300x232.jpg 300w, https:\/\/agora.xtec.cat\/ceip-esjep\/wp-content\/uploads\/usu1456\/2014\/09\/esjep_historia.jpg-768x595.jpg 768w\" sizes=\"auto, (max-width: 353px) 100vw, 353px\" \/><\/a>L&#8217;escola<span style=\"color: #1fa799;\"><strong> Sant Josep &#8211; El Pi<\/strong> <\/span>es defineix com una escola catalana, plural, arrelada al barri de Sant Josep, aconfesional, participativa i renovadora, on l&#8217;objectiu global \u00e9s el desenvolupament actiu de totes les possibilitats de l&#8217;alumnat tant en els aprenentatges cognitius i en el desenvolupament individual i col\u00b7lectiu de la pr\u00f2pia personalitat com en la sensibilitzaci\u00f3 i respecte vers l&#8217;entorn social, ambiental i cultural.<\/p>\n<p>A l&#8217;escola es potencia el respecte i la toler\u00e0ncia, la possibilitat de parlar i discutir els problemes, la motivaci\u00f3 en el treball individual i en grup i la cooperaci\u00f3 entre fam\u00edlia i escola. Mitjan\u00e7ant un ensenyament actiu es d\u00f3na import\u00e0ncia a la iniciativa i a la creativitat del nen o de la nena, respectant la diversitat de ritmes evolutius, fomentant l&#8217;esperit cr\u00edtic, la capacitat de discussi\u00f3 i decisi\u00f3 i la investigaci\u00f3 com a mitj\u00e0 per a l&#8217;adquisici\u00f3 de coneixements.<\/p>\n<p><a href=\"http:\/\/agora.xtec.cat\/ceip-esjep\/wp-content\/uploads\/usu1456\/2014\/09\/images_PDFs_historia_de_lescola_esjep.pdf\">Historia Escola Esjep<\/a><span style=\"color: #1fa799;\">\u00a0(pdf)<\/span><\/p>\n<p>&nbsp;<\/p>\n","protected":false},"excerpt":{"rendered":"<p><a href=\"http:\/\/agora.xtec.cat\/ceip-esjep\/wp-content\/uploads\/usu1456\/2014\/09\/esjep_historia.jpg.jpg\"><\/a>L&#8217;escola Sant Josep &#8211; El Pi es defineix com una escola catalana, plural, arrelada al barri de Sant Josep, aconfesional, participativa i renovadora, on l&#8217;objectiu global \u00e9s el desenvolupament actiu de totes les possibilitats de l&#8217;alumnat tant en els aprenentatges cognitius i en el&hellip;  <a href=\"https:\/\/agora.xtec.cat\/ceip-esjep\/lescola\/historia\/\" title=\"Read Hist\u00f2ria\">Llegeix m\u00e9s\u00bb<\/a><\/p>\n","protected":false},"author":1,"featured_media":0,"parent":22,"menu_order":3,"comment_status":"closed","ping_status":"closed","template":"page-templates\/side-menu.php","meta":{"_bbp_topic_count":0,"_bbp_reply_count":0,"_bbp_total_topic_count":0,"_bbp_total_reply_count":0,"_bbp_voice_count":0,"_bbp_anonymous_reply_count":0,"_bbp_topic_count_hidden":0,"_bbp_reply_count_hidden":0,"_bbp_forum_subforum_count":0,"footnotes":""},"class_list":["post-26","page","type-page","status-publish","hentry"],"post_mailing_queue_ids":[],"_links":{"self":[{"href":"https:\/\/agora.xtec.cat\/ceip-esjep\/wp-json\/wp\/v2\/pages\/26","targetHints":{"allow":["GET"]}}],"collection":[{"href":"https:\/\/agora.xtec.cat\/ceip-esjep\/wp-json\/wp\/v2\/pages"}],"about":[{"href":"https:\/\/agora.xtec.cat\/ceip-esjep\/wp-json\/wp\/v2\/types\/page"}],"author":[{"embeddable":true,"href":"https:\/\/agora.xtec.cat\/ceip-esjep\/wp-json\/wp\/v2\/users\/1"}],"replies":[{"embeddable":true,"href":"https:\/\/agora.xtec.cat\/ceip-esjep\/wp-json\/wp\/v2\/comments?post=26"}],"version-history":[{"count":4,"href":"https:\/\/agora.xtec.cat\/ceip-esjep\/wp-json\/wp\/v2\/pages\/26\/revisions"}],"predecessor-version":[{"id":3132,"href":"https:\/\/agora.xtec.cat\/ceip-esjep\/wp-json\/wp\/v2\/pages\/26\/revisions\/3132"}],"up":[{"embeddable":true,"href":"https:\/\/agora.xtec.cat\/ceip-esjep\/wp-json\/wp\/v2\/pages\/22"}],"wp:attachment":[{"href":"https:\/\/agora.xtec.cat\/ceip-esjep\/wp-json\/wp\/v2\/media?parent=26"}],"curies":[{"name":"wp","href":"https:\/\/api.w.org\/{rel}","templated":true}]}}