{"id":2493,"date":"2017-12-01T11:39:51","date_gmt":"2017-12-01T10:39:51","guid":{"rendered":"http:\/\/agora.xtec.cat\/ceip-esjep\/?page_id=2493"},"modified":"2023-09-28T13:35:28","modified_gmt":"2023-09-28T11:35:28","slug":"comissions-afa","status":"publish","type":"page","link":"https:\/\/agora.xtec.cat\/ceip-esjep\/afa\/comissions-afa\/","title":{"rendered":"Comissions AFA ESJEP"},"content":{"rendered":"<h5>Aqui teniu el detall del qu\u00e8 es fa i qui ho fa de totes les Comissions Permanents de l&#8217;AFA ESJEP:<\/h5>\n<h5>Acollida ,Casal d&#8217;<wbr \/>Estiu ,Cooperaci\u00f3 Econ\u00f2mica ,Extrae<wbr \/>scolars ,Fam\u00edlies Delegades ,Festes ,Revista<\/h5>\n<h5>Socialit<wbr \/>zaci\u00f3,Temps de Migdia, Web,Xarxes Socials ,Xerrades.Tamb\u00e9 us enviem un petit resum del<\/h5>\n<h5>que es fa a les Comissions Temporals AFA ESJEP (Pati, Caseta i Extraescolar Adults)<\/h5>\n<h5>Tenim noves necessitats, noves idees que fan que anem creant Comissions Noves.<\/h5>\n<h5>Podeu fer noves aportacions i, sobretot, necessitem que vingueu a aportar el vostre granet de sorra perqu\u00e8<\/h5>\n<h5>la muntanya de l&#8217;AFA ESJEP no es faci en cap moment feixuga\/pesada per ning\u00fa.Tots sumem!!!AFA ESJEP<\/h5>\n<h5><span style=\"color: #000000;\"><a href=\"https:\/\/agora.xtec.cat\/ceip-esjep\/wp-content\/uploads\/usu1456\/2022\/11\/attachment-5420622-COMISSIONS_PERMANENTS.pdf\">\u00a0 ENLACE COMISSIONS_PERMANENTS<\/a><\/span><\/h5>\n<p><a href=\"https:\/\/agora.xtec.cat\/ceip-esjep\/wp-content\/uploads\/usu1456\/2022\/11\/attachment-5420623-COMISSIONS_TEMPORALS.pdf\"><strong>\u00a0 ENLACE COMISSIONS_TEMPORALS<\/strong><\/a><\/p>\n<h5><\/h5>\n","protected":false},"excerpt":{"rendered":"<p>Aqui teniu el detall del qu\u00e8 es fa i qui ho fa de totes les Comissions Permanents de l&#8217;AFA ESJEP:<br \/>\nAcollida ,Casal d&#8217;Estiu ,Cooperaci\u00f3 Econ\u00f2mica ,Extraescolars ,Fam\u00edlies Delegades ,Festes ,Revista<br \/>\nSocialitzaci\u00f3,Temps de Migdia, Web,Xarxes Socials ,Xerrades.Tamb\u00e9 us enviem un petit resum del<br \/>\nque es fa a les Comissions&hellip;  <a href=\"https:\/\/agora.xtec.cat\/ceip-esjep\/afa\/comissions-afa\/\" title=\"Read Comissions AFA ESJEP\">Llegeix m\u00e9s\u00bb<\/a><\/p>\n","protected":false},"author":3,"featured_media":0,"parent":1539,"menu_order":1,"comment_status":"closed","ping_status":"closed","template":"page-templates\/side-menu.php","meta":{"_bbp_topic_count":0,"_bbp_reply_count":0,"_bbp_total_topic_count":0,"_bbp_total_reply_count":0,"_bbp_voice_count":0,"_bbp_anonymous_reply_count":0,"_bbp_topic_count_hidden":0,"_bbp_reply_count_hidden":0,"_bbp_forum_subforum_count":0,"footnotes":""},"class_list":["post-2493","page","type-page","status-publish","hentry"],"post_mailing_queue_ids":[],"_links":{"self":[{"href":"https:\/\/agora.xtec.cat\/ceip-esjep\/wp-json\/wp\/v2\/pages\/2493","targetHints":{"allow":["GET"]}}],"collection":[{"href":"https:\/\/agora.xtec.cat\/ceip-esjep\/wp-json\/wp\/v2\/pages"}],"about":[{"href":"https:\/\/agora.xtec.cat\/ceip-esjep\/wp-json\/wp\/v2\/types\/page"}],"author":[{"embeddable":true,"href":"https:\/\/agora.xtec.cat\/ceip-esjep\/wp-json\/wp\/v2\/users\/3"}],"replies":[{"embeddable":true,"href":"https:\/\/agora.xtec.cat\/ceip-esjep\/wp-json\/wp\/v2\/comments?post=2493"}],"version-history":[{"count":4,"href":"https:\/\/agora.xtec.cat\/ceip-esjep\/wp-json\/wp\/v2\/pages\/2493\/revisions"}],"predecessor-version":[{"id":4479,"href":"https:\/\/agora.xtec.cat\/ceip-esjep\/wp-json\/wp\/v2\/pages\/2493\/revisions\/4479"}],"up":[{"embeddable":true,"href":"https:\/\/agora.xtec.cat\/ceip-esjep\/wp-json\/wp\/v2\/pages\/1539"}],"wp:attachment":[{"href":"https:\/\/agora.xtec.cat\/ceip-esjep\/wp-json\/wp\/v2\/media?parent=2493"}],"curies":[{"name":"wp","href":"https:\/\/api.w.org\/{rel}","templated":true}]}}