{"id":1539,"date":"2012-12-04T17:23:55","date_gmt":"2012-12-04T16:23:55","guid":{"rendered":"http:\/\/esjep.cat\/wp\/2012\/12\/04\/ampahttp-esjep-cat\/"},"modified":"2023-10-06T13:05:45","modified_gmt":"2023-10-06T11:05:45","slug":"afa","status":"publish","type":"page","link":"https:\/\/agora.xtec.cat\/ceip-esjep\/afa\/","title":{"rendered":"AFA"},"content":{"rendered":"<p><img loading=\"lazy\" decoding=\"async\" class=\"alignnone size-large wp-image-4529\" src=\"https:\/\/agora.xtec.cat\/ceip-esjep\/wp-content\/uploads\/usu1456\/2023\/10\/AFA-2023-24-1024x715.png\" alt=\"\" width=\"1024\" height=\"715\" srcset=\"https:\/\/agora.xtec.cat\/ceip-esjep\/wp-content\/uploads\/usu1456\/2023\/10\/AFA-2023-24-1024x715.png 1024w, https:\/\/agora.xtec.cat\/ceip-esjep\/wp-content\/uploads\/usu1456\/2023\/10\/AFA-2023-24-300x210.png 300w, https:\/\/agora.xtec.cat\/ceip-esjep\/wp-content\/uploads\/usu1456\/2023\/10\/AFA-2023-24-768x536.png 768w, https:\/\/agora.xtec.cat\/ceip-esjep\/wp-content\/uploads\/usu1456\/2023\/10\/AFA-2023-24.png 1177w\" sizes=\"auto, (max-width: 1024px) 100vw, 1024px\" \/><\/p>\n<p><img loading=\"lazy\" decoding=\"async\" class=\"alignnone size-large wp-image-4530\" src=\"https:\/\/agora.xtec.cat\/ceip-esjep\/wp-content\/uploads\/usu1456\/2023\/10\/Captura-de-pantalla-2023-10-06-130348-1024x746.png\" alt=\"\" width=\"1024\" height=\"746\" srcset=\"https:\/\/agora.xtec.cat\/ceip-esjep\/wp-content\/uploads\/usu1456\/2023\/10\/Captura-de-pantalla-2023-10-06-130348-1024x746.png 1024w, https:\/\/agora.xtec.cat\/ceip-esjep\/wp-content\/uploads\/usu1456\/2023\/10\/Captura-de-pantalla-2023-10-06-130348-300x219.png 300w, https:\/\/agora.xtec.cat\/ceip-esjep\/wp-content\/uploads\/usu1456\/2023\/10\/Captura-de-pantalla-2023-10-06-130348-768x560.png 768w, https:\/\/agora.xtec.cat\/ceip-esjep\/wp-content\/uploads\/usu1456\/2023\/10\/Captura-de-pantalla-2023-10-06-130348.png 1065w\" sizes=\"auto, (max-width: 1024px) 100vw, 1024px\" \/><\/p>\n<p>Associaci\u00f3 de Families d&#8217;Alumnes [AFA]<\/p>\n<p style=\"text-align: justify;\">L&#8217;Associaci\u00f3 de Fam\u00edlies d&#8217;Alumnes d&#8217;una l&#8217;escola la formen tots els pares i mares que en som socis, mitjan\u00e7ant el pagament d&#8217;una quota anual per fam\u00edlia.<\/p>\n<p style=\"text-align: justify;\">Ser membre de l&#8217;AFA suposa, entre d&#8217;altres:<br \/>\n\u2022 Tenir dret a participar en la socialitzaci\u00f3 de llibres<br \/>\n\u2022 Tenir dret a que els nens puguin fer extraescolars<br \/>\n\u2022 Poder participar en les festes que s&#8217;organitzen junt amb l&#8217;escola com s\u00f3n<br \/>\ncastanyada, carnestoltes i Sant Jordi<br \/>\n\u2022 Poder participar en la festa de l&#8217;AFA que es celebra a final de curs<\/p>\n<p>L&#8217;AFA Esjep est\u00e0 organitzada en diferents comissions tem\u00e0tiques, a trav\u00e9s de les quals es gestiona, juntament amb l&#8217;escola, coses tan importants com el servei de menjador, el servei d&#8217;acollida, les activitats extraescolars o la socialitzaci\u00f3 de llibres.<\/p>\n<p>L\u2019Associaci\u00f3 est\u00e0 oberta a tots els pares i mares que vulguin participar i col\u00b7laborar en totes les activitats i festes que es programen durant el curs. Aquesta col\u00b7laboraci\u00f3 \u00e9s, d\u2019una banda econ\u00f2mica, subvencionant part de les activitats que es duen a terme, i participativa, ja que s\u2019ajuda al centre a realitzar les propostes de cada curs.<\/p>\n<p>La <span style=\"color: #339966;\">quota de socis \u00e9s de 25\u20ac <\/span>fam\u00edlia i es paga <span style=\"color: #339966;\">un cop a l\u2019any<\/span>. Es cobra al <span style=\"color: #339966;\">mes de juliol<\/span>, juntament <span style=\"color: #339966;\">amb la quota de socialitzaci\u00f3 de llibres<\/span> de text. Nota: \u00e9s imprescindible ser soci de l\u2019AFA\u00a0per poder participar de la socialitzaci\u00f3 de llibres.<\/p>\n<hr \/>\n<h3>Vols participar activament a l\u2019AFA?<\/h3>\n<p>Vine a les reunions que fem peri\u00f2dicament. S\u2019anuncien via web, Dinantia, Whatsapp i Instagram.<\/p>\n<p>No cal disposar de molt de temps. Es tracta tant sols d\u2019aportar en la mesura de les possibilitats de cadasc\u00fa.<\/p>\n<p>Si tens cap dubte, pots enviar-nos un mail a l\u2019adre\u00e7a <a href=\"mailto:ampa@esjep.cat\">afa@esjep.cat<\/a><\/p>\n<p>Us hi esperem!!!<\/p>\n<div class=\"addtoany_share_save_container addtoany_content_bottom\"><\/div>\n\n","protected":false},"excerpt":{"rendered":"<p>Associaci\u00f3 de Families d&#8217;Alumnes [AFA]<br \/>\nL&#8217;Associaci\u00f3 de Fam\u00edlies d&#8217;Alumnes d&#8217;una l&#8217;escola la formen tots els pares i mares que en som socis, mitjan\u00e7ant el pagament d&#8217;una quota anual per fam\u00edlia.<br \/>\nSer membre de l&#8217;AFA suposa, entre d&#8217;altres:<br \/>\n\u2022 Tenir dret a participar en la socialitzaci\u00f3 de llibres<br \/>\n\u2022 Tenir&hellip;  <a href=\"https:\/\/agora.xtec.cat\/ceip-esjep\/afa\/\" title=\"Read AFA\">Llegeix m\u00e9s\u00bb<\/a><\/p>\n","protected":false},"author":1,"featured_media":0,"parent":0,"menu_order":5,"comment_status":"closed","ping_status":"closed","template":"page-templates\/side-menu.php","meta":{"_bbp_topic_count":0,"_bbp_reply_count":0,"_bbp_total_topic_count":0,"_bbp_total_reply_count":0,"_bbp_voice_count":0,"_bbp_anonymous_reply_count":0,"_bbp_topic_count_hidden":0,"_bbp_reply_count_hidden":0,"_bbp_forum_subforum_count":0,"footnotes":""},"class_list":["post-1539","page","type-page","status-publish","hentry"],"post_mailing_queue_ids":[],"_links":{"self":[{"href":"https:\/\/agora.xtec.cat\/ceip-esjep\/wp-json\/wp\/v2\/pages\/1539","targetHints":{"allow":["GET"]}}],"collection":[{"href":"https:\/\/agora.xtec.cat\/ceip-esjep\/wp-json\/wp\/v2\/pages"}],"about":[{"href":"https:\/\/agora.xtec.cat\/ceip-esjep\/wp-json\/wp\/v2\/types\/page"}],"author":[{"embeddable":true,"href":"https:\/\/agora.xtec.cat\/ceip-esjep\/wp-json\/wp\/v2\/users\/1"}],"replies":[{"embeddable":true,"href":"https:\/\/agora.xtec.cat\/ceip-esjep\/wp-json\/wp\/v2\/comments?post=1539"}],"version-history":[{"count":6,"href":"https:\/\/agora.xtec.cat\/ceip-esjep\/wp-json\/wp\/v2\/pages\/1539\/revisions"}],"predecessor-version":[{"id":4531,"href":"https:\/\/agora.xtec.cat\/ceip-esjep\/wp-json\/wp\/v2\/pages\/1539\/revisions\/4531"}],"wp:attachment":[{"href":"https:\/\/agora.xtec.cat\/ceip-esjep\/wp-json\/wp\/v2\/media?parent=1539"}],"curies":[{"name":"wp","href":"https:\/\/api.w.org\/{rel}","templated":true}]}}