{"id":1525,"date":"2012-11-13T12:22:39","date_gmt":"2012-11-13T12:22:39","guid":{"rendered":"http:\/\/esjep.cat\/wp\/2012\/11\/13\/activitats-de-l-escola\/"},"modified":"2026-01-22T16:06:04","modified_gmt":"2026-01-22T15:06:04","slug":"activitats-de-l-escola","status":"publish","type":"page","link":"https:\/\/agora.xtec.cat\/ceip-esjep\/curs-actual\/activitats-de-l-escola\/","title":{"rendered":"Activitats de l&#8217;Escola"},"content":{"rendered":"<h4>Piscina<\/h4>\n<p>Lloc: Piscines Municipals de L\u2019Hospitalet . Carrer Rosal\u00eda de Castro, 39.<\/p>\n<table class=\"table-style style-colorheader\" style=\"width: 54.4993%; margin-left: 20px; float: left; height: 287px;\">\n<thead>\n<tr>\n<th style=\"width: 20.1425%;\"><span style=\"font-size: small;\">Curs<\/span><\/th>\n<th style=\"width: 10.5661%;\"><span style=\"font-size: small;\">Trimestre<\/span><\/th>\n<th style=\"width: 16.9291%;\"><span style=\"font-size: small;\">Dia<\/span><\/th>\n<th style=\"width: 25.1969%;\"><span style=\"font-size: small;\">Horari<\/span><\/th>\n<th style=\"width: 31.8898%;\"><span style=\"font-size: small;\">Observacions<\/span><\/th>\n<\/tr>\n<\/thead>\n<tbody>\n<tr class=\"odd\">\n<th style=\"width: 20.1425%;\"><span style=\"font-size: small;\">CICLE MITJ\u00c0<\/span><\/th>\n<td style=\"width: 10.5661%;\"><span style=\"font-size: small;\">\u00a01R TRIM.<\/span><\/td>\n<td style=\"width: 16.9291%;\"><span style=\"font-size: small;\">Divendres<\/span><\/td>\n<td style=\"width: 25.1969%;\"><span style=\"font-size: small;\">10:15 a 11h<\/span><\/td>\n<td style=\"width: 31.8898%;\"><span style=\"font-size: small;\">\u00a0Poliesportiu L&#8217;Hospitalet Nord amb transport escolar ( a c\u00e0rrec de l&#8217;Ajuntament).<\/span><\/td>\n<\/tr>\n<tr class=\"odd\">\n<th style=\"width: 20.1425%;\"><span style=\"font-size: small;\">CICLE INICIAL<\/span><\/th>\n<td style=\"width: 10.5661%;\"><span style=\"font-size: small;\">2N TRIM<\/span><\/td>\n<td style=\"width: 16.9291%;\"><span style=\"font-size: small;\">Divendres<\/span><\/td>\n<td style=\"width: 25.1969%;\"><span style=\"font-size: small;\">10:15 a 11h<\/span><\/td>\n<td style=\"width: 31.8898%;\"><span style=\"font-size: small;\">\u00a0Pendent de confirmar instal\u00b7lacions<\/span><\/td>\n<\/tr>\n<tr class=\"odd\">\n<th style=\"width: 20.1425%;\"><span style=\"font-size: small;\">ED. INFANTIL<\/span><\/th>\n<td style=\"width: 10.5661%;\"><span style=\"font-size: small;\">3R TRIM<\/span><\/td>\n<td style=\"width: 16.9291%;\"><span style=\"font-size: small;\">Divendres<\/span><\/td>\n<td style=\"width: 25.1969%;\"><span style=\"font-size: 10pt;\"><strong>\u00a0I5<\/strong> 9:30 a 10:15h\u00a0<\/span><\/p>\n<p><span style=\"font-size: small;\"><strong>I3 &#8211; I4<\/strong> 10:15 &#8211; 11:00<\/span><\/td>\n<td style=\"width: 31.8898%;\"><span style=\"font-size: x-small;\">\u00a0<span style=\"font-size: small;\">Pendent confirmar instal\u00b7lacions<\/span><br \/>\n<\/span><\/td>\n<\/tr>\n<\/tbody>\n<\/table>\n<p>&nbsp;<\/p>\n<p>&nbsp;<\/p>\n<p>&nbsp;<\/p>\n<p>&nbsp;<\/p>\n<p>&nbsp;<\/p>\n<p>&nbsp;<\/p>\n<p>&nbsp;<\/p>\n<p>&nbsp;<\/p>\n<p>&nbsp;<\/p>\n<p>&nbsp;<\/p>\n<p>Jornades de portes obertes: dates pendent de confirmaci\u00f3<\/p>\n<p><strong>Equip necessari :<\/strong><\/p>\n<ul>\n<li>motxilla esportiva<\/li>\n<li>casquet de bany<\/li>\n<li>banyador<\/li>\n<li>barn\u00fas<\/li>\n<li>pinta o raspall<\/li>\n<li>xancletes<\/li>\n<\/ul>\n<p><span style=\"color: #1fa799;\">Nota: Recordeu que tota la roba ha d\u2019anar marcada amb nom i cognom.<\/span><\/p>\n<hr \/>\n<h4>Educaci\u00f3 F\u00edsica<\/h4>\n<p><span style=\"color: #000000;\"><strong>Equip necessari :<\/strong><\/span><\/p>\n<ul>\n<li>Roba c\u00f2moda (samarreta, pantal\u00f3 curt i\/o xandall)<\/li>\n<li>Sabatilles esportives<\/li>\n<li>Tovallola i samarreta de recanvi<\/li>\n<\/ul>\n<p><span style=\"color: #1fa799;\">Nota: Recordeu que tota la roba ha d\u2019anar marcada amb nom i cognom.<\/span><\/p>\n<hr \/>\n<h4>Psicomotricitat<\/h4>\n<table style=\"height: 136px; width: 275px;\" width=\"241\">\n<thead>\n<tr>\n<th style=\"width: 142px;\">Curs<\/th>\n<th style=\"width: 125px;\">Dia<\/th>\n<\/tr>\n<\/thead>\n<tbody>\n<tr>\n<th style=\"width: 142px;\">I3<\/th>\n<td style=\"width: 125px; text-align: center;\">Dimarts<\/td>\n<\/tr>\n<tr>\n<th style=\"width: 142px;\">I4<\/th>\n<td style=\"width: 125px; text-align: center;\">Dimecres<\/td>\n<\/tr>\n<tr>\n<th style=\"width: 142px;\">I5<\/th>\n<td style=\"width: 125px; text-align: center;\">Dijous<\/td>\n<\/tr>\n<\/tbody>\n<\/table>\n<p><span style=\"color: #000000;\"><strong>Equip necessari :<\/strong><\/span><\/p>\n<ul>\n<li>Roba c\u00f2moda i sabates que es puguin treure i posar amb facilitat.<\/li>\n<li>Mitjons antilliscants marcats amb nom i cognom.<\/li>\n<\/ul>\n<hr \/>\n<h4>Angl\u00e8s<\/h4>\n<p>L&#8217;aprenentatge de la llengua anglesa s&#8217;inicia a I5, potenciant l&#8217;expressi\u00f3 i la comprensi\u00f3 oral.<\/p>\n<hr \/>\n<h4>Biblioteca<\/h4>\n<p>Els llibres i documents de la biblioteca poden endur-se a casa durant uns dies. L\u2019horari de pr\u00e9stec \u00e9s el divendres a les 16:30 de la tarda, en acabar les classes. Tamb\u00e9 s\u2019oferir\u00e0 servei de pr\u00e9stec, un dia setmanal, en horari de pati pels Cicles Mitj\u00e0 i Superior.<\/p>\n<p><span style=\"color: #1fa799;\">El servei comen\u00e7a el 10 d&#8217;octubre i acaba el 5 de juny.<\/span><\/p>\n<hr \/>\n<p>&nbsp;<\/p>\n<h4>Pla de la fruita<\/h4>\n<p>Amb l&#8217;objectiu de promoure el consum de fruita dins dels h\u00e0bits d&#8217;alimentaci\u00f3 saludable, el centre participa en el Pla de la Fruita de la Generalitat.<\/p>\n<p>&nbsp;<\/p>\n","protected":false},"excerpt":{"rendered":"<p>Piscina<br \/>\nLloc: Piscines Municipals de L\u2019Hospitalet . Carrer Rosal\u00eda de Castro, 39.<\/p>\n<p>Curs<br \/>\nTrimestre<br \/>\nDia<br \/>\nHorari<br \/>\nObservacions<\/p>\n<p>CICLE MITJ\u00c0<br \/>\n\u00a01R TRIM.<br \/>\nDivendres<br \/>\n10:15 a 11h<br \/>\n\u00a0Poliesportiu L&#8217;Hospitalet Nord amb transport escolar ( a c\u00e0rrec de l&#8217;Ajuntament).<\/p>\n<p>CICLE INICIAL<br \/>\n2N TRIM<br \/>\nDivendres<br \/>\n10:15 a 11h<br \/>\n\u00a0Pendent de confirmar instal\u00b7lacions<\/p>\n<p>ED. INFANTIL<br \/>\n3R TRIM<br \/>\nDivendres<br \/>\n\u00a0I5 9:30 a 10:15h\u00a0<br \/>\nI3 &#8211; I4 10:15 &#8211; 11:00<br \/>\n\u00a0Pendent confirmar instal\u00b7lacions<\/p>\n<p>&nbsp;<br \/>\n&nbsp;<br \/>\n&nbsp;<br \/>\n&nbsp;<br \/>\n&nbsp;<br \/>\n&nbsp;<br \/>\n&nbsp;<br \/>\n&nbsp;<br \/>\n&nbsp;<br \/>\n&nbsp;<br \/>\nJornades de&hellip;  <a href=\"https:\/\/agora.xtec.cat\/ceip-esjep\/curs-actual\/activitats-de-l-escola\/\" title=\"Read Activitats de l&#8217;Escola\">Llegeix m\u00e9s\u00bb<\/a><\/p>\n","protected":false},"author":1,"featured_media":0,"parent":1938,"menu_order":4,"comment_status":"closed","ping_status":"open","template":"page-templates\/side-menu.php","meta":{"_bbp_topic_count":0,"_bbp_reply_count":0,"_bbp_total_topic_count":0,"_bbp_total_reply_count":0,"_bbp_voice_count":0,"_bbp_anonymous_reply_count":0,"_bbp_topic_count_hidden":0,"_bbp_reply_count_hidden":0,"_bbp_forum_subforum_count":0,"footnotes":""},"class_list":["post-1525","page","type-page","status-publish","hentry"],"post_mailing_queue_ids":[],"_links":{"self":[{"href":"https:\/\/agora.xtec.cat\/ceip-esjep\/wp-json\/wp\/v2\/pages\/1525","targetHints":{"allow":["GET"]}}],"collection":[{"href":"https:\/\/agora.xtec.cat\/ceip-esjep\/wp-json\/wp\/v2\/pages"}],"about":[{"href":"https:\/\/agora.xtec.cat\/ceip-esjep\/wp-json\/wp\/v2\/types\/page"}],"author":[{"embeddable":true,"href":"https:\/\/agora.xtec.cat\/ceip-esjep\/wp-json\/wp\/v2\/users\/1"}],"replies":[{"embeddable":true,"href":"https:\/\/agora.xtec.cat\/ceip-esjep\/wp-json\/wp\/v2\/comments?post=1525"}],"version-history":[{"count":7,"href":"https:\/\/agora.xtec.cat\/ceip-esjep\/wp-json\/wp\/v2\/pages\/1525\/revisions"}],"predecessor-version":[{"id":4718,"href":"https:\/\/agora.xtec.cat\/ceip-esjep\/wp-json\/wp\/v2\/pages\/1525\/revisions\/4718"}],"up":[{"embeddable":true,"href":"https:\/\/agora.xtec.cat\/ceip-esjep\/wp-json\/wp\/v2\/pages\/1938"}],"wp:attachment":[{"href":"https:\/\/agora.xtec.cat\/ceip-esjep\/wp-json\/wp\/v2\/media?parent=1525"}],"curies":[{"name":"wp","href":"https:\/\/api.w.org\/{rel}","templated":true}]}}