{"id":1524,"date":"2012-11-13T12:17:30","date_gmt":"2012-11-13T12:17:30","guid":{"rendered":"http:\/\/esjep.cat\/wp\/2012\/11\/13\/relacio-familia-escola\/"},"modified":"2023-09-28T16:25:36","modified_gmt":"2023-09-28T14:25:36","slug":"relacio-familia-escola","status":"publish","type":"page","link":"https:\/\/agora.xtec.cat\/ceip-esjep\/curs-actual\/relacio-familia-escola\/","title":{"rendered":"Relaci\u00f3 Fam\u00edlia \u2013 Escola"},"content":{"rendered":"<h4>Reunions d&#8217;inici del nou curs<\/h4>\n<p>Tots els grups fan una reuni\u00f3 a inici de curs, normalment al setembre, on s&#8217;explica el funcionament del nivell, les sortides, col\u00f2nies&#8230;i altres informacions rellevants.<\/p>\n<hr \/>\n<h4>Informes d\u2019avaluaci\u00f3<\/h4>\n<p>A final del 1r i el 3r trimestre, el centre entrega un informe escrit a tots els alumnes de prim\u00e0ria i educaci\u00f3 infantil. El 2n trimestre del curs, es realitza una entrevista personalitzada on es tracten temes relacionats amb l&#8217;evoluci\u00f3 acad\u00e8mica i personal de l&#8217;alumne, es prenen decisions i acords&#8230;.<\/p>\n<p>&nbsp;<\/p>\n<hr \/>\n<h4>Entrevistes amb la tutoria<\/h4>\n<p>Totes les tutories tenen un horari d\u2019entrevistes amb les fam\u00edlies, els dimarts de 12:30 a 13:30 h. Cal demanar cita pr\u00e8via al tutor\/a per escrit a l&#8217;agenda.\u00a0Es realitza, com a m\u00ednim una entrevista personal al llarg del curs. En cas que la fam\u00edlia o l&#8217;equip docent ho creguin necessari, poden fer-se&#8217;n m\u00e9s.<\/p>\n","protected":false},"excerpt":{"rendered":"<p>Reunions d&#8217;inici del nou curs<br \/>\nTots els grups fan una reuni\u00f3 a inici de curs, normalment al setembre, on s&#8217;explica el funcionament del nivell, les sortides, col\u00f2nies&#8230;i altres informacions rellevants.<\/p>\n<p>Informes d\u2019avaluaci\u00f3<br \/>\nA final del 1r i el 3r trimestre, el centre entrega un informe escrit a tots&hellip;  <a href=\"https:\/\/agora.xtec.cat\/ceip-esjep\/curs-actual\/relacio-familia-escola\/\" title=\"Read Relaci\u00f3 Fam\u00edlia \u2013 Escola\">Llegeix m\u00e9s\u00bb<\/a><\/p>\n","protected":false},"author":1,"featured_media":0,"parent":1938,"menu_order":5,"comment_status":"open","ping_status":"open","template":"page-templates\/side-menu.php","meta":{"_bbp_topic_count":0,"_bbp_reply_count":0,"_bbp_total_topic_count":0,"_bbp_total_reply_count":0,"_bbp_voice_count":0,"_bbp_anonymous_reply_count":0,"_bbp_topic_count_hidden":0,"_bbp_reply_count_hidden":0,"_bbp_forum_subforum_count":0,"footnotes":""},"class_list":["post-1524","page","type-page","status-publish","hentry"],"post_mailing_queue_ids":[],"_links":{"self":[{"href":"https:\/\/agora.xtec.cat\/ceip-esjep\/wp-json\/wp\/v2\/pages\/1524","targetHints":{"allow":["GET"]}}],"collection":[{"href":"https:\/\/agora.xtec.cat\/ceip-esjep\/wp-json\/wp\/v2\/pages"}],"about":[{"href":"https:\/\/agora.xtec.cat\/ceip-esjep\/wp-json\/wp\/v2\/types\/page"}],"author":[{"embeddable":true,"href":"https:\/\/agora.xtec.cat\/ceip-esjep\/wp-json\/wp\/v2\/users\/1"}],"replies":[{"embeddable":true,"href":"https:\/\/agora.xtec.cat\/ceip-esjep\/wp-json\/wp\/v2\/comments?post=1524"}],"version-history":[{"count":4,"href":"https:\/\/agora.xtec.cat\/ceip-esjep\/wp-json\/wp\/v2\/pages\/1524\/revisions"}],"predecessor-version":[{"id":4502,"href":"https:\/\/agora.xtec.cat\/ceip-esjep\/wp-json\/wp\/v2\/pages\/1524\/revisions\/4502"}],"up":[{"embeddable":true,"href":"https:\/\/agora.xtec.cat\/ceip-esjep\/wp-json\/wp\/v2\/pages\/1938"}],"wp:attachment":[{"href":"https:\/\/agora.xtec.cat\/ceip-esjep\/wp-json\/wp\/v2\/media?parent=1524"}],"curies":[{"name":"wp","href":"https:\/\/api.w.org\/{rel}","templated":true}]}}