{"id":1520,"date":"2012-11-13T12:04:30","date_gmt":"2012-11-13T12:04:30","guid":{"rendered":"http:\/\/esjep.cat\/wp\/2012\/11\/13\/organs-de-govern\/"},"modified":"2024-10-14T10:43:51","modified_gmt":"2024-10-14T08:43:51","slug":"organs-de-govern","status":"publish","type":"page","link":"https:\/\/agora.xtec.cat\/ceip-esjep\/lescola\/organs-de-govern\/","title":{"rendered":"Organs de Govern"},"content":{"rendered":"<h4>Equip Directiu<\/h4>\n<p>L&#8217;equip directiu \u00e9s l&#8217;\u00f2rgan col\u00b7legiat encarregat d&#8217;aplicar les directrius que emet la titularitat i el Conselll Escolar. Gestiona i coordina l&#8217;escola i la programaci\u00f3 general del centre.<\/p>\n<p>L&#8217;equip directiu per al proper curs \u00e9s:<\/p>\n<ul>\n<li><span style=\"color: #1fa799;\">Secret\u00e0ria<\/span>: Carmen Alonso<\/li>\n<li><span style=\"color: #1fa799;\">Cap d\u2019 Estudis: <span style=\"color: #333333;\">Maite Cuesta<\/span><\/span><\/li>\n<li><span style=\"color: #1fa799;\">Directora: <span style=\"color: #333333;\">Mila G\u00f3mez<\/span><\/span><\/li>\n<\/ul>\n<hr \/>\n<h4>Consell Escolar<\/h4>\n<p>El Consell Escolar del centre \u00e9s l\u2019\u00f2rgan de participaci\u00f3 de la comunitat en el govern de l\u2019escola i l\u2019\u00f2rgan de programaci\u00f3, seguiment i avaluaci\u00f3 general de les activitats.<\/p>\n<p><span style=\"color: #1fa799;\">El Consell Escolar el formen:<\/span><\/p>\n<p>El secretari de l\u2019escola actua com a tal, amb veu i sense vot.<\/p>\n<p>S\u00f3n <span style=\"color: #1fa799;\">compet\u00e8ncies del Consell Escolar<\/span>, entre d\u2019altres, l\u2019aprovaci\u00f3 de les Normes d\u2019Organitzaci\u00f3 i Funcionament, l\u2019aprovaci\u00f3 i execuci\u00f3 del pressupost, la gesti\u00f3 de les instal\u00b7lacions escolars i l\u2019aprovaci\u00f3 de la programaci\u00f3 general del centre, entre d\u2019altres.<\/p>\n<p>El Consell Escolar \u00e9s reuneix entre 4 i 6 cops l\u2019any per consensuar i aprovar tota una s\u00e8rie de documents que fan possible la gesti\u00f3, organitzaci\u00f3 i el funcionament de l\u2019escola (sortides, col\u00f2nies, gesti\u00f3 econ\u00f2mica, serveis de menjador, extraescolars, acollida, casal d\u2019estiu.<br \/>\nCada dos anys s\u2019ha de renovar una part dels representants dels mestres i dels pares i mares.<\/p>\n<p>Qualsevol dubte, aportaci\u00f3 o informaci\u00f3 al respecte, adreceu-vos als representants de fam\u00edlies o la representant AFA al Consell Escolar.<\/p>\n<hr \/>\n<h4>Claustre<\/h4>\n<p>El Claustre \u00e9s l\u2019\u00f2rgan de participaci\u00f3 dels mestres en la gesti\u00f3 i la planificaci\u00f3 educativa de l\u2019escola. Est\u00e0 integrat per la totalitat dels mestres que hi treballen.<\/p>\n<h6><\/h6>\n<h3>Associaci\u00f3 de Fam\u00edlies d&#8217;Alumnes<\/h3>\n<p>Les funcions de l&#8217;AFA s\u00f3n l&#8217;organitzaci\u00f3 i col\u00b7laboraci\u00f3, junt amb el claustre de professors, de les diverses activitats complement\u00e0ries i extraescolars del centre.<\/p>\n<p>Per a ampliar informaci\u00f3, consulteu la Secci\u00f3\u00a0<a href=\"http:\/\/agora.xtec.cat\/ceip-esjep\/categoria\/afa\/\" target=\"_blank\" rel=\"noopener noreferrer\"><span style=\"text-decoration: underline; color: #1fa799;\">AFA<\/span><\/a><\/p>\n<hr \/>\n<h3><\/h3>\n","protected":false},"excerpt":{"rendered":"<p>Equip Directiu<br \/>\nL&#8217;equip directiu \u00e9s l&#8217;\u00f2rgan col\u00b7legiat encarregat d&#8217;aplicar les directrius que emet la titularitat i el Conselll Escolar. Gestiona i coordina l&#8217;escola i la programaci\u00f3 general del centre.<br \/>\nL&#8217;equip directiu per al proper curs \u00e9s:<\/p>\n<ul>\n<li>Secret\u00e0ria: Carmen Alonso<\/li>\n<li>Cap d\u2019 Estudis: Maite Cuesta<\/li>\n<li>Directora: Mila G\u00f3mez<\/li>\n<\/ul>\n<p>Consell Escolar<br \/>\nEl Consell Escolar&hellip;  <a href=\"https:\/\/agora.xtec.cat\/ceip-esjep\/lescola\/organs-de-govern\/\" title=\"Read Organs de Govern\">Llegeix m\u00e9s\u00bb<\/a><\/p>\n","protected":false},"author":1,"featured_media":0,"parent":22,"menu_order":5,"comment_status":"closed","ping_status":"open","template":"page-templates\/side-menu.php","meta":{"_bbp_topic_count":0,"_bbp_reply_count":0,"_bbp_total_topic_count":0,"_bbp_total_reply_count":0,"_bbp_voice_count":0,"_bbp_anonymous_reply_count":0,"_bbp_topic_count_hidden":0,"_bbp_reply_count_hidden":0,"_bbp_forum_subforum_count":0,"footnotes":""},"class_list":["post-1520","page","type-page","status-publish","hentry"],"post_mailing_queue_ids":[],"_links":{"self":[{"href":"https:\/\/agora.xtec.cat\/ceip-esjep\/wp-json\/wp\/v2\/pages\/1520","targetHints":{"allow":["GET"]}}],"collection":[{"href":"https:\/\/agora.xtec.cat\/ceip-esjep\/wp-json\/wp\/v2\/pages"}],"about":[{"href":"https:\/\/agora.xtec.cat\/ceip-esjep\/wp-json\/wp\/v2\/types\/page"}],"author":[{"embeddable":true,"href":"https:\/\/agora.xtec.cat\/ceip-esjep\/wp-json\/wp\/v2\/users\/1"}],"replies":[{"embeddable":true,"href":"https:\/\/agora.xtec.cat\/ceip-esjep\/wp-json\/wp\/v2\/comments?post=1520"}],"version-history":[{"count":4,"href":"https:\/\/agora.xtec.cat\/ceip-esjep\/wp-json\/wp\/v2\/pages\/1520\/revisions"}],"predecessor-version":[{"id":3567,"href":"https:\/\/agora.xtec.cat\/ceip-esjep\/wp-json\/wp\/v2\/pages\/1520\/revisions\/3567"}],"up":[{"embeddable":true,"href":"https:\/\/agora.xtec.cat\/ceip-esjep\/wp-json\/wp\/v2\/pages\/22"}],"wp:attachment":[{"href":"https:\/\/agora.xtec.cat\/ceip-esjep\/wp-json\/wp\/v2\/media?parent=1520"}],"curies":[{"name":"wp","href":"https:\/\/api.w.org\/{rel}","templated":true}]}}