{"id":1517,"date":"2012-11-13T11:18:10","date_gmt":"2012-11-13T11:18:10","guid":{"rendered":"http:\/\/esjep.cat\/wp\/2012\/11\/13\/trets-d-identitat\/"},"modified":"2021-02-25T11:16:35","modified_gmt":"2021-02-25T10:16:35","slug":"trets-d-identitat","status":"publish","type":"page","link":"https:\/\/agora.xtec.cat\/ceip-esjep\/trets-d-identitat\/","title":{"rendered":"Trets d&#8217;Identitat"},"content":{"rendered":"<p>L&#8217;escola<span style=\"color: #008000;\"><strong> Sant Josep &#8211; El Pi<\/strong><\/span> es defineix com una escola catalana, plural, arrelada al barri de Sant Josep, aconfesional, participativa i renovadora, on l&#8217;objectiu global \u00e9s el desenvolupament actiu de totes les possibilitats de l&#8217;alumnat tant en els aprenentatges cognitius i en el desenvolupament individual i col\u00b7lectiu de la pr\u00f2pia personalitat com en la sensibilitzaci\u00f3 i respecte vers l&#8217;entorn social, ambiental i cultural.<\/p>\n<p>A l&#8217;escola es potencia el respecte i la toler\u00e0ncia, la possibilitat de parlar i discutir els problemes, la motivaci\u00f3 en el treball individual i en grup i la cooperaci\u00f3 entre fam\u00edlia i escola. Mitjan\u00e7ant un ensenyament actiu es d\u00f3na import\u00e0ncia a la iniciativa i a la creativitat del nen o de la nena, respectant la diversitat de ritmes evolutius, fomentant l&#8217;esperit cr\u00edtic, la capacitat de discussi\u00f3 i decisi\u00f3 i la investigaci\u00f3 com a mitj\u00e0 per a l&#8217;adquisici\u00f3 de coneixements.<\/p>\n<p>&nbsp;<\/p>\n<p><a href=\"https:\/\/www.canva.com\/design\/DAEXCqlfYN8\/R6ms7mGrxsIqTgWgA6VQwg\/watch?utm_content=DAEXCqlfYN8&amp;utm_campaign=designshare&amp;utm_medium=link&amp;utm_source=publishsharelink\" target=\"_blank\" rel=\"attachment noopener wp-att-3679 noreferrer\"><img loading=\"lazy\" decoding=\"async\" class=\"alignleft wp-image-3679\" src=\"https:\/\/agora.xtec.cat\/ceip-esjep\/wp-content\/uploads\/usu1456\/2021\/02\/portada-projecte-esjep.png\" alt=\"\" width=\"425\" height=\"239\" srcset=\"https:\/\/agora.xtec.cat\/ceip-esjep\/wp-content\/uploads\/usu1456\/2021\/02\/portada-projecte-esjep.png 1366w, https:\/\/agora.xtec.cat\/ceip-esjep\/wp-content\/uploads\/usu1456\/2021\/02\/portada-projecte-esjep-300x169.png 300w, https:\/\/agora.xtec.cat\/ceip-esjep\/wp-content\/uploads\/usu1456\/2021\/02\/portada-projecte-esjep-768x432.png 768w, https:\/\/agora.xtec.cat\/ceip-esjep\/wp-content\/uploads\/usu1456\/2021\/02\/portada-projecte-esjep-1024x576.png 1024w\" sizes=\"auto, (max-width: 425px) 100vw, 425px\" \/><\/a> <a href=\"https:\/\/www.canva.com\/design\/DAEW9Suyl8c\/V0DHwyjo14oUqqFAlIGWdQ\/watch?utm_content=DAEW9Suyl8c&amp;utm_campaign=designshare&amp;utm_medium=link&amp;utm_source=sharebutton\" target=\"_blank\" rel=\"attachment noopener wp-att-3680 noreferrer\"><img loading=\"lazy\" decoding=\"async\" class=\"aligncenter wp-image-3680\" src=\"https:\/\/agora.xtec.cat\/ceip-esjep\/wp-content\/uploads\/usu1456\/2021\/02\/portada-un-mica-del-dia-a-dia-1024x576.png\" alt=\"\" width=\"411\" height=\"232\" srcset=\"https:\/\/agora.xtec.cat\/ceip-esjep\/wp-content\/uploads\/usu1456\/2021\/02\/portada-un-mica-del-dia-a-dia-1024x576.png 1024w, https:\/\/agora.xtec.cat\/ceip-esjep\/wp-content\/uploads\/usu1456\/2021\/02\/portada-un-mica-del-dia-a-dia-300x169.png 300w, https:\/\/agora.xtec.cat\/ceip-esjep\/wp-content\/uploads\/usu1456\/2021\/02\/portada-un-mica-del-dia-a-dia-768x432.png 768w, https:\/\/agora.xtec.cat\/ceip-esjep\/wp-content\/uploads\/usu1456\/2021\/02\/portada-un-mica-del-dia-a-dia.png 1366w\" sizes=\"auto, (max-width: 411px) 100vw, 411px\" \/><\/a><\/p>\n<p>&nbsp;<\/p>\n","protected":false},"excerpt":{"rendered":"<p>L&#8217;escola Sant Josep &#8211; El Pi es defineix com una escola catalana, plural, arrelada al barri de Sant Josep, aconfesional, participativa i renovadora, on l&#8217;objectiu global \u00e9s el desenvolupament actiu de totes les possibilitats de l&#8217;alumnat tant en els aprenentatges cognitius i en el desenvolupament&hellip;  <a href=\"https:\/\/agora.xtec.cat\/ceip-esjep\/trets-d-identitat\/\" title=\"Read Trets d&#8217;Identitat\">Llegeix m\u00e9s\u00bb<\/a><\/p>\n","protected":false},"author":1,"featured_media":0,"parent":0,"menu_order":21,"comment_status":"closed","ping_status":"open","template":"","meta":{"_bbp_topic_count":0,"_bbp_reply_count":0,"_bbp_total_topic_count":0,"_bbp_total_reply_count":0,"_bbp_voice_count":0,"_bbp_anonymous_reply_count":0,"_bbp_topic_count_hidden":0,"_bbp_reply_count_hidden":0,"_bbp_forum_subforum_count":0,"footnotes":""},"class_list":["post-1517","page","type-page","status-publish","hentry"],"post_mailing_queue_ids":[],"_links":{"self":[{"href":"https:\/\/agora.xtec.cat\/ceip-esjep\/wp-json\/wp\/v2\/pages\/1517","targetHints":{"allow":["GET"]}}],"collection":[{"href":"https:\/\/agora.xtec.cat\/ceip-esjep\/wp-json\/wp\/v2\/pages"}],"about":[{"href":"https:\/\/agora.xtec.cat\/ceip-esjep\/wp-json\/wp\/v2\/types\/page"}],"author":[{"embeddable":true,"href":"https:\/\/agora.xtec.cat\/ceip-esjep\/wp-json\/wp\/v2\/users\/1"}],"replies":[{"embeddable":true,"href":"https:\/\/agora.xtec.cat\/ceip-esjep\/wp-json\/wp\/v2\/comments?post=1517"}],"version-history":[{"count":3,"href":"https:\/\/agora.xtec.cat\/ceip-esjep\/wp-json\/wp\/v2\/pages\/1517\/revisions"}],"predecessor-version":[{"id":3685,"href":"https:\/\/agora.xtec.cat\/ceip-esjep\/wp-json\/wp\/v2\/pages\/1517\/revisions\/3685"}],"wp:attachment":[{"href":"https:\/\/agora.xtec.cat\/ceip-esjep\/wp-json\/wp\/v2\/media?parent=1517"}],"curies":[{"name":"wp","href":"https:\/\/api.w.org\/{rel}","templated":true}]}}