{"id":1303,"date":"2016-05-02T09:33:17","date_gmt":"2016-05-02T07:33:17","guid":{"rendered":"http:\/\/esjep.cat\/wp\/?page_id=1303"},"modified":"2023-09-28T13:14:24","modified_gmt":"2023-09-28T11:14:24","slug":"rampa","status":"publish","type":"page","link":"https:\/\/agora.xtec.cat\/ceip-esjep\/afa\/comissions-afa\/rampa\/","title":{"rendered":"Rafega"},"content":{"rendered":"<p><img loading=\"lazy\" decoding=\"async\" class=\" wp-image-3995 alignleft\" src=\"https:\/\/agora.xtec.cat\/ceip-esjep\/wp-content\/uploads\/usu1456\/2022\/02\/Rafega-1.jpg\" alt=\"revista rafega\" width=\"350\" height=\"473\" srcset=\"https:\/\/agora.xtec.cat\/ceip-esjep\/wp-content\/uploads\/usu1456\/2022\/02\/Rafega-1.jpg 471w, https:\/\/agora.xtec.cat\/ceip-esjep\/wp-content\/uploads\/usu1456\/2022\/02\/Rafega-1-222x300.jpg 222w\" sizes=\"auto, (max-width: 350px) 100vw, 350px\" \/>\u00c9s una revista trimestral que es distribueix coincidint amb el tancament de les avaluacions escolars i, on es parla, entre d\u2019altres, de les activitats desenvolupades al llarg del curs: projectes curriculars, sortides, col\u00f2nies, activitats de l&#8217;AFA, temps de migdia, etc.<\/p>\n<p><span style=\"color: #339966;\"><strong style=\"line-height: 1.3em;\">RAFEGA<\/strong><span style=\"line-height: 1.3em;\">, <\/span><\/span><span style=\"line-height: 1.3em;\">la <\/span><span style=\"color: #000000;\"><strong style=\"line-height: 1.3em;\">R<\/strong><span style=\"line-height: 1.3em;\">evista de l\u2019<\/span><strong style=\"line-height: 1.3em;\">AFA<\/strong><\/span><span style=\"line-height: 1.3em;\"><span style=\"color: #339966;\">,<\/span> anteriorment denominada RAMPA, aparegu\u00e9 l\u2019any 2004 gr\u00e0cies a la iniciativa d\u2019uns pares i mares de l\u2019escola: la Merc\u00e8, l\u2019Helena\u00a0 i l\u2019Ibon.\u00a0<\/span><\/p>\n<p>Al desembre del 2004 van publicar el primer n\u00famero i a l\u2019editorial explic\u00e0ven\u00a0 el perqu\u00e8 de la revista:<\/p>\n<p><em style=\"color: #6f6f6f; font-family: inherit; font-size: 1em;\">\u201cEstar informat \u00e9s b\u00e0sic per a poder fer i opinar. La ignor\u00e0ncia fa m\u00e9s mal que b\u00e9, i des de l\u2019Ampa\u00a0volem que tots els pares i mares, i aix\u00ed com tots els nens,\u00a0 s\u00e0piguen qu\u00e9 es fa i es desf\u00e0 a l\u2019escola\u00a0dins del nostre \u00e0mbit.<\/em><\/p>\n<blockquote><p><em>Per a realizar tot aix\u00f2 hem creat aquest full informatiu on puntualment\u00a0volem fer-vos arribar totes aquelles coses que creiem que tots hem de saber.<\/em><br \/>\n<em>Aquesta petita revista que ara comen\u00e7a est\u00e0 oberta a tots aquells que vulguin participar, acceptem tot\u00a0tipus de sugger\u00e8ncies que ens ajudin a fer-la cada cop millor.<\/em><br \/>\n<em>Desitgem que us agradi.\u201d<\/em><\/p><\/blockquote>\n<p>La revista R\u00e0fega es coordina des d&#8217;una comissi\u00f3 mixta AFA-Escola, la qual s&#8217;encarrega del seguiment i compilaci\u00f3 de tots els continguts generats per alumnes, mestres, les propies comissions de l&#8217;AFA , menjador, etc i, posteriorment, realitzen la maquetaci\u00f3 , publicaci\u00f3 i distribucio digital.<\/p>\n<p>Per a qualsevol informaci\u00f3 adicional, pots contactar -nos a: <a href=\"mailto:afa@esjep.cat\">afa@esjep.cat<\/a><\/p>\n<p>&nbsp;<\/p>\n<p>&nbsp;<\/p>\n","protected":false},"excerpt":{"rendered":"<p>\u00c9s una revista trimestral que es distribueix coincidint amb el tancament de les avaluacions escolars i, on es parla, entre d\u2019altres, de les activitats desenvolupades al llarg del curs: projectes curriculars, sortides, col\u00f2nies, activitats de l&#8217;AFA, temps de migdia, etc.<br \/>\nRAFEGA, la Revista de l\u2019AFA, anteriorment&hellip;  <a href=\"https:\/\/agora.xtec.cat\/ceip-esjep\/afa\/comissions-afa\/rampa\/\" title=\"Read Rafega\">Llegeix m\u00e9s\u00bb<\/a><\/p>\n","protected":false},"author":3,"featured_media":0,"parent":2493,"menu_order":4,"comment_status":"closed","ping_status":"closed","template":"page-templates\/side-menu.php","meta":{"_bbp_topic_count":0,"_bbp_reply_count":0,"_bbp_total_topic_count":0,"_bbp_total_reply_count":0,"_bbp_voice_count":0,"_bbp_anonymous_reply_count":0,"_bbp_topic_count_hidden":0,"_bbp_reply_count_hidden":0,"_bbp_forum_subforum_count":0,"footnotes":""},"class_list":["post-1303","page","type-page","status-publish","hentry"],"post_mailing_queue_ids":[],"_links":{"self":[{"href":"https:\/\/agora.xtec.cat\/ceip-esjep\/wp-json\/wp\/v2\/pages\/1303","targetHints":{"allow":["GET"]}}],"collection":[{"href":"https:\/\/agora.xtec.cat\/ceip-esjep\/wp-json\/wp\/v2\/pages"}],"about":[{"href":"https:\/\/agora.xtec.cat\/ceip-esjep\/wp-json\/wp\/v2\/types\/page"}],"author":[{"embeddable":true,"href":"https:\/\/agora.xtec.cat\/ceip-esjep\/wp-json\/wp\/v2\/users\/3"}],"replies":[{"embeddable":true,"href":"https:\/\/agora.xtec.cat\/ceip-esjep\/wp-json\/wp\/v2\/comments?post=1303"}],"version-history":[{"count":4,"href":"https:\/\/agora.xtec.cat\/ceip-esjep\/wp-json\/wp\/v2\/pages\/1303\/revisions"}],"predecessor-version":[{"id":4461,"href":"https:\/\/agora.xtec.cat\/ceip-esjep\/wp-json\/wp\/v2\/pages\/1303\/revisions\/4461"}],"up":[{"embeddable":true,"href":"https:\/\/agora.xtec.cat\/ceip-esjep\/wp-json\/wp\/v2\/pages\/2493"}],"wp:attachment":[{"href":"https:\/\/agora.xtec.cat\/ceip-esjep\/wp-json\/wp\/v2\/media?parent=1303"}],"curies":[{"name":"wp","href":"https:\/\/api.w.org\/{rel}","templated":true}]}}