{"id":105,"date":"2012-11-30T11:55:49","date_gmt":"2012-11-30T11:55:49","guid":{"rendered":"http:\/\/esjep.cat\/wp\/2012\/11\/30\/biblioteca\/"},"modified":"2019-09-17T11:04:33","modified_gmt":"2019-09-17T09:04:33","slug":"biblioteca","status":"publish","type":"page","link":"https:\/\/agora.xtec.cat\/ceip-esjep\/biblioteca\/","title":{"rendered":"Biblioteca"},"content":{"rendered":"<p>&nbsp;<\/p>\n<p style=\"text-align: center;\"><a href=\"https:\/\/agora.xtec.cat\/ceip-esjep\/wp-content\/uploads\/usu1456\/2019\/09\/IMG_6922.jpg\">\u00a0\u00a0<\/a> <a href=\"https:\/\/agora.xtec.cat\/ceip-esjep\/wp-content\/uploads\/usu1456\/2019\/09\/IMG_6928.jpg\"><img loading=\"lazy\" decoding=\"async\" class=\"alignnone size-medium wp-image-3149\" src=\"https:\/\/agora.xtec.cat\/ceip-esjep\/wp-content\/uploads\/usu1456\/2019\/09\/IMG_6928-300x225.jpg\" alt=\"\" width=\"300\" height=\"225\" srcset=\"https:\/\/agora.xtec.cat\/ceip-esjep\/wp-content\/uploads\/usu1456\/2019\/09\/IMG_6928-300x225.jpg 300w, https:\/\/agora.xtec.cat\/ceip-esjep\/wp-content\/uploads\/usu1456\/2019\/09\/IMG_6928-768x576.jpg 768w, https:\/\/agora.xtec.cat\/ceip-esjep\/wp-content\/uploads\/usu1456\/2019\/09\/IMG_6928-1024x768.jpg 1024w, https:\/\/agora.xtec.cat\/ceip-esjep\/wp-content\/uploads\/usu1456\/2019\/09\/IMG_6928-200x150.jpg 200w\" sizes=\"auto, (max-width: 300px) 100vw, 300px\" \/><\/a> <a href=\"https:\/\/agora.xtec.cat\/ceip-esjep\/wp-content\/uploads\/usu1456\/2019\/09\/IMG_6922.jpg\"><img loading=\"lazy\" decoding=\"async\" class=\"alignnone size-medium wp-image-3151\" src=\"https:\/\/agora.xtec.cat\/ceip-esjep\/wp-content\/uploads\/usu1456\/2019\/09\/IMG_6922-300x225.jpg\" alt=\"\" width=\"300\" height=\"225\" srcset=\"https:\/\/agora.xtec.cat\/ceip-esjep\/wp-content\/uploads\/usu1456\/2019\/09\/IMG_6922-300x225.jpg 300w, https:\/\/agora.xtec.cat\/ceip-esjep\/wp-content\/uploads\/usu1456\/2019\/09\/IMG_6922-768x576.jpg 768w, https:\/\/agora.xtec.cat\/ceip-esjep\/wp-content\/uploads\/usu1456\/2019\/09\/IMG_6922-1024x768.jpg 1024w, https:\/\/agora.xtec.cat\/ceip-esjep\/wp-content\/uploads\/usu1456\/2019\/09\/IMG_6922-200x150.jpg 200w\" sizes=\"auto, (max-width: 300px) 100vw, 300px\" \/><\/a> <a href=\"https:\/\/agora.xtec.cat\/ceip-esjep\/wp-content\/uploads\/usu1456\/2019\/09\/IMG_6923.jpg\"><img loading=\"lazy\" decoding=\"async\" class=\"alignnone size-medium wp-image-3152\" src=\"https:\/\/agora.xtec.cat\/ceip-esjep\/wp-content\/uploads\/usu1456\/2019\/09\/IMG_6923-300x225.jpg\" alt=\"\" width=\"300\" height=\"225\" srcset=\"https:\/\/agora.xtec.cat\/ceip-esjep\/wp-content\/uploads\/usu1456\/2019\/09\/IMG_6923-300x225.jpg 300w, https:\/\/agora.xtec.cat\/ceip-esjep\/wp-content\/uploads\/usu1456\/2019\/09\/IMG_6923-768x576.jpg 768w, https:\/\/agora.xtec.cat\/ceip-esjep\/wp-content\/uploads\/usu1456\/2019\/09\/IMG_6923-1024x768.jpg 1024w, https:\/\/agora.xtec.cat\/ceip-esjep\/wp-content\/uploads\/usu1456\/2019\/09\/IMG_6923-200x150.jpg 200w\" sizes=\"auto, (max-width: 300px) 100vw, 300px\" \/><\/a><\/p>\n<h3>El servei de Biblioteca<\/h3>\n<p>La biblioteca de l&#8217;escola Sant Josep i El Pi, situada en un espai ampli i acollidor, permet sentir i experimentar m\u00faltiples sensacions, on els nens, les nenes, les fam\u00edlies i els mestres del centre poden gaudir el plaer de la lectura. El curs passat, la biblioteca es va transformar en un espai m\u00e9s din\u00e0mic, flexible i acollidor, on els alumnes escullen les seves lectures segons la seva destresa lectora\u00a0 i no per la seva edat. L&#8217;objectiu d&#8217;aquest canvi d&#8217;enfoc \u00e9s acompanyar a tots i totes les alumnes en el seu proc\u00e9s d&#8217;adquisici\u00f3 de la lecto-escriptura.<\/p>\n<p>Els llibres i documents de la biblioteca poden endur-se a casa durant uns dies.<\/p>\n<p><span style=\"color: #339966;\">Horari de pr\u00e9stec:<\/span><\/p>\n<p>Del 4 d\u2019octubre-5 de juny. Els divendres a les 16:30, en acabar les classes.<\/p>\n<p>&nbsp;<\/p>\n<p style=\"text-align: center;\">\n<h3>La maleta viatgera<\/h3>\n<p>Es un altre element que relaciona la biblioteca amb les fam\u00edlies de <span style=\"color: #008000;\">l\u2019alumnat de cicle infantil.<\/span><\/p>\n<p>Cada grup-classe d&#8217;educaci\u00f3 infantil disposa<span style=\"color: #008000;\"> d\u2019una maleta.<\/span><\/p>\n<p>\u00c9s un servei de pr\u00e9stec molt especial. Normalment contenen una dotzena de llibres, del fons de l\u2019escola.<\/p>\n<p>Les maletes estan <span style=\"color: #008000;\">en pr\u00e9stec una setmana,<\/span> de manera que durant el curs \u00ab viatgen\u00bb per totes les cases.<\/p>\n<p>La fam\u00edlia pren el comprom\u00eds de compartir estones amb l&#8217;infant mirant, parlant i llegint els llibres. La fam\u00edlia, quan retorna la maleta, deixa escrites les seves sensacions a una llibreta i aquestes notes ens revelen els interessos de cada infant.<\/p>\n","protected":false},"excerpt":{"rendered":"<p>&nbsp;<br \/>\n<a href=\"https:\/\/agora.xtec.cat\/ceip-esjep\/wp-content\/uploads\/usu1456\/2019\/09\/IMG_6922.jpg\">\u00a0\u00a0<\/a> <a href=\"https:\/\/agora.xtec.cat\/ceip-esjep\/wp-content\/uploads\/usu1456\/2019\/09\/IMG_6928.jpg\"><\/a> <a href=\"https:\/\/agora.xtec.cat\/ceip-esjep\/wp-content\/uploads\/usu1456\/2019\/09\/IMG_6922.jpg\"><\/a> <a href=\"https:\/\/agora.xtec.cat\/ceip-esjep\/wp-content\/uploads\/usu1456\/2019\/09\/IMG_6923.jpg\"><\/a><br \/>\nEl servei de Biblioteca<br \/>\nLa biblioteca de l&#8217;escola Sant Josep i El Pi, situada en un espai ampli i acollidor, permet sentir i experimentar m\u00faltiples sensacions, on els nens, les nenes, les fam\u00edlies i els mestres del centre poden&hellip;  <a href=\"https:\/\/agora.xtec.cat\/ceip-esjep\/biblioteca\/\" title=\"Read Biblioteca\">Llegeix m\u00e9s\u00bb<\/a><\/p>\n","protected":false},"author":1,"featured_media":0,"parent":0,"menu_order":14,"comment_status":"closed","ping_status":"open","template":"","meta":{"_bbp_topic_count":0,"_bbp_reply_count":0,"_bbp_total_topic_count":0,"_bbp_total_reply_count":0,"_bbp_voice_count":0,"_bbp_anonymous_reply_count":0,"_bbp_topic_count_hidden":0,"_bbp_reply_count_hidden":0,"_bbp_forum_subforum_count":0,"footnotes":""},"class_list":["post-105","page","type-page","status-publish","hentry"],"post_mailing_queue_ids":[],"_links":{"self":[{"href":"https:\/\/agora.xtec.cat\/ceip-esjep\/wp-json\/wp\/v2\/pages\/105","targetHints":{"allow":["GET"]}}],"collection":[{"href":"https:\/\/agora.xtec.cat\/ceip-esjep\/wp-json\/wp\/v2\/pages"}],"about":[{"href":"https:\/\/agora.xtec.cat\/ceip-esjep\/wp-json\/wp\/v2\/types\/page"}],"author":[{"embeddable":true,"href":"https:\/\/agora.xtec.cat\/ceip-esjep\/wp-json\/wp\/v2\/users\/1"}],"replies":[{"embeddable":true,"href":"https:\/\/agora.xtec.cat\/ceip-esjep\/wp-json\/wp\/v2\/comments?post=105"}],"version-history":[{"count":3,"href":"https:\/\/agora.xtec.cat\/ceip-esjep\/wp-json\/wp\/v2\/pages\/105\/revisions"}],"predecessor-version":[{"id":3153,"href":"https:\/\/agora.xtec.cat\/ceip-esjep\/wp-json\/wp\/v2\/pages\/105\/revisions\/3153"}],"wp:attachment":[{"href":"https:\/\/agora.xtec.cat\/ceip-esjep\/wp-json\/wp\/v2\/media?parent=105"}],"curies":[{"name":"wp","href":"https:\/\/api.w.org\/{rel}","templated":true}]}}