{"id":36,"date":"2014-09-18T12:33:11","date_gmt":"2014-09-18T12:33:11","guid":{"rendered":"http:\/\/agora.xtec.cat\/ceip-escoladelmar\/?page_id=36"},"modified":"2025-09-02T12:39:55","modified_gmt":"2025-09-02T10:39:55","slug":"circular","status":"publish","type":"page","link":"https:\/\/agora.xtec.cat\/ceip-escoladelmar\/videotutorials\/circular\/","title":{"rendered":"Comencem el curs"},"content":{"rendered":"<p>Comencem un nou curs amb una mica de nervis per\u00f2 amb molt\u00edssimes ganes de retrobar-nos. Aqu\u00ed teniu un seguit d&#8217;informacions que s\u00f3n del vostre inter\u00e8s:<\/p>\n<ul>\n<li><a href=\"https:\/\/drive.google.com\/file\/d\/1oCa2QGANxbfV1x1poG3I5-E3HMCH_Bl2\/view\">Circular d&#8217;inici de curs 25-26<\/a><\/li>\n<li>Llistes provisionals dels grups:\n<ul>\n<li>Infantil: <a href=\"https:\/\/drive.google.com\/file\/d\/1I6TbZVaF7OR-9GJIghvhc_73iXzqllZj\/view?usp=sharing\">I3A<\/a>, <a href=\"https:\/\/drive.google.com\/file\/d\/1tt7zel0VHLuPncDOmhkgD-oXgyr2jDlt\/view?usp=sharing\">I3B<\/a>, <a href=\"https:\/\/drive.google.com\/file\/d\/1yoBuDAtAWxidUdCYcMi3uAQZPxtOLHmm\/view?usp=sharing\">I4A<\/a>, <a href=\"https:\/\/drive.google.com\/file\/d\/14LN77szC1fg7R-wSWwnoeGCTo8hCkGxY\/view?usp=sharing\">I4B<\/a>, i <a href=\"https:\/\/drive.google.com\/file\/d\/1T7xV_lPMMWdrTZNGpb6vLcGVcd35Uu0B\/view?usp=sharing\">I5<\/a><\/li>\n<li>Prim\u00e0ria: <a href=\"https:\/\/drive.google.com\/file\/d\/1O62l5kDHf5i39LL1uFWGK8BdvKIiIEAJ\/view?usp=sharing\">1rA<\/a>, <a href=\"https:\/\/drive.google.com\/file\/d\/1rI4uSPO8YlLaroDtj7bcm4atT2Zd4E0E\/view?usp=sharing\">1rB<\/a>, <a href=\"https:\/\/drive.google.com\/file\/d\/1sublhROxSQrYUHt_n_A2JlsOcE1ruK1Z\/view?usp=sharing\">2nA<\/a>, <a href=\"https:\/\/drive.google.com\/file\/d\/1jQxPdPwD2EfX0zGa9FLs7tGsmKUvQ1TN\/view?usp=sharing\">2nB<\/a>, <a href=\"https:\/\/drive.google.com\/file\/d\/1SfSdRFQWzxJeegZHN5vCZSdGOnuaEYVo\/view?usp=sharing\">3rA<\/a>, <a href=\"https:\/\/drive.google.com\/file\/d\/1Thvo05kEr49jek8Q2oQrpOL9NjDTTP10\/view?usp=sharing\">3rB<\/a>, <a href=\"https:\/\/drive.google.com\/file\/d\/1TidwSMnl63iCXDLqLLRWBWI1h-XxqEF9\/view?usp=sharing\">4tA<\/a>, <a href=\"https:\/\/drive.google.com\/file\/d\/1udYgXhk184ZShwmCc__YiWeFn04b7lgn\/view?usp=sharing\">4tB<\/a>, <a href=\"https:\/\/drive.google.com\/file\/d\/1m0biP0rxBs52jDS09wQYZyYNQjPB18jN\/view?usp=sharing\">5\u00e8A<\/a>, <a href=\"https:\/\/drive.google.com\/file\/d\/1jH1ioTBsmueJj9YACs3xkvhVqSBo9HOi\/view?usp=sharing\">5\u00e8B<\/a>, <a href=\"https:\/\/drive.google.com\/file\/d\/1depWX8X8IUHkAsiuU-ostjjZ6OzWA4Su\/view?usp=sharing\">6\u00e8A<\/a> i <a href=\"https:\/\/drive.google.com\/file\/d\/1YFDPGUW-uM4MTre9j_mrlDiQKzgSvIM1\/view?usp=sharing\">6\u00e8B<\/a><em>\u00a0<\/em><\/li>\n<\/ul>\n<\/li>\n<\/ul>\n<p>Si teniu algun dubte o necessiteu algun aclariment, feu-nos-ho saber i, intentarem donar-hi resposta.<\/p>\n","protected":false},"excerpt":{"rendered":"<p>Comencem un nou curs amb una mica de nervis per\u00f2 amb molt\u00edssimes ganes de retrobar-nos. Aqu\u00ed teniu un seguit d&#8217;informacions que s\u00f3n del vostre inter\u00e8s:<\/p>\n<ul>\n<li><a href=\"https:\/\/drive.google.com\/file\/d\/1oCa2QGANxbfV1x1poG3I5-E3HMCH_Bl2\/view\">Circular d&#8217;inici de curs 25-26<\/a><\/li>\n<li>Llistes provisionals dels grups:\n<ul>\n<li>Infantil: <a href=\"https:\/\/drive.google.com\/file\/d\/1I6TbZVaF7OR-9GJIghvhc_73iXzqllZj\/view?usp=sharing\">I3A<\/a>, <a href=\"https:\/\/drive.google.com\/file\/d\/1tt7zel0VHLuPncDOmhkgD-oXgyr2jDlt\/view?usp=sharing\">I3B<\/a>, <a href=\"https:\/\/drive.google.com\/file\/d\/1yoBuDAtAWxidUdCYcMi3uAQZPxtOLHmm\/view?usp=sharing\">I4A<\/a>, <a href=\"https:\/\/drive.google.com\/file\/d\/14LN77szC1fg7R-wSWwnoeGCTo8hCkGxY\/view?usp=sharing\">I4B<\/a>, i <a href=\"https:\/\/drive.google.com\/file\/d\/1T7xV_lPMMWdrTZNGpb6vLcGVcd35Uu0B\/view?usp=sharing\">I5<\/a><\/li>\n<li>Prim\u00e0ria: <a&hellip;  <a href=\"https:\/\/agora.xtec.cat\/ceip-escoladelmar\/videotutorials\/circular\/\" title=\"Read Comencem el curs\">Llegeix m\u00e9s\u00bb<\/a><br \/>\n","protected":false},"author":2,"featured_media":0,"parent":15753,"menu_order":10,"comment_status":"closed","ping_status":"closed","template":"page-templates\/side-menu.php","meta":{"_bbp_topic_count":0,"_bbp_reply_count":0,"_bbp_total_topic_count":0,"_bbp_total_reply_count":0,"_bbp_voice_count":0,"_bbp_anonymous_reply_count":0,"_bbp_topic_count_hidden":0,"_bbp_reply_count_hidden":0,"_bbp_forum_subforum_count":0,"footnotes":""},"class_list":["post-36","page","type-page","status-publish","hentry"],"post_mailing_queue_ids":[],"_links":{"self":[{"href":"https:\/\/agora.xtec.cat\/ceip-escoladelmar\/wp-json\/wp\/v2\/pages\/36","targetHints":{"allow":["GET"]}}],"collection":[{"href":"https:\/\/agora.xtec.cat\/ceip-escoladelmar\/wp-json\/wp\/v2\/pages"}],"about":[{"href":"https:\/\/agora.xtec.cat\/ceip-escoladelmar\/wp-json\/wp\/v2\/types\/page"}],"author":[{"embeddable":true,"href":"https:\/\/agora.xtec.cat\/ceip-escoladelmar\/wp-json\/wp\/v2\/users\/2"}],"replies":[{"embeddable":true,"href":"https:\/\/agora.xtec.cat\/ceip-escoladelmar\/wp-json\/wp\/v2\/comments?post=36"}],"version-history":[{"count":7,"href":"https:\/\/agora.xtec.cat\/ceip-escoladelmar\/wp-json\/wp\/v2\/pages\/36\/revisions"}],"predecessor-version":[{"id":18360,"href":"https:\/\/agora.xtec.cat\/ceip-escoladelmar\/wp-json\/wp\/v2\/pages\/36\/revisions\/18360"}],"up":[{"embeddable":true,"href":"https:\/\/agora.xtec.cat\/ceip-escoladelmar\/wp-json\/wp\/v2\/pages\/15753"}],"wp:attachment":[{"href":"https:\/\/agora.xtec.cat\/ceip-escoladelmar\/wp-json\/wp\/v2\/media?parent=36"}],"curies":[{"name":"wp","href":"https:\/\/api.w.org\/{rel}","templated":true}]}}