{"id":34,"date":"2014-09-18T12:32:18","date_gmt":"2014-09-18T11:32:18","guid":{"rendered":"http:\/\/agora.xtec.cat\/ceip-escoladelmar\/?page_id=34"},"modified":"2021-03-22T13:16:43","modified_gmt":"2021-03-22T12:16:43","slug":"presentacio","status":"publish","type":"page","link":"https:\/\/agora.xtec.cat\/ceip-escoladelmar\/lescola\/presentacio\/","title":{"rendered":"Com aprenem?"},"content":{"rendered":"<p><img loading=\"lazy\" decoding=\"async\" class=\"wp-image-12262 alignright\" src=\"https:\/\/agora.xtec.cat\/ceip-escoladelmar\/wp-content\/uploads\/usu183\/2020\/03\/joc.png\" alt=\"\" width=\"379\" height=\"247\" srcset=\"https:\/\/agora.xtec.cat\/ceip-escoladelmar\/wp-content\/uploads\/usu183\/2020\/03\/joc.png 431w, https:\/\/agora.xtec.cat\/ceip-escoladelmar\/wp-content\/uploads\/usu183\/2020\/03\/joc-300x196.png 300w\" sizes=\"auto, (max-width: 379px) 100vw, 379px\" \/><\/p>\n<p style=\"text-align: justify;\">Cada nen i cada nena t\u00e9 fortaleses i habilitats, aix\u00ed com debilitats i dificultats. Per aquest motiu, apostem per <span style=\"color: #000080;\"><strong>diferen<\/strong><strong style=\"font-family: inherit; font-size: 1em;\">ts metodologies<\/strong><\/span><span style=\"font-family: inherit; font-size: 1em;\"> per tal d\u2019oferir una atenci\u00f3\u00a0<\/span>personalitzada i donar una resposta m\u00e9s ajustada a les m\u00faltiples maneres d\u2019aprendre dels infants. Totes parteixen d\u2019una base vivencial i manipulativa per donar sentit a la construcci\u00f3 dels aprenentatges.<\/p>\n<p>&nbsp;<\/p>\n<p style=\"text-align: justify;\">De P3 a 6\u00e8 fem&#8230;<\/p>\n<p><img loading=\"lazy\" decoding=\"async\" class=\"wp-image-12267 alignleft\" src=\"https:\/\/agora.xtec.cat\/ceip-escoladelmar\/wp-content\/uploads\/usu183\/2020\/03\/racons.png\" alt=\"\" width=\"356\" height=\"251\" srcset=\"https:\/\/agora.xtec.cat\/ceip-escoladelmar\/wp-content\/uploads\/usu183\/2020\/03\/racons.png 410w, https:\/\/agora.xtec.cat\/ceip-escoladelmar\/wp-content\/uploads\/usu183\/2020\/03\/racons-300x211.png 300w\" sizes=\"auto, (max-width: 356px) 100vw, 356px\" \/><\/p>\n<p style=\"text-align: justify;\"><span style=\"color: #000080;\"><strong>JOCS<\/strong><\/span>, lliures o dirigits, com a entorns d\u2019aprenentatge molt valuosos que ofereixen un gran ventall d\u2019oportunitats per descobrir i\u00a0gaudir, individualment i entre iguals.<\/p>\n<p style=\"text-align: justify;\"><span style=\"color: #000080;\"><strong>PROJECTES<\/strong> <\/span>que inclouen un conjunt de propostes i activitats que es duen a terme amb la col\u00b7laboraci\u00f3 de tot el grup per aconseguir un objectiu com\u00fa. Es poden dur a terme en equips cooperatius o en petits grups col\u00b7laboratius.<\/p>\n<p>&nbsp;<\/p>\n<p style=\"text-align: justify;\"><span style=\"color: #000080;\"><strong>RACONS D\u2019APRENENTATGE<\/strong><\/span>, espais organitzats amb una tem\u00e0tica concreta (lectura, joc simb\u00f2lic, l\u00f2gica, lectoescriptura\u2026). On, en petit grup, es manipula, es relacione\u00a0conceptes, es comparteixen procediments i es desenvolupen converses entre iguals.<\/p>\n<p style=\"font-family: 'Helvetica Neue', Helvetica, Helvetica, Arial, sans-serif; font-size: 16px;\"><img loading=\"lazy\" decoding=\"async\" class=\"wp-image-12264 alignleft\" style=\"text-align: justify;\" src=\"https:\/\/agora.xtec.cat\/ceip-escoladelmar\/wp-content\/uploads\/usu183\/2020\/03\/investigacio.png\" alt=\"\" width=\"368\" height=\"278\" srcset=\"https:\/\/agora.xtec.cat\/ceip-escoladelmar\/wp-content\/uploads\/usu183\/2020\/03\/investigacio.png 397w, https:\/\/agora.xtec.cat\/ceip-escoladelmar\/wp-content\/uploads\/usu183\/2020\/03\/investigacio-300x227.png 300w, https:\/\/agora.xtec.cat\/ceip-escoladelmar\/wp-content\/uploads\/usu183\/2020\/03\/investigacio-200x150.png 200w\" sizes=\"auto, (max-width: 368px) 100vw, 368px\" \/><\/p>\n<p style=\"text-align: justify;\"><span style=\"color: #000080;\"><strong>T<\/strong><\/span><span style=\"color: #000080;\"><strong>ASQUES D\u2019INVESTIGACI\u00d3<\/strong><\/span><span style=\"font-family: inherit; font-size: 1em; text-align: justify;\"> en les que, partint d\u2019una proposta col\u00b7lectiva <\/span><span style=\"font-family: inherit; font-size: 1em; text-align: justify;\">o in<\/span><span style=\"font-family: inherit; font-size: 1em; text-align: justify;\">dividual, es duen a terme activitats de cerca d\u2019informaci\u00f3 fent \u00fas de diferents mitjans: llibres, diaris, r<\/span><span style=\"font-family: inherit; font-size: 1em; text-align: justify;\">evistes, recursos digitals, entrevistes, etc. Pot ser individual o en grup.<\/span><\/p>\n<p style=\"text-align: justify;\"><span style=\"color: #000080;\"><strong>REPTES INDIVIDUALS <\/strong><\/span>que sorgeixen de\u00a0<span style=\"font-family: inherit; font-size: 1em; text-align: justify;\">curiositats, preguntes i\/o suggeriments. A partir d\u2019aqu\u00ed, els nens i nenes desenvolupen diferents activitats de consulta, reflexi\u00f3 i comprovaci\u00f3 per resoldre el repte inicial.<\/span><\/p>\n<p>&nbsp;<\/p>\n<p style=\"text-align: justify;\">L\u2019\u00fas de les<span style=\"color: #000080;\"><strong> NOVES TECNOLOGIES <\/strong><\/span>forma part habitual del ventall d\u2019eines que tenim a l\u2019abast per avan\u00e7ar en el proc\u00e9s d\u2019ensenyament-aprenentatge.<\/p>\n<p><img loading=\"lazy\" decoding=\"async\" class=\"wp-image-12266 alignleft\" style=\"text-align: justify;\" src=\"https:\/\/agora.xtec.cat\/ceip-escoladelmar\/wp-content\/uploads\/usu183\/2020\/03\/aprenantatge.png\" alt=\"\" width=\"353\" height=\"219\" srcset=\"https:\/\/agora.xtec.cat\/ceip-escoladelmar\/wp-content\/uploads\/usu183\/2020\/03\/aprenantatge.png 472w, https:\/\/agora.xtec.cat\/ceip-escoladelmar\/wp-content\/uploads\/usu183\/2020\/03\/aprenantatge-300x186.png 300w\" sizes=\"auto, (max-width: 353px) 100vw, 353px\" \/><\/p>\n<p style=\"text-align: justify;\">A m\u00e9s, estem introduint els <span style=\"color: #000080;\"><strong>AMBIENTS D\u2019APRENENTATGE<\/strong><\/span> a Educaci\u00f3 Infantil. Aquests, s\u00f3n una nova manera de fer que complementa les metodologies abans esmentades. Aquesta nova proposta ofereix la possibilitat d\u2019interactuar en un espai dissenyat per descobrir nous materials, fer noves connexions i aprendre dels companys i companyes del cicle, m\u00e9s grans i m\u00e9s petits.<\/p>\n<p>&nbsp;<\/p>\n","protected":false},"excerpt":{"rendered":"<p>Cada nen i cada nena t\u00e9 fortaleses i habilitats, aix\u00ed com debilitats i dificultats. Per aquest motiu, apostem per diferents metodologies per tal d\u2019oferir una atenci\u00f3\u00a0personalitzada i donar una resposta m\u00e9s ajustada a les m\u00faltiples maneres d\u2019aprendre dels infants. Totes parteixen d\u2019una base vivencial i&hellip;  <a href=\"https:\/\/agora.xtec.cat\/ceip-escoladelmar\/lescola\/presentacio\/\" title=\"Read Com aprenem?\">Llegeix m\u00e9s\u00bb<\/a><\/p>\n","protected":false},"author":2,"featured_media":0,"parent":22,"menu_order":40,"comment_status":"closed","ping_status":"closed","template":"page-templates\/side-menu.php","meta":{"_bbp_topic_count":0,"_bbp_reply_count":0,"_bbp_total_topic_count":0,"_bbp_total_reply_count":0,"_bbp_voice_count":0,"_bbp_anonymous_reply_count":0,"_bbp_topic_count_hidden":0,"_bbp_reply_count_hidden":0,"_bbp_forum_subforum_count":0,"footnotes":""},"class_list":["post-34","page","type-page","status-publish","hentry"],"post_mailing_queue_ids":[],"_links":{"self":[{"href":"https:\/\/agora.xtec.cat\/ceip-escoladelmar\/wp-json\/wp\/v2\/pages\/34","targetHints":{"allow":["GET"]}}],"collection":[{"href":"https:\/\/agora.xtec.cat\/ceip-escoladelmar\/wp-json\/wp\/v2\/pages"}],"about":[{"href":"https:\/\/agora.xtec.cat\/ceip-escoladelmar\/wp-json\/wp\/v2\/types\/page"}],"author":[{"embeddable":true,"href":"https:\/\/agora.xtec.cat\/ceip-escoladelmar\/wp-json\/wp\/v2\/users\/2"}],"replies":[{"embeddable":true,"href":"https:\/\/agora.xtec.cat\/ceip-escoladelmar\/wp-json\/wp\/v2\/comments?post=34"}],"version-history":[{"count":4,"href":"https:\/\/agora.xtec.cat\/ceip-escoladelmar\/wp-json\/wp\/v2\/pages\/34\/revisions"}],"predecessor-version":[{"id":16288,"href":"https:\/\/agora.xtec.cat\/ceip-escoladelmar\/wp-json\/wp\/v2\/pages\/34\/revisions\/16288"}],"up":[{"embeddable":true,"href":"https:\/\/agora.xtec.cat\/ceip-escoladelmar\/wp-json\/wp\/v2\/pages\/22"}],"wp:attachment":[{"href":"https:\/\/agora.xtec.cat\/ceip-escoladelmar\/wp-json\/wp\/v2\/media?parent=34"}],"curies":[{"name":"wp","href":"https:\/\/api.w.org\/{rel}","templated":true}]}}