{"id":24,"date":"2014-09-18T12:23:15","date_gmt":"2014-09-18T11:23:15","guid":{"rendered":"http:\/\/agora.xtec.cat\/ceip-escoladelmar\/?page_id=24"},"modified":"2021-03-22T13:15:58","modified_gmt":"2021-03-22T12:15:58","slug":"on-som","status":"publish","type":"page","link":"https:\/\/agora.xtec.cat\/ceip-escoladelmar\/lescola\/on-som\/","title":{"rendered":"Qu\u00e8 volem?"},"content":{"rendered":"<p>&nbsp;<\/p>\n<p><img loading=\"lazy\" decoding=\"async\" class=\" wp-image-12250 alignleft\" src=\"https:\/\/agora.xtec.cat\/ceip-escoladelmar\/wp-content\/uploads\/usu183\/2020\/03\/Imagen-1-1.png\" alt=\"\" width=\"251\" height=\"195\" srcset=\"https:\/\/agora.xtec.cat\/ceip-escoladelmar\/wp-content\/uploads\/usu183\/2020\/03\/Imagen-1-1.png 320w, https:\/\/agora.xtec.cat\/ceip-escoladelmar\/wp-content\/uploads\/usu183\/2020\/03\/Imagen-1-1-300x233.png 300w\" sizes=\"auto, (max-width: 251px) 100vw, 251px\" \/><\/p>\n<p>&nbsp;<\/p>\n<p style=\"text-align: justify;\">Fer de cada infant el <strong><span style=\"color: #000080;\">protagonista del seu propi aprenentatge<\/span><\/strong>, desenvolupant les compet\u00e8ncies b\u00e0siques per tal que pugui actuar amb autonomia, iniciativa, coneixement i esperit cr\u00edtic, en aquest m\u00f3n en constant evoluci\u00f3 i canvi.<\/p>\n<p>&nbsp;<\/p>\n<p>&nbsp;<\/p>\n<p><img loading=\"lazy\" decoding=\"async\" class=\"wp-image-12251 alignleft\" src=\"https:\/\/agora.xtec.cat\/ceip-escoladelmar\/wp-content\/uploads\/usu183\/2020\/03\/Imagen-2.png\" alt=\"\" width=\"253\" height=\"167\" srcset=\"https:\/\/agora.xtec.cat\/ceip-escoladelmar\/wp-content\/uploads\/usu183\/2020\/03\/Imagen-2.png 402w, https:\/\/agora.xtec.cat\/ceip-escoladelmar\/wp-content\/uploads\/usu183\/2020\/03\/Imagen-2-300x199.png 300w\" sizes=\"auto, (max-width: 253px) 100vw, 253px\" \/><\/p>\n<p style=\"text-align: justify;\"><span style=\"font-family: inherit; font-size: 1em;\">Promoure una actitud positiva de <\/span><span style=\"color: #000080;\"><strong style=\"font-family: inherit; font-size: 1em;\">millora cont\u00ednua<\/strong><\/span><span style=\"font-family: inherit; font-size: 1em;\">, individual i col\u00b7lectiva, potenciant l\u2019esfor\u00e7 i la responsabilitat per tal puguin\u00a0<\/span>aconseguir tot all\u00f2 que es proposin. Entenem i valorem l\u2019error com una oportunitat d\u2019aprenentatge i de construcci\u00f3 de nous pensaments.<\/p>\n<p>&nbsp;<\/p>\n<p>&nbsp;<\/p>\n<p><img loading=\"lazy\" decoding=\"async\" class=\"wp-image-12252 alignleft\" src=\"https:\/\/agora.xtec.cat\/ceip-escoladelmar\/wp-content\/uploads\/usu183\/2020\/03\/Imagen-3.png\" alt=\"\" width=\"275\" height=\"132\" srcset=\"https:\/\/agora.xtec.cat\/ceip-escoladelmar\/wp-content\/uploads\/usu183\/2020\/03\/Imagen-3.png 616w, https:\/\/agora.xtec.cat\/ceip-escoladelmar\/wp-content\/uploads\/usu183\/2020\/03\/Imagen-3-300x144.png 300w\" sizes=\"auto, (max-width: 275px) 100vw, 275px\" \/><\/p>\n<p style=\"text-align: justify;\">Cuidar tots els aspectes que facin possible gaudir del dia a dia a l\u2019escola, posant especial \u00e8mfasi en el foment de la <span style=\"color: #000080;\"><strong>conviv\u00e8ncia i de la inclusi\u00f3<\/strong><\/span>, perqu\u00e8 tothom hi trobi un espai de tranquil\u00b7litat, acceptaci\u00f3, benestar i felicitat.<\/p>\n<p>&nbsp;<\/p>\n<p>&nbsp;<\/p>\n","protected":false},"excerpt":{"rendered":"<p>&nbsp;<\/p>\n<p>&nbsp;<br \/>\nFer de cada infant el protagonista del seu propi aprenentatge, desenvolupant les compet\u00e8ncies b\u00e0siques per tal que pugui actuar amb autonomia, iniciativa, coneixement i esperit cr\u00edtic, en aquest m\u00f3n en constant evoluci\u00f3 i canvi.<br \/>\n&nbsp;<br \/>\n&nbsp;<\/p>\n<p>Promoure una actitud positiva de millora cont\u00ednua, individual i col\u00b7lectiva, potenciant l\u2019esfor\u00e7&hellip;  <a href=\"https:\/\/agora.xtec.cat\/ceip-escoladelmar\/lescola\/on-som\/\" title=\"Read Qu\u00e8 volem?\">Llegeix m\u00e9s\u00bb<\/a><\/p>\n","protected":false},"author":2,"featured_media":0,"parent":22,"menu_order":20,"comment_status":"closed","ping_status":"closed","template":"page-templates\/side-menu.php","meta":{"_bbp_topic_count":0,"_bbp_reply_count":0,"_bbp_total_topic_count":0,"_bbp_total_reply_count":0,"_bbp_voice_count":0,"_bbp_anonymous_reply_count":0,"_bbp_topic_count_hidden":0,"_bbp_reply_count_hidden":0,"_bbp_forum_subforum_count":0,"footnotes":""},"class_list":["post-24","page","type-page","status-publish","hentry"],"post_mailing_queue_ids":[],"_links":{"self":[{"href":"https:\/\/agora.xtec.cat\/ceip-escoladelmar\/wp-json\/wp\/v2\/pages\/24","targetHints":{"allow":["GET"]}}],"collection":[{"href":"https:\/\/agora.xtec.cat\/ceip-escoladelmar\/wp-json\/wp\/v2\/pages"}],"about":[{"href":"https:\/\/agora.xtec.cat\/ceip-escoladelmar\/wp-json\/wp\/v2\/types\/page"}],"author":[{"embeddable":true,"href":"https:\/\/agora.xtec.cat\/ceip-escoladelmar\/wp-json\/wp\/v2\/users\/2"}],"replies":[{"embeddable":true,"href":"https:\/\/agora.xtec.cat\/ceip-escoladelmar\/wp-json\/wp\/v2\/comments?post=24"}],"version-history":[{"count":3,"href":"https:\/\/agora.xtec.cat\/ceip-escoladelmar\/wp-json\/wp\/v2\/pages\/24\/revisions"}],"predecessor-version":[{"id":16287,"href":"https:\/\/agora.xtec.cat\/ceip-escoladelmar\/wp-json\/wp\/v2\/pages\/24\/revisions\/16287"}],"up":[{"embeddable":true,"href":"https:\/\/agora.xtec.cat\/ceip-escoladelmar\/wp-json\/wp\/v2\/pages\/22"}],"wp:attachment":[{"href":"https:\/\/agora.xtec.cat\/ceip-escoladelmar\/wp-json\/wp\/v2\/media?parent=24"}],"curies":[{"name":"wp","href":"https:\/\/api.w.org\/{rel}","templated":true}]}}