{"id":22,"date":"2014-09-18T12:19:57","date_gmt":"2014-09-18T12:19:57","guid":{"rendered":"http:\/\/agora.xtec.cat\/ceip-escoladelmar\/?page_id=22"},"modified":"2022-02-21T23:03:01","modified_gmt":"2022-02-21T22:03:01","slug":"lescola","status":"publish","type":"page","link":"https:\/\/agora.xtec.cat\/ceip-escoladelmar\/lescola\/","title":{"rendered":"L&#8217;ESCOLA"},"content":{"rendered":"<p style=\"text-align: center;\"><iframe loading=\"lazy\" src=\"https:\/\/www.youtube.com\/embed\/GB2JtuTEvh8\" width=\"700\" height=\"455\" frameborder=\"0\" data-mce-fragment=\"1\"><\/iframe><\/p>\n<p>&nbsp;<\/p>\n<p><img loading=\"lazy\" decoding=\"async\" class=\"size-full wp-image-12243 alignleft\" src=\"https:\/\/agora.xtec.cat\/ceip-escoladelmar\/wp-content\/uploads\/usu183\/2020\/03\/escola.png\" alt=\"\" width=\"89\" height=\"91\" \/><\/p>\n<p>&nbsp;<\/p>\n<p style=\"text-align: justify;\">L\u2019objectiu principal de la nostra tasca educativa \u00e9s el <span style=\"color: #000080;\"><strong>desenvolupament integral<\/strong><\/span> de l\u2019alumnat, en tots els seus aspectes: emocional, creatiu, intel\u00b7lectual, social, cultural, acad\u00e8mic\u2026<\/p>\n<p>&nbsp;<\/p>\n<p style=\"text-align: justify;\"><img loading=\"lazy\" decoding=\"async\" class=\"size-full wp-image-12244 alignleft\" src=\"https:\/\/agora.xtec.cat\/ceip-escoladelmar\/wp-content\/uploads\/usu183\/2020\/03\/escola1.png\" alt=\"\" width=\"91\" height=\"91\" \/>Promovem la <span style=\"color: #000080;\"><strong>relaci\u00f3 fam\u00edlia-escola<\/strong><\/span> guiant, informant i compartint el proc\u00e9s d\u2019aprenentatge i maduraci\u00f3, dins l\u2019\u00e0mbit escolar, dels vostres fills\/es amb la intenci\u00f3 de seguir una mateixa direcci\u00f3 per aconseguir els objectius que ens s\u00f3n comuns.<\/p>\n<p>&nbsp;<\/p>\n<p style=\"text-align: justify;\"><img loading=\"lazy\" decoding=\"async\" class=\"size-full wp-image-12246 alignleft\" src=\"https:\/\/agora.xtec.cat\/ceip-escoladelmar\/wp-content\/uploads\/usu183\/2020\/03\/escola2.png\" alt=\"\" width=\"91\" height=\"91\" \/><\/p>\n<p style=\"text-align: justify;\">Eduquem en <span style=\"color: #000080;\"><strong>valors universals individuals i socials<\/strong><\/span> que ajuden a fer cr\u00e9ixer les persones i, a la vegada, esdevenen motors de transformaci\u00f3 de la nostra societat i del m\u00f3n. Valors que promouen la pau i la conviv\u00e8ncia, tals com el di\u00e0leg, la toler\u00e0ncia, el respecte pels altres, per les seves idees, per altres cultures i tamb\u00e9 la cura del nostre entorn i la sostenibilitat els nostres recursos.<\/p>\n<p>&nbsp;<\/p>\n<p style=\"text-align: justify;\"><img loading=\"lazy\" decoding=\"async\" class=\"size-full wp-image-12248 alignleft\" src=\"https:\/\/agora.xtec.cat\/ceip-escoladelmar\/wp-content\/uploads\/usu183\/2020\/03\/escola3.png\" alt=\"\" width=\"102\" height=\"104\" \/><\/p>\n<p style=\"text-align: justify;\">Som una <span style=\"color: #000080;\"><strong>escola inclusiva<\/strong><\/span> i entenem la diversitat (f\u00edsica, intel\u00b7lectual, cultural, de g\u00e8nere\u2026) com una font de riquesa, promovent el desenvolupament de tot l\u2019alumnat, d\u2019acord amb les seves caracter\u00edstiques personals i les de les persones que estan al seu voltant.<\/p>\n<p>&nbsp;<\/p>\n<p>&nbsp;<\/p>\n<p style=\"text-align: justify;\"><img loading=\"lazy\" decoding=\"async\" class=\"size-full wp-image-12242 alignleft\" src=\"https:\/\/agora.xtec.cat\/ceip-escoladelmar\/wp-content\/uploads\/usu183\/2020\/03\/escola4.png\" alt=\"\" width=\"102\" height=\"104\" \/><\/p>\n<p style=\"text-align: justify;\">Som una <span style=\"color: #000080;\"><strong>escola catalana<\/strong><\/span>, arrelada al seu entorn m\u00e9s proper, Vilassar de Mar i Catalunya, per\u00f2 oberta a la resta de l\u2019estat i al m\u00f3n. Sovint participem en activitats de poble i col\u00b7laborem amb l\u2019Ajuntament, les escoles i altres entitats locals.<\/p>\n<p>&nbsp;<\/p>\n<p style=\"text-align: justify;\"><img loading=\"lazy\" decoding=\"async\" class=\"size-full wp-image-12245 alignleft\" src=\"https:\/\/agora.xtec.cat\/ceip-escoladelmar\/wp-content\/uploads\/usu183\/2020\/03\/escola5.png\" alt=\"\" width=\"102\" height=\"104\" \/><\/p>\n<p>&nbsp;<\/p>\n<p style=\"text-align: justify;\">Creiem en la <span style=\"color: #000080;\"><strong>formaci\u00f3 permanent<\/strong><\/span> de tota la comunitat educativa. Partim de la reflexi\u00f3 constant sobre la nostra pr\u00e0ctica docent, utilitzem la <span style=\"color: #000080;\"><strong>innovaci\u00f3<\/strong><\/span>, tant pedag\u00f2gica com tecnol\u00f2gica, com a estrat\u00e8gia de millora sostinguda.<\/p>\n<p><img loading=\"lazy\" decoding=\"async\" class=\"aligncenter size-full wp-image-12247\" src=\"https:\/\/agora.xtec.cat\/ceip-escoladelmar\/wp-content\/uploads\/usu183\/2020\/03\/escola6.png\" alt=\"\" width=\"822\" height=\"318\" srcset=\"https:\/\/agora.xtec.cat\/ceip-escoladelmar\/wp-content\/uploads\/usu183\/2020\/03\/escola6.png 822w, https:\/\/agora.xtec.cat\/ceip-escoladelmar\/wp-content\/uploads\/usu183\/2020\/03\/escola6-300x116.png 300w, https:\/\/agora.xtec.cat\/ceip-escoladelmar\/wp-content\/uploads\/usu183\/2020\/03\/escola6-768x297.png 768w\" sizes=\"auto, (max-width: 822px) 100vw, 822px\" \/><\/p>\n<p><img class=\"aligncenter\" \/><\/p>\n<p><img class=\"aligncenter\" \/><\/p>\n<p><img class=\"aligncenter\" \/><\/p>\n<p><img class=\"aligncenter\" \/><\/p>\n","protected":false},"excerpt":{"rendered":"<p>&nbsp;<\/p>\n<p>&nbsp;<br \/>\nL\u2019objectiu principal de la nostra tasca educativa \u00e9s el desenvolupament integral de l\u2019alumnat, en tots els seus aspectes: emocional, creatiu, intel\u00b7lectual, social, cultural, acad\u00e8mic\u2026<br \/>\n&nbsp;<br \/>\nPromovem la relaci\u00f3 fam\u00edlia-escola guiant, informant i compartint el proc\u00e9s d\u2019aprenentatge i maduraci\u00f3, dins l\u2019\u00e0mbit escolar, dels vostres fills\/es amb la intenci\u00f3&hellip;  <a href=\"https:\/\/agora.xtec.cat\/ceip-escoladelmar\/lescola\/\" title=\"Read L&#8217;ESCOLA\">Llegeix m\u00e9s\u00bb<\/a><\/p>\n","protected":false},"author":2,"featured_media":0,"parent":0,"menu_order":0,"comment_status":"closed","ping_status":"closed","template":"page-templates\/side-menu.php","meta":{"_bbp_topic_count":0,"_bbp_reply_count":0,"_bbp_total_topic_count":0,"_bbp_total_reply_count":0,"_bbp_voice_count":0,"_bbp_anonymous_reply_count":0,"_bbp_topic_count_hidden":0,"_bbp_reply_count_hidden":0,"_bbp_forum_subforum_count":0,"footnotes":""},"class_list":["post-22","page","type-page","status-publish","hentry"],"post_mailing_queue_ids":[],"_links":{"self":[{"href":"https:\/\/agora.xtec.cat\/ceip-escoladelmar\/wp-json\/wp\/v2\/pages\/22","targetHints":{"allow":["GET"]}}],"collection":[{"href":"https:\/\/agora.xtec.cat\/ceip-escoladelmar\/wp-json\/wp\/v2\/pages"}],"about":[{"href":"https:\/\/agora.xtec.cat\/ceip-escoladelmar\/wp-json\/wp\/v2\/types\/page"}],"author":[{"embeddable":true,"href":"https:\/\/agora.xtec.cat\/ceip-escoladelmar\/wp-json\/wp\/v2\/users\/2"}],"replies":[{"embeddable":true,"href":"https:\/\/agora.xtec.cat\/ceip-escoladelmar\/wp-json\/wp\/v2\/comments?post=22"}],"version-history":[{"count":3,"href":"https:\/\/agora.xtec.cat\/ceip-escoladelmar\/wp-json\/wp\/v2\/pages\/22\/revisions"}],"predecessor-version":[{"id":12094,"href":"https:\/\/agora.xtec.cat\/ceip-escoladelmar\/wp-json\/wp\/v2\/pages\/22\/revisions\/12094"}],"wp:attachment":[{"href":"https:\/\/agora.xtec.cat\/ceip-escoladelmar\/wp-json\/wp\/v2\/media?parent=22"}],"curies":[{"name":"wp","href":"https:\/\/api.w.org\/{rel}","templated":true}]}}