{"id":16729,"date":"2021-03-22T13:06:19","date_gmt":"2021-03-22T12:06:19","guid":{"rendered":"https:\/\/agora.xtec.cat\/ceip-escoladelmar\/?page_id=16729"},"modified":"2021-03-22T13:16:20","modified_gmt":"2021-03-22T12:16:20","slug":"que-aprenem","status":"publish","type":"page","link":"https:\/\/agora.xtec.cat\/ceip-escoladelmar\/lescola\/que-aprenem\/","title":{"rendered":"Qu\u00e8 aprenem?"},"content":{"rendered":"<p>Igual que la nostra societat, l&#8217;educaci\u00f3 evoluciona cada dia. Per aquest motiu, us volem compartir com est\u00e0 organitzat el curr\u00edculum i en qu\u00e8 invertim els nostres esfor\u00e7os en el proc\u00e9s d&#8217;ensenyament &#8211; aprenentatge dels vostres fills\/es.<\/p>\n<p>El curr\u00edculum s\u2019organitza en \u00e0mbits que agrupen les \u00e0rees de coneixement. A cada \u00e0mbit s\u2019estableixen les compet\u00e8ncies b\u00e0siques pr\u00f2pies de cada \u00e0mbit agrupades en dimensions.<\/p>\n<p>Entenem per compet\u00e8ncia la capacitat de resoldre problemes reals, aplicant i relacionant coneixements, habilitats i actituds en contextos diversos.<\/p>\n<p>En aquesta presentaci\u00f3 veureu els \u00e0mbits i \u00e0rees que es treballen, les capacitats (educaci\u00f3 infantil) i compet\u00e8ncies (educaci\u00f3 prim\u00e0ria) que es volen assolir i els criteris d&#8217;avaluaci\u00f3 d&#8217;ambdues etapes.<\/p>\n<div style=\"width: 100%;\">\n<div style=\"position: relative; padding-bottom: 56.25%; padding-top: 0; height: 0;\"><iframe loading=\"lazy\" src=\"https:\/\/view.genial.ly\/603e6532baa8980d85bd0d61\" width=\"1000\" height=\"475\" frameborder=\"0\"><\/iframe><\/div>\n<\/div>\n<p>&nbsp;<\/p>\n","protected":false},"excerpt":{"rendered":"<p>Igual que la nostra societat, l&#8217;educaci\u00f3 evoluciona cada dia. Per aquest motiu, us volem compartir com est\u00e0 organitzat el curr\u00edculum i en qu\u00e8 invertim els nostres esfor\u00e7os en el proc\u00e9s d&#8217;ensenyament &#8211; aprenentatge dels vostres fills\/es.<br \/>\nEl curr\u00edculum s\u2019organitza en \u00e0mbits que agrupen les \u00e0rees de&hellip;  <a href=\"https:\/\/agora.xtec.cat\/ceip-escoladelmar\/lescola\/que-aprenem\/\" title=\"Read Qu\u00e8 aprenem?\">Llegeix m\u00e9s\u00bb<\/a><\/p>\n","protected":false},"author":1,"featured_media":0,"parent":22,"menu_order":30,"comment_status":"closed","ping_status":"closed","template":"page-templates\/side-menu.php","meta":{"_bbp_topic_count":0,"_bbp_reply_count":0,"_bbp_total_topic_count":0,"_bbp_total_reply_count":0,"_bbp_voice_count":0,"_bbp_anonymous_reply_count":0,"_bbp_topic_count_hidden":0,"_bbp_reply_count_hidden":0,"_bbp_forum_subforum_count":0,"footnotes":""},"class_list":["post-16729","page","type-page","status-publish","hentry"],"post_mailing_queue_ids":[],"_links":{"self":[{"href":"https:\/\/agora.xtec.cat\/ceip-escoladelmar\/wp-json\/wp\/v2\/pages\/16729","targetHints":{"allow":["GET"]}}],"collection":[{"href":"https:\/\/agora.xtec.cat\/ceip-escoladelmar\/wp-json\/wp\/v2\/pages"}],"about":[{"href":"https:\/\/agora.xtec.cat\/ceip-escoladelmar\/wp-json\/wp\/v2\/types\/page"}],"author":[{"embeddable":true,"href":"https:\/\/agora.xtec.cat\/ceip-escoladelmar\/wp-json\/wp\/v2\/users\/1"}],"replies":[{"embeddable":true,"href":"https:\/\/agora.xtec.cat\/ceip-escoladelmar\/wp-json\/wp\/v2\/comments?post=16729"}],"version-history":[{"count":1,"href":"https:\/\/agora.xtec.cat\/ceip-escoladelmar\/wp-json\/wp\/v2\/pages\/16729\/revisions"}],"predecessor-version":[{"id":16730,"href":"https:\/\/agora.xtec.cat\/ceip-escoladelmar\/wp-json\/wp\/v2\/pages\/16729\/revisions\/16730"}],"up":[{"embeddable":true,"href":"https:\/\/agora.xtec.cat\/ceip-escoladelmar\/wp-json\/wp\/v2\/pages\/22"}],"wp:attachment":[{"href":"https:\/\/agora.xtec.cat\/ceip-escoladelmar\/wp-json\/wp\/v2\/media?parent=16729"}],"curies":[{"name":"wp","href":"https:\/\/api.w.org\/{rel}","templated":true}]}}