{"id":16575,"date":"2021-02-13T12:11:16","date_gmt":"2021-02-13T11:11:16","guid":{"rendered":"https:\/\/agora.xtec.cat\/ceip-escoladelmar\/?page_id=16575"},"modified":"2025-09-02T11:13:14","modified_gmt":"2025-09-02T09:13:14","slug":"proposits-del-curs","status":"publish","type":"page","link":"https:\/\/agora.xtec.cat\/ceip-escoladelmar\/videotutorials\/proposits-del-curs\/","title":{"rendered":"Prop\u00f2sits del curs"},"content":{"rendered":"<p style=\"text-align: justify;\">Tot el que ens envolta est\u00e0 en constant canvi i transformaci\u00f3, igual que l&#8217;escola. Any rere any, i tenint en compte les necessitats de l&#8217;alumnat, les fam\u00edlies i les persones que formem part de la comunitat educativa, anem millorant diversos aspectes.<\/p>\n<p style=\"text-align: justify;\">\u00d2bviament, tots els canvis tenen un factor com\u00fa: cadascun d&#8217;ells va acompanyat d&#8217;una proposta inicial, valoraci\u00f3 i relfexi\u00f3 pr\u00e8via. Per contra, la difer\u00e8ncia principal \u00e9s que els fruits i\/o resultats d&#8217;aquests canvis, a vegades, s\u00f3n visibles a curt, mitj\u00e0 o llarg termini.<\/p>\n<p style=\"text-align: justify;\">Con\u00e8ixer els canvis que fem i tenir-los present ens ajuda a seguir construint l&#8217;escola que volem. Per aquest motiu, volem compartir amb vosaltres els prop\u00f2sits m\u00e9s significatius que farem curs rere curs.<\/p>\n<ul style=\"list-style-type: circle;\">\n<li><a href=\"https:\/\/drive.google.com\/file\/d\/13O3uQbjA_J6UyBB8b4PFUkoh9Ons3OoY\/view\">Prop\u00f2sits del curs 2025-26<\/a><\/li>\n<li><a href=\"https:\/\/drive.google.com\/file\/d\/1MKAsBE1_0bObs1iW6SxrMBnpdlSvXZhY\/view\">Prop\u00f2sits del curs 2024-25<\/a><\/li>\n<li style=\"text-align: left;\"><a href=\"https:\/\/drive.google.com\/file\/d\/1w3-H5ku1F7ezv1NYRJF2gAW9fLlbMlgR\/view?usp=sharing\">Prop\u00f2sits del curs 2023-24<\/a><\/li>\n<li style=\"text-align: left;\"><a style=\"font-family: inherit; font-size: 1em;\" href=\"https:\/\/drive.google.com\/file\/d\/1SzeHmxDuQ72N7cwZ7O9NpCSBZSPUNQjG\/view\">Prop\u00f2sits del curs 2022-23<\/a><\/li>\n<li style=\"text-align: left;\"><a style=\"font-family: inherit; font-size: 1em;\" href=\"https:\/\/drive.google.com\/file\/d\/1K1c83kKbi7hBn9PwQYnZJp2JTA1UKhiz\/view?usp=sharing\">Prop\u00f2sits dels curs 2021-22<\/a><\/li>\n<li style=\"text-align: left;\"><a style=\"font-family: inherit; font-size: 1em;\" href=\"https:\/\/drive.google.com\/file\/d\/1GFgmKWacqv1ZFhz23E3zkbnhHbjaPR-B\/view?usp=sharing\">Prop\u00f2sits del curs 2020-21<\/a><\/li>\n<\/ul>\n<p>&nbsp;<\/p>\n","protected":false},"excerpt":{"rendered":"<p>Tot el que ens envolta est\u00e0 en constant canvi i transformaci\u00f3, igual que l&#8217;escola. Any rere any, i tenint en compte les necessitats de l&#8217;alumnat, les fam\u00edlies i les persones que formem part de la comunitat educativa, anem millorant diversos aspectes.<br \/>\n\u00d2bviament, tots els canvis tenen&hellip;  <a href=\"https:\/\/agora.xtec.cat\/ceip-escoladelmar\/videotutorials\/proposits-del-curs\/\" title=\"Read Prop\u00f2sits del curs\">Llegeix m\u00e9s\u00bb<\/a><\/p>\n","protected":false},"author":1,"featured_media":0,"parent":15753,"menu_order":30,"comment_status":"closed","ping_status":"closed","template":"page-templates\/side-menu.php","meta":{"_bbp_topic_count":0,"_bbp_reply_count":0,"_bbp_total_topic_count":0,"_bbp_total_reply_count":0,"_bbp_voice_count":0,"_bbp_anonymous_reply_count":0,"_bbp_topic_count_hidden":0,"_bbp_reply_count_hidden":0,"_bbp_forum_subforum_count":0,"footnotes":""},"class_list":["post-16575","page","type-page","status-publish","hentry"],"post_mailing_queue_ids":[],"_links":{"self":[{"href":"https:\/\/agora.xtec.cat\/ceip-escoladelmar\/wp-json\/wp\/v2\/pages\/16575","targetHints":{"allow":["GET"]}}],"collection":[{"href":"https:\/\/agora.xtec.cat\/ceip-escoladelmar\/wp-json\/wp\/v2\/pages"}],"about":[{"href":"https:\/\/agora.xtec.cat\/ceip-escoladelmar\/wp-json\/wp\/v2\/types\/page"}],"author":[{"embeddable":true,"href":"https:\/\/agora.xtec.cat\/ceip-escoladelmar\/wp-json\/wp\/v2\/users\/1"}],"replies":[{"embeddable":true,"href":"https:\/\/agora.xtec.cat\/ceip-escoladelmar\/wp-json\/wp\/v2\/comments?post=16575"}],"version-history":[{"count":5,"href":"https:\/\/agora.xtec.cat\/ceip-escoladelmar\/wp-json\/wp\/v2\/pages\/16575\/revisions"}],"predecessor-version":[{"id":18355,"href":"https:\/\/agora.xtec.cat\/ceip-escoladelmar\/wp-json\/wp\/v2\/pages\/16575\/revisions\/18355"}],"up":[{"embeddable":true,"href":"https:\/\/agora.xtec.cat\/ceip-escoladelmar\/wp-json\/wp\/v2\/pages\/15753"}],"wp:attachment":[{"href":"https:\/\/agora.xtec.cat\/ceip-escoladelmar\/wp-json\/wp\/v2\/media?parent=16575"}],"curies":[{"name":"wp","href":"https:\/\/api.w.org\/{rel}","templated":true}]}}