{"id":14763,"date":"2023-01-16T09:00:11","date_gmt":"2023-01-16T08:00:11","guid":{"rendered":"https:\/\/agora.xtec.cat\/ceip-escoladelmar\/?page_id=14763"},"modified":"2026-04-24T15:32:28","modified_gmt":"2026-04-24T13:32:28","slug":"preinscripcio-i-matriculacio-curs-23-34","status":"publish","type":"page","link":"https:\/\/agora.xtec.cat\/ceip-escoladelmar\/2015-16\/preinscripcio-i-matriculacio-curs-23-34\/","title":{"rendered":"Preinscripci\u00f3\/Matriculaci\u00f3 pel curs 2026-27"},"content":{"rendered":"<p><strong>Publicacions:<\/strong> en aquest apartat publicarem totes les novetats amb relaci\u00f3 al proc\u00e9s de preinscripci\u00f3 i matriculaci\u00f3<\/p>\n<ul>\n<li>10 de juny: Publicaci\u00f3 de l&#8217;oferta final.<\/li>\n<li>29 d&#8217;abril: Publicaci\u00f3 de la llista de sol\u00b7licituds que han demanat el centre i l\u2019ensenyament en primera petici\u00f3 ordenada.<\/li>\n<li>28 d&#8217;abril: Sorteig.<\/li>\n<li>23 d&#8217;abril: <a href=\"https:\/\/drive.google.com\/file\/d\/1STBAJP_GBcXTDjHOuuHUTEqTYCKnX98X\/view?usp=sharing\">Publicaci\u00f3 de la llista amb la puntuaci\u00f3<\/a>, resoltes les reclamacions.<\/li>\n<li>15 d&#8217;abril: <a href=\"https:\/\/drive.google.com\/file\/d\/1EsXptXrVs0EraUOLWs1tnAVliWb7t0jF\/view?usp=drive_link\">Publicaci\u00f3 de llista de sol\u00b7licituds que han demanat el centre<\/a>\u00a0amb la puntuaci\u00f3 provisional.<\/li>\n<li>03 de mar\u00e7:\u00a0<a href=\"https:\/\/drive.google.com\/file\/d\/1rrhmcCKPUTTqSAApNQ3B6X6vpLiogmvk\/view?usp=sharing\">Publicaci\u00f3 de l&#8217;oferta inicial de places<\/a><\/li>\n<li>Dates de la\u00a0<a href=\"https:\/\/preinscripcio.gencat.cat\/ca\/inici\/index.html\">Preinscripci\u00f3<\/a>:\u00a0Educaci\u00f3 infantil (3-6 anys) i educaci\u00f3 prim\u00e0ria: del\u00a0<strong>4 al 18 de mar\u00e7<\/strong>\u00a0de 2026.<\/li>\n<\/ul>\n","protected":false},"excerpt":{"rendered":"<p>Publicacions: en aquest apartat publicarem totes les novetats amb relaci\u00f3 al proc\u00e9s de preinscripci\u00f3 i matriculaci\u00f3<\/p>\n<ul>\n<li>10 de juny: Publicaci\u00f3 de l&#8217;oferta final.<\/li>\n<li>29 d&#8217;abril: Publicaci\u00f3 de la llista de sol\u00b7licituds que han demanat el centre i l\u2019ensenyament en primera petici\u00f3 ordenada.<\/li>\n<li>28 d&#8217;abril: Sorteig.<\/li>\n<li>23 d&#8217;abril: <a href=\"https:\/\/drive.google.com\/file\/d\/1STBAJP_GBcXTDjHOuuHUTEqTYCKnX98X\/view?usp=sharing\">Publicaci\u00f3&hellip;  <a href=\"https:\/\/agora.xtec.cat\/ceip-escoladelmar\/2015-16\/preinscripcio-i-matriculacio-curs-23-34\/\" title=\"Read Preinscripci\u00f3\/Matriculaci\u00f3 pel curs 2026-27\">Llegeix m\u00e9s\u00bb<\/a><br \/>\n","protected":false},"author":1,"featured_media":0,"parent":73,"menu_order":8,"comment_status":"closed","ping_status":"closed","template":"page-templates\/side-menu.php","meta":{"_bbp_topic_count":0,"_bbp_reply_count":0,"_bbp_total_topic_count":0,"_bbp_total_reply_count":0,"_bbp_voice_count":0,"_bbp_anonymous_reply_count":0,"_bbp_topic_count_hidden":0,"_bbp_reply_count_hidden":0,"_bbp_forum_subforum_count":0,"footnotes":""},"class_list":["post-14763","page","type-page","status-publish","hentry"],"post_mailing_queue_ids":[],"_links":{"self":[{"href":"https:\/\/agora.xtec.cat\/ceip-escoladelmar\/wp-json\/wp\/v2\/pages\/14763","targetHints":{"allow":["GET"]}}],"collection":[{"href":"https:\/\/agora.xtec.cat\/ceip-escoladelmar\/wp-json\/wp\/v2\/pages"}],"about":[{"href":"https:\/\/agora.xtec.cat\/ceip-escoladelmar\/wp-json\/wp\/v2\/types\/page"}],"author":[{"embeddable":true,"href":"https:\/\/agora.xtec.cat\/ceip-escoladelmar\/wp-json\/wp\/v2\/users\/1"}],"replies":[{"embeddable":true,"href":"https:\/\/agora.xtec.cat\/ceip-escoladelmar\/wp-json\/wp\/v2\/comments?post=14763"}],"version-history":[{"count":6,"href":"https:\/\/agora.xtec.cat\/ceip-escoladelmar\/wp-json\/wp\/v2\/pages\/14763\/revisions"}],"predecessor-version":[{"id":18552,"href":"https:\/\/agora.xtec.cat\/ceip-escoladelmar\/wp-json\/wp\/v2\/pages\/14763\/revisions\/18552"}],"up":[{"embeddable":true,"href":"https:\/\/agora.xtec.cat\/ceip-escoladelmar\/wp-json\/wp\/v2\/pages\/73"}],"wp:attachment":[{"href":"https:\/\/agora.xtec.cat\/ceip-escoladelmar\/wp-json\/wp\/v2\/media?parent=14763"}],"curies":[{"name":"wp","href":"https:\/\/api.w.org\/{rel}","templated":true}]}}