{"id":12716,"date":"2020-03-21T10:27:47","date_gmt":"2020-03-21T09:27:47","guid":{"rendered":"https:\/\/agora.xtec.cat\/ceip-escoladelmar\/?page_id=12716"},"modified":"2023-09-05T11:49:21","modified_gmt":"2023-09-05T09:49:21","slug":"portes-obertes-virtuals","status":"publish","type":"page","link":"https:\/\/agora.xtec.cat\/ceip-escoladelmar\/lescola\/portes-obertes-virtuals\/","title":{"rendered":"Coneix-nos!"},"content":{"rendered":"<p style=\"text-align: justify; padding-left: 40px;\"><span style=\"color: #000000;\">Fam\u00edlies, sabem que escollir l\u2019escola dels vostres fills\/es no \u00e9s una tasca gens f\u00e0cil i menys, sabent que l&#8217;oferta educativa a Vilassar de Mar \u00e9s de qualitat.<\/span><\/p>\n<p style=\"padding-left: 40px;\"><span style=\"color: #000000;\">Per aquest motiu, us convidem a con\u00e8ixer la nostra escola:<\/span><\/p>\n<div class=\"row\" style=\"margin-bottom: 1em !important;\">\n<div class=\"small-12 large-4 text-center columns\">\n<p><img loading=\"lazy\" decoding=\"async\" class=\"alignnone size-full wp-image-16370\" src=\"https:\/\/agora.xtec.cat\/ceip-escoladelmar\/wp-content\/uploads\/usu183\/2021\/02\/escola.png\" alt=\"\" width=\"120\" height=\"120\" \/><\/p>\n<h3><span style=\"color: #000080;\">Com i per qu\u00e8 som\u00a0<\/span><\/h3>\n<h3><span style=\"color: #000080;\">Escola del Mar?<\/span><\/h3>\n<p>&nbsp;<\/p>\n<p style=\"margin-bottom: 0.2em;\">En aquests v\u00eddeos us mostrem l&#8217;essencial de la nostra escola, a qu\u00e8 li donem import\u00e0ncia i quins s\u00f3n els nostres pilars.<\/p>\n<p>&nbsp;<\/p>\n<p><a href=\"https:\/\/youtu.be\/GB2JtuTEvh8\">El dia a dia a l&#8217;escola<\/a><\/p>\n<\/div>\n<div class=\"small-12 large-4 text-center columns\">\n<p><img loading=\"lazy\" decoding=\"async\" class=\"alignnone size-full wp-image-16321\" src=\"https:\/\/agora.xtec.cat\/ceip-escoladelmar\/wp-content\/uploads\/usu183\/2021\/01\/Informaci\u00f3.png\" alt=\"\" width=\"120\" height=\"120\" \/><\/p>\n<h3><span style=\"color: #000080;\">L&#8217;educaci\u00f3 infantil<\/span><\/h3>\n<p>&nbsp;<\/p>\n<p>&nbsp;<\/p>\n<p><em>&#8220;De l&#8217;escola bressol a l&#8217;escola dels grans&#8221;<\/em>, aquest \u00e9s un gran pas que a moltes fam\u00edlies us neguiteja, per aix\u00f2 volem explicar-vos com fem l&#8217;acompanyament en aquesta etapa.<\/p>\n<p><a href=\"https:\/\/drive.google.com\/file\/d\/1nBk_KDTiYRm_vVhV1t2pXVGI9_NaIx9Z\/view?usp=sharing\">L&#8217;objectiu<\/a> \/ <a href=\"https:\/\/drive.google.com\/file\/d\/1WHMkgUVG_6149JUHSx4H3FIEKEQUVCVa\/view?usp=sharing\">L&#8217;acollida<\/a><\/p>\n<div class=\"small-12 large-4 text-center columns\">\n<p>&nbsp;<\/p>\n<\/div>\n<div class=\"small-12 large-4 text-center columns\">\n<p>&nbsp;<\/p>\n<\/div>\n<\/div>\n<div class=\"small-12 large-4 text-center columns\">\n<p><a href=\"https:\/\/drive.google.com\/file\/d\/1lGB7bZz0QncdjEXyEIBEYnAHTZuj-Iuy\/view?usp=sharing\"><img loading=\"lazy\" decoding=\"async\" class=\"alignnone size-full wp-image-16546\" src=\"https:\/\/agora.xtec.cat\/ceip-escoladelmar\/wp-content\/uploads\/usu183\/2021\/02\/families.png\" alt=\"\" width=\"120\" height=\"120\" \/><\/a><\/p>\n<h3><a href=\"https:\/\/amipa-escoladelmar.cat\/\"><span style=\"color: #000080;\">AFA<\/span><\/a><\/h3>\n<p>&nbsp;<\/p>\n<p>&nbsp;<\/p>\n<p style=\"margin-bottom: 0.2em;\">L&#8217;Associaci\u00f3 de Fam\u00edlies d&#8217;Alumnat (AFA) \u00e9s un dels pilars de la nostra escola. Descobreix els serveis que ofereix<\/p>\n<p>&nbsp;<\/p>\n<p><a href=\"https:\/\/drive.google.com\/file\/d\/1lGB7bZz0QncdjEXyEIBEYnAHTZuj-Iuy\/view?usp=sharing\">Qu\u00e8 fem?<\/a>\u00a0\/ <a href=\"https:\/\/amipa-escoladelmar.cat\/\">Web<\/a><\/p>\n<\/div>\n<\/div>\n","protected":false},"excerpt":{"rendered":"<p>Fam\u00edlies, sabem que escollir l\u2019escola dels vostres fills\/es no \u00e9s una tasca gens f\u00e0cil i menys, sabent que l&#8217;oferta educativa a Vilassar de Mar \u00e9s de qualitat.<br \/>\nPer aquest motiu, us convidem a con\u00e8ixer la nostra escola:<\/p>\n<p>Com i per qu\u00e8 som\u00a0<br \/>\nEscola del Mar?<br \/>\n&nbsp;<br \/>\nEn aquests v\u00eddeos us&hellip;  <a href=\"https:\/\/agora.xtec.cat\/ceip-escoladelmar\/lescola\/portes-obertes-virtuals\/\" title=\"Read Coneix-nos!\">Llegeix m\u00e9s\u00bb<\/a><\/p>\n","protected":false},"author":1,"featured_media":0,"parent":22,"menu_order":10,"comment_status":"closed","ping_status":"closed","template":"page-templates\/side-menu.php","meta":{"_bbp_topic_count":0,"_bbp_reply_count":0,"_bbp_total_topic_count":0,"_bbp_total_reply_count":0,"_bbp_voice_count":0,"_bbp_anonymous_reply_count":0,"_bbp_topic_count_hidden":0,"_bbp_reply_count_hidden":0,"_bbp_forum_subforum_count":0,"footnotes":""},"class_list":["post-12716","page","type-page","status-publish","hentry"],"post_mailing_queue_ids":[],"_links":{"self":[{"href":"https:\/\/agora.xtec.cat\/ceip-escoladelmar\/wp-json\/wp\/v2\/pages\/12716","targetHints":{"allow":["GET"]}}],"collection":[{"href":"https:\/\/agora.xtec.cat\/ceip-escoladelmar\/wp-json\/wp\/v2\/pages"}],"about":[{"href":"https:\/\/agora.xtec.cat\/ceip-escoladelmar\/wp-json\/wp\/v2\/types\/page"}],"author":[{"embeddable":true,"href":"https:\/\/agora.xtec.cat\/ceip-escoladelmar\/wp-json\/wp\/v2\/users\/1"}],"replies":[{"embeddable":true,"href":"https:\/\/agora.xtec.cat\/ceip-escoladelmar\/wp-json\/wp\/v2\/comments?post=12716"}],"version-history":[{"count":4,"href":"https:\/\/agora.xtec.cat\/ceip-escoladelmar\/wp-json\/wp\/v2\/pages\/12716\/revisions"}],"predecessor-version":[{"id":17952,"href":"https:\/\/agora.xtec.cat\/ceip-escoladelmar\/wp-json\/wp\/v2\/pages\/12716\/revisions\/17952"}],"up":[{"embeddable":true,"href":"https:\/\/agora.xtec.cat\/ceip-escoladelmar\/wp-json\/wp\/v2\/pages\/22"}],"wp:attachment":[{"href":"https:\/\/agora.xtec.cat\/ceip-escoladelmar\/wp-json\/wp\/v2\/media?parent=12716"}],"curies":[{"name":"wp","href":"https:\/\/api.w.org\/{rel}","templated":true}]}}