{"id":12333,"date":"2020-03-17T17:29:08","date_gmt":"2020-03-17T16:29:08","guid":{"rendered":"https:\/\/agora.xtec.cat\/ceip-escoladelmar\/?page_id=12333"},"modified":"2023-09-05T11:53:07","modified_gmt":"2023-09-05T09:53:07","slug":"permanencies","status":"publish","type":"page","link":"https:\/\/agora.xtec.cat\/ceip-escoladelmar\/departaments\/permanencies\/","title":{"rendered":"Perman\u00e8ncies"},"content":{"rendered":"<ul>\n<li>El servei de perman\u00e8ncies \u00e9s un servei pensat per aquelles fam\u00edlies que no poden venir a recollir el seu fill\/a puntualment a 2\/4 de 5<\/li>\n<li>El servei es duu a terme de 2\/4 de 5 a 6 de la tarda.<\/li>\n<li>Si en porten, poden berenar.<\/li>\n<li><span style=\"font-family: inherit; font-size: 1em;\">\u00c9s un servei per als associats\/des a l&#8217;AFA.<\/span><\/li>\n<\/ul>\n","protected":false},"excerpt":{"rendered":"<ul>\n<li>El servei de perman\u00e8ncies \u00e9s un servei pensat per aquelles fam\u00edlies que no poden venir a recollir el seu fill\/a puntualment a 2\/4 de 5<\/li>\n<li>El servei es duu a terme de 2\/4 de 5 a 6 de la tarda.<\/li>\n<li>Si en porten, poden berenar.<\/li>\n<li>\u00c9s un servei&hellip;  <a href=\"https:\/\/agora.xtec.cat\/ceip-escoladelmar\/departaments\/permanencies\/\" title=\"Read Perman\u00e8ncies\">Llegeix m\u00e9s\u00bb<\/a><br \/>\n","protected":false},"author":1,"featured_media":0,"parent":66,"menu_order":2,"comment_status":"closed","ping_status":"closed","template":"page-templates\/side-menu.php","meta":{"_bbp_topic_count":0,"_bbp_reply_count":0,"_bbp_total_topic_count":0,"_bbp_total_reply_count":0,"_bbp_voice_count":0,"_bbp_anonymous_reply_count":0,"_bbp_topic_count_hidden":0,"_bbp_reply_count_hidden":0,"_bbp_forum_subforum_count":0,"footnotes":""},"class_list":["post-12333","page","type-page","status-publish","hentry"],"post_mailing_queue_ids":[],"_links":{"self":[{"href":"https:\/\/agora.xtec.cat\/ceip-escoladelmar\/wp-json\/wp\/v2\/pages\/12333","targetHints":{"allow":["GET"]}}],"collection":[{"href":"https:\/\/agora.xtec.cat\/ceip-escoladelmar\/wp-json\/wp\/v2\/pages"}],"about":[{"href":"https:\/\/agora.xtec.cat\/ceip-escoladelmar\/wp-json\/wp\/v2\/types\/page"}],"author":[{"embeddable":true,"href":"https:\/\/agora.xtec.cat\/ceip-escoladelmar\/wp-json\/wp\/v2\/users\/1"}],"replies":[{"embeddable":true,"href":"https:\/\/agora.xtec.cat\/ceip-escoladelmar\/wp-json\/wp\/v2\/comments?post=12333"}],"version-history":[{"count":3,"href":"https:\/\/agora.xtec.cat\/ceip-escoladelmar\/wp-json\/wp\/v2\/pages\/12333\/revisions"}],"predecessor-version":[{"id":17954,"href":"https:\/\/agora.xtec.cat\/ceip-escoladelmar\/wp-json\/wp\/v2\/pages\/12333\/revisions\/17954"}],"up":[{"embeddable":true,"href":"https:\/\/agora.xtec.cat\/ceip-escoladelmar\/wp-json\/wp\/v2\/pages\/66"}],"wp:attachment":[{"href":"https:\/\/agora.xtec.cat\/ceip-escoladelmar\/wp-json\/wp\/v2\/media?parent=12333"}],"curies":[{"name":"wp","href":"https:\/\/api.w.org\/{rel}","templated":true}]}}