{"id":12121,"date":"2020-03-16T16:04:28","date_gmt":"2020-03-16T15:04:28","guid":{"rendered":"https:\/\/agora.xtec.cat\/ceip-escoladelmar\/?page_id=12121"},"modified":"2023-09-07T20:09:03","modified_gmt":"2023-09-07T18:09:03","slug":"qui-som","status":"publish","type":"page","link":"https:\/\/agora.xtec.cat\/ceip-escoladelmar\/lescola\/qui-som\/","title":{"rendered":"Qui som?"},"content":{"rendered":"<p style=\"text-align: justify;\">El treball en xarxa i l\u2019estreta col\u00b7laboraci\u00f3 entre totes les persones que formem aquesta comunitat educativa \u00e9s imprescindible per avan\u00e7ar i aconseguir reptes majors i objectius comuns.<\/p>\n<h2 style=\"text-align: left;\"><\/h2>\n<div style=\"width: 100%;\">\n<div style=\"position: relative; padding-bottom: 56.25%; padding-top: 0; height: 0;\"><iframe loading=\"lazy\" style=\"position: absolute; top: 0; left: 0; width: 100%; height: 100%;\" title=\"Escoladelmar Equip docent\" src=\"https:\/\/view.genial.ly\/632dda576c682000189c5646\" width=\"1200\" height=\"675\" frameborder=\"0\" scrolling=\"yes\" allowfullscreen=\"allowfullscreen\"><\/iframe><\/div>\n<\/div>\n<p>&nbsp;<\/p>\n<p style=\"text-align: center;\"><a href=\"http:\/\/www.amipa-escoladelmar.cat\" target=\"_blank\" rel=\"noopener noreferrer\">;<\/a>\u00a0<a style=\"color: #2795b6; text-align: center;\" href=\"http:\/\/www.amipa-escoladelmar.cat\" target=\"_blank\" rel=\"noopener noreferrer\"><img loading=\"lazy\" decoding=\"async\" class=\"aligncenter wp-image-17962 \" title=\"AMIPA\" src=\"https:\/\/agora.xtec.cat\/ceip-escoladelmar\/wp-content\/uploads\/usu183\/2023\/09\/AFA-transparent-1.jpg\" alt=\"\" width=\"112\" height=\"112\" srcset=\"https:\/\/agora.xtec.cat\/ceip-escoladelmar\/wp-content\/uploads\/usu183\/2023\/09\/AFA-transparent-1.jpg 336w, https:\/\/agora.xtec.cat\/ceip-escoladelmar\/wp-content\/uploads\/usu183\/2023\/09\/AFA-transparent-1-300x300.jpg 300w, https:\/\/agora.xtec.cat\/ceip-escoladelmar\/wp-content\/uploads\/usu183\/2023\/09\/AFA-transparent-1-150x150.jpg 150w\" sizes=\"auto, (max-width: 112px) 100vw, 112px\" \/><\/a><a href=\"http:\/\/cercleilleure.es\" target=\"_blank\" rel=\"noopener noreferrer\"><img loading=\"lazy\" decoding=\"async\" class=\"wp-image-12130 alignnone\" src=\"https:\/\/agora.xtec.cat\/ceip-escoladelmar\/wp-content\/uploads\/usu183\/2020\/03\/Captura-de-pantalla-2020-03-16-a-las-16.25.23.png\" alt=\"\" width=\"180\" height=\"103\" srcset=\"https:\/\/agora.xtec.cat\/ceip-escoladelmar\/wp-content\/uploads\/usu183\/2020\/03\/Captura-de-pantalla-2020-03-16-a-las-16.25.23.png 878w, https:\/\/agora.xtec.cat\/ceip-escoladelmar\/wp-content\/uploads\/usu183\/2020\/03\/Captura-de-pantalla-2020-03-16-a-las-16.25.23-300x172.png 300w, https:\/\/agora.xtec.cat\/ceip-escoladelmar\/wp-content\/uploads\/usu183\/2020\/03\/Captura-de-pantalla-2020-03-16-a-las-16.25.23-768x441.png 768w\" sizes=\"auto, (max-width: 180px) 100vw, 180px\" \/><\/a>\u00a0<a href=\"http:\/\/www.saned.net\" target=\"_blank\" rel=\"noopener noreferrer\"><img loading=\"lazy\" decoding=\"async\" class=\"wp-image-12131 alignnone\" src=\"https:\/\/agora.xtec.cat\/ceip-escoladelmar\/wp-content\/uploads\/usu183\/2020\/03\/Captura-de-pantalla-2020-03-16-a-las-16.27.30-1024x599.png\" alt=\"\" width=\"177\" height=\"104\" srcset=\"https:\/\/agora.xtec.cat\/ceip-escoladelmar\/wp-content\/uploads\/usu183\/2020\/03\/Captura-de-pantalla-2020-03-16-a-las-16.27.30-1024x599.png 1024w, https:\/\/agora.xtec.cat\/ceip-escoladelmar\/wp-content\/uploads\/usu183\/2020\/03\/Captura-de-pantalla-2020-03-16-a-las-16.27.30-300x175.png 300w, https:\/\/agora.xtec.cat\/ceip-escoladelmar\/wp-content\/uploads\/usu183\/2020\/03\/Captura-de-pantalla-2020-03-16-a-las-16.27.30-768x449.png 768w, https:\/\/agora.xtec.cat\/ceip-escoladelmar\/wp-content\/uploads\/usu183\/2020\/03\/Captura-de-pantalla-2020-03-16-a-las-16.27.30.png 1584w\" sizes=\"auto, (max-width: 177px) 100vw, 177px\" \/><\/a><\/p>\n","protected":false},"excerpt":{"rendered":"<p>El treball en xarxa i l\u2019estreta col\u00b7laboraci\u00f3 entre totes les persones que formem aquesta comunitat educativa \u00e9s imprescindible per avan\u00e7ar i aconseguir reptes majors i objectius comuns.<\/p>\n<p>&nbsp;<br \/>\n<a href=\"http:\/\/www.amipa-escoladelmar.cat\" target=\"_blank\" rel=\"noopener noreferrer\">;<\/a>\u00a0<a style=\"color: #2795b6; text-align: center;\" href=\"http:\/\/www.amipa-escoladelmar.cat\" target=\"_blank\" rel=\"noopener noreferrer\"><\/a><a href=\"http:\/\/cercleilleure.es\" target=\"_blank\" rel=\"noopener noreferrer\"><\/a>\u00a0<a href=\"http:\/\/www.saned.net\" target=\"_blank\"&hellip;  <a href=\"https:\/\/agora.xtec.cat\/ceip-escoladelmar\/lescola\/qui-som\/\" title=\"Read Qui som?\">Llegeix m\u00e9s\u00bb<\/a><\/p>\n","protected":false},"author":1,"featured_media":0,"parent":22,"menu_order":60,"comment_status":"closed","ping_status":"closed","template":"page-templates\/side-menu.php","meta":{"_bbp_topic_count":0,"_bbp_reply_count":0,"_bbp_total_topic_count":0,"_bbp_total_reply_count":0,"_bbp_voice_count":0,"_bbp_anonymous_reply_count":0,"_bbp_topic_count_hidden":0,"_bbp_reply_count_hidden":0,"_bbp_forum_subforum_count":0,"footnotes":""},"class_list":["post-12121","page","type-page","status-publish","hentry"],"post_mailing_queue_ids":[],"_links":{"self":[{"href":"https:\/\/agora.xtec.cat\/ceip-escoladelmar\/wp-json\/wp\/v2\/pages\/12121","targetHints":{"allow":["GET"]}}],"collection":[{"href":"https:\/\/agora.xtec.cat\/ceip-escoladelmar\/wp-json\/wp\/v2\/pages"}],"about":[{"href":"https:\/\/agora.xtec.cat\/ceip-escoladelmar\/wp-json\/wp\/v2\/types\/page"}],"author":[{"embeddable":true,"href":"https:\/\/agora.xtec.cat\/ceip-escoladelmar\/wp-json\/wp\/v2\/users\/1"}],"replies":[{"embeddable":true,"href":"https:\/\/agora.xtec.cat\/ceip-escoladelmar\/wp-json\/wp\/v2\/comments?post=12121"}],"version-history":[{"count":3,"href":"https:\/\/agora.xtec.cat\/ceip-escoladelmar\/wp-json\/wp\/v2\/pages\/12121\/revisions"}],"predecessor-version":[{"id":17963,"href":"https:\/\/agora.xtec.cat\/ceip-escoladelmar\/wp-json\/wp\/v2\/pages\/12121\/revisions\/17963"}],"up":[{"embeddable":true,"href":"https:\/\/agora.xtec.cat\/ceip-escoladelmar\/wp-json\/wp\/v2\/pages\/22"}],"wp:attachment":[{"href":"https:\/\/agora.xtec.cat\/ceip-escoladelmar\/wp-json\/wp\/v2\/media?parent=12121"}],"curies":[{"name":"wp","href":"https:\/\/api.w.org\/{rel}","templated":true}]}}