{"id":73,"date":"2014-09-18T14:01:51","date_gmt":"2014-09-18T13:01:51","guid":{"rendered":"http:\/\/agora.xtec.cat\/ceip-escola-montsant-reus\/?page_id=73"},"modified":"2025-10-27T13:48:15","modified_gmt":"2025-10-27T12:48:15","slug":"menjador-escolar","status":"publish","type":"page","link":"https:\/\/agora.xtec.cat\/ceip-escola-montsant-reus\/ampa\/serveis-ampa\/menjador-escolar\/","title":{"rendered":"Menjador escolar"},"content":{"rendered":"<h3><span style=\"color: #333399;\"><b>A l&#8217;APP de <a href=\"https:\/\/agora.xtec.cat\/ceip-escola-montsant-reus\/wp-content\/uploads\/usu1887\/2025\/10\/Com-a-Casa_Logo.png\"><img loading=\"lazy\" decoding=\"async\" class=\" wp-image-3620 alignnone\" src=\"https:\/\/agora.xtec.cat\/ceip-escola-montsant-reus\/wp-content\/uploads\/usu1887\/2025\/10\/Com-a-Casa_Logo.png\" alt=\"\" width=\"164\" height=\"35\" srcset=\"https:\/\/agora.xtec.cat\/ceip-escola-montsant-reus\/wp-content\/uploads\/usu1887\/2025\/10\/Com-a-Casa_Logo.png 374w, https:\/\/agora.xtec.cat\/ceip-escola-montsant-reus\/wp-content\/uploads\/usu1887\/2025\/10\/Com-a-Casa_Logo-300x64.png 300w\" sizes=\"auto, (max-width: 164px) 100vw, 164px\" \/><\/a> trobareu els men\u00fas del mes.<\/b><\/span><\/h3>\n<p><a href=\"https:\/\/agora.xtec.cat\/ceip-escola-montsant-reus\/wp-content\/uploads\/usu1887\/2025\/10\/imatge-menjador-2-1.png\"><img loading=\"lazy\" decoding=\"async\" class=\"aligncenter size-large wp-image-3619\" src=\"https:\/\/agora.xtec.cat\/ceip-escola-montsant-reus\/wp-content\/uploads\/usu1887\/2025\/10\/imatge-menjador-2-1-1024x379.png\" alt=\"\" width=\"1024\" height=\"379\" srcset=\"https:\/\/agora.xtec.cat\/ceip-escola-montsant-reus\/wp-content\/uploads\/usu1887\/2025\/10\/imatge-menjador-2-1-1024x379.png 1024w, https:\/\/agora.xtec.cat\/ceip-escola-montsant-reus\/wp-content\/uploads\/usu1887\/2025\/10\/imatge-menjador-2-1-300x111.png 300w, https:\/\/agora.xtec.cat\/ceip-escola-montsant-reus\/wp-content\/uploads\/usu1887\/2025\/10\/imatge-menjador-2-1-768x284.png 768w, https:\/\/agora.xtec.cat\/ceip-escola-montsant-reus\/wp-content\/uploads\/usu1887\/2025\/10\/imatge-menjador-2-1.png 1080w\" sizes=\"auto, (max-width: 1024px) 100vw, 1024px\" \/><\/a><\/p>\n<h2><span style=\"color: #333399;\"><b>EL SERVEI DE MENJADOR<\/b><\/span><\/h2>\n<p><span style=\"font-weight: 400;\">El servei de menjador de l\u2019Escola Montsant \u00e9s gestionat per l\u2019empresa <\/span><b>Com a Casa<\/b><span style=\"font-weight: 400;\">, que s&#8217;encarrega tant de l\u2019elaboraci\u00f3 dels \u00e0pats com del monitoratge dels infants durant tot l&#8217;espai del migdia, que engloba la franja hor\u00e0ria de <\/span><b>12:00 h a 14:30 h<\/b><span style=\"font-weight: 400;\">.<\/span><\/p>\n<p><a href=\"https:\/\/agora.xtec.cat\/ceip-escola-montsant-reus\/wp-content\/uploads\/usu1887\/2025\/10\/Com-a-Casa_Logo.png\"><img loading=\"lazy\" decoding=\"async\" class=\"aligncenter size-full wp-image-3620\" src=\"https:\/\/agora.xtec.cat\/ceip-escola-montsant-reus\/wp-content\/uploads\/usu1887\/2025\/10\/Com-a-Casa_Logo.png\" alt=\"\" width=\"374\" height=\"80\" srcset=\"https:\/\/agora.xtec.cat\/ceip-escola-montsant-reus\/wp-content\/uploads\/usu1887\/2025\/10\/Com-a-Casa_Logo.png 374w, https:\/\/agora.xtec.cat\/ceip-escola-montsant-reus\/wp-content\/uploads\/usu1887\/2025\/10\/Com-a-Casa_Logo-300x64.png 300w\" sizes=\"auto, (max-width: 374px) 100vw, 374px\" \/><\/a><\/p>\n<h2><span style=\"color: #333399;\"><b>COMUNICACI\u00d3 D&#8217;ASSIST\u00c8NCIA AL MENJADOR<\/b><\/span><\/h2>\n<p><span style=\"font-weight: 400;\">Els infants que s&#8217;han de quedar a dinar de manera espor\u00e0dica al menjador cal que es <\/span><b>comuniquin abans de les 9:15 h del mat\u00ed<\/b><span style=\"font-weight: 400;\">, per tal de garantir els men\u00fas suficients i poder fer les comandes a temps.<\/span><\/p>\n<p><span style=\"font-weight: 400;\">Podeu comunicar-ho a trav\u00e9s de:<\/span><\/p>\n<ul>\n<li style=\"font-weight: 400;\" aria-level=\"1\"><b>Correu electr\u00f2nic:<\/b> <a href=\"mailto:menjadormontsant@gmail.com\"><i><span style=\"font-weight: 400;\">menjadormontsant@gmail.com<\/span><\/i><\/a><\/li>\n<li style=\"font-weight: 400;\" aria-level=\"1\"><b>WhatsApp:<\/b> <span style=\"font-weight: 400;\">604 24 30 09<\/span><\/li>\n<\/ul>\n<p><span style=\"font-weight: 400;\">En el cas d\u2019infants petits (<\/span><b>Educaci\u00f3 Infantil i Cicle Inicial<\/b><span style=\"font-weight: 400;\">), es recomana <\/span><b>avisar tamb\u00e9 la tutora o el tutor<\/b><span style=\"font-weight: 400;\"> a trav\u00e9s dels canals oficials, com per exemple Dinantia.<\/span><\/p>\n<h2><span style=\"color: #333399;\"><b>ABS\u00c8NCIES<\/b><\/span><\/h2>\n<p><span style=\"font-weight: 400;\">Les fam\u00edlies dels infants que <\/span><b>utilitzen el servei de manera regular o habitual<\/b><span style=\"font-weight: 400;\"> han de notificar qualsevol abs\u00e8ncia <\/span><b>abans de les 9:15 h<\/b><span style=\"font-weight: 400;\"> del mateix dia. Aquesta mesura \u00e9s especialment important per <\/span><b>evitar errors en la facturaci\u00f3 mensual<\/b><span style=\"font-weight: 400;\">.<\/span><\/p>\n<ul>\n<li style=\"font-weight: 400;\" aria-level=\"1\"><b>Per comunicar abs\u00e8ncies: <\/b><a href=\"mailto:menjadormontsant@gmail.com\"><i><span style=\"font-weight: 400;\">menjadormontsant@gmail.com<\/span><\/i><\/a><\/li>\n<\/ul>\n<h2><span style=\"color: #333399;\"><b>ADAPTACIONS DIET\u00c8TIQUES<\/b><\/span><\/h2>\n<p><span style=\"font-weight: 400;\">En cas que, <\/span><b>de manera espor\u00e0dica o fixa<\/b><span style=\"font-weight: 400;\">, un infant necessiti una <\/span><b>adaptaci\u00f3 del men\u00fa<\/b><span style=\"font-weight: 400;\"> (per exemple, dieta tova o altres), cal <\/span><b>avisar abans de les 9:15 h<\/b><span style=\"font-weight: 400;\"> a trav\u00e9s de:<\/span><\/p>\n<ul>\n<li style=\"font-weight: 400;\" aria-level=\"1\"><b>Correu electr\u00f2nic:<\/b> <a href=\"mailto:menjadormontsant@gmail.com\"><i><span style=\"font-weight: 400;\">menjadormontsant@gmail.com<\/span><\/i><\/a><\/li>\n<li style=\"font-weight: 400;\" aria-level=\"1\"><b>WhatsApp: <\/b><span style=\"font-weight: 400;\">604 24 30 09<\/span><\/li>\n<\/ul>\n<h2><span style=\"color: #333399;\"><b>DOCUMENTS OBLIGATORIS<\/b><\/span><\/h2>\n<p><span style=\"font-weight: 400;\">Tots els usuaris del servei han de fer arribar la seg\u00fcent documentaci\u00f3 <\/span><b>emplenada i signada<\/b><span style=\"font-weight: 400;\">. Tamb\u00e9 cal autoritzar els vostres fills i les vostres filles a sortir sols i soles (en el cas de sis\u00e8 curs de Prim\u00e0ria) o autoritzar la recollida de tercers (majors d\u2019edat).<\/span> <span style=\"font-weight: 400;\">Podeu <\/span><b>descarregar els documents obligatoris<\/b> <a href=\"https:\/\/drive.google.com\/drive\/folders\/1Hy7cvplmDWZ9kq2lwUBTvcCk4D569HDy?usp=sharing\"><b><i>AQU\u00cd<\/i><\/b><\/a><span style=\"font-weight: 400;\"> i fer-los arribar al correu electr\u00f2nic: <\/span><a href=\"mailto:menjadormontsant@gmail.com\"><i><span style=\"font-weight: 400;\">menjadormontsant@gmail.com<\/span><\/i><\/a><\/p>\n<h2><span style=\"color: #333399;\"><b>ALTRES INFORMACIONS<\/b><\/span><\/h2>\n<ul>\n<li style=\"font-weight: 400;\" aria-level=\"1\"><span style=\"font-weight: 400;\">Descarregueu el <\/span><a href=\"https:\/\/drive.google.com\/file\/d\/1FSxJY2WEtnuuFSadJjXY02Iuy5i2q81b\/view?usp=sharing\"><b>tr\u00edptic d\u2019hidrataci\u00f3 escolar<\/b><\/a><b>.<\/b><\/li>\n<li style=\"font-weight: 400;\" aria-level=\"1\"><span style=\"font-weight: 400;\">Consulteu el <\/span><b><i>pla de funcionament del menjador<\/i><\/b><b><i> (document en revisi\u00f3, curs 2025-2026).<\/i><\/b><\/li>\n<\/ul>\n<p><a href=\"https:\/\/agora.xtec.cat\/ceip-escola-montsant-reus\/wp-content\/uploads\/usu1887\/2025\/10\/imatge-menjador-1-1.png\"><img loading=\"lazy\" decoding=\"async\" class=\"aligncenter size-large wp-image-3621\" src=\"https:\/\/agora.xtec.cat\/ceip-escola-montsant-reus\/wp-content\/uploads\/usu1887\/2025\/10\/imatge-menjador-1-1-1024x443.png\" alt=\"\" width=\"1024\" height=\"443\" srcset=\"https:\/\/agora.xtec.cat\/ceip-escola-montsant-reus\/wp-content\/uploads\/usu1887\/2025\/10\/imatge-menjador-1-1-1024x443.png 1024w, https:\/\/agora.xtec.cat\/ceip-escola-montsant-reus\/wp-content\/uploads\/usu1887\/2025\/10\/imatge-menjador-1-1-300x130.png 300w, https:\/\/agora.xtec.cat\/ceip-escola-montsant-reus\/wp-content\/uploads\/usu1887\/2025\/10\/imatge-menjador-1-1-768x332.png 768w, https:\/\/agora.xtec.cat\/ceip-escola-montsant-reus\/wp-content\/uploads\/usu1887\/2025\/10\/imatge-menjador-1-1.png 1080w\" sizes=\"auto, (max-width: 1024px) 100vw, 1024px\" \/><\/a><\/p>\n","protected":false},"excerpt":{"rendered":"<p>A l&#8217;APP de <a href=\"https:\/\/agora.xtec.cat\/ceip-escola-montsant-reus\/wp-content\/uploads\/usu1887\/2025\/10\/Com-a-Casa_Logo.png\"><\/a> trobareu els men\u00fas del mes.<br \/>\n<a href=\"https:\/\/agora.xtec.cat\/ceip-escola-montsant-reus\/wp-content\/uploads\/usu1887\/2025\/10\/imatge-menjador-2-1.png\"><\/a><br \/>\nEL SERVEI DE MENJADOR<br \/>\nEl servei de menjador de l\u2019Escola Montsant \u00e9s gestionat per l\u2019empresa Com a Casa, que s&#8217;encarrega tant de l\u2019elaboraci\u00f3 dels \u00e0pats com del monitoratge dels infants durant tot l&#8217;espai del migdia, que&hellip;  <a href=\"https:\/\/agora.xtec.cat\/ceip-escola-montsant-reus\/ampa\/serveis-ampa\/menjador-escolar\/\" title=\"Read Menjador escolar\">Llegeix m\u00e9s\u00bb<\/a><\/p>\n","protected":false},"author":1,"featured_media":0,"parent":2185,"menu_order":30,"comment_status":"closed","ping_status":"closed","template":"page-templates\/side-menu.php","meta":{"_bbp_topic_count":0,"_bbp_reply_count":0,"_bbp_total_topic_count":0,"_bbp_total_reply_count":0,"_bbp_voice_count":0,"_bbp_anonymous_reply_count":0,"_bbp_topic_count_hidden":0,"_bbp_reply_count_hidden":0,"_bbp_forum_subforum_count":0,"footnotes":""},"class_list":["post-73","page","type-page","status-publish","hentry"],"post_mailing_queue_ids":[],"_links":{"self":[{"href":"https:\/\/agora.xtec.cat\/ceip-escola-montsant-reus\/wp-json\/wp\/v2\/pages\/73","targetHints":{"allow":["GET"]}}],"collection":[{"href":"https:\/\/agora.xtec.cat\/ceip-escola-montsant-reus\/wp-json\/wp\/v2\/pages"}],"about":[{"href":"https:\/\/agora.xtec.cat\/ceip-escola-montsant-reus\/wp-json\/wp\/v2\/types\/page"}],"author":[{"embeddable":true,"href":"https:\/\/agora.xtec.cat\/ceip-escola-montsant-reus\/wp-json\/wp\/v2\/users\/1"}],"replies":[{"embeddable":true,"href":"https:\/\/agora.xtec.cat\/ceip-escola-montsant-reus\/wp-json\/wp\/v2\/comments?post=73"}],"version-history":[{"count":6,"href":"https:\/\/agora.xtec.cat\/ceip-escola-montsant-reus\/wp-json\/wp\/v2\/pages\/73\/revisions"}],"predecessor-version":[{"id":3622,"href":"https:\/\/agora.xtec.cat\/ceip-escola-montsant-reus\/wp-json\/wp\/v2\/pages\/73\/revisions\/3622"}],"up":[{"embeddable":true,"href":"https:\/\/agora.xtec.cat\/ceip-escola-montsant-reus\/wp-json\/wp\/v2\/pages\/2185"}],"wp:attachment":[{"href":"https:\/\/agora.xtec.cat\/ceip-escola-montsant-reus\/wp-json\/wp\/v2\/media?parent=73"}],"curies":[{"name":"wp","href":"https:\/\/api.w.org\/{rel}","templated":true}]}}