{"id":717,"date":"2019-01-19T00:32:23","date_gmt":"2019-01-18T23:32:23","guid":{"rendered":"http:\/\/agora.xtec.cat\/ceip-escola-montsant-reus\/?page_id=717"},"modified":"2024-11-25T01:23:58","modified_gmt":"2024-11-25T00:23:58","slug":"el-portaveu","status":"publish","type":"page","link":"https:\/\/agora.xtec.cat\/ceip-escola-montsant-reus\/projectes-2\/el-portaveu\/","title":{"rendered":"Literari. Revista Portaveu"},"content":{"rendered":"<p><a href=\"https:\/\/agora.xtec.cat\/ceip-escola-montsant-reus\/wp-content\/uploads\/usu1887\/2019\/04\/portaveus.png\"><img loading=\"lazy\" decoding=\"async\" class=\"alignnone size-full wp-image-878\" src=\"https:\/\/agora.xtec.cat\/ceip-escola-montsant-reus\/wp-content\/uploads\/usu1887\/2019\/04\/portaveus.png\" alt=\"\" width=\"967\" height=\"898\" srcset=\"https:\/\/agora.xtec.cat\/ceip-escola-montsant-reus\/wp-content\/uploads\/usu1887\/2019\/04\/portaveus.png 967w, https:\/\/agora.xtec.cat\/ceip-escola-montsant-reus\/wp-content\/uploads\/usu1887\/2019\/04\/portaveus-300x279.png 300w, https:\/\/agora.xtec.cat\/ceip-escola-montsant-reus\/wp-content\/uploads\/usu1887\/2019\/04\/portaveus-768x713.png 768w\" sizes=\"auto, (max-width: 967px) 100vw, 967px\" \/><\/a><\/p>\n<p>El Portaveu \u00e9s la revista de la nostra escola. Surt cada trimestre. No us la perdeu!<\/p>\n<p>En aquesta carta del n\u00fam.171, el mateix <em>Portaveu<\/em> ens explica qui \u00e9s:<\/p>\n<p><em>Benvolguts nens i nenes de <strong>l\u2019Escola Montsant<\/strong>,<\/em><\/p>\n<p><em>S\u00f3c el Portaveu, la vostra revista de l\u2019escola. M\u2019he perm\u00e8s escriure-us perqu\u00e8 sempre sou vosaltres qui m\u2019ompliu de vida cada trimestre.<\/em><\/p>\n<p><em><strong>PORTAVEU!<\/strong> El meu nom ja ho diu tot, tal i com ho van pensar aquells que el mar\u00e7 del 1975 &#8211; quina colla d\u2019anys! &#8211; \u00a0van decidir donar-me vida com a butllet\u00ed d\u2019informaci\u00f3 mensual per a les fam\u00edlies.<\/em><\/p>\n<p><em>I sabeu qu\u00e8? Doncs que estic content\u00edssim de ser <strong>la revista<\/strong> que m\u00e9s fans tinc de l\u2019Escola Montsant i, sobretot, <strong>de<\/strong> qu\u00e8 els meus fans siguin <strong>nens i nenes amb ganes d\u2019explicar el m\u00f3n, de dibuixar i pintar el que veieu, i de fer-nos emocionar des dels vostres ulls encuriosits, agosarats i plens de vida<\/strong>.<\/em><\/p>\n<p><em>A mi m\u2019agrada molt quan s\u2019explica que <strong>s\u00f3c una revista feta pels nens i les nenes, i!!! per als nens i les nenes.<\/strong> <strong>I m\u2019encanta ser la revista d\u2019experi\u00e8ncies i viv\u00e8ncies que vosaltres regaleu a tothom per con\u00e8ixer de primera m\u00e0 tot el que feu a l\u2019escola.<\/strong><\/em><\/p>\n<p><em>Nens i nenes de l\u2019Escola Montsant! No perdeu mai les ganes d\u2019escriure i comunicar perqu\u00e8 gr\u00e0cies a vosaltres s\u00f3c el Portaveu!<\/em><\/p>\n<p>&nbsp;<\/p>\n<div style=\"text-align: center;\">\n<div style=\"margin: 8px 0px 4px;\"><a href=\"https:\/\/www.calameo.com\/books\/007825610bb01ce5eb075\" target=\"_blank\" rel=\"noopener\">Portaveu 184<\/a><\/div>\n<p><iframe loading=\"lazy\" style=\"margin: 0 auto;\" src=\"\/\/v.calameo.com\/?bkcode=007825610bb01ce5eb075\" width=\"300\" height=\"194\" frameborder=\"0\" scrolling=\"no\" allowfullscreen=\"allowfullscreen\"><\/iframe><\/p>\n<\/div>\n<div style=\"text-align: center;\">\n<div style=\"margin: 8px 0px 4px;\"><a href=\"https:\/\/www.calameo.com\/books\/007825610323ab07b5126\" target=\"_blank\" rel=\"noopener\">Portaveu 183<\/a><\/div>\n<p><iframe loading=\"lazy\" style=\"margin: 0 auto;\" src=\"\/\/v.calameo.com\/?bkcode=007825610323ab07b5126\" width=\"300\" height=\"194\" frameborder=\"0\" scrolling=\"no\" allowfullscreen=\"allowfullscreen\"><\/iframe><\/p>\n<\/div>\n<div style=\"text-align: center;\">\n<div style=\"margin: 8px 0px 4px;\"><a href=\"https:\/\/www.calameo.com\/books\/007825610991cbbab1d34\" target=\"_blank\" rel=\"noopener\">Portaveu 182<\/a><\/div>\n<p><iframe loading=\"lazy\" style=\"margin: 0 auto;\" src=\"\/\/v.calameo.com\/?bkcode=007825610991cbbab1d34\" width=\"300\" height=\"194\" frameborder=\"0\" scrolling=\"no\" allowfullscreen=\"allowfullscreen\"><\/iframe><\/p>\n<\/div>\n<div style=\"text-align: center;\">\n<div style=\"margin: 8px 0px 4px;\"><a href=\"https:\/\/www.calameo.com\/books\/00782561019ff6c851b5a\" target=\"_blank\" rel=\"noopener\">Portaveu 181<\/a><\/div>\n<p><iframe loading=\"lazy\" style=\"margin: 0 auto;\" src=\"\/\/v.calameo.com\/?bkcode=00782561019ff6c851b5a\" width=\"300\" height=\"194\" frameborder=\"0\" scrolling=\"no\" allowfullscreen=\"allowfullscreen\"><\/iframe><\/p>\n<\/div>\n<div style=\"text-align: center;\">\n<div style=\"margin: 8px 0px 4px;\"><a href=\"https:\/\/www.calameo.com\/books\/0078256100e9f19bd29b1\" target=\"_blank\" rel=\"noopener\">Portaveu 180<\/a><\/div>\n<p><iframe loading=\"lazy\" style=\"margin: 0 auto;\" src=\"\/\/v.calameo.com\/?bkcode=0078256100e9f19bd29b1&amp;mode=mini\" width=\"480\" height=\"300\" frameborder=\"0\" scrolling=\"no\" allowfullscreen=\"allowfullscreen\"><\/iframe><\/p>\n<div style=\"margin: 4px 0px 8px;\"><\/div>\n<\/div>\n<p><iframe title=\"Portaveu 178 - Escola Montsant\" src=\"https:\/\/e.issuu.com\/embed.html?u=escolamontsant&#038;d=portaveu_179\" style=\"border:none; width: 500px; height: 383px;\" allow=\"clipboard-write,allow-top-navigation,allow-top-navigation-by-user-activation,allow-downloads,allow-scripts,allow-same-origin,allow-popups,allow-modals,allow-popups-to-escape-sandbox,allow-forms\"  allowfullscreen=\"true\"><\/iframe><\/p>\n<p><iframe title=\"Portaveu 178 - Escola Montsant\" src=\"https:\/\/e.issuu.com\/embed.html?u=escolamontsant&#038;d=portaveu_178\" style=\"border:none; width: 500px; height: 383px;\" allow=\"clipboard-write,allow-top-navigation,allow-top-navigation-by-user-activation,allow-downloads,allow-scripts,allow-same-origin,allow-popups,allow-modals,allow-popups-to-escape-sandbox,allow-forms\"  allowfullscreen=\"true\"><\/iframe><\/p>\n<p><iframe title=\"Portaveu 176\" src=\"https:\/\/e.issuu.com\/embed.html?u=escolamontsant&#038;d=portaveu_176_web\" style=\"border:none; width: 500px; height: 383px;\" allow=\"clipboard-write,allow-top-navigation,allow-top-navigation-by-user-activation,allow-downloads,allow-scripts,allow-same-origin,allow-popups,allow-modals,allow-popups-to-escape-sandbox,allow-forms\"  allowfullscreen=\"true\"><\/iframe><\/p>\n<p><iframe title=\"Portaveu 175\" src=\"https:\/\/e.issuu.com\/embed.html?u=escolamontsant&#038;d=portaveu_175_web__1_\" style=\"border:none; width: 500px; height: 383px;\" allow=\"clipboard-write,allow-top-navigation,allow-top-navigation-by-user-activation,allow-downloads,allow-scripts,allow-same-origin,allow-popups,allow-modals,allow-popups-to-escape-sandbox,allow-forms\"  allowfullscreen=\"true\"><\/iframe><\/p>\n<p>&nbsp;<\/p>\n<p><iframe title=\"Portaveu 174\" src=\"https:\/\/e.issuu.com\/embed.html?u=escolamontsant&#038;d=portaveu_174_web\" style=\"border:none; width: 500px; height: 383px;\" allow=\"clipboard-write,allow-top-navigation,allow-top-navigation-by-user-activation,allow-downloads,allow-scripts,allow-same-origin,allow-popups,allow-modals,allow-popups-to-escape-sandbox,allow-forms\"  allowfullscreen=\"true\"><\/iframe><\/p>\n<p><iframe title=\"Portaveu 173\" src=\"https:\/\/e.issuu.com\/embed.html?u=escolamontsant&#038;d=portaveu_173\" style=\"border:none; width: 500px; height: 383px;\" allow=\"clipboard-write,allow-top-navigation,allow-top-navigation-by-user-activation,allow-downloads,allow-scripts,allow-same-origin,allow-popups,allow-modals,allow-popups-to-escape-sandbox,allow-forms\"  allowfullscreen=\"true\"><\/iframe><\/p>\n<p><iframe title=\"Portaveu 172\" src=\"https:\/\/e.issuu.com\/embed.html?u=escolamontsant&#038;d=portaveu_172\" style=\"border:none; width: 500px; height: 383px;\" allow=\"clipboard-write,allow-top-navigation,allow-top-navigation-by-user-activation,allow-downloads,allow-scripts,allow-same-origin,allow-popups,allow-modals,allow-popups-to-escape-sandbox,allow-forms\"  allowfullscreen=\"true\"><\/iframe><\/p>\n<p><iframe title=\"PORTAVEU 171\" src=\"https:\/\/e.issuu.com\/embed.html?u=escolamontsant&#038;d=portaveu171\" style=\"border:none; width: 500px; height: 383px;\" allow=\"clipboard-write,allow-top-navigation,allow-top-navigation-by-user-activation,allow-downloads,allow-scripts,allow-same-origin,allow-popups,allow-modals,allow-popups-to-escape-sandbox,allow-forms\"  allowfullscreen=\"true\"><\/iframe><\/p>\n<p><iframe title=\"Portaveu 170\" src=\"https:\/\/e.issuu.com\/embed.html?u=escolamontsant&#038;d=portaveu_170\" style=\"border:none; width: 500px; height: 383px;\" allow=\"clipboard-write,allow-top-navigation,allow-top-navigation-by-user-activation,allow-downloads,allow-scripts,allow-same-origin,allow-popups,allow-modals,allow-popups-to-escape-sandbox,allow-forms\"  allowfullscreen=\"true\"><\/iframe><\/p>\n<p><iframe title=\"Portaveu 169\" src=\"https:\/\/e.issuu.com\/embed.html?u=escolamontsant&#038;d=portaveu169\" style=\"border:none; width: 500px; height: 383px;\" allow=\"clipboard-write,allow-top-navigation,allow-top-navigation-by-user-activation,allow-downloads,allow-scripts,allow-same-origin,allow-popups,allow-modals,allow-popups-to-escape-sandbox,allow-forms\"  allowfullscreen=\"true\"><\/iframe><\/p>\n","protected":false},"excerpt":{"rendered":"<p><a href=\"https:\/\/agora.xtec.cat\/ceip-escola-montsant-reus\/wp-content\/uploads\/usu1887\/2019\/04\/portaveus.png\"><\/a><br \/>\nEl Portaveu \u00e9s la revista de la nostra escola. Surt cada trimestre. No us la perdeu!<br \/>\nEn aquesta carta del n\u00fam.171, el mateix Portaveu ens explica qui \u00e9s:<br \/>\nBenvolguts nens i nenes de l\u2019Escola Montsant,<br \/>\nS\u00f3c el Portaveu, la vostra revista de l\u2019escola. M\u2019he perm\u00e8s escriure-us perqu\u00e8&hellip;  <a href=\"https:\/\/agora.xtec.cat\/ceip-escola-montsant-reus\/projectes-2\/el-portaveu\/\" title=\"Read Literari. Revista Portaveu\">Llegeix m\u00e9s\u00bb<\/a><\/p>\n","protected":false},"author":1,"featured_media":0,"parent":64,"menu_order":31,"comment_status":"closed","ping_status":"closed","template":"page-templates\/side-menu.php","meta":{"_bbp_topic_count":0,"_bbp_reply_count":0,"_bbp_total_topic_count":0,"_bbp_total_reply_count":0,"_bbp_voice_count":0,"_bbp_anonymous_reply_count":0,"_bbp_topic_count_hidden":0,"_bbp_reply_count_hidden":0,"_bbp_forum_subforum_count":0,"footnotes":""},"class_list":["post-717","page","type-page","status-publish","hentry"],"post_mailing_queue_ids":[],"_links":{"self":[{"href":"https:\/\/agora.xtec.cat\/ceip-escola-montsant-reus\/wp-json\/wp\/v2\/pages\/717","targetHints":{"allow":["GET"]}}],"collection":[{"href":"https:\/\/agora.xtec.cat\/ceip-escola-montsant-reus\/wp-json\/wp\/v2\/pages"}],"about":[{"href":"https:\/\/agora.xtec.cat\/ceip-escola-montsant-reus\/wp-json\/wp\/v2\/types\/page"}],"author":[{"embeddable":true,"href":"https:\/\/agora.xtec.cat\/ceip-escola-montsant-reus\/wp-json\/wp\/v2\/users\/1"}],"replies":[{"embeddable":true,"href":"https:\/\/agora.xtec.cat\/ceip-escola-montsant-reus\/wp-json\/wp\/v2\/comments?post=717"}],"version-history":[{"count":7,"href":"https:\/\/agora.xtec.cat\/ceip-escola-montsant-reus\/wp-json\/wp\/v2\/pages\/717\/revisions"}],"predecessor-version":[{"id":3500,"href":"https:\/\/agora.xtec.cat\/ceip-escola-montsant-reus\/wp-json\/wp\/v2\/pages\/717\/revisions\/3500"}],"up":[{"embeddable":true,"href":"https:\/\/agora.xtec.cat\/ceip-escola-montsant-reus\/wp-json\/wp\/v2\/pages\/64"}],"wp:attachment":[{"href":"https:\/\/agora.xtec.cat\/ceip-escola-montsant-reus\/wp-json\/wp\/v2\/media?parent=717"}],"curies":[{"name":"wp","href":"https:\/\/api.w.org\/{rel}","templated":true}]}}