{"id":705,"date":"2019-01-19T00:06:25","date_gmt":"2019-01-18T23:06:25","guid":{"rendered":"http:\/\/agora.xtec.cat\/ceip-escola-montsant-reus\/?page_id=705"},"modified":"2021-04-11T13:10:13","modified_gmt":"2021-04-11T11:10:13","slug":"escacs","status":"publish","type":"page","link":"https:\/\/agora.xtec.cat\/ceip-escola-montsant-reus\/projectes-2\/escacs\/","title":{"rendered":"Matem\u00e0tic. Escacs a l&#8217;escola"},"content":{"rendered":"<p><a href=\"https:\/\/agora.xtec.cat\/ceip-escola-montsant-reus\/wp-content\/uploads\/usu1887\/2019\/04\/escacs_a_l_escola_-_observo_penso_jugo.png\"><img loading=\"lazy\" decoding=\"async\" class=\"size-full wp-image-846 aligncenter\" src=\"https:\/\/agora.xtec.cat\/ceip-escola-montsant-reus\/wp-content\/uploads\/usu1887\/2019\/04\/escacs_a_l_escola_-_observo_penso_jugo.png\" alt=\"\" width=\"200\" height=\"394\" srcset=\"https:\/\/agora.xtec.cat\/ceip-escola-montsant-reus\/wp-content\/uploads\/usu1887\/2019\/04\/escacs_a_l_escola_-_observo_penso_jugo.png 200w, https:\/\/agora.xtec.cat\/ceip-escola-montsant-reus\/wp-content\/uploads\/usu1887\/2019\/04\/escacs_a_l_escola_-_observo_penso_jugo-152x300.png 152w\" sizes=\"auto, (max-width: 200px) 100vw, 200px\" \/><\/a><em>Escacs a l&#8217;escola<\/em> \u00e9s un projecte que t\u00e9 la intenci\u00f3 de promoure els escacs com a eina educativa en horari lectiu. La pr\u00e0ctica d&#8217;aquest joc permet treballar diversos conceptes molt beneficiosos per a l&#8217;alumnat.<\/p>\n<p>Promoure els escacs permet fomentar molts aspectes que faciliten l&#8217;aprenentatge general d&#8217;aquests conceptes com la mem\u00f2ria visual, a resoldre problemes i prendre decisions o treballar les matem\u00e0tiques.\u00a0Per altra banda l&#8217;alumnat tamb\u00e9 exercita la concentraci\u00f3, l&#8217;atenci\u00f3 i l&#8217;orientaci\u00f3 espacial.<\/p>\n<p>Aquest projecte fa\u00a0 4 anys que s&#8217;ha implementat a la nostra escola i els professors que imparteixen aquestes classes han rebut una formaci\u00f3 especial. La disciplina s&#8217;imparteix a infants de primer fins a 4t de prim\u00e0ria. Per altra banda molta de la canalla que comen\u00e7a a jugar a l&#8217;escola segueix fent-ho a casa i en alguns casos els nens i nenes acaben practicant aquest esport en clubs federats d&#8217;aquesta modalitat, fet pel qual \u00e9s habitual veure canalla jugant amb persones adultes en campionats territorials.<\/p>\n<p>En aquest v\u00eddeo, podeu veure alumnat de la nostra escola, un dia que canal reus tv va venir per fer difusi\u00f3 d&#8217;aquest programa.<\/p>\n<p><iframe loading=\"lazy\" title=\"Els escacs com a sistema educatiu a les escoles\" width=\"500\" height=\"281\" src=\"https:\/\/www.youtube.com\/embed\/Xl9kzE8dq3U?feature=oembed\" frameborder=\"0\" allow=\"accelerometer; autoplay; clipboard-write; encrypted-media; gyroscope; picture-in-picture; web-share\" referrerpolicy=\"strict-origin-when-cross-origin\" allowfullscreen><\/iframe><\/p>\n<p><a href=\"https:\/\/www.educaciontrespuntocero.com\/libros\/libros-de-ajedrez-para-ninos\/\">https:\/\/www.educaciontrespuntocero.com\/libros\/libros-de-ajedrez-para-ninos\/<\/a><\/p>\n<p><a href=\"https:\/\/www.educaciontrespuntocero.com\/experiencias\/jaquemates-combinar-ajedrez-matematicas-tic\/\">https:\/\/www.educaciontrespuntocero.com\/experiencias\/jaquemates-combinar-ajedrez-matematicas-tic\/<\/a><\/p>\n<p>A m\u00e9s a m\u00e9s, a la nostra escola l&#8217;alumnat de 3r a 6\u00e8 tenen la possibilitat de fer <em>english chess<\/em> en horari de 12 a 1 de forma extraescolar, com a continu\u00eftat d&#8217;aquest programa i relacionant-lo amb la llengua anglesa.<\/p>\n","protected":false},"excerpt":{"rendered":"<p><a href=\"https:\/\/agora.xtec.cat\/ceip-escola-montsant-reus\/wp-content\/uploads\/usu1887\/2019\/04\/escacs_a_l_escola_-_observo_penso_jugo.png\"><\/a>Escacs a l&#8217;escola \u00e9s un projecte que t\u00e9 la intenci\u00f3 de promoure els escacs com a eina educativa en horari lectiu. La pr\u00e0ctica d&#8217;aquest joc permet treballar diversos conceptes molt beneficiosos per a l&#8217;alumnat.<br \/>\nPromoure els escacs permet fomentar molts aspectes que faciliten l&#8217;aprenentatge general&hellip;  <a href=\"https:\/\/agora.xtec.cat\/ceip-escola-montsant-reus\/projectes-2\/escacs\/\" title=\"Read Matem\u00e0tic. Escacs a l&#8217;escola\">Llegeix m\u00e9s\u00bb<\/a><\/p>\n","protected":false},"author":1,"featured_media":0,"parent":64,"menu_order":42,"comment_status":"closed","ping_status":"closed","template":"page-templates\/side-menu.php","meta":{"_bbp_topic_count":0,"_bbp_reply_count":0,"_bbp_total_topic_count":0,"_bbp_total_reply_count":0,"_bbp_voice_count":0,"_bbp_anonymous_reply_count":0,"_bbp_topic_count_hidden":0,"_bbp_reply_count_hidden":0,"_bbp_forum_subforum_count":0,"footnotes":""},"class_list":["post-705","page","type-page","status-publish","hentry"],"post_mailing_queue_ids":[],"_links":{"self":[{"href":"https:\/\/agora.xtec.cat\/ceip-escola-montsant-reus\/wp-json\/wp\/v2\/pages\/705","targetHints":{"allow":["GET"]}}],"collection":[{"href":"https:\/\/agora.xtec.cat\/ceip-escola-montsant-reus\/wp-json\/wp\/v2\/pages"}],"about":[{"href":"https:\/\/agora.xtec.cat\/ceip-escola-montsant-reus\/wp-json\/wp\/v2\/types\/page"}],"author":[{"embeddable":true,"href":"https:\/\/agora.xtec.cat\/ceip-escola-montsant-reus\/wp-json\/wp\/v2\/users\/1"}],"replies":[{"embeddable":true,"href":"https:\/\/agora.xtec.cat\/ceip-escola-montsant-reus\/wp-json\/wp\/v2\/comments?post=705"}],"version-history":[{"count":3,"href":"https:\/\/agora.xtec.cat\/ceip-escola-montsant-reus\/wp-json\/wp\/v2\/pages\/705\/revisions"}],"predecessor-version":[{"id":2708,"href":"https:\/\/agora.xtec.cat\/ceip-escola-montsant-reus\/wp-json\/wp\/v2\/pages\/705\/revisions\/2708"}],"up":[{"embeddable":true,"href":"https:\/\/agora.xtec.cat\/ceip-escola-montsant-reus\/wp-json\/wp\/v2\/pages\/64"}],"wp:attachment":[{"href":"https:\/\/agora.xtec.cat\/ceip-escola-montsant-reus\/wp-json\/wp\/v2\/media?parent=705"}],"curies":[{"name":"wp","href":"https:\/\/api.w.org\/{rel}","templated":true}]}}