{"id":3651,"date":"2026-02-09T07:05:49","date_gmt":"2026-02-09T06:05:49","guid":{"rendered":"https:\/\/agora.xtec.cat\/ceip-escola-montsant-reus\/?page_id=3651"},"modified":"2026-02-09T07:05:49","modified_gmt":"2026-02-09T06:05:49","slug":"sabers-de-primaria-de-llengua-i-matematiques","status":"publish","type":"page","link":"https:\/\/agora.xtec.cat\/ceip-escola-montsant-reus\/curs-25-26\/documents\/sabers-de-primaria-de-llengua-i-matematiques\/","title":{"rendered":"Sabers de prim\u00e0ria de Llengua i Matem\u00e0tiques"},"content":{"rendered":"<p>A continuaci\u00f3 trobareu els sabers de llengua i matem\u00e0tiques de l&#8217;etapa de prim\u00e0ria, basat en les Orientacions Curriculars del:<\/p>\n<h6 class=\"wp-block-heading\"><strong><a href=\"https:\/\/projectes.xtec.cat\/nou-curriculum\/wp-content\/uploads\/usu2072\/2024\/12\/DECRET-4802024-de-17-de-desembre-de-modificacio-del-Decret-1752022-de-27-de-setembre-dordenacio-dels-ensenyaments-de-leducacio-basica.pdf\" target=\"_blank\" rel=\"noreferrer noopener\"><em>DECRET 480\/2024, de 17 de desembre<\/em><\/a><\/strong><em><a href=\"https:\/\/projectes.xtec.cat\/nou-curriculum\/wp-content\/uploads\/usu2072\/2024\/12\/DECRET-4802024-de-17-de-desembre-de-modificacio-del-Decret-1752022-de-27-de-setembre-dordenacio-dels-ensenyaments-de-leducacio-basica.pdf\" target=\"_blank\" rel=\"noreferrer noopener\">, de modificaci\u00f3 del Decret 175\/2022, de 27 de setembre, d\u2019ordenaci\u00f3 dels ensenyaments de l\u2019educaci\u00f3 b\u00e0sica.<\/a><\/em><\/h6>\n<p><a href=\"https:\/\/agora.xtec.cat\/ceip-escola-montsant-reus\/wp-content\/uploads\/usu1887\/2026\/02\/1r-i-2n-SABERS-DE-LL.-CATALANA-I-CASTELLANA-.pdf\">1r i 2n SABERS DE LL. CATALANA I CASTELLANA<\/a><\/p>\n<p><a href=\"https:\/\/agora.xtec.cat\/ceip-escola-montsant-reus\/wp-content\/uploads\/usu1887\/2026\/02\/3r-i-4t-SABERS-DE-LL.-CATALANA-I-CASTELLANA-.pdf\">3r i 4t SABERS DE LL. CATALANA I CASTELLANA<\/a><\/p>\n<p><a href=\"https:\/\/agora.xtec.cat\/ceip-escola-montsant-reus\/wp-content\/uploads\/usu1887\/2026\/02\/5e-i-6e-SABERS-DE-LL.-CATALANA-I-CASTELLANA-MONTSANT.pdf\">5\u00e8 i 6\u00e8 SABERS DE LL. CATALANA I CASTELLANA<\/a><\/p>\n<p><a href=\"https:\/\/agora.xtec.cat\/ceip-escola-montsant-reus\/wp-content\/uploads\/usu1887\/2026\/02\/1r-i-2n-SABERS-DE-MATEMATIQUES.pdf\">1r i 2n SABERS DE MATEM\u00c0TIQUES<\/a><\/p>\n<p><a href=\"https:\/\/agora.xtec.cat\/ceip-escola-montsant-reus\/wp-content\/uploads\/usu1887\/2026\/02\/3r-i-4t-SABERS-DE-MATEMATIQUES.pdf\">3r i 4t SABERS DE MATEM\u00c0TIQUES<\/a><\/p>\n<p><a href=\"https:\/\/agora.xtec.cat\/ceip-escola-montsant-reus\/wp-content\/uploads\/usu1887\/2026\/02\/5e-i-6e-SABERS-DE-MATEMATIQUES.pdf\">5\u00e8 i 6\u00e8 SABERS DE MATEM\u00c0TIQUES<\/a><\/p>\n","protected":false},"excerpt":{"rendered":"<p>A continuaci\u00f3 trobareu els sabers de llengua i matem\u00e0tiques de l&#8217;etapa de prim\u00e0ria, basat en les Orientacions Curriculars del:<br \/>\n<a href=\"https:\/\/projectes.xtec.cat\/nou-curriculum\/wp-content\/uploads\/usu2072\/2024\/12\/DECRET-4802024-de-17-de-desembre-de-modificacio-del-Decret-1752022-de-27-de-setembre-dordenacio-dels-ensenyaments-de-leducacio-basica.pdf\" target=\"_blank\" rel=\"noreferrer noopener\">DECRET 480\/2024, de 17 de desembre<\/a><a href=\"https:\/\/projectes.xtec.cat\/nou-curriculum\/wp-content\/uploads\/usu2072\/2024\/12\/DECRET-4802024-de-17-de-desembre-de-modificacio-del-Decret-1752022-de-27-de-setembre-dordenacio-dels-ensenyaments-de-leducacio-basica.pdf\" target=\"_blank\" rel=\"noreferrer noopener\">, de modificaci\u00f3 del Decret 175\/2022, de 27 de setembre, d\u2019ordenaci\u00f3 dels ensenyaments de&hellip;  <a href=\"https:\/\/agora.xtec.cat\/ceip-escola-montsant-reus\/curs-25-26\/documents\/sabers-de-primaria-de-llengua-i-matematiques\/\" title=\"Read Sabers de prim\u00e0ria de Llengua i Matem\u00e0tiques\">Llegeix m\u00e9s\u00bb<\/a><\/p>\n","protected":false},"author":1,"featured_media":0,"parent":1363,"menu_order":90,"comment_status":"closed","ping_status":"closed","template":"page-templates\/side-menu.php","meta":{"_bbp_topic_count":0,"_bbp_reply_count":0,"_bbp_total_topic_count":0,"_bbp_total_reply_count":0,"_bbp_voice_count":0,"_bbp_anonymous_reply_count":0,"_bbp_topic_count_hidden":0,"_bbp_reply_count_hidden":0,"_bbp_forum_subforum_count":0,"footnotes":""},"class_list":["post-3651","page","type-page","status-publish","hentry"],"post_mailing_queue_ids":[],"_links":{"self":[{"href":"https:\/\/agora.xtec.cat\/ceip-escola-montsant-reus\/wp-json\/wp\/v2\/pages\/3651","targetHints":{"allow":["GET"]}}],"collection":[{"href":"https:\/\/agora.xtec.cat\/ceip-escola-montsant-reus\/wp-json\/wp\/v2\/pages"}],"about":[{"href":"https:\/\/agora.xtec.cat\/ceip-escola-montsant-reus\/wp-json\/wp\/v2\/types\/page"}],"author":[{"embeddable":true,"href":"https:\/\/agora.xtec.cat\/ceip-escola-montsant-reus\/wp-json\/wp\/v2\/users\/1"}],"replies":[{"embeddable":true,"href":"https:\/\/agora.xtec.cat\/ceip-escola-montsant-reus\/wp-json\/wp\/v2\/comments?post=3651"}],"version-history":[{"count":1,"href":"https:\/\/agora.xtec.cat\/ceip-escola-montsant-reus\/wp-json\/wp\/v2\/pages\/3651\/revisions"}],"predecessor-version":[{"id":3658,"href":"https:\/\/agora.xtec.cat\/ceip-escola-montsant-reus\/wp-json\/wp\/v2\/pages\/3651\/revisions\/3658"}],"up":[{"embeddable":true,"href":"https:\/\/agora.xtec.cat\/ceip-escola-montsant-reus\/wp-json\/wp\/v2\/pages\/1363"}],"wp:attachment":[{"href":"https:\/\/agora.xtec.cat\/ceip-escola-montsant-reus\/wp-json\/wp\/v2\/media?parent=3651"}],"curies":[{"name":"wp","href":"https:\/\/api.w.org\/{rel}","templated":true}]}}