{"id":2770,"date":"2021-04-13T13:03:10","date_gmt":"2021-04-13T11:03:10","guid":{"rendered":"http:\/\/agora.xtec.cat\/ceip-escola-montsant-reus\/?page_id=2770"},"modified":"2021-04-16T16:26:39","modified_gmt":"2021-04-16T14:26:39","slug":"apadrinem-17-18","status":"publish","type":"page","link":"https:\/\/agora.xtec.cat\/ceip-escola-montsant-reus\/projectes-2\/apadrinem-el-nostre-patrimoni\/apadrinem-17-18\/","title":{"rendered":"Apadrinem 17-18"},"content":{"rendered":"<p>El\u00a0<strong>curs 2017-18<\/strong>\u00a0vam apadrinar la Festa Major de Sant Pere a la Pla\u00e7a del Mercadal. En la jornada Compartim vam dur a terme una petita representaci\u00f3 per tal d\u2019il\u00b7lustrar el que hav\u00edem apr\u00e8s. Aqu\u00ed en teniu el gui\u00f3:<\/p>\n<p><a href=\"https:\/\/agora.xtec.cat\/ceip-escola-montsant-reus\/wp-content\/uploads\/usu1887\/2021\/04\/LEscola-Montsant-apadrina-la-Festa-Major-de-Sant-Pere-a-la-Pla%C3%A7a-del-Mercadal.pdf\">L\u2019Escola Montsant apadrina la Festa Major de Sant Pere a la Pla\u00e7a del Mercadal\u00a0<\/a><\/p>\n<p><a href=\"https:\/\/agora.xtec.cat\/ceip-escola-montsant-reus\/wp-content\/uploads\/usu1887\/2021\/04\/34457585_2536150129944006_4329552661884960768_o.jpg\"><img loading=\"lazy\" decoding=\"async\" class=\"wp-image-2674 aligncenter\" src=\"https:\/\/agora.xtec.cat\/ceip-escola-montsant-reus\/wp-content\/uploads\/usu1887\/2021\/04\/34457585_2536150129944006_4329552661884960768_o-1024x1024.jpg\" sizes=\"auto, (max-width: 591px) 100vw, 591px\" srcset=\"https:\/\/agora.xtec.cat\/ceip-escola-montsant-reus\/wp-content\/uploads\/usu1887\/2021\/04\/34457585_2536150129944006_4329552661884960768_o-1024x1024.jpg 1024w, https:\/\/agora.xtec.cat\/ceip-escola-montsant-reus\/wp-content\/uploads\/usu1887\/2021\/04\/34457585_2536150129944006_4329552661884960768_o-150x150.jpg 150w, https:\/\/agora.xtec.cat\/ceip-escola-montsant-reus\/wp-content\/uploads\/usu1887\/2021\/04\/34457585_2536150129944006_4329552661884960768_o-300x300.jpg 300w, https:\/\/agora.xtec.cat\/ceip-escola-montsant-reus\/wp-content\/uploads\/usu1887\/2021\/04\/34457585_2536150129944006_4329552661884960768_o-768x768.jpg 768w, https:\/\/agora.xtec.cat\/ceip-escola-montsant-reus\/wp-content\/uploads\/usu1887\/2021\/04\/34457585_2536150129944006_4329552661884960768_o.jpg 1440w\" alt=\"\" width=\"591\" height=\"591\" \/><\/a><\/p>\n<p>&nbsp;<\/p>\n<p><iframe loading=\"lazy\" title=\"COMPARTIM 18 Escola Montsant\" width=\"500\" height=\"281\" src=\"https:\/\/www.youtube.com\/embed\/YOsXwpfdrHA?feature=oembed\" frameborder=\"0\" allow=\"accelerometer; autoplay; clipboard-write; encrypted-media; gyroscope; picture-in-picture; web-share\" referrerpolicy=\"strict-origin-when-cross-origin\" allowfullscreen><\/iframe><\/p>\n<p>Tota aquesta informaci\u00f3 la ten\u00edem penjada a l&#8217;antiga web del centre. Estem treballant per recupera-ne una part.<\/p>\n","protected":false},"excerpt":{"rendered":"<p>El\u00a0curs 2017-18\u00a0vam apadrinar la Festa Major de Sant Pere a la Pla\u00e7a del Mercadal. En la jornada Compartim vam dur a terme una petita representaci\u00f3 per tal d\u2019il\u00b7lustrar el que hav\u00edem apr\u00e8s. Aqu\u00ed en teniu el gui\u00f3:<br \/>\n<a href=\"https:\/\/agora.xtec.cat\/ceip-escola-montsant-reus\/wp-content\/uploads\/usu1887\/2021\/04\/LEscola-Montsant-apadrina-la-Festa-Major-de-Sant-Pere-a-la-Pla%C3%A7a-del-Mercadal.pdf\">L\u2019Escola Montsant apadrina la Festa Major de Sant&hellip;  <a href=\"https:\/\/agora.xtec.cat\/ceip-escola-montsant-reus\/projectes-2\/apadrinem-el-nostre-patrimoni\/apadrinem-17-18\/\" title=\"Read Apadrinem 17-18\">Llegeix m\u00e9s\u00bb<\/a><\/p>\n","protected":false},"author":1,"featured_media":0,"parent":703,"menu_order":20,"comment_status":"closed","ping_status":"closed","template":"page-templates\/side-menu.php","meta":{"_bbp_topic_count":0,"_bbp_reply_count":0,"_bbp_total_topic_count":0,"_bbp_total_reply_count":0,"_bbp_voice_count":0,"_bbp_anonymous_reply_count":0,"_bbp_topic_count_hidden":0,"_bbp_reply_count_hidden":0,"_bbp_forum_subforum_count":0,"footnotes":""},"class_list":["post-2770","page","type-page","status-publish","hentry"],"post_mailing_queue_ids":[],"_links":{"self":[{"href":"https:\/\/agora.xtec.cat\/ceip-escola-montsant-reus\/wp-json\/wp\/v2\/pages\/2770","targetHints":{"allow":["GET"]}}],"collection":[{"href":"https:\/\/agora.xtec.cat\/ceip-escola-montsant-reus\/wp-json\/wp\/v2\/pages"}],"about":[{"href":"https:\/\/agora.xtec.cat\/ceip-escola-montsant-reus\/wp-json\/wp\/v2\/types\/page"}],"author":[{"embeddable":true,"href":"https:\/\/agora.xtec.cat\/ceip-escola-montsant-reus\/wp-json\/wp\/v2\/users\/1"}],"replies":[{"embeddable":true,"href":"https:\/\/agora.xtec.cat\/ceip-escola-montsant-reus\/wp-json\/wp\/v2\/comments?post=2770"}],"version-history":[{"count":3,"href":"https:\/\/agora.xtec.cat\/ceip-escola-montsant-reus\/wp-json\/wp\/v2\/pages\/2770\/revisions"}],"predecessor-version":[{"id":2804,"href":"https:\/\/agora.xtec.cat\/ceip-escola-montsant-reus\/wp-json\/wp\/v2\/pages\/2770\/revisions\/2804"}],"up":[{"embeddable":true,"href":"https:\/\/agora.xtec.cat\/ceip-escola-montsant-reus\/wp-json\/wp\/v2\/pages\/703"}],"wp:attachment":[{"href":"https:\/\/agora.xtec.cat\/ceip-escola-montsant-reus\/wp-json\/wp\/v2\/media?parent=2770"}],"curies":[{"name":"wp","href":"https:\/\/api.w.org\/{rel}","templated":true}]}}