{"id":2316,"date":"2020-08-11T14:27:28","date_gmt":"2020-08-11T12:27:28","guid":{"rendered":"http:\/\/agora.xtec.cat\/ceip-escola-montsant-reus\/?page_id=2316"},"modified":"2021-04-11T12:56:43","modified_gmt":"2021-04-11T10:56:43","slug":"projecte-google-classroom","status":"publish","type":"page","link":"https:\/\/agora.xtec.cat\/ceip-escola-montsant-reus\/projectes-2\/projecte-google-classroom\/","title":{"rendered":"Cultura Digital. Projecte Google Classroom"},"content":{"rendered":"<p>La Plataforma de <strong><span style=\"color: #000080;\"><em>Google Classroom<\/em><\/span><\/strong> ens ha perm\u00e8s digitalitzar l&#8217;aula amb <span style=\"color: #000080;\">@escolamontsantreus.cat<\/span><\/p>\n<p>Tot l&#8217;alumnat i equip docent de l&#8217;escola t\u00e9 un usuari i una contrasenya. Amb aquest usuari es pot entrar a l&#8217;escola virtual que vam crear el curs passat com a prova pilot a cicle mitj\u00e0 i superior i que, el curs 2020-2021, hem instaurat com a eina de classe tant en cas de confinaments com per a seguir el curs de forma presencial, dins del nostre pla digital de centre.<\/p>\n<p>Aquesta plataforma ens permet utilitzar les eines &#8220;google&#8221; com el <em>drive<\/em>, el <em>gmail<\/em>, el <em>meet<\/em>, entre d&#8217;altres. I sobretot fem servir l&#8217;eina classroom on alumnat, mestres i fam\u00edlies poden compartir tasques i recursos, i ens serveix com a eina de comunicaci\u00f3.<\/p>\n<p>En el cas dels m\u00e9s petits i les seves fam\u00edlies \u00e9s una aula virtual on penjar recursos i arxiu audiovisual del que es fa a l&#8217;escola; per als m\u00e9s grans \u00e9s una eina de treball de continu\u00eftat del que es fa a classe i tamb\u00e9 una eina col\u00b7laborativa.<\/p>\n<p>Per a l&#8217;escola, ha estat un pas important com a oportunitat d&#8217;aportar d&#8217;una forma directa la compet\u00e8ncia digital a la nostra comunitat educativa.<\/p>\n<p><a href=\"https:\/\/agora.xtec.cat\/ceip-escola-montsant-reus\/wp-content\/uploads\/usu1887\/2020\/07\/google-classroom-app.jpg\"><img loading=\"lazy\" decoding=\"async\" class=\"size-full wp-image-2211 aligncenter\" src=\"https:\/\/agora.xtec.cat\/ceip-escola-montsant-reus\/wp-content\/uploads\/usu1887\/2020\/07\/google-classroom-app.jpg\" alt=\"\" width=\"634\" height=\"309\" srcset=\"https:\/\/agora.xtec.cat\/ceip-escola-montsant-reus\/wp-content\/uploads\/usu1887\/2020\/07\/google-classroom-app.jpg 634w, https:\/\/agora.xtec.cat\/ceip-escola-montsant-reus\/wp-content\/uploads\/usu1887\/2020\/07\/google-classroom-app-300x146.jpg 300w\" sizes=\"auto, (max-width: 634px) 100vw, 634px\" \/><\/a><\/p>\n","protected":false},"excerpt":{"rendered":"<p>La Plataforma de Google Classroom ens ha perm\u00e8s digitalitzar l&#8217;aula amb @escolamontsantreus.cat<br \/>\nTot l&#8217;alumnat i equip docent de l&#8217;escola t\u00e9 un usuari i una contrasenya. Amb aquest usuari es pot entrar a l&#8217;escola virtual que vam crear el curs passat com a prova pilot a cicle&hellip;  <a href=\"https:\/\/agora.xtec.cat\/ceip-escola-montsant-reus\/projectes-2\/projecte-google-classroom\/\" title=\"Read Cultura Digital. Projecte Google Classroom\">Llegeix m\u00e9s\u00bb<\/a><\/p>\n","protected":false},"author":1,"featured_media":0,"parent":64,"menu_order":21,"comment_status":"closed","ping_status":"closed","template":"page-templates\/side-menu.php","meta":{"_bbp_topic_count":0,"_bbp_reply_count":0,"_bbp_total_topic_count":0,"_bbp_total_reply_count":0,"_bbp_voice_count":0,"_bbp_anonymous_reply_count":0,"_bbp_topic_count_hidden":0,"_bbp_reply_count_hidden":0,"_bbp_forum_subforum_count":0,"footnotes":""},"class_list":["post-2316","page","type-page","status-publish","hentry"],"post_mailing_queue_ids":[],"_links":{"self":[{"href":"https:\/\/agora.xtec.cat\/ceip-escola-montsant-reus\/wp-json\/wp\/v2\/pages\/2316","targetHints":{"allow":["GET"]}}],"collection":[{"href":"https:\/\/agora.xtec.cat\/ceip-escola-montsant-reus\/wp-json\/wp\/v2\/pages"}],"about":[{"href":"https:\/\/agora.xtec.cat\/ceip-escola-montsant-reus\/wp-json\/wp\/v2\/types\/page"}],"author":[{"embeddable":true,"href":"https:\/\/agora.xtec.cat\/ceip-escola-montsant-reus\/wp-json\/wp\/v2\/users\/1"}],"replies":[{"embeddable":true,"href":"https:\/\/agora.xtec.cat\/ceip-escola-montsant-reus\/wp-json\/wp\/v2\/comments?post=2316"}],"version-history":[{"count":3,"href":"https:\/\/agora.xtec.cat\/ceip-escola-montsant-reus\/wp-json\/wp\/v2\/pages\/2316\/revisions"}],"predecessor-version":[{"id":2689,"href":"https:\/\/agora.xtec.cat\/ceip-escola-montsant-reus\/wp-json\/wp\/v2\/pages\/2316\/revisions\/2689"}],"up":[{"embeddable":true,"href":"https:\/\/agora.xtec.cat\/ceip-escola-montsant-reus\/wp-json\/wp\/v2\/pages\/64"}],"wp:attachment":[{"href":"https:\/\/agora.xtec.cat\/ceip-escola-montsant-reus\/wp-json\/wp\/v2\/media?parent=2316"}],"curies":[{"name":"wp","href":"https:\/\/api.w.org\/{rel}","templated":true}]}}