{"id":2306,"date":"2020-08-11T14:15:07","date_gmt":"2020-08-11T12:15:07","guid":{"rendered":"http:\/\/agora.xtec.cat\/ceip-escola-montsant-reus\/?page_id=2306"},"modified":"2021-04-11T13:09:40","modified_gmt":"2021-04-11T11:09:40","slug":"innovamat-2","status":"publish","type":"page","link":"https:\/\/agora.xtec.cat\/ceip-escola-montsant-reus\/projectes-2\/innovamat-2\/","title":{"rendered":"Matem\u00e0tic. INNOVAMAT"},"content":{"rendered":"<p>Amb <strong><span style=\"color: #33cccc;\">INNOVAMAT<\/span><\/strong>, l&#8217;alumnat treballa de forma divertida amb una plataforma matem\u00e0tica mitjan\u00e7ant les tablets. A m\u00e9s a m\u00e9s, treballem les matem\u00e0tiques d&#8217;una forma manipulativa i l\u00fadica on l&#8217;alumnat \u00e9s el m\u00e0xim protagonista.<\/p>\n<p>https:\/\/innovamat.com\/ca\/proposta\/<\/p>\n","protected":false},"excerpt":{"rendered":"<p>Amb INNOVAMAT, l&#8217;alumnat treballa de forma divertida amb una plataforma matem\u00e0tica mitjan\u00e7ant les tablets. A m\u00e9s a m\u00e9s, treballem les matem\u00e0tiques d&#8217;una forma manipulativa i l\u00fadica on l&#8217;alumnat \u00e9s el m\u00e0xim protagonista.<br \/>\nhttps:\/\/innovamat.com\/ca\/proposta\/<\/p>\n","protected":false},"author":1,"featured_media":0,"parent":64,"menu_order":41,"comment_status":"closed","ping_status":"closed","template":"page-templates\/side-menu.php","meta":{"_bbp_topic_count":0,"_bbp_reply_count":0,"_bbp_total_topic_count":0,"_bbp_total_reply_count":0,"_bbp_voice_count":0,"_bbp_anonymous_reply_count":0,"_bbp_topic_count_hidden":0,"_bbp_reply_count_hidden":0,"_bbp_forum_subforum_count":0,"footnotes":""},"class_list":["post-2306","page","type-page","status-publish","hentry"],"post_mailing_queue_ids":[],"_links":{"self":[{"href":"https:\/\/agora.xtec.cat\/ceip-escola-montsant-reus\/wp-json\/wp\/v2\/pages\/2306","targetHints":{"allow":["GET"]}}],"collection":[{"href":"https:\/\/agora.xtec.cat\/ceip-escola-montsant-reus\/wp-json\/wp\/v2\/pages"}],"about":[{"href":"https:\/\/agora.xtec.cat\/ceip-escola-montsant-reus\/wp-json\/wp\/v2\/types\/page"}],"author":[{"embeddable":true,"href":"https:\/\/agora.xtec.cat\/ceip-escola-montsant-reus\/wp-json\/wp\/v2\/users\/1"}],"replies":[{"embeddable":true,"href":"https:\/\/agora.xtec.cat\/ceip-escola-montsant-reus\/wp-json\/wp\/v2\/comments?post=2306"}],"version-history":[{"count":3,"href":"https:\/\/agora.xtec.cat\/ceip-escola-montsant-reus\/wp-json\/wp\/v2\/pages\/2306\/revisions"}],"predecessor-version":[{"id":2717,"href":"https:\/\/agora.xtec.cat\/ceip-escola-montsant-reus\/wp-json\/wp\/v2\/pages\/2306\/revisions\/2717"}],"up":[{"embeddable":true,"href":"https:\/\/agora.xtec.cat\/ceip-escola-montsant-reus\/wp-json\/wp\/v2\/pages\/64"}],"wp:attachment":[{"href":"https:\/\/agora.xtec.cat\/ceip-escola-montsant-reus\/wp-json\/wp\/v2\/media?parent=2306"}],"curies":[{"name":"wp","href":"https:\/\/api.w.org\/{rel}","templated":true}]}}