{"id":1491,"date":"2020-02-19T07:01:20","date_gmt":"2020-02-19T06:01:20","guid":{"rendered":"http:\/\/agora.xtec.cat\/ceip-escola-montsant-reus\/?page_id=1491"},"modified":"2021-03-16T15:25:45","modified_gmt":"2021-03-16T14:25:45","slug":"setmana-europea-de-la-prevencio-de-residus-novembre-2019","status":"publish","type":"page","link":"https:\/\/agora.xtec.cat\/ceip-escola-montsant-reus\/projectes-2\/escola-verda\/setmana-europea-de-la-prevencio-de-residus-novembre-2019\/","title":{"rendered":"Setmana Europea de la Prevenci\u00f3 de Residus &#8211; novembre 2019 &#8211;"},"content":{"rendered":"<p>Durant la setmana de la Prevenci\u00f3 Europea de la Prevenci\u00f3 de Residus, vam fer l&#8217;acci\u00f3 de reutilitzar materials per a fer instruments dins la setmana de la m\u00fasica. Aquest v\u00eddeo mostra el recull de fotografies de l&#8217;activitat i el diploma de reconeixement que ens han fet arribar des de l&#8217;Ag\u00e8ncia de Residus de Catalunya.<\/p>\n<p><a href=\"https:\/\/agora.xtec.cat\/ceip-escola-montsant-reus\/wp-content\/uploads\/usu1887\/2020\/02\/diploma-prevenci\u00f3-residus-2019.jpg\"><img loading=\"lazy\" decoding=\"async\" class=\"wp-image-1486 aligncenter\" src=\"https:\/\/agora.xtec.cat\/ceip-escola-montsant-reus\/wp-content\/uploads\/usu1887\/2020\/02\/diploma-prevenci\u00f3-residus-2019-1024x713.jpg\" alt=\"\" width=\"421\" height=\"293\" srcset=\"https:\/\/agora.xtec.cat\/ceip-escola-montsant-reus\/wp-content\/uploads\/usu1887\/2020\/02\/diploma-prevenci\u00f3-residus-2019-1024x713.jpg 1024w, https:\/\/agora.xtec.cat\/ceip-escola-montsant-reus\/wp-content\/uploads\/usu1887\/2020\/02\/diploma-prevenci\u00f3-residus-2019-300x209.jpg 300w, https:\/\/agora.xtec.cat\/ceip-escola-montsant-reus\/wp-content\/uploads\/usu1887\/2020\/02\/diploma-prevenci\u00f3-residus-2019-768x535.jpg 768w, https:\/\/agora.xtec.cat\/ceip-escola-montsant-reus\/wp-content\/uploads\/usu1887\/2020\/02\/diploma-prevenci\u00f3-residus-2019.jpg 1181w\" sizes=\"auto, (max-width: 421px) 100vw, 421px\" \/><\/a><\/p>\n<p><iframe loading=\"lazy\" title=\"reciclem per la musica\" width=\"500\" height=\"375\" src=\"https:\/\/www.youtube.com\/embed\/t3b-m5494fE?feature=oembed\" frameborder=\"0\" allow=\"accelerometer; autoplay; clipboard-write; encrypted-media; gyroscope; picture-in-picture; web-share\" referrerpolicy=\"strict-origin-when-cross-origin\" allowfullscreen><\/iframe><\/p>\n","protected":false},"excerpt":{"rendered":"<p>Durant la setmana de la Prevenci\u00f3 Europea de la Prevenci\u00f3 de Residus, vam fer l&#8217;acci\u00f3 de reutilitzar materials per a fer instruments dins la setmana de la m\u00fasica. Aquest v\u00eddeo mostra el recull de fotografies de l&#8217;activitat i el diploma de reconeixement que ens han&hellip;  <a href=\"https:\/\/agora.xtec.cat\/ceip-escola-montsant-reus\/projectes-2\/escola-verda\/setmana-europea-de-la-prevencio-de-residus-novembre-2019\/\" title=\"Read Setmana Europea de la Prevenci\u00f3 de Residus &#8211; novembre 2019 &#8211;\">Llegeix m\u00e9s\u00bb<\/a><\/p>\n","protected":false},"author":1,"featured_media":0,"parent":1415,"menu_order":0,"comment_status":"closed","ping_status":"closed","template":"page-templates\/side-menu.php","meta":{"_bbp_topic_count":0,"_bbp_reply_count":0,"_bbp_total_topic_count":0,"_bbp_total_reply_count":0,"_bbp_voice_count":0,"_bbp_anonymous_reply_count":0,"_bbp_topic_count_hidden":0,"_bbp_reply_count_hidden":0,"_bbp_forum_subforum_count":0,"footnotes":""},"class_list":["post-1491","page","type-page","status-publish","hentry"],"post_mailing_queue_ids":[],"_links":{"self":[{"href":"https:\/\/agora.xtec.cat\/ceip-escola-montsant-reus\/wp-json\/wp\/v2\/pages\/1491","targetHints":{"allow":["GET"]}}],"collection":[{"href":"https:\/\/agora.xtec.cat\/ceip-escola-montsant-reus\/wp-json\/wp\/v2\/pages"}],"about":[{"href":"https:\/\/agora.xtec.cat\/ceip-escola-montsant-reus\/wp-json\/wp\/v2\/types\/page"}],"author":[{"embeddable":true,"href":"https:\/\/agora.xtec.cat\/ceip-escola-montsant-reus\/wp-json\/wp\/v2\/users\/1"}],"replies":[{"embeddable":true,"href":"https:\/\/agora.xtec.cat\/ceip-escola-montsant-reus\/wp-json\/wp\/v2\/comments?post=1491"}],"version-history":[{"count":1,"href":"https:\/\/agora.xtec.cat\/ceip-escola-montsant-reus\/wp-json\/wp\/v2\/pages\/1491\/revisions"}],"predecessor-version":[{"id":1492,"href":"https:\/\/agora.xtec.cat\/ceip-escola-montsant-reus\/wp-json\/wp\/v2\/pages\/1491\/revisions\/1492"}],"up":[{"embeddable":true,"href":"https:\/\/agora.xtec.cat\/ceip-escola-montsant-reus\/wp-json\/wp\/v2\/pages\/1415"}],"wp:attachment":[{"href":"https:\/\/agora.xtec.cat\/ceip-escola-montsant-reus\/wp-json\/wp\/v2\/media?parent=1491"}],"curies":[{"name":"wp","href":"https:\/\/api.w.org\/{rel}","templated":true}]}}