{"id":1431,"date":"2019-12-03T06:28:52","date_gmt":"2019-12-03T05:28:52","guid":{"rendered":"http:\/\/agora.xtec.cat\/ceip-escola-montsant-reus\/?page_id=1431"},"modified":"2021-04-11T18:06:04","modified_gmt":"2021-04-11T16:06:04","slug":"recollida-de-roba-fundacio-gloor","status":"publish","type":"page","link":"https:\/\/agora.xtec.cat\/ceip-escola-montsant-reus\/projectes-2\/montsant-solidaria\/recollida-de-roba-fundacio-gloor\/","title":{"rendered":"Recollida de material escolar &#8211; Fundaci\u00f3 NO\u00c8LIA"},"content":{"rendered":"<p><strong>Una Iniciativa impulsada per la N\u00faria, una noia de 14 anys, que pateix DMC per d\u00e8ficit de col\u00b7lagen VI<\/strong>, i que vol contribuir a ajudar altres nens que com ella pateixen aquesta malaltia. Nosaltres, li donem tot el nostre suport i ens sumem aquesta iniciativa, com una activitat m\u00e9s dintre la Fundaci\u00f3.<\/p>\n<p><strong>PER QU\u00c8 RECOLLIM AQUESTS MATERIALS?<\/strong><br \/>\n<strong>La recollida de material d&#8217;escriptura &#8220;gastat&#8221; \u00e9s una nova activitat<\/strong>\u00a0que emprenem des de la Fundaci\u00f3 Noelia,\u00a0<strong>a petici\u00f3 de la N\u00faria<\/strong>, juntament amb la recollida de taps de pl\u00e0stic, amb la finalitat de recaptar fons perqu\u00e8 s&#8217;investigui la Distr\u00f2fia Muscular Cong\u00e8nita per D\u00e8ficit de col\u00b7lagen VI.<\/p>\n<p><strong>Un gest tan simple com guardar tot aquell material d&#8217;escriptura gastat es converteix en un gest solidari.<\/strong> Per als nens i nenes que pateixen aquesta malaltia, aquest gest es converteix en una persona m\u00e9s que es fa ress\u00f2 de la seva situaci\u00f3 i a l&#8217;hora contribueix a fer que la investigaci\u00f3 per cercar una cura sigui possible.<\/p>\n<p>Durant el curs 2020-21 hem habilitat punts de recollida de material escolar usat a totes les aules de l&#8217;escola. Esperem col\u00b7laborar-hi de valent!<\/p>\n<p><a href=\"https:\/\/fundacionnoelia.org\/ca\/colabora\/material-solidario\/\">https:\/\/fundacionnoelia.org\/ca\/colabora\/material-solidario\/<\/a><\/p>\n<p><a href=\"https:\/\/fundacionnoelia.org\/wp-content\/uploads\/2016\/11\/cartell-material-escriptura-usat.pdf\">https:\/\/fundacionnoelia.org\/wp-content\/uploads\/2016\/11\/cartell-material-escriptura-usat.pdf<\/a><\/p>\n<p><a href=\"mailto:materialescolarsolidarinoelia@gmail.com\">materialescolarsolidarinoelia@gmail.com<\/a><\/p>\n<p><a href=\"https:\/\/agora.xtec.cat\/ceip-escola-montsant-reus\/wp-content\/uploads\/usu1887\/2021\/04\/cartell-material-escriptura-usat_page-0001.jpg\"><img loading=\"lazy\" decoding=\"async\" class=\" wp-image-2639 aligncenter\" src=\"https:\/\/agora.xtec.cat\/ceip-escola-montsant-reus\/wp-content\/uploads\/usu1887\/2021\/04\/cartell-material-escriptura-usat_page-0001-724x1024.jpg\" alt=\"\" width=\"431\" height=\"609\" srcset=\"https:\/\/agora.xtec.cat\/ceip-escola-montsant-reus\/wp-content\/uploads\/usu1887\/2021\/04\/cartell-material-escriptura-usat_page-0001-724x1024.jpg 724w, https:\/\/agora.xtec.cat\/ceip-escola-montsant-reus\/wp-content\/uploads\/usu1887\/2021\/04\/cartell-material-escriptura-usat_page-0001-212x300.jpg 212w, https:\/\/agora.xtec.cat\/ceip-escola-montsant-reus\/wp-content\/uploads\/usu1887\/2021\/04\/cartell-material-escriptura-usat_page-0001-768x1086.jpg 768w, https:\/\/agora.xtec.cat\/ceip-escola-montsant-reus\/wp-content\/uploads\/usu1887\/2021\/04\/cartell-material-escriptura-usat_page-0001.jpg 1755w\" sizes=\"auto, (max-width: 431px) 100vw, 431px\" \/><\/a><\/p>\n","protected":false},"excerpt":{"rendered":"<p>Una Iniciativa impulsada per la N\u00faria, una noia de 14 anys, que pateix DMC per d\u00e8ficit de col\u00b7lagen VI, i que vol contribuir a ajudar altres nens que com ella pateixen aquesta malaltia. Nosaltres, li donem tot el nostre suport i ens sumem aquesta iniciativa,&hellip;  <a href=\"https:\/\/agora.xtec.cat\/ceip-escola-montsant-reus\/projectes-2\/montsant-solidaria\/recollida-de-roba-fundacio-gloor\/\" title=\"Read Recollida de material escolar &#8211; Fundaci\u00f3 NO\u00c8LIA\">Llegeix m\u00e9s\u00bb<\/a><\/p>\n","protected":false},"author":1,"featured_media":0,"parent":1422,"menu_order":0,"comment_status":"closed","ping_status":"closed","template":"page-templates\/side-menu.php","meta":{"_bbp_topic_count":0,"_bbp_reply_count":0,"_bbp_total_topic_count":0,"_bbp_total_reply_count":0,"_bbp_voice_count":0,"_bbp_anonymous_reply_count":0,"_bbp_topic_count_hidden":0,"_bbp_reply_count_hidden":0,"_bbp_forum_subforum_count":0,"footnotes":""},"class_list":["post-1431","page","type-page","status-publish","hentry"],"post_mailing_queue_ids":[],"_links":{"self":[{"href":"https:\/\/agora.xtec.cat\/ceip-escola-montsant-reus\/wp-json\/wp\/v2\/pages\/1431","targetHints":{"allow":["GET"]}}],"collection":[{"href":"https:\/\/agora.xtec.cat\/ceip-escola-montsant-reus\/wp-json\/wp\/v2\/pages"}],"about":[{"href":"https:\/\/agora.xtec.cat\/ceip-escola-montsant-reus\/wp-json\/wp\/v2\/types\/page"}],"author":[{"embeddable":true,"href":"https:\/\/agora.xtec.cat\/ceip-escola-montsant-reus\/wp-json\/wp\/v2\/users\/1"}],"replies":[{"embeddable":true,"href":"https:\/\/agora.xtec.cat\/ceip-escola-montsant-reus\/wp-json\/wp\/v2\/comments?post=1431"}],"version-history":[{"count":2,"href":"https:\/\/agora.xtec.cat\/ceip-escola-montsant-reus\/wp-json\/wp\/v2\/pages\/1431\/revisions"}],"predecessor-version":[{"id":2750,"href":"https:\/\/agora.xtec.cat\/ceip-escola-montsant-reus\/wp-json\/wp\/v2\/pages\/1431\/revisions\/2750"}],"up":[{"embeddable":true,"href":"https:\/\/agora.xtec.cat\/ceip-escola-montsant-reus\/wp-json\/wp\/v2\/pages\/1422"}],"wp:attachment":[{"href":"https:\/\/agora.xtec.cat\/ceip-escola-montsant-reus\/wp-json\/wp\/v2\/media?parent=1431"}],"curies":[{"name":"wp","href":"https:\/\/api.w.org\/{rel}","templated":true}]}}